{"id":11728,"date":"2022-11-27T02:30:56","date_gmt":"2022-11-27T00:30:56","guid":{"rendered":"https:\/\/resale.ee\/?page_id=11728"},"modified":"2024-01-24T19:33:35","modified_gmt":"2024-01-24T17:33:35","slug":"garantiitingimused","status":"publish","type":"page","link":"https:\/\/resale.ee\/en\/garantiitingimused\/","title":{"rendered":"Warranty terms"},"content":{"rendered":"<p>Define Trade O\u00dc (edaspidi Resale.ee) e-poes m\u00fc\u00fcdavatele toodetel on garantii, mis on m\u00e4rgitud toote kaardil.<\/p>\n<p>M\u00fc\u00fcgigarantii kehtivuse jooksul k\u00f5rvaldame meilt soetatud seadme esineva puuduse (v.a. puuduse, millele on viidatud konkreetse seadme seisukorra kirjelduses m\u00fc\u00fcgi hetkel) kui seadme remont ei ole v\u00f5imalik, asendame seadme samav\u00e4\u00e4rse seadmega.<\/p>\n<p>Kui meilt ostetud kasutatud seadmel ilmneb ostuarvel m\u00e4rgitud m\u00fc\u00fcgigarantii jooksul puudus, mis Teie hinnangul j\u00e4\u00e4b Define Trade O\u00dc vastutuse piiresse, siis palume tuua seade meie esindusse aadressil M\u00e4ealuse 2\/1, Tallinn v\u00f5i saata eelneval kokkuleppel korrektselt pakituna Tallinn, Kadaka Selver Smartpost pakiautomaati. NB! Resale.ee ei vastuta garantiiremonti transportimisel tekkinud vigastustuste eest.<\/p>\n<p>Palume salvestada enne garantiiremonti k\u00f5ik vajalik informatsioon seadmest muule andmekandjale, me ei vastuta seadmes oleva informatsiooni s\u00e4ilimise eest.<\/p>\n<p>Resale.ee garantii ei kehti:<\/p>\n<ol>\n<li>Kui seadet ei ole kasutatud vastavalt otstarbele ja etten\u00e4hud tingimustes<\/li>\n<li>Kui seadet on kahjustatud v\u00f5i kolmandate isikute poolt remonditud<\/li>\n<li>Kui seade on kukkunud, saanud muljuda v\u00f5i vedeliku- v\u00f5i niiskuskahjustuse<\/li>\n<li>Kui seadme konfiguratsiooni on muudetud mujal, kui Resale.ee\u2019s<\/li>\n<li>Kui seade on saanud kahjustada voolupinge k\u00f5ikumise v\u00f5i \u00e4ikese t\u00f5ttu<\/li>\n<li>Garantii ei kehti akudele, akud on testitud tooteinfos kirjeldatud moel. Kui aku kestvus on rohkem kui 30% erinev tootekaardil olevast infost, tooteinfost kirjeldatud testimisviisil, siis kliendil on 30 p\u00e4eva jooksul alates ostust v\u00f5imalus esitada pretensioon ja saata v\u00f5i tuua arvuti meie esindusse, kus tehakse uus akutest tooteinfos kirjeldatud moel, kui uus akutest ei vasta lubatud tundidele(lubatud erinevus kuni 30%), siis aku vahetatakse v\u00e4lja sellise aku vastu, mis mahub kirjeldatud kriteeriumitesse (seal hulgas lubatud erinevus 30%). Kui arvuti l\u00e4bib akutesti eelnevalt kirjeldatud viisil(st aku on vastab kriteeriumitele sh lubatud erinevus 30%), siis arvuti saatmisel pakiautomaadi v\u00f5i kulleriga lisandub transporditasu 10\u20ac, ise kohale tuues k\u00e4sitlustasu puudub <\/li>\n<li>seadme tehase seerianumber ei ole s\u00e4ilinud samas kohas ja kujul, kui see oli seadme soetamisel;<\/li>\n<li>seadme originaal ostudokumendid on puudu, v\u00f5i on neid dokumente omavoliliselt muudetud.<\/li>\n<li>Tarkvaralistele vigadele<\/li>\n<p>Kui k\u00e4sitletav juhtum ei ole garantiiga kaetud, siis lisandub diagnostikatasu 20\u20ac ja v\u00f5imalik remondikulu, mille kohta teeme pakkumise vastavalt olukorrale.\n<\/ol>\n<p>Garantiitingimused kehtivad alates 01.11.2023<\/p>","protected":false},"excerpt":{"rendered":"<p>Define Trade O\u00dc (edaspidi Resale.ee) e-poes m\u00fc\u00fcdavatele toodetel on garantii, mis on m\u00e4rgitud toote kaardil. M\u00fc\u00fcgigarantii kehtivuse jooksul k\u00f5rvaldame meilt soetatud seadme esineva puuduse (v.a. puuduse, millele on viidatud konkreetse seadme seisukorra kirjelduses m\u00fc\u00fcgi hetkel) kui seadme remont ei ole v\u00f5imalik, asendame seadme samav\u00e4\u00e4rse seadmega. Kui meilt ostetud kasutatud seadmel ilmneb ostuarvel m\u00e4rgitud m\u00fc\u00fcgigarantii jooksul [&hellip;]<\/p>\n","protected":false},"author":1,"featured_media":0,"parent":0,"menu_order":0,"comment_status":"closed","ping_status":"closed","template":"","meta":{"inline_featured_image":false,"advanced_seo_description":"","jetpack_seo_html_title":"","jetpack_seo_noindex":false,"jetpack_post_was_ever_published":false,"footnotes":""},"class_list":["post-11728","page","type-page","status-publish","hentry"],"jetpack_likes_enabled":false,"jetpack_sharing_enabled":true,"_links":{"self":[{"href":"https:\/\/resale.ee\/en\/wp-json\/wp\/v2\/pages\/11728","targetHints":{"allow":["GET"]}}],"collection":[{"href":"https:\/\/resale.ee\/en\/wp-json\/wp\/v2\/pages"}],"about":[{"href":"https:\/\/resale.ee\/en\/wp-json\/wp\/v2\/types\/page"}],"author":[{"embeddable":true,"href":"https:\/\/resale.ee\/en\/wp-json\/wp\/v2\/users\/1"}],"replies":[{"embeddable":true,"href":"https:\/\/resale.ee\/en\/wp-json\/wp\/v2\/comments?post=11728"}],"version-history":[{"count":0,"href":"https:\/\/resale.ee\/en\/wp-json\/wp\/v2\/pages\/11728\/revisions"}],"wp:attachment":[{"href":"https:\/\/resale.ee\/en\/wp-json\/wp\/v2\/media?parent=11728"}],"curies":[{"name":"wp","href":"https:\/\/api.w.org\/{rel}","templated":true}]}}