{"id":11910,"date":"2022-11-29T00:36:58","date_gmt":"2022-11-28T22:36:58","guid":{"rendered":"https:\/\/resale.ee\/?page_id=11910"},"modified":"2024-12-18T22:32:18","modified_gmt":"2024-12-18T20:32:18","slug":"jarelmaks","status":"publish","type":"page","link":"https:\/\/resale.ee\/en\/jarelmaks\/","title":{"rendered":"Financing"},"content":{"rendered":"<div data-elementor-type=\"wp-page\" data-elementor-id=\"11910\" class=\"elementor elementor-11910\" data-elementor-post-type=\"page\">\n\t\t\t\t\t\t<section class=\"elementor-section elementor-top-section elementor-element elementor-element-54e31b5 elementor-section-boxed elementor-section-height-default elementor-section-height-default\" data-id=\"54e31b5\" data-element_type=\"section\" data-e-type=\"section\">\n\t\t\t\t\t\t<div class=\"elementor-container elementor-column-gap-default\">\n\t\t\t\t\t<div class=\"elementor-column elementor-col-100 elementor-top-column elementor-element elementor-element-b68ba82\" data-id=\"b68ba82\" data-element_type=\"column\" data-e-type=\"column\">\n\t\t\t<div class=\"elementor-widget-wrap elementor-element-populated\">\n\t\t\t\t\t\t<div class=\"elementor-element elementor-element-9b5c209 elementor-widget elementor-widget-text-editor\" data-id=\"9b5c209\" data-element_type=\"widget\" data-e-type=\"widget\" data-widget_type=\"text-editor.default\">\n\t\t\t\t<div class=\"elementor-widget-container\">\n\t\t\t\t\t\t\t\t\t<p>Mida teha, kui vajad koheselt oma uut seadet, aga raha pole hetkel piisavalt?\u00a0<\/p><p>Koost\u00f6\u00f6s ESTO ja Montonioga pakume oma klientidele v\u00f5imalust valida osta kohe\/maksa hiljem lahenduste hulgast. Pakume klassikalist j\u00e4relmaksu, kus jagad toote hinna pikema ajaperioodi peale \u00e4ra. V\u00f5imalust maksta j\u00e4rgmisel kuul, v\u00f5imalust jagada kulud kolme kuu peale.<\/p><p>Allj\u00e4rgnev tutvustab meie pakutavaid j\u00e4relmaksu lahendusi:<\/p>\t\t\t\t\t\t\t\t<\/div>\n\t\t\t\t<\/div>\n\t\t\t\t\t<\/div>\n\t\t<\/div>\n\t\t\t\t\t<\/div>\n\t\t<\/section>\n\t\t\t\t<section class=\"elementor-section elementor-top-section elementor-element elementor-element-04a09c4 elementor-section-boxed elementor-section-height-default elementor-section-height-default\" data-id=\"04a09c4\" data-element_type=\"section\" data-e-type=\"section\">\n\t\t\t\t\t\t<div class=\"elementor-container elementor-column-gap-default\">\n\t\t\t\t\t<div class=\"elementor-column elementor-col-50 elementor-top-column elementor-element elementor-element-b2648dc\" data-id=\"b2648dc\" data-element_type=\"column\" data-e-type=\"column\">\n\t\t\t<div class=\"elementor-widget-wrap elementor-element-populated\">\n\t\t\t\t\t\t<div class=\"elementor-element elementor-element-8cf370a elementor-widget elementor-widget-image\" data-id=\"8cf370a\" data-element_type=\"widget\" data-e-type=\"widget\" data-widget_type=\"image.default\">\n\t\t\t\t<div class=\"elementor-widget-container\">\n\t\t\t\t\t\t\t\t\t\t\t\t\t\t\t<img fetchpriority=\"high\" decoding=\"async\" data-attachment-id=\"25478\" data-permalink=\"https:\/\/resale.ee\/en\/jarelmaks\/pay-later_ee\/\" data-orig-file=\"https:\/\/resale.ee\/wp-content\/uploads\/2024\/12\/Pay-Later_ee.png\" data-orig-size=\"1920,348\" data-comments-opened=\"1\" data-image-meta=\"{&quot;aperture&quot;:&quot;0&quot;,&quot;credit&quot;:&quot;&quot;,&quot;camera&quot;:&quot;&quot;,&quot;caption&quot;:&quot;&quot;,&quot;created_timestamp&quot;:&quot;0&quot;,&quot;copyright&quot;:&quot;&quot;,&quot;focal_length&quot;:&quot;0&quot;,&quot;iso&quot;:&quot;0&quot;,&quot;shutter_speed&quot;:&quot;0&quot;,&quot;title&quot;:&quot;&quot;,&quot;orientation&quot;:&quot;0&quot;}\" data-image-title=\"Pay Later_ee\" data-image-description=\"\" data-image-caption=\"\" data-large-file=\"https:\/\/resale.ee\/wp-content\/uploads\/2024\/12\/Pay-Later_ee-1024x186.png\" width=\"1024\" height=\"186\" src=\"https:\/\/resale.ee\/wp-content\/uploads\/2024\/12\/Pay-Later_ee-1024x186.png\" class=\"attachment-large size-large wp-image-25478\" alt=\"\" srcset=\"https:\/\/resale.ee\/wp-content\/uploads\/2024\/12\/Pay-Later_ee-1024x186.png 1024w, https:\/\/resale.ee\/wp-content\/uploads\/2024\/12\/Pay-Later_ee-300x54.png 300w, https:\/\/resale.ee\/wp-content\/uploads\/2024\/12\/Pay-Later_ee-768x139.png 768w, https:\/\/resale.ee\/wp-content\/uploads\/2024\/12\/Pay-Later_ee-1536x278.png 1536w, https:\/\/resale.ee\/wp-content\/uploads\/2024\/12\/Pay-Later_ee-1320x239.png 1320w, https:\/\/resale.ee\/wp-content\/uploads\/2024\/12\/Pay-Later_ee-800x145.png 800w, https:\/\/resale.ee\/wp-content\/uploads\/2024\/12\/Pay-Later_ee-64x12.png 64w, https:\/\/resale.ee\/wp-content\/uploads\/2024\/12\/Pay-Later_ee.png 1920w\" sizes=\"(max-width: 1024px) 100vw, 1024px\" \/>\t\t\t\t\t\t\t\t\t\t\t\t\t\t\t<\/div>\n\t\t\t\t<\/div>\n\t\t\t\t\t<\/div>\n\t\t<\/div>\n\t\t\t\t<div class=\"elementor-column elementor-col-50 elementor-top-column elementor-element elementor-element-4b695fa\" data-id=\"4b695fa\" data-element_type=\"column\" data-e-type=\"column\">\n\t\t\t<div class=\"elementor-widget-wrap elementor-element-populated\">\n\t\t\t\t\t\t<div class=\"elementor-element elementor-element-ef76389 elementor-widget elementor-widget-text-editor\" data-id=\"ef76389\" data-element_type=\"widget\" data-e-type=\"widget\" data-widget_type=\"text-editor.default\">\n\t\t\t\t<div class=\"elementor-widget-container\">\n\t\t\t\t\t\t\t\t\t<p>Esto Pay Later &#8211; osta kohe ja maksa hiljem, ilma lisatasudeta!<\/p><p>Uus ja innovatiivne makseviis &#8211; kinnita tellimus Esto Pay Later makseviisiga ja sul on v\u00f5imalus 2-klikiga osta kohe, saada tellimus k\u00e4tte ning maksma hakata hiljem. Maksa nii, kuidas ise soovid &#8211; 30 p\u00e4eva intressivabalt, ilma \u00fchegi kuluta. Puudub intress. Puuduvad lisakulud. Makseviisi pakub ja haldab ESTO AS.<\/p>\t\t\t\t\t\t\t\t<\/div>\n\t\t\t\t<\/div>\n\t\t\t\t\t<\/div>\n\t\t<\/div>\n\t\t\t\t\t<\/div>\n\t\t<\/section>\n\t\t\t\t<section class=\"elementor-section elementor-top-section elementor-element elementor-element-4cd1813 elementor-section-boxed elementor-section-height-default elementor-section-height-default\" data-id=\"4cd1813\" data-element_type=\"section\" data-e-type=\"section\">\n\t\t\t\t\t\t<div class=\"elementor-container elementor-column-gap-default\">\n\t\t\t\t\t<div class=\"elementor-column elementor-col-50 elementor-top-column elementor-element elementor-element-4b8219d\" data-id=\"4b8219d\" data-element_type=\"column\" data-e-type=\"column\">\n\t\t\t<div class=\"elementor-widget-wrap elementor-element-populated\">\n\t\t\t\t\t\t<div class=\"elementor-element elementor-element-30b9451 elementor-widget elementor-widget-image\" data-id=\"30b9451\" data-element_type=\"widget\" data-e-type=\"widget\" data-widget_type=\"image.default\">\n\t\t\t\t<div class=\"elementor-widget-container\">\n\t\t\t\t\t\t\t\t\t\t\t\t\t\t\t<img decoding=\"async\" data-attachment-id=\"11913\" data-permalink=\"https:\/\/resale.ee\/en\/jarelmaks\/estoslice\/\" data-orig-file=\"https:\/\/resale.ee\/wp-content\/uploads\/2022\/11\/estoslice.webp\" data-orig-size=\"307,118\" data-comments-opened=\"1\" data-image-meta=\"{&quot;aperture&quot;:&quot;0&quot;,&quot;credit&quot;:&quot;&quot;,&quot;camera&quot;:&quot;&quot;,&quot;caption&quot;:&quot;&quot;,&quot;created_timestamp&quot;:&quot;0&quot;,&quot;copyright&quot;:&quot;&quot;,&quot;focal_length&quot;:&quot;0&quot;,&quot;iso&quot;:&quot;0&quot;,&quot;shutter_speed&quot;:&quot;0&quot;,&quot;title&quot;:&quot;&quot;,&quot;orientation&quot;:&quot;0&quot;}\" data-image-title=\"estoslice\" data-image-description=\"\" data-image-caption=\"\" data-large-file=\"https:\/\/resale.ee\/wp-content\/uploads\/2022\/11\/estoslice.webp\" width=\"307\" height=\"118\" src=\"https:\/\/resale.ee\/wp-content\/uploads\/2022\/11\/estoslice.webp\" class=\"attachment-large size-large wp-image-11913\" alt=\"\" srcset=\"https:\/\/resale.ee\/wp-content\/uploads\/2022\/11\/estoslice.webp 307w, https:\/\/resale.ee\/wp-content\/uploads\/2022\/11\/estoslice-300x115.webp 300w\" sizes=\"(max-width: 307px) 100vw, 307px\" \/>\t\t\t\t\t\t\t\t\t\t\t\t\t\t\t<\/div>\n\t\t\t\t<\/div>\n\t\t\t\t\t<\/div>\n\t\t<\/div>\n\t\t\t\t<div class=\"elementor-column elementor-col-50 elementor-top-column elementor-element elementor-element-72ae817\" data-id=\"72ae817\" data-element_type=\"column\" data-e-type=\"column\">\n\t\t\t<div class=\"elementor-widget-wrap elementor-element-populated\">\n\t\t\t\t\t\t<div class=\"elementor-element elementor-element-e043877 elementor-widget elementor-widget-text-editor\" data-id=\"e043877\" data-element_type=\"widget\" data-e-type=\"widget\" data-widget_type=\"text-editor.default\">\n\t\t\t\t<div class=\"elementor-widget-container\">\n\t\t\t\t\t\t\t\t\t<p>ESTO 3-osaline SLICE makseviis v\u00f5imaldab tasuda kolme kuu jooksul, kolme v\u00f5rdse maksena, ilma \u00fchegi lisakuluta. Igakuine kuumakse kujuneb ostukorvi maksumuse jagamisel kolmeks v\u00f5rdseks osaks. Puudub intress. Puuduvad lisakulud. Alati on v\u00f5imalus tasuda ennet\u00e4htaegselt ilma \u00fchegi kuluta. Makseviisi pakub ja haldab ESTO AS.\u00a0<\/p>\t\t\t\t\t\t\t\t<\/div>\n\t\t\t\t<\/div>\n\t\t\t\t\t<\/div>\n\t\t<\/div>\n\t\t\t\t\t<\/div>\n\t\t<\/section>\n\t\t\t\t<section class=\"elementor-section elementor-top-section elementor-element elementor-element-5d588eb elementor-section-boxed elementor-section-height-default elementor-section-height-default\" data-id=\"5d588eb\" data-element_type=\"section\" data-e-type=\"section\">\n\t\t\t\t\t\t<div class=\"elementor-container elementor-column-gap-default\">\n\t\t\t\t\t<div class=\"elementor-column elementor-col-50 elementor-top-column elementor-element elementor-element-4abc2f5\" data-id=\"4abc2f5\" data-element_type=\"column\" data-e-type=\"column\">\n\t\t\t<div class=\"elementor-widget-wrap elementor-element-populated\">\n\t\t\t\t\t\t<div class=\"elementor-element elementor-element-1669692 elementor-widget elementor-widget-image\" data-id=\"1669692\" data-element_type=\"widget\" data-e-type=\"widget\" data-widget_type=\"image.default\">\n\t\t\t\t<div class=\"elementor-widget-container\">\n\t\t\t\t\t\t\t\t\t\t\t\t\t\t\t<img decoding=\"async\" data-attachment-id=\"11915\" data-permalink=\"https:\/\/resale.ee\/en\/jarelmaks\/estojarelmaks-2\/\" data-orig-file=\"https:\/\/resale.ee\/wp-content\/uploads\/2022\/11\/estojarelmaks-1.webp\" data-orig-size=\"239,150\" data-comments-opened=\"1\" data-image-meta=\"{&quot;aperture&quot;:&quot;0&quot;,&quot;credit&quot;:&quot;&quot;,&quot;camera&quot;:&quot;&quot;,&quot;caption&quot;:&quot;&quot;,&quot;created_timestamp&quot;:&quot;0&quot;,&quot;copyright&quot;:&quot;&quot;,&quot;focal_length&quot;:&quot;0&quot;,&quot;iso&quot;:&quot;0&quot;,&quot;shutter_speed&quot;:&quot;0&quot;,&quot;title&quot;:&quot;&quot;,&quot;orientation&quot;:&quot;0&quot;}\" data-image-title=\"estoj\u00e4relmaks\" data-image-description=\"\" data-image-caption=\"\" data-large-file=\"https:\/\/resale.ee\/wp-content\/uploads\/2022\/11\/estojarelmaks-1.webp\" width=\"239\" height=\"150\" src=\"https:\/\/resale.ee\/wp-content\/uploads\/2022\/11\/estojarelmaks-1.webp\" class=\"attachment-large size-large wp-image-11915\" alt=\"\" \/>\t\t\t\t\t\t\t\t\t\t\t\t\t\t\t<\/div>\n\t\t\t\t<\/div>\n\t\t\t\t\t<\/div>\n\t\t<\/div>\n\t\t\t\t<div class=\"elementor-column elementor-col-50 elementor-top-column elementor-element elementor-element-aacf02b\" data-id=\"aacf02b\" data-element_type=\"column\" data-e-type=\"column\">\n\t\t\t<div class=\"elementor-widget-wrap elementor-element-populated\">\n\t\t\t\t\t\t<div class=\"elementor-element elementor-element-38ca885 elementor-widget elementor-widget-text-editor\" data-id=\"38ca885\" data-element_type=\"widget\" data-e-type=\"widget\" data-widget_type=\"text-editor.default\">\n\t\t\t\t<div class=\"elementor-widget-container\">\n\t\t\t\t\t\t\t\t\t<p>ESTO j\u00e4relmaksuga tellimuste edukas sooritamine on sama kiire ja mugav nagu pangalingiga maksmine. Kinnita tellimus ja personaalsete tingimuste n\u00e4gemiseks ning ostu edukaks sooritamiseks digiallkirjasta j\u00e4relmaksuleping ID-kaardi, Smart-ID v\u00f5i Mobiil-ID abil<\/p>\t\t\t\t\t\t\t\t<\/div>\n\t\t\t\t<\/div>\n\t\t\t\t\t<\/div>\n\t\t<\/div>\n\t\t\t\t\t<\/div>\n\t\t<\/section>\n\t\t\t\t<section class=\"elementor-section elementor-top-section elementor-element elementor-element-a9cb914 elementor-section-boxed elementor-section-height-default elementor-section-height-default\" data-id=\"a9cb914\" data-element_type=\"section\" data-e-type=\"section\">\n\t\t\t\t\t\t<div class=\"elementor-container elementor-column-gap-default\">\n\t\t\t\t\t<div class=\"elementor-column elementor-col-50 elementor-top-column elementor-element elementor-element-112bb04\" data-id=\"112bb04\" data-element_type=\"column\" data-e-type=\"column\">\n\t\t\t<div class=\"elementor-widget-wrap elementor-element-populated\">\n\t\t\t\t\t\t<div class=\"elementor-element elementor-element-71ddbde elementor-widget elementor-widget-image\" data-id=\"71ddbde\" data-element_type=\"widget\" data-e-type=\"widget\" data-widget_type=\"image.default\">\n\t\t\t\t<div class=\"elementor-widget-container\">\n\t\t\t\t\t\t\t\t\t\t\t\t\t\t\t<img loading=\"lazy\" decoding=\"async\" data-attachment-id=\"11912\" data-permalink=\"https:\/\/resale.ee\/en\/jarelmaks\/montonio\/\" data-orig-file=\"https:\/\/resale.ee\/wp-content\/uploads\/2022\/11\/montonio.png\" data-orig-size=\"1024,257\" data-comments-opened=\"1\" data-image-meta=\"{&quot;aperture&quot;:&quot;0&quot;,&quot;credit&quot;:&quot;&quot;,&quot;camera&quot;:&quot;&quot;,&quot;caption&quot;:&quot;&quot;,&quot;created_timestamp&quot;:&quot;0&quot;,&quot;copyright&quot;:&quot;&quot;,&quot;focal_length&quot;:&quot;0&quot;,&quot;iso&quot;:&quot;0&quot;,&quot;shutter_speed&quot;:&quot;0&quot;,&quot;title&quot;:&quot;&quot;,&quot;orientation&quot;:&quot;0&quot;}\" data-image-title=\"montonio\" data-image-description=\"\" data-image-caption=\"\" data-large-file=\"https:\/\/resale.ee\/wp-content\/uploads\/2022\/11\/montonio.png\" width=\"1024\" height=\"257\" src=\"https:\/\/resale.ee\/wp-content\/uploads\/2022\/11\/montonio.png\" class=\"attachment-large size-large wp-image-11912\" alt=\"\" srcset=\"https:\/\/resale.ee\/wp-content\/uploads\/2022\/11\/montonio.png 1024w, https:\/\/resale.ee\/wp-content\/uploads\/2022\/11\/montonio-300x75.png 300w, https:\/\/resale.ee\/wp-content\/uploads\/2022\/11\/montonio-768x193.png 768w, https:\/\/resale.ee\/wp-content\/uploads\/2022\/11\/montonio-630x158.png 630w, https:\/\/resale.ee\/wp-content\/uploads\/2022\/11\/montonio-800x201.png 800w\" sizes=\"(max-width: 1024px) 100vw, 1024px\" \/>\t\t\t\t\t\t\t\t\t\t\t\t\t\t\t<\/div>\n\t\t\t\t<\/div>\n\t\t\t\t\t<\/div>\n\t\t<\/div>\n\t\t\t\t<div class=\"elementor-column elementor-col-50 elementor-top-column elementor-element elementor-element-62099d3\" data-id=\"62099d3\" data-element_type=\"column\" data-e-type=\"column\">\n\t\t\t<div class=\"elementor-widget-wrap elementor-element-populated\">\n\t\t\t\t\t\t<div class=\"elementor-element elementor-element-3463293 elementor-widget elementor-widget-text-editor\" data-id=\"3463293\" data-element_type=\"widget\" data-e-type=\"widget\" data-widget_type=\"text-editor.default\">\n\t\t\t\t<div class=\"elementor-widget-container\">\n\t\t\t\t\t\t\t\t\t<p>Montonio j\u00e4relmaks &#8211; \u00fche taotlusega saad pakkumise mitmelt krediidiandjalt.\u00a0<\/p>\n<p>Montonio Split &#8211; ostad t\u00e4na, maksad 30 p\u00e4eva p\u00e4rast v\u00f5i kuni kolmes v\u00f5rdses osas. Lisatasuta.<\/p>\t\t\t\t\t\t\t\t<\/div>\n\t\t\t\t<\/div>\n\t\t\t\t\t<\/div>\n\t\t<\/div>\n\t\t\t\t\t<\/div>\n\t\t<\/section>\n\t\t\t\t<\/div>","protected":false},"excerpt":{"rendered":"<p>Mida teha, kui vajad koheselt oma uut seadet, aga raha pole hetkel piisavalt?\u00a0 Koost\u00f6\u00f6s ESTO ja Montonioga pakume oma klientidele v\u00f5imalust valida osta kohe\/maksa hiljem lahenduste hulgast. Pakume klassikalist j\u00e4relmaksu, kus jagad toote hinna pikema ajaperioodi peale \u00e4ra. V\u00f5imalust maksta j\u00e4rgmisel kuul, v\u00f5imalust jagada kulud kolme kuu peale. Allj\u00e4rgnev tutvustab meie pakutavaid j\u00e4relmaksu lahendusi: Esto [&hellip;]<\/p>\n","protected":false},"author":1,"featured_media":0,"parent":0,"menu_order":0,"comment_status":"closed","ping_status":"closed","template":"","meta":{"inline_featured_image":false,"advanced_seo_description":"","jetpack_seo_html_title":"","jetpack_seo_noindex":false,"jetpack_post_was_ever_published":false,"footnotes":""},"class_list":["post-11910","page","type-page","status-publish","hentry"],"jetpack_likes_enabled":false,"jetpack_sharing_enabled":true,"_links":{"self":[{"href":"https:\/\/resale.ee\/en\/wp-json\/wp\/v2\/pages\/11910","targetHints":{"allow":["GET"]}}],"collection":[{"href":"https:\/\/resale.ee\/en\/wp-json\/wp\/v2\/pages"}],"about":[{"href":"https:\/\/resale.ee\/en\/wp-json\/wp\/v2\/types\/page"}],"author":[{"embeddable":true,"href":"https:\/\/resale.ee\/en\/wp-json\/wp\/v2\/users\/1"}],"replies":[{"embeddable":true,"href":"https:\/\/resale.ee\/en\/wp-json\/wp\/v2\/comments?post=11910"}],"version-history":[{"count":0,"href":"https:\/\/resale.ee\/en\/wp-json\/wp\/v2\/pages\/11910\/revisions"}],"wp:attachment":[{"href":"https:\/\/resale.ee\/en\/wp-json\/wp\/v2\/media?parent=11910"}],"curies":[{"name":"wp","href":"https:\/\/api.w.org\/{rel}","templated":true}]}}