{"id":1570,"date":"2021-07-22T03:51:04","date_gmt":"2021-07-22T03:51:04","guid":{"rendered":"https:\/\/demo2wpopal.b-cdn.net\/technocy\/?page_id=1570"},"modified":"2022-11-28T15:03:30","modified_gmt":"2022-11-28T13:03:30","slug":"kkk","status":"publish","type":"page","link":"https:\/\/resale.ee\/en\/kkk\/","title":{"rendered":"Korduma kippuvad k\u00fcsimused"},"content":{"rendered":"<div data-elementor-type=\"wp-page\" data-elementor-id=\"1570\" class=\"elementor elementor-1570\" data-elementor-post-type=\"page\">\n\t\t\t\t\t\t<div class=\"elementor-section elementor-top-section elementor-element elementor-element-9c2faf8 elementor-section-stretched elementor-section-boxed elementor-section-height-default elementor-section-height-default\" data-id=\"9c2faf8\" data-element_type=\"section\" data-e-type=\"section\" data-settings=\"{&quot;stretch_section&quot;:&quot;section-stretched&quot;}\">\n\t\t\t\t\t\t<div class=\"elementor-container elementor-column-gap-no\">\n\t\t\t\t\t<div class=\"elementor-column elementor-col-50 elementor-top-column elementor-element elementor-element-3a6e718\" data-id=\"3a6e718\" data-element_type=\"column\" data-e-type=\"column\">\n\t\t\t<div class=\"elementor-widget-wrap elementor-element-populated\">\n\t\t\t\t\t\t<div class=\"elementor-element elementor-element-b1f13cf elementor-widget elementor-widget-accordion\" data-id=\"b1f13cf\" data-element_type=\"widget\" data-e-type=\"widget\" data-widget_type=\"accordion.default\">\n\t\t\t\t<div class=\"elementor-widget-container\">\n\t\t\t\t\t\t\t<div class=\"elementor-accordion\">\n\t\t\t\t\t\t\t<div class=\"elementor-accordion-item\">\n\t\t\t\t\t<div id=\"elementor-tab-title-1861\" class=\"elementor-tab-title\" data-tab=\"1\" role=\"button\" aria-controls=\"elementor-tab-content-1861\" aria-expanded=\"false\">\n\t\t\t\t\t\t\t\t\t\t\t\t\t<span class=\"elementor-accordion-icon elementor-accordion-icon-right\" aria-hidden=\"true\">\n\t\t\t\t\t\t\t\t\t\t\t\t\t\t\t<span class=\"elementor-accordion-icon-closed\"><i class=\"fas fa-plus\"><\/i><\/span>\n\t\t\t\t\t\t\t\t<span class=\"elementor-accordion-icon-opened\"><i class=\"fas fa-minus\"><\/i><\/span>\n\t\t\t\t\t\t\t\t\t\t\t\t\t\t<\/span>\n\t\t\t\t\t\t\t\t\t\t\t\t<a class=\"elementor-accordion-title\" tabindex=\"0\">Kuidas osta, kuidas maksta ja millal kaup minuni j\u00f5uab?<\/a>\n\t\t\t\t\t<\/div>\n\t\t\t\t\t<div id=\"elementor-tab-content-1861\" class=\"elementor-tab-content elementor-clearfix\" data-tab=\"1\" role=\"region\" aria-labelledby=\"elementor-tab-title-1861\"><div><p>Vali v\u00e4lja sobiv toode v\u00f5i tooted, lisa tooted ostukorvi.&nbsp;<br>Ostukorvi vormistamisel k\u00fcsime Sinu k\u00e4est, kuidas soovid maksta. Pakume v\u00f5imalust maksta kauba eest kohe, lisakuludeta on v\u00f5imalik maksta kauba eest kuni kolme kuu jooksul kuni kolmes v\u00f5rdes osas. Pakume ka Montonio vahendusel j\u00e4relmaksu, kus saad \u00fche taotlusega mitmelt j\u00e4relmaksu pakkujalt pakkumise ja saad endale nende seast sobiva valida.&nbsp;<br>Tallinnas pakume kiirkulleri teenust, mille hinnaks on 9,9\u20ac, garanteerime kauba kohalej\u00f5udmise kahe tunni jooksul E-R 10-16, kui tellid muul ajal, siis on kiirkulleriga kaup kohal j\u00e4rgmisel t\u00f6\u00f6p\u00e4eval hiljemalt kell 12:00.&nbsp;&nbsp;<\/p>\n<p>Pakiautomaati kauba saatmine on meie klientidele tasuta! Enne kella 15:00 tehtud tellimused j\u00f5uavad Sinu soovitud pakiautomaati \u00fcldiselt j\u00e4rgmiseks p\u00e4evaks.&nbsp;<\/p><p>Pakume ka v\u00f5imalust tulla kaubale ise j\u00e4rele meie esindusse M\u00e4ealuse 2\/1, Tallinn. Oleme avatud E-R 10:00-18:00.<\/p><\/div><\/div>\n\t\t\t\t<\/div>\n\t\t\t\t\t\t\t<div class=\"elementor-accordion-item\">\n\t\t\t\t\t<div id=\"elementor-tab-title-1862\" class=\"elementor-tab-title\" data-tab=\"2\" role=\"button\" aria-controls=\"elementor-tab-content-1862\" aria-expanded=\"false\">\n\t\t\t\t\t\t\t\t\t\t\t\t\t<span class=\"elementor-accordion-icon elementor-accordion-icon-right\" aria-hidden=\"true\">\n\t\t\t\t\t\t\t\t\t\t\t\t\t\t\t<span class=\"elementor-accordion-icon-closed\"><i class=\"fas fa-plus\"><\/i><\/span>\n\t\t\t\t\t\t\t\t<span class=\"elementor-accordion-icon-opened\"><i class=\"fas fa-minus\"><\/i><\/span>\n\t\t\t\t\t\t\t\t\t\t\t\t\t\t<\/span>\n\t\t\t\t\t\t\t\t\t\t\t\t<a class=\"elementor-accordion-title\" tabindex=\"0\">Miks eelistada kasutatud \u00e4riklassi s\u00fclearvutit?<\/a>\n\t\t\t\t\t<\/div>\n\t\t\t\t\t<div id=\"elementor-tab-content-1862\" class=\"elementor-tab-content elementor-clearfix\" data-tab=\"2\" role=\"region\" aria-labelledby=\"elementor-tab-title-1862\"><p>Meie pakutav tootevalik koosneb vaid \u00e4rikasutajatele m\u00f5eldud s\u00fclearvutitest, mille ehitusloogika erineb odavklassi arvutitest kardinaalselt. \u00c4riklassi arvutid on loodud kestma, neis on kasutatud kvaliteetsemaid varuosasid ja nende t\u00f6\u00f6kindlus on k\u00f5rgeimal v\u00f5imalikul tasemel. Korpused on valmistatud kvaliteetsetest, tugevatest materjalidest. \u00c4riklassi s\u00fclearvutid kasutavad enamasti U-seeria protsessoreid, mis t\u00f6\u00f6tavad madalamal temperatuuril, seega vajavad v\u00e4hem jahutust, v\u00e4hem jahutust \u2013 v\u00e4hem m\u00fcra, v\u00e4hem energiat. V\u00e4hem energiat \u2013 pikem akukasutusiga.<\/p><p>Edasi loe juba meie <a href=\"https:\/\/resale.ee\/en\/miks-eelistada-kasutatud-ariklassi-sulearvutit\/\">blogist!<\/a><\/p><\/div>\n\t\t\t\t<\/div>\n\t\t\t\t\t\t\t<div class=\"elementor-accordion-item\">\n\t\t\t\t\t<div id=\"elementor-tab-title-1863\" class=\"elementor-tab-title\" data-tab=\"3\" role=\"button\" aria-controls=\"elementor-tab-content-1863\" aria-expanded=\"false\">\n\t\t\t\t\t\t\t\t\t\t\t\t\t<span class=\"elementor-accordion-icon elementor-accordion-icon-right\" aria-hidden=\"true\">\n\t\t\t\t\t\t\t\t\t\t\t\t\t\t\t<span class=\"elementor-accordion-icon-closed\"><i class=\"fas fa-plus\"><\/i><\/span>\n\t\t\t\t\t\t\t\t<span class=\"elementor-accordion-icon-opened\"><i class=\"fas fa-minus\"><\/i><\/span>\n\t\t\t\t\t\t\t\t\t\t\t\t\t\t<\/span>\n\t\t\t\t\t\t\t\t\t\t\t\t<a class=\"elementor-accordion-title\" tabindex=\"0\">Toodete seisukord<\/a>\n\t\t\t\t\t<\/div>\n\t\t\t\t\t<div id=\"elementor-tab-content-1863\" class=\"elementor-tab-content elementor-clearfix\" data-tab=\"3\" role=\"region\" aria-labelledby=\"elementor-tab-title-1863\"><p>K\u00f5ik Resale.ee e-poes m\u00fc\u00fcdavad arvutid on kontrollitud, puhastatud ja 100% t\u00f6\u00f6korras, kui ei ole toote juures teisiti m\u00e4rgitud. K\u00f5ikidest toodetest on reaalsed fotod, me ei ole kasutanud epoes tootjate paraadfotosid, vaid oleme ise k\u00f5ik tooted \u00fckshaaval \u00fcles pildistanud. K\u00f5ik vigastused on piltidel n\u00e4htavad.<\/p><p>Oleme jaganud oma pakutavad tooted v\u00e4limuse j\u00e4rgi viide klassi:<\/p><p>A (Suurep\u00e4rane) &#8211; Suurep\u00e4rases seisus, esineb minimaalset kulumist, ekraan ja klaviatuur korras<\/p><p>AB (v\u00e4ga hea) &#8211; V\u00e4limus v\u00e4ga hea, esineb v\u00e4hest kulumist, ekraan ja klaviatuuril minimaalne kulumine, mis arvuti t\u00f6\u00f6tamise ajal ei sega.<\/p><p>B(hea) &#8211; Seisukord hea, esineb m\u00f5ningat kulumist, ekraanil ja klaviatuuril v\u00e4hesed kulumisj\u00e4ljed, mis t\u00f6\u00f6tamise ajal ei sega. V\u00f5ib esineda kleebise eemaldamisest tulenevaid j\u00e4lgi\/vigastusi. Vaata pilte galeriist, k\u00f5ik pildid on tehtud reaalselt m\u00fc\u00fcgis olevatest toodetest.<\/p><p>BC(kasutatud) &#8211; Esineb \u00fcldist kulumist, ekraanil ja klaviatuuril kasutusest ja kulumisest tulenevaid j\u00e4lgi. V\u00f5ib esineda pragusid korpuses, need on v\u00e4lja toodud eraldi fotona tootegaleriis. Vaata pilte galeriist, k\u00f5ik pildid on tehtud reaalselt m\u00fc\u00fcgis olevatest toodetest.<\/p><p>C(rahuldav) &#8211; Esineb suuremat kulumist, ekraanil ja klaviatuuril v\u00f5ib esineda kulumisj\u00e4lgi. C-klassi s\u00fclearvutitel v\u00f5ib olla ka parandatud korpust. Tehniliselt t\u00f6\u00f6tavad laitmatult. Vaata pilte galeriist, k\u00f5ik pildid on tehtud reaalselt m\u00fc\u00fcgis olevatest toodetest.<\/p><p>K\u00f5ik arvutid on 100% t\u00f6\u00f6korras, kui ei ole e-poes teisiti kirjas. Suuremad vead ja vigastused on tooteinfos kirjeldatud.<\/p><\/div>\n\t\t\t\t<\/div>\n\t\t\t\t\t\t\t<div class=\"elementor-accordion-item\">\n\t\t\t\t\t<div id=\"elementor-tab-title-1864\" class=\"elementor-tab-title\" data-tab=\"4\" role=\"button\" aria-controls=\"elementor-tab-content-1864\" aria-expanded=\"false\">\n\t\t\t\t\t\t\t\t\t\t\t\t\t<span class=\"elementor-accordion-icon elementor-accordion-icon-right\" aria-hidden=\"true\">\n\t\t\t\t\t\t\t\t\t\t\t\t\t\t\t<span class=\"elementor-accordion-icon-closed\"><i class=\"fas fa-plus\"><\/i><\/span>\n\t\t\t\t\t\t\t\t<span class=\"elementor-accordion-icon-opened\"><i class=\"fas fa-minus\"><\/i><\/span>\n\t\t\t\t\t\t\t\t\t\t\t\t\t\t<\/span>\n\t\t\t\t\t\t\t\t\t\t\t\t<a class=\"elementor-accordion-title\" tabindex=\"0\">Kuidas valida sobiv s\u00fclearvuti?<\/a>\n\t\t\t\t\t<\/div>\n\t\t\t\t\t<div id=\"elementor-tab-content-1864\" class=\"elementor-tab-content elementor-clearfix\" data-tab=\"4\" role=\"region\" aria-labelledby=\"elementor-tab-title-1864\"><p>K\u00f5ige pealt tuleks endale selgeks m\u00f5elda, milleks arvutit kasutama hakatakse ja hinnaklass mida ollakse valmis kulutama. Arvuti kasutus otstarve m\u00e4\u00e4rab suuresti omadused, mida arvutiostul j\u00e4lgida. Kindlasti tasub m\u00f5elda ka sellele, kas arvutit on vaja pidevalt kaasas kanda v\u00f5i hakkab ta t\u00e4itma pigem kodus lauaarvuti funktsiooni. M\u00f5elda tasub ka ekraani suurusele. Meie valikust leiad erinevate suurustega ekraanidega arvutid.<\/p><p>Edasi loe juba meie<a href=\"https:\/\/resale.ee\/en\/kuidas-valida-sobiv-endale-sulearvuti\/\"> blogist!<\/a><\/p><\/div>\n\t\t\t\t<\/div>\n\t\t\t\t\t\t\t<div class=\"elementor-accordion-item\">\n\t\t\t\t\t<div id=\"elementor-tab-title-1865\" class=\"elementor-tab-title\" data-tab=\"5\" role=\"button\" aria-controls=\"elementor-tab-content-1865\" aria-expanded=\"false\">\n\t\t\t\t\t\t\t\t\t\t\t\t\t<span class=\"elementor-accordion-icon elementor-accordion-icon-right\" aria-hidden=\"true\">\n\t\t\t\t\t\t\t\t\t\t\t\t\t\t\t<span class=\"elementor-accordion-icon-closed\"><i class=\"fas fa-plus\"><\/i><\/span>\n\t\t\t\t\t\t\t\t<span class=\"elementor-accordion-icon-opened\"><i class=\"fas fa-minus\"><\/i><\/span>\n\t\t\t\t\t\t\t\t\t\t\t\t\t\t<\/span>\n\t\t\t\t\t\t\t\t\t\t\t\t<a class=\"elementor-accordion-title\" tabindex=\"0\">Soovin kauba tagastada?<\/a>\n\t\t\t\t\t<\/div>\n\t\t\t\t\t<div id=\"elementor-tab-content-1865\" class=\"elementor-tab-content elementor-clearfix\" data-tab=\"5\" role=\"region\" aria-labelledby=\"elementor-tab-title-1865\"><p>Resale.ee e-pood v\u00f5tab tarbijale m\u00fc\u00fcdud kauba tagasi 14 p\u00e4eva jooksul. Kaup peab olema originaalpakendis ja kasutamata. Ostust taganemisest palume teavitada tagastus@resale.ee ja Sulle saadetakse juhised, kuidas edasi tegutseda.<\/p><\/div>\n\t\t\t\t<\/div>\n\t\t\t\t\t\t\t\t<\/div>\n\t\t\t\t\t\t<\/div>\n\t\t\t\t<\/div>\n\t\t\t\t\t<\/div>\n\t\t<\/div>\n\t\t\t\t<div class=\"elementor-column elementor-col-50 elementor-top-column elementor-element elementor-element-d9ebc6f\" data-id=\"d9ebc6f\" data-element_type=\"column\" data-e-type=\"column\">\n\t\t\t<div class=\"elementor-widget-wrap elementor-element-populated\">\n\t\t\t\t\t\t<div class=\"elementor-section elementor-inner-section elementor-element elementor-element-f85bc09 elementor-section-full_width elementor-section-height-default elementor-section-height-default\" data-id=\"f85bc09\" data-element_type=\"section\" data-e-type=\"section\">\n\t\t\t\t\t\t<div class=\"elementor-container elementor-column-gap-no\">\n\t\t\t\t\t<div class=\"elementor-column elementor-col-100 elementor-inner-column elementor-element elementor-element-460c17d\" data-id=\"460c17d\" data-element_type=\"column\" data-e-type=\"column\">\n\t\t\t<div class=\"elementor-widget-wrap elementor-element-populated\">\n\t\t\t\t\t\t<div class=\"elementor-element elementor-element-d523cac elementor-widget elementor-widget-heading\" data-id=\"d523cac\" data-element_type=\"widget\" data-e-type=\"widget\" data-widget_type=\"heading.default\">\n\t\t\t\t<div class=\"elementor-widget-container\">\n\t\t\t\t\t<h2 class=\"elementor-heading-title elementor-size-default\">Vajad abi?<\/h2>\t\t\t\t<\/div>\n\t\t\t\t<\/div>\n\t\t\t\t<div class=\"elementor-element elementor-element-7bfd66b elementor-position-inline-start elementor-view-default elementor-mobile-position-block-start elementor-widget elementor-widget-icon-box\" data-id=\"7bfd66b\" data-element_type=\"widget\" data-e-type=\"widget\" data-widget_type=\"icon-box.default\">\n\t\t\t\t<div class=\"elementor-widget-container\">\n\t\t\t\t\t\t\t<div class=\"elementor-icon-box-wrapper\">\n\n\t\t\t\t\t\t<div class=\"elementor-icon-box-icon\">\n\t\t\t\t<a href=\"#\" class=\"elementor-icon\" tabindex=\"-1\" aria-label=\"Helista\">\n\t\t\t\t<i aria-hidden=\"true\" class=\"fas fa-phone\"><\/i>\t\t\t\t<\/a>\n\t\t\t<\/div>\n\t\t\t\n\t\t\t\t\t\t<div class=\"elementor-icon-box-content\">\n\n\t\t\t\t\t\t\t\t\t<h3 class=\"elementor-icon-box-title\">\n\t\t\t\t\t\t<a href=\"#\" >\n\t\t\t\t\t\t\tHelista\t\t\t\t\t\t<\/a>\n\t\t\t\t\t<\/h3>\n\t\t\t\t\n\t\t\t\t\t\t\t\t\t<p class=\"elementor-icon-box-description\">\n\t\t\t\t\t\t+372 53 443 666\t\t\t\t\t<\/p>\n\t\t\t\t\n\t\t\t<\/div>\n\t\t\t\n\t\t<\/div>\n\t\t\t\t\t\t<\/div>\n\t\t\t\t<\/div>\n\t\t\t\t<div class=\"elementor-element elementor-element-eca0967 elementor-position-inline-start elementor-view-default elementor-mobile-position-block-start elementor-widget elementor-widget-icon-box\" data-id=\"eca0967\" data-element_type=\"widget\" data-e-type=\"widget\" data-widget_type=\"icon-box.default\">\n\t\t\t\t<div class=\"elementor-widget-container\">\n\t\t\t\t\t\t\t<div class=\"elementor-icon-box-wrapper\">\n\n\t\t\t\t\t\t<div class=\"elementor-icon-box-icon\">\n\t\t\t\t<a href=\"mailto:info@resale.ee\" class=\"elementor-icon\" tabindex=\"-1\" aria-label=\"Saada meile kiri!\">\n\t\t\t\t<i aria-hidden=\"true\" class=\"technocy-icon- technocy-icon-mail-1\"><\/i>\t\t\t\t<\/a>\n\t\t\t<\/div>\n\t\t\t\n\t\t\t\t\t\t<div class=\"elementor-icon-box-content\">\n\n\t\t\t\t\t\t\t\t\t<h3 class=\"elementor-icon-box-title\">\n\t\t\t\t\t\t<a href=\"mailto:info@resale.ee\" >\n\t\t\t\t\t\t\tSaada meile kiri!\t\t\t\t\t\t<\/a>\n\t\t\t\t\t<\/h3>\n\t\t\t\t\n\t\t\t\t\t\t\t\t\t<p class=\"elementor-icon-box-description\">\n\t\t\t\t\t\tinfo@resale.ee\t\t\t\t\t<\/p>\n\t\t\t\t\n\t\t\t<\/div>\n\t\t\t\n\t\t<\/div>\n\t\t\t\t\t\t<\/div>\n\t\t\t\t<\/div>\n\t\t\t\t\t<\/div>\n\t\t<\/div>\n\t\t\t\t\t<\/div>\n\t\t<\/div>\n\t\t\t\t\t<\/div>\n\t\t<\/div>\n\t\t\t\t\t<\/div>\n\t\t<\/div>\n\t\t\t\t<\/div>","protected":false},"excerpt":{"rendered":"<p>Kuidas osta, kuidas maksta ja millal kaup minuni j\u00f5uab? Vali v\u00e4lja sobiv toode v\u00f5i tooted, lisa tooted ostukorvi.&nbsp;Ostukorvi vormistamisel k\u00fcsime Sinu k\u00e4est, kuidas soovid maksta. Pakume v\u00f5imalust maksta kauba eest kohe, lisakuludeta on v\u00f5imalik maksta kauba eest kuni kolme kuu jooksul kuni kolmes v\u00f5rdes osas. Pakume ka Montonio vahendusel j\u00e4relmaksu, kus saad \u00fche taotlusega mitmelt [&hellip;]<\/p>\n","protected":false},"author":1,"featured_media":0,"parent":0,"menu_order":0,"comment_status":"closed","ping_status":"closed","template":"elementor_theme","meta":{"inline_featured_image":false,"advanced_seo_description":"","jetpack_seo_html_title":"","jetpack_seo_noindex":false,"jetpack_post_was_ever_published":false,"footnotes":""},"class_list":["post-1570","page","type-page","status-publish","hentry"],"jetpack_likes_enabled":false,"jetpack_sharing_enabled":true,"_links":{"self":[{"href":"https:\/\/resale.ee\/en\/wp-json\/wp\/v2\/pages\/1570","targetHints":{"allow":["GET"]}}],"collection":[{"href":"https:\/\/resale.ee\/en\/wp-json\/wp\/v2\/pages"}],"about":[{"href":"https:\/\/resale.ee\/en\/wp-json\/wp\/v2\/types\/page"}],"author":[{"embeddable":true,"href":"https:\/\/resale.ee\/en\/wp-json\/wp\/v2\/users\/1"}],"replies":[{"embeddable":true,"href":"https:\/\/resale.ee\/en\/wp-json\/wp\/v2\/comments?post=1570"}],"version-history":[{"count":0,"href":"https:\/\/resale.ee\/en\/wp-json\/wp\/v2\/pages\/1570\/revisions"}],"wp:attachment":[{"href":"https:\/\/resale.ee\/en\/wp-json\/wp\/v2\/media?parent=1570"}],"curies":[{"name":"wp","href":"https:\/\/api.w.org\/{rel}","templated":true}]}}