{"id":1738,"date":"2021-07-22T06:44:27","date_gmt":"2021-07-22T06:44:27","guid":{"rendered":"https:\/\/demo2wpopal.b-cdn.net\/technocy\/?page_id=1738"},"modified":"2022-11-23T19:39:36","modified_gmt":"2022-11-23T17:39:36","slug":"firmast","status":"publish","type":"page","link":"https:\/\/resale.ee\/en\/firmast\/","title":{"rendered":"About us"},"content":{"rendered":"<div data-elementor-type=\"wp-page\" data-elementor-id=\"1738\" class=\"elementor elementor-1738\" data-elementor-post-type=\"page\">\n\t\t\t\t\t\t<section class=\"elementor-section elementor-top-section elementor-element elementor-element-e7eb88d elementor-section-boxed elementor-section-height-default elementor-section-height-default\" data-id=\"e7eb88d\" data-element_type=\"section\" data-e-type=\"section\">\n\t\t\t\t\t\t<div class=\"elementor-container elementor-column-gap-default\">\n\t\t\t\t\t<div class=\"elementor-column elementor-col-100 elementor-top-column elementor-element elementor-element-47b068d\" data-id=\"47b068d\" data-element_type=\"column\" data-e-type=\"column\">\n\t\t\t<div class=\"elementor-widget-wrap elementor-element-populated\">\n\t\t\t\t\t\t<div class=\"elementor-element elementor-element-1a49111 elementor-widget elementor-widget-heading\" data-id=\"1a49111\" data-element_type=\"widget\" data-e-type=\"widget\" data-widget_type=\"heading.default\">\n\t\t\t\t<div class=\"elementor-widget-container\">\n\t\t\t\t\t<h2 class=\"elementor-heading-title elementor-size-default\">High-quality business-class laptops!<\/h2>\t\t\t\t<\/div>\n\t\t\t\t<\/div>\n\t\t\t\t\t<\/div>\n\t\t<\/div>\n\t\t\t\t\t<\/div>\n\t\t<\/section>\n\t\t\t\t<section class=\"elementor-section elementor-top-section elementor-element elementor-element-a012d47 elementor-section-boxed elementor-section-height-default elementor-section-height-default\" data-id=\"a012d47\" data-element_type=\"section\" data-e-type=\"section\">\n\t\t\t\t\t\t<div class=\"elementor-container elementor-column-gap-default\">\n\t\t\t\t\t<div class=\"elementor-column elementor-col-50 elementor-top-column elementor-element elementor-element-5f190d5\" data-id=\"5f190d5\" data-element_type=\"column\" data-e-type=\"column\">\n\t\t\t<div class=\"elementor-widget-wrap elementor-element-populated\">\n\t\t\t\t\t\t<div class=\"elementor-element elementor-element-a92d133 elementor-widget elementor-widget-image\" data-id=\"a92d133\" data-element_type=\"widget\" data-e-type=\"widget\" data-widget_type=\"image.default\">\n\t\t\t\t<div class=\"elementor-widget-container\">\n\t\t\t\t\t\t\t\t\t\t\t\t\t\t\t<img fetchpriority=\"high\" decoding=\"async\" data-attachment-id=\"9767\" data-permalink=\"https:\/\/resale.ee\/en\/firmast\/latitude_notebook_and_2-in-1_notebook_family-2\/\" data-orig-file=\"https:\/\/resale.ee\/wp-content\/uploads\/2022\/11\/latitude_notebook_and_2-in-1_notebook_family-1.jpeg\" data-orig-size=\"610,457\" data-comments-opened=\"1\" data-image-meta=\"{&quot;aperture&quot;:&quot;0&quot;,&quot;credit&quot;:&quot;&quot;,&quot;camera&quot;:&quot;&quot;,&quot;caption&quot;:&quot;&quot;,&quot;created_timestamp&quot;:&quot;0&quot;,&quot;copyright&quot;:&quot;&quot;,&quot;focal_length&quot;:&quot;0&quot;,&quot;iso&quot;:&quot;0&quot;,&quot;shutter_speed&quot;:&quot;0&quot;,&quot;title&quot;:&quot;&quot;,&quot;orientation&quot;:&quot;0&quot;}\" data-image-title=\"latitude_notebook_and_2-in-1_notebook_family\" data-image-description=\"\" data-image-caption=\"\" data-large-file=\"https:\/\/resale.ee\/wp-content\/uploads\/2022\/11\/latitude_notebook_and_2-in-1_notebook_family-1.jpeg\" width=\"610\" height=\"457\" src=\"https:\/\/resale.ee\/wp-content\/uploads\/2022\/11\/latitude_notebook_and_2-in-1_notebook_family-1.jpeg\" class=\"attachment-full size-full wp-image-9767\" alt=\"\" srcset=\"https:\/\/resale.ee\/wp-content\/uploads\/2022\/11\/latitude_notebook_and_2-in-1_notebook_family-1.jpeg 610w, https:\/\/resale.ee\/wp-content\/uploads\/2022\/11\/latitude_notebook_and_2-in-1_notebook_family-1-300x225.jpeg 300w, https:\/\/resale.ee\/wp-content\/uploads\/2022\/11\/latitude_notebook_and_2-in-1_notebook_family-1-450x338.jpeg 450w\" sizes=\"(max-width: 610px) 100vw, 610px\" \/>\t\t\t\t\t\t\t\t\t\t\t\t\t\t\t<\/div>\n\t\t\t\t<\/div>\n\t\t\t\t\t<\/div>\n\t\t<\/div>\n\t\t\t\t<div class=\"elementor-column elementor-col-50 elementor-top-column elementor-element elementor-element-645146f\" data-id=\"645146f\" data-element_type=\"column\" data-e-type=\"column\">\n\t\t\t<div class=\"elementor-widget-wrap elementor-element-populated\">\n\t\t\t\t\t\t<div class=\"elementor-element elementor-element-cb22604 elementor-widget elementor-widget-text-editor\" data-id=\"cb22604\" data-element_type=\"widget\" data-e-type=\"widget\" data-widget_type=\"text-editor.default\">\n\t\t\t\t<div class=\"elementor-widget-container\">\n\t\t\t\t\t\t\t\t\t<p style=\"text-align: left;\">Resale.ee &#8211; GREEN way is the BEST way!<\/p><p style=\"text-align: left;\">Our mission is to promote the reuse of technology and reduce the ecological footprint created by the use of electronic devices.\u00a0<\/p><p style=\"text-align: left;\">Our team consists of professionals. If you need help choosing the right laptop for your needs, feel free to contact us through our online channels or visit our showroom at M\u00e4ealuse 2\/1, Tallinn.\u00a0<\/p><p>The computers we sell were previously used mainly as office computers in the Scandinavian countries.\u00a0<\/p><p>Me oleme oma pakutavate kaupade kvaliteedis nii kindlad, et anname oma m\u00fc\u00fcdavatele toodetele garantii 6-12 kuud (lisainfo garantii pikkuse kohta iga toote juures eraldi)<\/p><p>\u00a0<\/p>\t\t\t\t\t\t\t\t<\/div>\n\t\t\t\t<\/div>\n\t\t\t\t\t<\/div>\n\t\t<\/div>\n\t\t\t\t\t<\/div>\n\t\t<\/section>\n\t\t\t\t<section class=\"elementor-section elementor-top-section elementor-element elementor-element-6d83058 elementor-section-boxed elementor-section-height-default elementor-section-height-default\" data-id=\"6d83058\" data-element_type=\"section\" data-e-type=\"section\">\n\t\t\t\t\t\t<div class=\"elementor-container elementor-column-gap-default\">\n\t\t\t\t\t<div class=\"elementor-column elementor-col-100 elementor-top-column elementor-element elementor-element-db734c5\" data-id=\"db734c5\" data-element_type=\"column\" data-e-type=\"column\">\n\t\t\t<div class=\"elementor-widget-wrap elementor-element-populated\">\n\t\t\t\t\t\t<div class=\"elementor-element elementor-element-c3f31fe elementor-widget elementor-widget-text-editor\" data-id=\"c3f31fe\" data-element_type=\"widget\" data-e-type=\"widget\" data-widget_type=\"text-editor.default\">\n\t\t\t\t<div class=\"elementor-widget-container\">\n\t\t\t\t\t\t\t\t\t<p>Your computer broke down and you need a new one fast? Resale Express Courier is here to help. During business hours (Mon\u2013Fri 10:00\u201318:00, excluding public holidays), we deliver within Tallinn in 2 hours and within Harju County in 4 hours after payment has been received in our bank account.<\/p><p>All parcel lockers in Estonia are available in the shipping options \u2014 simply choose the one that suits you best and pick up your order. We also offer door-to-door courier delivery in cooperation with DPD.<\/p><p>PC computers come with Windows installed. According to customer preference, most of the computers we offer are equipped with Windows 10 or Windows 11. Apple computers are restored to factory settings and updated to the latest available version of macOS. All device drivers are updated, batteries are tested, and the estimated battery life shown in the product details is based on average usage. With lower power consumption, battery life will be longer.\u00a0<\/p><p class=\"translation-block\">The computers we sell have been inspected, and real photos of every product for sale are available in each product gallery. The devices have been properly cleaned, undergone technical inspection, had parts replaced when necessary, and been installed with a fresh operating system along with all required driver updates.<\/p><p class=\"translation-block\">If you\u2019re not sure how to assess your needs, visit our store where you\u2019ll receive expert advice, and together we\u2019ll find the right laptop for you.<\/p><p><span style=\"color: var( --e-global-color-text ); background-color: var(--background); font-family: var(--e-global-typography-text-font-family);\">Products purchased from the Resale.ee online store include a 14-day return right for consumers.<\/span><\/p><p>We look forward to welcoming you!\u00a0<\/p><p>Resale.ee team<\/p>\t\t\t\t\t\t\t\t<\/div>\n\t\t\t\t<\/div>\n\t\t\t\t\t<\/div>\n\t\t<\/div>\n\t\t\t\t\t<\/div>\n\t\t<\/section>\n\t\t\t\t<\/div>","protected":false},"excerpt":{"rendered":"<p>Kvaliteetsed \u00e4riklassi s\u00fclearvutid! Resale.ee &#8211; GREEN way is the BEST way! Meie missiooniks on tehnika taaskasutus ja tehnika kasutamisest tekkiva \u00f6koloogilise jalaj\u00e4lje v\u00e4hendamine.\u00a0 Meie meeskond koosneb professionaalidest, kui vajad abi omale vajaliku s\u00fclearvuti\u00a0valimisel, siis v\u00f5ta julgesti \u00fchendust e-kanalite kaudu v\u00f5i tule k\u00fclasta meie salongi M\u00e4ealuse 2\/1, Tallinn.\u00a0 Meie m\u00fc\u00fcdavad arvutid on oma varasemas elus olnud [&hellip;]<\/p>\n","protected":false},"author":1,"featured_media":0,"parent":0,"menu_order":0,"comment_status":"closed","ping_status":"closed","template":"elementor_theme","meta":{"inline_featured_image":false,"advanced_seo_description":"","jetpack_seo_html_title":"","jetpack_seo_noindex":false,"jetpack_post_was_ever_published":false,"footnotes":""},"class_list":["post-1738","page","type-page","status-publish","hentry"],"jetpack_likes_enabled":false,"jetpack_sharing_enabled":true,"_links":{"self":[{"href":"https:\/\/resale.ee\/en\/wp-json\/wp\/v2\/pages\/1738","targetHints":{"allow":["GET"]}}],"collection":[{"href":"https:\/\/resale.ee\/en\/wp-json\/wp\/v2\/pages"}],"about":[{"href":"https:\/\/resale.ee\/en\/wp-json\/wp\/v2\/types\/page"}],"author":[{"embeddable":true,"href":"https:\/\/resale.ee\/en\/wp-json\/wp\/v2\/users\/1"}],"replies":[{"embeddable":true,"href":"https:\/\/resale.ee\/en\/wp-json\/wp\/v2\/comments?post=1738"}],"version-history":[{"count":0,"href":"https:\/\/resale.ee\/en\/wp-json\/wp\/v2\/pages\/1738\/revisions"}],"wp:attachment":[{"href":"https:\/\/resale.ee\/en\/wp-json\/wp\/v2\/media?parent=1738"}],"curies":[{"name":"wp","href":"https:\/\/api.w.org\/{rel}","templated":true}]}}