{"id":3,"date":"2022-11-02T10:27:57","date_gmt":"2022-11-02T10:27:57","guid":{"rendered":"https:\/\/resale.ee\/?page_id=3"},"modified":"2022-11-20T05:53:31","modified_gmt":"2022-11-20T03:53:31","slug":"privaatsus-poliitika","status":"publish","type":"page","link":"https:\/\/resale.ee\/en\/privaatsus-poliitika\/","title":{"rendered":"Privaatsuspoliitka"},"content":{"rendered":"<div data-elementor-type=\"wp-page\" data-elementor-id=\"3\" class=\"elementor elementor-3\" data-elementor-post-type=\"page\">\n\t\t\t\t\t\t<article class=\"elementor-section elementor-top-section elementor-element elementor-element-6f0ce7c9 elementor-section-boxed elementor-section-height-default elementor-section-height-default\" data-id=\"6f0ce7c9\" data-element_type=\"section\" data-e-type=\"section\">\n\t\t\t\t\t\t<div class=\"elementor-container elementor-column-gap-default\">\n\t\t\t\t\t<div class=\"elementor-column elementor-col-100 elementor-top-column elementor-element elementor-element-1bada31b\" data-id=\"1bada31b\" data-element_type=\"column\" data-e-type=\"column\">\n\t\t\t<div class=\"elementor-widget-wrap elementor-element-populated\">\n\t\t\t\t\t\t<div class=\"elementor-element elementor-element-190ce82 elementor-widget elementor-widget-text-editor\" data-id=\"190ce82\" data-element_type=\"widget\" data-e-type=\"widget\" data-widget_type=\"text-editor.default\">\n\t\t\t\t<div class=\"elementor-widget-container\">\n\t\t\t\t\t\t\t\t\t<p>PRIVAATSUSTINGIMUSED<\/p>\n<p>Privaatsustingimused reguleerivad isikuandmete t\u00f6\u00f6tlemist ja k\u00fcpsiste kasutamist Define<br \/>Trade O\u00dc (edaspidi\u00a0Resale) veebilehel\u00a0https:\/\/www.resale.ee\u00a0(edaspidi\u00a0veebileht).<\/p>\n<p>M\u00f5isted<br \/>Isikuandmete t\u00f6\u00f6tlemine\u00a0on igasugune veebilehe kasutaja (edaspidi kasutaja)<br \/>isikuandmetega tehtav tegevus \u2013 andmete kogumine, t\u00f6\u00f6tlemine, talletamine,<br \/>parandamine v\u00f5i eemaldamine.<br \/>Kasutajad\u00a0on k\u00f5ik isikud, kes k\u00fclastavad veebilehte, soetavad tooteid v\u00f5i edastavad<br \/>Resale\u2019le informatsiooni, n\u00e4iteks e-posti teel p\u00e4ringu.<br \/>Tooted\u00a0on k\u00f5ik Resale veebilehel m\u00fc\u00fcdavad tooted.<br \/>Isikuandmete t\u00f6\u00f6tlemine<br \/>Veebilehte kasutades annab kasutaja n\u00f5usoleku oma andmete t\u00f6\u00f6tlemiseks koosk\u00f5las<br \/>k\u00e4esolevate privaatsustingimustega.<br \/>Resale kogub veebilehe kaudu alltoodud isikuandmeid j\u00e4rgnevalt kirjeldatud viisidel:<br \/>\uf0b7 kasutaja e-posti aadress\u00a0\u2013 liitumisel meililistiga v\u00f5i e-posti teel kirja saatmisel;<br \/>\uf0b7 kasutaja nimi, aadress, telefon, e-posti aadress, soetatud toode, kogus, hind,<br \/>kuup\u00e4ev\u00a0\u2013 ostu sooritamisel;<br \/>\uf0b7 veebilehe k\u00fclastatavuse statistika\u00a0\u2013 Google Analyticsi, Facebook Pixeli abil.<br \/>Isikuandmete kasutamine<br \/>Resale kasutab isikuandmeid:<br \/>\uf0b7 kasutajale toodete m\u00fc\u00fcgiks, kasutajaga suhtlemiseks, toodete saatmiseks ja<br \/>arvete edastamiseks;<br \/>\uf0b7 kasutaja e-posti aadressile teavituste saatmiseks uutest toodetest,<br \/>kampaaniapakkumistest, loosimistest ja blogipostitustest, kuid seda ainult<br \/>kasutaja eelneval n\u00f5usolekul.<\/p>\n<p>Resale kasutab veebilehe k\u00fclastatavuse statistikat veebilehe kasutajakogemuse<br \/>parendamiseks ja efektiivsemaks turundamiseks.<br \/>Kasutajal on igal ajal \u00f5igus keelata oma isikuandmete t\u00f6\u00f6tlemine, v\u00e4lja arvatud juhul, kui<br \/>see on vajalik lepingust tuleneva n\u00f5ude t\u00e4itmiseks, sh toodete m\u00fc\u00fcgiks.<\/p>\n<p>Isikuandmete edastamine kolmandatele isikutele<br \/>Kolmas isik on Resale lepingu- v\u00f5i koost\u00f6\u00f6partner, kes t\u00f6\u00f6tleb isikuandmeid ja kelle toote<br \/>v\u00f5i teenuse abil pakub Resale kasutajale teenuseid.<br \/>Resale kasutab igap\u00e4evaseks tegevuseks kolmandaid isikuid, kes pakuvad:<br \/>\uf0b7 makselahendusi (pangad, j\u00e4relmaksupakkujad, Maksekeskus*),<br \/>\uf0b7 toodete transporti,<br \/>\uf0b7 veebilehe majutust,<br \/>\uf0b7 veebilehe IT-tuge,<br \/>\uf0b7 e-mailide edastamist ja haldamist,<br \/>\uf0b7 veebilehe kasutusstatistika kogumist,<br \/>\uf0b7 sotsiaalmeedia kasutamist,<br \/>\uf0b7 raamatupidamistarkvara kasutamist.<br \/>Selliste teenuste osutamisel v\u00f5ib lepingu- ja koost\u00f6\u00f6partneritel olla juurdep\u00e4\u00e4s kasutaja<br \/>isikuandmetele ja\/v\u00f5i nad v\u00f5ivad neid t\u00f6\u00f6delda. Lepingu- ja koost\u00f6\u00f6partneritel<br \/>\u00f5igusaktidest tulenev kohustus rakendada ja kohaldada turvameetmeid, et tagada<br \/>isikuandmete puutumatus ja turvalisus.<br \/>* Resale on isikuandmete vastutav t\u00f6\u00f6tleja, Resale edastab maksete teostamiseks vajalikud<br \/>isikuandmed volitatud t\u00f6\u00f6tleja Maksekeskus AS-le.<br \/>Isikuandmete s\u00e4ilitamine ja turvalisus<br \/>Resale s\u00e4ilitab isikuandmeid nii kaua, kuni see on eesm\u00e4rgi t\u00e4itmiseks v\u00f5i seadusest<br \/>tulenevalt vajalik. N\u00e4iteks ostuga kaasnevate isikuandmete v\u00f5i meililistis olevat e-posti<br \/>aadressi s\u00e4ilitatakse seni, kuni kasutaja avaldab soovi need sealt eemaldada. N\u00e4iteks<br \/>raamatupidamisandmeid s\u00e4ilitatakse tulenevalt seadusandlusest 7 aastat majandusaasta<br \/>l\u00f5ppemisest.<br \/>Resale rakendab k\u00f5iki m\u00f5istlikke meetmeid t\u00f6\u00f6deldavate isikuandmete kaitseks.<br \/>Juurdep\u00e4\u00e4s isikuandmete muutmiseks ja t\u00f6\u00f6tlemiseks on ainult selleks volitatud isikutel<br \/>ning k\u00f5ikide kasutajate isikuandmeid k\u00e4sitletakse kui konfidentsiaalset informatsiooni.<br \/>Kasutaja \u00f5igused<br \/>Kasutajal on \u00f5igus igal ajal:<br \/>\uf0b7 taotleda juurdep\u00e4\u00e4suks oma isikuandmetele,<br \/>\uf0b7 taotleda oma isikuandmete parandamist v\u00f5i t\u00e4iendamist,<br \/>\uf0b7 taotleda oma isikuandmete kustutamist;<br \/>\uf0b7 taotleda isikuandmete t\u00f6\u00f6tlemise piiramist;<\/p>\n<p>\uf0b7 taotleda isikuandmete \u00fclekandmist.<br \/>Oma \u00f5iguste kasutamiseks tuleb kasutajal saata e-posti<br \/>aadressile\u00a0info@Resale.ee\u00a0vastavasisuline sooviavaldus.<br \/>Kui kasutaja kuulub Resale meililisti, on tal v\u00f5imalik kustutada end meililisti nimekirjast ja<br \/>loobuda edasistest kirjadest e-kirja l\u00f5pus oleva lingi kaudu.<br \/>K\u00fcpsiste kasutamise piiramiseks saab kasutaja teha vastavad valikud oma veebilehitseja<br \/>seadete alt.<br \/>Kui kasutaja usub, et tema \u00f5igusi on isikuandmete t\u00f6\u00f6tlemisel rikutud, on tal \u00f5igus<br \/>p\u00f6\u00f6rduda Andmekaitse Inspektsiooni poole.<br \/>K\u00fcpsised<br \/>Nagu enamik veebilehti, kasutab ka Resale veebileht erinevate funktsioonide jaoks<br \/>k\u00fcpsiseid, eesm\u00e4rgiga tagada parem kasutajakogemus ja efektiivsem turundustegevus ning<br \/>koguda kasutusstatistikat.<br \/>Kasutades Resale veebilehte, n\u00f5ustub kasutaja k\u00fcpsiste kasutamisega k\u00e4esolevas korras<br \/>kirjeldatud viisil.<br \/>K\u00fcpsis\u00a0on v\u00e4ike tekstifail, mille veebilehitseja salvestab automaatselt kasutaja poolt<br \/>kasutatavasse seadmesse. K\u00fcpsised v\u00f5ivad olla loodud erinevate teenusepakkujate poolt,<br \/>n\u00e4iteks Google ja Facebook. K\u00fcpsisefailid ei ole arvuti jaoks ohtlikud.<br \/>K\u00fcpsiseid on kahte t\u00fc\u00fcpi:<br \/>\uf0b7 P\u00fcsik\u00fcpsised\u00a0on p\u00fcsivad, neid ei eemaldata enne kui kasutaja need kustutab v\u00f5i<br \/>kuni need aeguvad (s\u00f5ltub k\u00fcpsise s\u00e4ilivusajast). Neid v\u00f5idakse kasutada n\u00e4iteks<br \/>kasutaja kui veebilehe korduvk\u00fclastaja \u00e4ratundmiseks ja veebilehe sisu<br \/>kohandamiseks vastavalt kasutaja vajadustele v\u00f5i statistiliste andmete<br \/>kogumiseks.<br \/>\uf0b7 Ajutised k\u00fcpsised ehk sessioonik\u00fcpsised\u00a0on ajutised ja eemaldatakse, kui<br \/>kasutaja veebilehelt lahkub v\u00f5i oma veebilehitseja sulgeb. Sessioonik\u00fcpsiseid<br \/>v\u00f5idakse kasutada veebilehe teatud funktsioonide, n\u00e4iteks toote soetamise jms<br \/>v\u00f5imaldamiseks.<\/p>\n<p>K\u00fcpsiseid kasutatakse teabe kogumiseks selle kohta, kuidas veebilehte kasutatakse, et<br \/>seda kasutajatele isiklikumaks ja kasutajas\u00f5bralikumaks muuta. Lisaks aitavad k\u00fcpsised<br \/>koguda kasutajastatistikat, mis v\u00f5imaldab m\u00f5\u00f5ta ja parandada veebilehe toimivust ning<br \/>annab alusandmed, et viia l\u00e4bi efektiivset turundustegevust.<\/p>\n<p>Kasutaja loetakse k\u00fcpsistega n\u00f5ustunuks, kui tema veebilehitseja seadistustes on k\u00fcpsised<br \/>lubatud.<br \/>Enamik veebilehitsejaid on automaatselt seadistatud k\u00fcpsiseid vastu v\u00f5tma. Soovi korral<br \/>v\u00f5ib kasutaja k\u00fcpsised oma veebilehitsejas \u00e4ra keelata aga tasub meeles pidada, et sellega<br \/>v\u00f5ivad kaduda m\u00f5ned funktsioonid, mis on vajalikud Resale veebilehe korralikuks<br \/>toimimiseks. Juhiseid brauserist k\u00fcpsiste kustutamiseks ja seadistamiseks leiab n\u00e4iteks<br \/>siit:\u00a0Firefox,\u00a0Chrome,\u00a0Internet Explorer.<br \/>Kasutusstatistika kogumiseks kasutab Resale Google Analytics teenust, kogudes andmeid<br \/>k\u00fclastatud sisulehtede, k\u00fclastusaja, k\u00fclastuste arvu, kasutatavate seadmete,<br \/>sisenemiskanalite ja muu statistika kohta.<br \/>Google Analytics v\u00f5ib siiski koguda andmeid kasutajate aktiivsuse kohta ka ilma<br \/>k\u00fcpsisefaile kasutamata. Selleks, et Google Analytics ei saaks andmeid kasutada, saab<br \/>kasutaja paigaldada Google Analytics\u2019i blokeeriva rakenduse:\u00a0Google Analyticsist loobumise<br \/>brauserilaiend, mis toimib k\u00f5igi enimlevinud veebilehitsejatega.<br \/>Privaatsustingimuste muutmine<br \/>Resale j\u00e4tab endale \u00f5iguse muuta privaatsustingimusi \u00fchepoolselt ja ette teatamata,<br \/>eesm\u00e4rgiga kindlustada tingimuste vastavus \u00f5igusaktidele.<br \/>K\u00f5igi privaatsustingimuste ja andmet\u00f6\u00f6tluse kohta tekkivate k\u00fcsimustega palume v\u00f5tta<br \/>meiega \u00fchendust e-posti aadressil info@Resale.ee<\/p>\t\t\t\t\t\t\t\t<\/div>\n\t\t\t\t<\/div>\n\t\t\t\t\t<\/div>\n\t\t<\/div>\n\t\t\t\t\t<\/div>\n\t\t<\/article>\n\t\t\t\t<\/div>","protected":false},"excerpt":{"rendered":"<p>PRIVAATSUSTINGIMUSED Privaatsustingimused reguleerivad isikuandmete t\u00f6\u00f6tlemist ja k\u00fcpsiste kasutamist DefineTrade O\u00dc (edaspidi\u00a0Resale) veebilehel\u00a0https:\/\/www.resale.ee\u00a0(edaspidi\u00a0veebileht). M\u00f5istedIsikuandmete t\u00f6\u00f6tlemine\u00a0on igasugune veebilehe kasutaja (edaspidi kasutaja)isikuandmetega tehtav tegevus \u2013 andmete kogumine, t\u00f6\u00f6tlemine, talletamine,parandamine v\u00f5i eemaldamine.Kasutajad\u00a0on k\u00f5ik isikud, kes k\u00fclastavad veebilehte, soetavad tooteid v\u00f5i edastavadResale\u2019le informatsiooni, n\u00e4iteks e-posti teel p\u00e4ringu.Tooted\u00a0on k\u00f5ik Resale veebilehel m\u00fc\u00fcdavad tooted.Isikuandmete t\u00f6\u00f6tlemineVeebilehte kasutades annab kasutaja n\u00f5usoleku oma andmete t\u00f6\u00f6tlemiseks [&hellip;]<\/p>\n","protected":false},"author":1,"featured_media":0,"parent":0,"menu_order":0,"comment_status":"closed","ping_status":"closed","template":"elementor_theme","meta":{"inline_featured_image":false,"advanced_seo_description":"","jetpack_seo_html_title":"","jetpack_seo_noindex":false,"jetpack_post_was_ever_published":false,"footnotes":""},"class_list":["post-3","page","type-page","status-publish","hentry"],"jetpack_likes_enabled":false,"jetpack_sharing_enabled":true,"_links":{"self":[{"href":"https:\/\/resale.ee\/en\/wp-json\/wp\/v2\/pages\/3","targetHints":{"allow":["GET"]}}],"collection":[{"href":"https:\/\/resale.ee\/en\/wp-json\/wp\/v2\/pages"}],"about":[{"href":"https:\/\/resale.ee\/en\/wp-json\/wp\/v2\/types\/page"}],"author":[{"embeddable":true,"href":"https:\/\/resale.ee\/en\/wp-json\/wp\/v2\/users\/1"}],"replies":[{"embeddable":true,"href":"https:\/\/resale.ee\/en\/wp-json\/wp\/v2\/comments?post=3"}],"version-history":[{"count":0,"href":"https:\/\/resale.ee\/en\/wp-json\/wp\/v2\/pages\/3\/revisions"}],"wp:attachment":[{"href":"https:\/\/resale.ee\/en\/wp-json\/wp\/v2\/media?parent=3"}],"curies":[{"name":"wp","href":"https:\/\/api.w.org\/{rel}","templated":true}]}}