{"id":34323,"date":"2026-04-28T02:10:28","date_gmt":"2026-04-27T23:10:28","guid":{"rendered":"https:\/\/resale.ee\/?page_id=34323"},"modified":"2026-04-30T00:27:06","modified_gmt":"2026-04-29T21:27:06","slug":"tagastus","status":"publish","type":"page","link":"https:\/\/resale.ee\/en\/tagastus\/","title":{"rendered":"tagastus"},"content":{"rendered":"<div data-elementor-type=\"wp-page\" data-elementor-id=\"34323\" class=\"elementor elementor-34323\" wpc-filter-elementor-widget=\"1\" data-elementor-post-type=\"page\">\n\t\t\t\t<div class=\"elementor-element elementor-element-d9cf030 e-flex e-con-boxed e-con e-parent\" data-id=\"d9cf030\" data-element_type=\"container\" data-e-type=\"container\">\n\t\t\t\t\t<div class=\"e-con-inner\">\n\t\t\t\t<div class=\"elementor-element elementor-element-0ef1dc5 elementor-widget elementor-widget-html\" data-id=\"0ef1dc5\" data-element_type=\"widget\" data-e-type=\"widget\" data-widget_type=\"html.default\">\n\t\t\t\t<div class=\"elementor-widget-container\">\n\t\t\t\t\t<section class=\"resale-policy-page\">\r\n  <div class=\"resale-policy-card\">\r\n\r\n    <div class=\"resale-policy-hero\">\r\n      <span class=\"resale-policy-kicker\">Resale.ee tingimused<\/span>\r\n      <h1>Tagastustingimused<\/h1>\r\n      <p>Soovime, et ost oleks turvaline ja murevaba. Kui toode ei vasta ootustele, saad kasutada 14-p\u00e4evast tagastus\u00f5igust vastavalt allolevatele tingimustele.<\/p>\r\n    <\/div>\r\n\r\n    <div class=\"resale-policy-grid\">\r\n\r\n      <div class=\"resale-policy-item\">\r\n        <div class=\"resale-policy-icon\">1<\/div>\r\n        <div>\r\n          <h2>14-p\u00e4evane tagastus\u00f5igus<\/h2>\r\n          <p>Resale.ee e-poest ostetud toodetele kehtib 14-p\u00e4evane tagastus\u00f5igus alates kauba k\u00e4ttesaamisest.<\/p>\r\n          <p>Tootega v\u00f5ib tutvuda samav\u00e4\u00e4rselt nagu f\u00fc\u00fcsilises kaupluses \u2013 toodet v\u00f5ib \u00fcle vaadata ja proovida m\u00f5istlikus ulatuses.<\/p>\r\n        <\/div>\r\n      <\/div>\r\n\r\n      <div class=\"resale-policy-item\">\r\n        <div class=\"resale-policy-icon\">2<\/div>\r\n        <div>\r\n          <h2>Toote seisukord tagastamisel<\/h2>\r\n          <p>Tagastatav toode peab olema v\u00f5imalikult samas seisukorras nagu \u00fcleandmisel.<\/p>\r\n          <ul>\r\n            <li>seade<\/li>\r\n            <li>laadija<\/li>\r\n            <li>kaablid ja lisatarvikud<\/li>\r\n            <li>tellimuse info<\/li>\r\n          <\/ul>\r\n        <\/div>\r\n      <\/div>\r\n\r\n      <div class=\"resale-policy-item\">\r\n        <div class=\"resale-policy-icon\">3<\/div>\r\n        <div>\r\n          <h2>Tarkvaralised muudatused<\/h2>\r\n          <p>Tagastuse korral ei ole lubatud teha seadmes muudatusi, mis raskendavad seadme kontrollimist v\u00f5i edasim\u00fc\u00fcki.<\/p>\r\n          <ul>\r\n            <li>Windowsi \u00fcmberinstall<\/li>\r\n            <li>ketta vormindamine<\/li>\r\n            <li>BIOS\/UEFI muudatused<\/li>\r\n            <li>s\u00fcsteemifailide eemaldamine<\/li>\r\n          <\/ul>\r\n        <\/div>\r\n      <\/div>\r\n\r\n      <div class=\"resale-policy-item\">\r\n        <div class=\"resale-policy-icon\">4<\/div>\r\n        <div>\r\n          <h2>V\u00e4\u00e4rtuse v\u00e4henemine<\/h2>\r\n          <p>Kui toodet on kasutatud rohkem, kui tavap\u00e4raseks tutvumiseks vajalik, v\u00f5ib tagastatav summa v\u00e4heneda vastavalt kauba v\u00e4\u00e4rtuse v\u00e4henemisele.<\/p>\r\n        <\/div>\r\n      <\/div>\r\n\r\n      <div class=\"resale-policy-item\">\r\n        <div class=\"resale-policy-icon\">5<\/div>\r\n        <div>\r\n          <h2>Kuidas tagastada?<\/h2>\r\n          <p>Enne tagastamist v\u00f5ta meiega \u00fchendust.<\/p>\r\n          <ul>\r\n            <li>Resale.ee salongi: M\u00e4ealuse 2\/1, Tallinn<\/li>\r\n            <li>pakiautomaadiga eelneval kokkuleppel<\/li>\r\n          <\/ul>\r\n          <p>Toode tuleb pakkida turvaliselt. Resale.ee ei vastuta transpordikahjustuste eest, kui toode on kliendi poolt ebapiisavalt pakitud.<\/p>\r\n        <\/div>\r\n      <\/div>\r\n\r\n      <div class=\"resale-policy-item\">\r\n        <div class=\"resale-policy-icon\">6<\/div>\r\n        <div>\r\n          <h2>Tagastuskulud<\/h2>\r\n          <p>Kauba tagastamise otsesed kulud kannab klient, v\u00e4lja arvatud juhul, kui tagastamise p\u00f5hjus on Resale.ee viga v\u00f5i tootel ilmnenud puudus, mille eest vastutab Resale.ee.<\/p>\r\n        <\/div>\r\n      <\/div>\r\n\r\n      <div class=\"resale-policy-item\">\r\n        <div class=\"resale-policy-icon\">7<\/div>\r\n        <div>\r\n          <h2>Raha tagastamine<\/h2>\r\n          <p>Tagastame ostusumma hiljemalt 14 p\u00e4eva jooksul alates taganemisavalduse saamisest.<\/p>\r\n          <p>Meil on \u00f5igus oodata raha tagastamisega kuni kaup on tagasi j\u00f5udnud v\u00f5i klient on esitanud t\u00f5endi kauba tagasisaatmise kohta.<\/p>\r\n        <\/div>\r\n      <\/div>\r\n\r\n      <div class=\"resale-policy-item\">\r\n        <div class=\"resale-policy-icon\">8<\/div>\r\n        <div>\r\n          <h2>Contact<\/h2>\r\n          <p>Tagastuse alustamiseks kirjuta meile.<\/p>\r\n          <p><strong>E-post:<\/strong> tagastus@resale.ee<br>\r\n          <strong>Salong:<\/strong> M\u00e4ealuse 2\/1, Tallinn<\/p>\r\n        <\/div>\r\n      <\/div>\r\n\r\n    <\/div>\r\n\r\n  <\/div>\r\n<\/section>\r\n\r\n<style>\r\n.resale-policy-page{\r\n  width:100%;\r\n  background:#fff;\r\n  padding:px 0;\r\n  font-family:Outfit, sans-serif;\r\n  color:#1F2937;\r\n}\r\n\r\n.resale-policy-card{\r\n  width:100%;\r\n  max-width:1180px;\r\n  margin:0 auto;\r\n  background:#fff;\r\n  border:1px solid #E5E7EB;\r\n  border-radius:8px;\r\n  overflow:hidden;\r\n}\r\n\r\n.resale-policy-hero{\r\n  text-align:center;\r\n  padding:44px 48px 34px;\r\n  border-bottom:1px solid #E5E7EB;\r\n  background:#FAFAFA;\r\n}\r\n\r\n.resale-policy-kicker{\r\n  display:inline-block;\r\n  margin-bottom:12px;\r\n  font-size:13px;\r\n  line-height:1;\r\n  font-weight:600;\r\n  letter-spacing:.08em;\r\n  text-transform:uppercase;\r\n  color:#6B7280;\r\n}\r\n\r\n.resale-policy-hero h1{\r\n  margin:0 0 12px;\r\n  font-size:38px;\r\n  line-height:1.12;\r\n  font-weight:700;\r\n  letter-spacing:-.03em;\r\n  color:#1F2937;\r\n}\r\n\r\n.resale-policy-hero p{\r\n  max-width:760px;\r\n  margin:0 auto;\r\n  font-size:16px;\r\n  line-height:1.65;\r\n  font-weight:400;\r\n  color:#4B5563;\r\n}\r\n\r\n.resale-policy-grid{\r\n  display:grid;\r\n  grid-template-columns:repeat(2,1fr);\r\n}\r\n\r\n.resale-policy-item{\r\n  display:grid;\r\n  grid-template-columns:50px 1fr;\r\n  gap:18px;\r\n  padding:32px;\r\n  border-bottom:1px solid #E5E7EB;\r\n}\r\n\r\n.resale-policy-item:nth-child(odd){\r\n  border-right:1px solid #E5E7EB;\r\n}\r\n\r\n.resale-policy-item:nth-last-child(-n+2){\r\n  border-bottom:none;\r\n}\r\n\r\n.resale-policy-icon{\r\n  width:38px;\r\n  height:38px;\r\n  border-radius:6px;\r\n  background:#F3F4F6;\r\n  border:1px solid #E5E7EB;\r\n  color:#1F2937;\r\n  display:flex;\r\n  align-items:center;\r\n  justify-content:center;\r\n  font-size:15px;\r\n  font-weight:700;\r\n}\r\n\r\n.resale-policy-item h2{\r\n  margin:0 0 10px;\r\n  font-size:20px;\r\n  line-height:1.25;\r\n  font-weight:700;\r\n  letter-spacing:-.02em;\r\n  color:#1F2937;\r\n}\r\n\r\n.resale-policy-item p{\r\n  margin:0 0 12px;\r\n  font-size:15px;\r\n  line-height:1.65;\r\n  font-weight:400;\r\n  color:#4B5563;\r\n}\r\n\r\n.resale-policy-item p:last-child{\r\n  margin-bottom:0;\r\n}\r\n\r\n.resale-policy-item ul{\r\n  margin:0 0 12px 18px;\r\n  padding:0;\r\n  color:#4B5563;\r\n  font-size:15px;\r\n  line-height:1.65;\r\n}\r\n\r\n.resale-policy-item li{\r\n  margin-bottom:3px;\r\n}\r\n\r\n.resale-policy-item strong{\r\n  font-weight:600;\r\n  color:#1F2937;\r\n}\r\n\r\n@media (max-width:767px){\r\n  .resale-policy-page{\r\n    padding:18px 0;\r\n  }\r\n\r\n  .resale-policy-card{\r\n    border-radius:6px;\r\n  }\r\n\r\n  .resale-policy-hero{\r\n    padding:30px 20px 24px;\r\n  }\r\n\r\n  .resale-policy-hero h1{\r\n    font-size:30px;\r\n  }\r\n\r\n  .resale-policy-hero p{\r\n    font-size:15px;\r\n    line-height:1.55;\r\n  }\r\n\r\n  .resale-policy-grid{\r\n    grid-template-columns:1fr;\r\n  }\r\n\r\n  .resale-policy-item{\r\n    grid-template-columns:40px 1fr;\r\n    gap:14px;\r\n    padding:24px 20px;\r\n    border-right:none !important;\r\n    border-bottom:1px solid #E5E7EB !important;\r\n  }\r\n\r\n  .resale-policy-item:last-child{\r\n    border-bottom:none !important;\r\n  }\r\n\r\n  .resale-policy-icon{\r\n    width:34px;\r\n    height:34px;\r\n    font-size:14px;\r\n    border-radius:5px;\r\n  }\r\n\r\n  .resale-policy-item h2{\r\n    font-size:19px;\r\n  }\r\n\r\n  .resale-policy-item p,\r\n  .resale-policy-item ul{\r\n    font-size:14.5px;\r\n  }\r\n}\r\n<\/style>\t\t\t\t<\/div>\n\t\t\t\t<\/div>\n\t\t\t\t\t<\/div>\n\t\t\t\t<\/div>\n\t\t\t\t<\/div>","protected":false},"excerpt":{"rendered":"<p>Resale.ee tingimused Tagastustingimused Soovime, et ost oleks turvaline ja murevaba. Kui toode ei vasta ootustele, saad kasutada 14-p\u00e4evast tagastus\u00f5igust vastavalt allolevatele tingimustele. 1 14-p\u00e4evane tagastus\u00f5igus Resale.ee e-poest ostetud toodetele kehtib 14-p\u00e4evane tagastus\u00f5igus alates kauba k\u00e4ttesaamisest. Tootega v\u00f5ib tutvuda samav\u00e4\u00e4rselt nagu f\u00fc\u00fcsilises kaupluses \u2013 toodet v\u00f5ib \u00fcle vaadata ja proovida m\u00f5istlikus ulatuses. 2 Toote seisukord tagastamisel [&hellip;]<\/p>\n","protected":false},"author":1,"featured_media":0,"parent":0,"menu_order":0,"comment_status":"closed","ping_status":"closed","template":"","meta":{"inline_featured_image":false,"advanced_seo_description":"","jetpack_seo_html_title":"","jetpack_seo_noindex":false,"jetpack_post_was_ever_published":false,"footnotes":""},"class_list":["post-34323","page","type-page","status-publish","hentry"],"jetpack_likes_enabled":false,"jetpack_sharing_enabled":true,"_links":{"self":[{"href":"https:\/\/resale.ee\/en\/wp-json\/wp\/v2\/pages\/34323","targetHints":{"allow":["GET"]}}],"collection":[{"href":"https:\/\/resale.ee\/en\/wp-json\/wp\/v2\/pages"}],"about":[{"href":"https:\/\/resale.ee\/en\/wp-json\/wp\/v2\/types\/page"}],"author":[{"embeddable":true,"href":"https:\/\/resale.ee\/en\/wp-json\/wp\/v2\/users\/1"}],"replies":[{"embeddable":true,"href":"https:\/\/resale.ee\/en\/wp-json\/wp\/v2\/comments?post=34323"}],"version-history":[{"count":7,"href":"https:\/\/resale.ee\/en\/wp-json\/wp\/v2\/pages\/34323\/revisions"}],"predecessor-version":[{"id":34614,"href":"https:\/\/resale.ee\/en\/wp-json\/wp\/v2\/pages\/34323\/revisions\/34614"}],"wp:attachment":[{"href":"https:\/\/resale.ee\/en\/wp-json\/wp\/v2\/media?parent=34323"}],"curies":[{"name":"wp","href":"https:\/\/api.w.org\/{rel}","templated":true}]}}