{"id":34328,"date":"2026-04-28T03:12:47","date_gmt":"2026-04-28T00:12:47","guid":{"rendered":"https:\/\/resale.ee\/?page_id=34328"},"modified":"2026-04-28T03:44:05","modified_gmt":"2026-04-28T00:44:05","slug":"garantii","status":"publish","type":"page","link":"https:\/\/resale.ee\/en\/garantii\/","title":{"rendered":"garantii"},"content":{"rendered":"\t\t<div data-elementor-type=\"wp-page\" data-elementor-id=\"34328\" class=\"elementor elementor-34328\" wpc-filter-elementor-widget=\"1\" data-elementor-post-type=\"page\">\n\t\t\t\t<div class=\"elementor-element elementor-element-1bc42c3 e-con-full e-flex e-con e-parent\" data-id=\"1bc42c3\" data-element_type=\"container\" data-e-type=\"container\">\n\t\t<div class=\"elementor-element elementor-element-a9893af e-flex e-con-boxed e-con e-child\" data-id=\"a9893af\" data-element_type=\"container\" data-e-type=\"container\" data-settings=\"{&quot;background_background&quot;:&quot;classic&quot;}\">\n\t\t\t\t\t<div class=\"e-con-inner\">\n\t\t\t\t<div class=\"elementor-element elementor-element-aa14d7b elementor-view-default elementor-widget elementor-widget-icon\" data-id=\"aa14d7b\" data-element_type=\"widget\" data-e-type=\"widget\" data-widget_type=\"icon.default\">\n\t\t\t\t<div class=\"elementor-widget-container\">\n\t\t\t\t\t\t\t<div class=\"elementor-icon-wrapper\">\n\t\t\t<div class=\"elementor-icon\">\n\t\t\t<i aria-hidden=\"true\" class=\"icon icon-shield1\"><\/i>\t\t\t<\/div>\n\t\t<\/div>\n\t\t\t\t\t\t<\/div>\n\t\t\t\t<\/div>\n\t\t\t\t<div class=\"elementor-element elementor-element-1312f6f elementor-widget elementor-widget-heading\" data-id=\"1312f6f\" data-element_type=\"widget\" data-e-type=\"widget\" data-widget_type=\"heading.default\">\n\t\t\t\t<div class=\"elementor-widget-container\">\n\t\t\t\t\t<h2 class=\"elementor-heading-title elementor-size-default\">Garantiijuhtumi registreerimine<\/h2>\t\t\t\t<\/div>\n\t\t\t\t<\/div>\n\t\t\t\t<div class=\"elementor-element elementor-element-958573d elementor-widget elementor-widget-text-editor\" data-id=\"958573d\" data-element_type=\"widget\" data-e-type=\"widget\" data-widget_type=\"text-editor.default\">\n\t\t\t\t<div class=\"elementor-widget-container\">\n\t\t\t\t\t\t\t\t\t<p>Kui Resale.ee-st ostetud seadmel on ilmnenud probleem, t\u00e4ida allolev vorm. Vaatame juhtumi \u00fcle ja v\u00f5tame Sinuga \u00fchendust esimesel v\u00f5imalusel.<\/p>\t\t\t\t\t\t\t\t<\/div>\n\t\t\t\t<\/div>\n\t\t\t\t<div class=\"elementor-element elementor-element-0ed71d7 elementor-position-inline-start elementor-view-default elementor-mobile-position-block-start elementor-widget elementor-widget-icon-box\" data-id=\"0ed71d7\" data-element_type=\"widget\" data-e-type=\"widget\" data-widget_type=\"icon-box.default\">\n\t\t\t\t<div class=\"elementor-widget-container\">\n\t\t\t\t\t\t\t<div class=\"elementor-icon-box-wrapper\">\n\n\t\t\t\t\t\t<div class=\"elementor-icon-box-icon\">\n\t\t\t\t<span  class=\"elementor-icon\">\n\t\t\t\t<i aria-hidden=\"true\" class=\"icon icon-information\"><\/i>\t\t\t\t<\/span>\n\t\t\t<\/div>\n\t\t\t\n\t\t\t\t\t\t<div class=\"elementor-icon-box-content\">\n\n\t\t\t\t\n\t\t\t\t\t\t\t\t\t<p class=\"elementor-icon-box-description\">\n\t\t\t\t\t\tPalume kirjeldada probleemi v\u00f5imalikult t\u00e4pselt \u2013 millal see ilmneb, kas probleem kordub pidevalt ning kas oled proovinud seadet taask\u00e4ivitada v\u00f5i kasutada teist laadijat.\t\t\t\t\t<\/p>\n\t\t\t\t\n\t\t\t<\/div>\n\t\t\t\n\t\t<\/div>\n\t\t\t\t\t\t<\/div>\n\t\t\t\t<\/div>\n\t\t\t\t\t<\/div>\n\t\t\t\t<\/div>\n\t\t\t\t<div class=\"elementor-element elementor-element-e39b795 elementor-button-align-stretch elementor-widget elementor-widget-form\" data-id=\"e39b795\" data-element_type=\"widget\" data-e-type=\"widget\" data-settings=\"{&quot;step_next_label&quot;:&quot;Next&quot;,&quot;step_previous_label&quot;:&quot;Previous&quot;,&quot;button_width&quot;:&quot;100&quot;,&quot;step_type&quot;:&quot;number_text&quot;,&quot;step_icon_shape&quot;:&quot;circle&quot;}\" data-widget_type=\"form.default\">\n\t\t\t\t<div class=\"elementor-widget-container\">\n\t\t\t\t\t\t\t<form class=\"elementor-form\" method=\"post\" name=\"New Form\" aria-label=\"New Form\">\n\t\t\t<input type=\"hidden\" name=\"post_id\" value=\"34328\"\/>\n\t\t\t<input type=\"hidden\" name=\"form_id\" value=\"e39b795\"\/>\n\t\t\t<input type=\"hidden\" name=\"referer_title\" value=\"\" \/>\n\n\t\t\t\n\t\t\t<div class=\"elementor-form-fields-wrapper elementor-labels-above\">\n\t\t\t\t\t\t\t\t<div class=\"elementor-field-type-text elementor-field-group elementor-column elementor-field-group-name elementor-col-100 elementor-field-required\">\n\t\t\t\t\t\t\t\t\t\t\t\t<label for=\"form-field-name\" class=\"elementor-field-label\">\n\t\t\t\t\t\t\t\tNimi\t\t\t\t\t\t\t<\/label>\n\t\t\t\t\t\t\t\t\t\t\t\t\t\t<input size=\"1\" type=\"text\" name=\"form_fields[name]\" id=\"form-field-name\" class=\"elementor-field elementor-size-sm  elementor-field-textual\" placeholder=\"Sinu nimi\" required=\"required\">\n\t\t\t\t\t\t\t\t\t\t\t<\/div>\n\t\t\t\t\t\t\t\t<div class=\"elementor-field-type-email elementor-field-group elementor-column elementor-field-group-email elementor-col-100 elementor-field-required\">\n\t\t\t\t\t\t\t\t\t\t\t\t<label for=\"form-field-email\" class=\"elementor-field-label\">\n\t\t\t\t\t\t\t\tEmail\t\t\t\t\t\t\t<\/label>\n\t\t\t\t\t\t\t\t\t\t\t\t\t\t<input size=\"1\" type=\"email\" name=\"form_fields[email]\" id=\"form-field-email\" class=\"elementor-field elementor-size-sm  elementor-field-textual\" placeholder=\"Email\" required=\"required\">\n\t\t\t\t\t\t\t\t\t\t\t<\/div>\n\t\t\t\t\t\t\t\t<div class=\"elementor-field-type-tel elementor-field-group elementor-column elementor-field-group-telefon elementor-col-100 elementor-field-required\">\n\t\t\t\t\t\t\t\t\t\t\t\t<label for=\"form-field-telefon\" class=\"elementor-field-label\">\n\t\t\t\t\t\t\t\tTelefoninumber\t\t\t\t\t\t\t<\/label>\n\t\t\t\t\t\t\t\t<input size=\"1\" type=\"tel\" name=\"form_fields[telefon]\" id=\"form-field-telefon\" class=\"elementor-field elementor-size-sm  elementor-field-textual\" placeholder=\"Telefoninumber\" required=\"required\" pattern=\"[0-9()#&amp;+*-=.]+\" title=\"Only numbers and phone characters (#, -, *, etc) are accepted.\">\n\n\t\t\t\t\t\t<\/div>\n\t\t\t\t\t\t\t\t<div class=\"elementor-field-type-text elementor-field-group elementor-column elementor-field-group-arve elementor-col-100 elementor-field-required\">\n\t\t\t\t\t\t\t\t\t\t\t\t<label for=\"form-field-arve\" class=\"elementor-field-label\">\n\t\t\t\t\t\t\t\tTellimuse v\u00f5i arve number\t\t\t\t\t\t\t<\/label>\n\t\t\t\t\t\t\t\t\t\t\t\t\t\t<input size=\"1\" type=\"text\" name=\"form_fields[arve]\" id=\"form-field-arve\" class=\"elementor-field elementor-size-sm  elementor-field-textual\" placeholder=\"123456\" required=\"required\">\n\t\t\t\t\t\t\t\t\t\t\t<\/div>\n\t\t\t\t\t\t\t\t<div class=\"elementor-field-type-textarea elementor-field-group elementor-column elementor-field-group-probleem elementor-col-100 elementor-field-required\">\n\t\t\t\t\t\t\t\t\t\t\t\t<label for=\"form-field-probleem\" class=\"elementor-field-label\">\n\t\t\t\t\t\t\t\tProbleemi kirjeldus\t\t\t\t\t\t\t<\/label>\n\t\t\t\t\t\t<textarea class=\"elementor-field-textual elementor-field  elementor-size-sm\" name=\"form_fields[probleem]\" id=\"form-field-probleem\" rows=\"4\" placeholder=\"Kirjelda v\u00f5imalikult t\u00e4pselt...\" required=\"required\"><\/textarea>\t\t\t\t<\/div>\n\t\t\t\t\t\t\t\t<div class=\"elementor-field-type-radio elementor-field-group elementor-column elementor-field-group-ilmneb elementor-col-100 elementor-field-required\">\n\t\t\t\t\t\t\t\t\t\t\t\t<label for=\"form-field-ilmneb\" class=\"elementor-field-label\">\n\t\t\t\t\t\t\t\tMillal probleem ilmneb?\t\t\t\t\t\t\t<\/label>\n\t\t\t\t\t\t<div class=\"elementor-field-subgroup  \"><span class=\"elementor-field-option\"><input type=\"radio\" value=\"Kohe k\u00e4ivitamisel\" id=\"form-field-ilmneb-0\" name=\"form_fields[ilmneb]\" required=\"required\"> <label for=\"form-field-ilmneb-0\">Kohe k\u00e4ivitamisel<\/label><\/span><span class=\"elementor-field-option\"><input type=\"radio\" value=\"Aeg-ajalt kasutamise ajal\" id=\"form-field-ilmneb-1\" name=\"form_fields[ilmneb]\" required=\"required\"> <label for=\"form-field-ilmneb-1\">Aeg-ajalt kasutamise ajal<\/label><\/span><span class=\"elementor-field-option\"><input type=\"radio\" value=\"Koormuse all\" id=\"form-field-ilmneb-2\" name=\"form_fields[ilmneb]\" required=\"required\"> <label for=\"form-field-ilmneb-2\">Koormuse all<\/label><\/span><span class=\"elementor-field-option\"><input type=\"radio\" value=\"Aku pealt kasutades\" id=\"form-field-ilmneb-3\" name=\"form_fields[ilmneb]\" required=\"required\"> <label for=\"form-field-ilmneb-3\">Aku pealt kasutades<\/label><\/span><span class=\"elementor-field-option\"><input type=\"radio\" value=\"Laadijaga kasutades\" id=\"form-field-ilmneb-4\" name=\"form_fields[ilmneb]\" required=\"required\"> <label for=\"form-field-ilmneb-4\">Laadijaga kasutades<\/label><\/span><span class=\"elementor-field-option\"><input type=\"radio\" value=\"Muu\" id=\"form-field-ilmneb-5\" name=\"form_fields[ilmneb]\" required=\"required\"> <label for=\"form-field-ilmneb-5\">Muu<\/label><\/span><\/div>\t\t\t\t<\/div>\n\t\t\t\t\t\t\t\t<div class=\"elementor-field-type-radio elementor-field-group elementor-column elementor-field-group-korduv elementor-col-100 elementor-field-required\">\n\t\t\t\t\t\t\t\t\t\t\t\t<label for=\"form-field-korduv\" class=\"elementor-field-label\">\n\t\t\t\t\t\t\t\tKas probleem on korduv\t\t\t\t\t\t\t<\/label>\n\t\t\t\t\t\t<div class=\"elementor-field-subgroup  \"><span class=\"elementor-field-option\"><input type=\"radio\" value=\"Jah, on juhtunud korduvalt\" id=\"form-field-korduv-0\" name=\"form_fields[korduv]\" required=\"required\"> <label for=\"form-field-korduv-0\">Jah, on juhtunud korduvalt<\/label><\/span><span class=\"elementor-field-option\"><input type=\"radio\" value=\"EI, \u00fchekordne\" id=\"form-field-korduv-1\" name=\"form_fields[korduv]\" required=\"required\"> <label for=\"form-field-korduv-1\">EI, \u00fchekordne<\/label><\/span><\/div>\t\t\t\t<\/div>\n\t\t\t\t\t\t\t\t<div class=\"elementor-field-type-radio elementor-field-group elementor-column elementor-field-group-lahendus elementor-col-100 elementor-field-required\">\n\t\t\t\t\t\t\t\t\t\t\t\t<label for=\"form-field-lahendus\" class=\"elementor-field-label\">\n\t\t\t\t\t\t\t\tSoovitud lahendus\t\t\t\t\t\t\t<\/label>\n\t\t\t\t\t\t<div class=\"elementor-field-subgroup  elementor-subgroup-inline\"><span class=\"elementor-field-option\"><input type=\"radio\" value=\"Remont\" id=\"form-field-lahendus-0\" name=\"form_fields[lahendus]\" required=\"required\"> <label for=\"form-field-lahendus-0\">Remont<\/label><\/span><span class=\"elementor-field-option\"><input type=\"radio\" value=\"Vajan n\u00f5ustamist\" id=\"form-field-lahendus-1\" name=\"form_fields[lahendus]\" required=\"required\"> <label for=\"form-field-lahendus-1\">Vajan n\u00f5ustamist<\/label><\/span><\/div>\t\t\t\t<\/div>\n\t\t\t\t\t\t\t\t<div class=\"elementor-field-type-acceptance elementor-field-group elementor-column elementor-field-group-field_de6e36d elementor-col-100\">\n\t\t\t\t\t\t\t\t\t\t\t\t<label for=\"form-field-field_de6e36d\" class=\"elementor-field-label\">\n\t\t\t\t\t\t\t\tN\u00f5usolek\t\t\t\t\t\t\t<\/label>\n\t\t\t\t\t\t\t\t<div class=\"elementor-field-subgroup\">\n\t\t\t<span class=\"elementor-field-option\">\n\t\t\t\t<input type=\"checkbox\" name=\"form_fields[field_de6e36d]\" id=\"form-field-field_de6e36d\" class=\"elementor-field elementor-size-sm  elementor-acceptance-field\">\n\t\t\t\t<label for=\"form-field-field_de6e36d\">Kinnitan, et esitatud info on korrektne.<\/label>\t\t\t<\/span>\n\t\t<\/div>\n\t\t\t\t\t\t<\/div>\n\t\t\t\t\t\t\t\t<div class=\"elementor-field-group elementor-column elementor-field-type-submit elementor-col-100 e-form__buttons\">\n\t\t\t\t\t<button class=\"elementor-button elementor-size-sm\" type=\"submit\">\n\t\t\t\t\t\t<span class=\"elementor-button-content-wrapper\">\n\t\t\t\t\t\t\t\t\t\t\t\t\t\t\t\t\t\t\t\t\t\t<span class=\"elementor-button-text\">Saada garantiijuhtum<\/span>\n\t\t\t\t\t\t\t\t\t\t\t\t\t<\/span>\n\t\t\t\t\t<\/button>\n\t\t\t\t<\/div>\n\t\t\t<\/div>\n\t\t<\/form>\n\t\t\t\t\t\t<\/div>\n\t\t\t\t<\/div>\n\t\t\t\t<\/div>\n\t\t<div class=\"elementor-element elementor-element-78a2e33 e-flex e-con-boxed e-con e-parent\" data-id=\"78a2e33\" data-element_type=\"container\" data-e-type=\"container\">\n\t\t\t\t\t<div class=\"e-con-inner\">\n\t\t\t\t<div class=\"elementor-element elementor-element-05e536a elementor-widget elementor-widget-html\" data-id=\"05e536a\" data-element_type=\"widget\" data-e-type=\"widget\" data-widget_type=\"html.default\">\n\t\t\t\t<div class=\"elementor-widget-container\">\n\t\t\t\t\t<section class=\"resale-warranty-afterform\">\r\n\r\n  <div class=\"resale-warranty-process\">\r\n    <h2>Mis juhtub p\u00e4rast vormi saatmist?<\/h2>\r\n\r\n    <div class=\"resale-process-grid\">\r\n\r\n      <div class=\"resale-process-item\">\r\n        <div class=\"resale-process-number\">1<\/div>\r\n        <h3>Saada meile info<\/h3>\r\n        <p>\r\n          T\u00e4ida vorm ja kirjelda probleem v\u00f5imalikult t\u00e4pselt.\r\n          See aitab meil kiiremini lahenduseni j\u00f5uda.\r\n        <\/p>\r\n      <\/div>\r\n\r\n      <div class=\"resale-process-item\">\r\n        <div class=\"resale-process-number\">2<\/div>\r\n        <h3>V\u00f5tame Sinuga \u00fchendust<\/h3>\r\n        <p>\r\n          Vaatame info \u00fcle ning anname juhised,\r\n          kuidas edasi liikuda.\r\n        <\/p>\r\n      <\/div>\r\n\r\n      <div class=\"resale-process-item\">\r\n        <div class=\"resale-process-number\">3<\/div>\r\n        <h3>Leiame lahenduse<\/h3>\r\n        <p>\r\n          S\u00f5ltuvalt olukorrast korraldame remondi,\r\n          vahetuse v\u00f5i muu sobiva lahenduse.\r\n        <\/p>\r\n      <\/div>\r\n\r\n    <\/div>\r\n  <\/div>\r\n\r\n  <div class=\"resale-warranty-contact\">\r\n\r\n    <div class=\"resale-contact-left\">\r\n      <h2>Vajad kiiret abi?<\/h2>\r\n      <p>Kirjuta meile v\u00f5i k\u00fclasta meie salongi.<\/p>\r\n    <\/div>\r\n\r\n    <div class=\"resale-contact-details\">\r\n      <strong>E-post:<\/strong> info@resale.ee<br>\r\n      <strong>Salong:<\/strong> M\u00e4ealuse 2\/1, Tallinn<br>\r\n      <strong>Vastame:<\/strong> \u00fcldjuhul 1 t\u00f6\u00f6p\u00e4eva jooksul\r\n    <\/div>\r\n\r\n  <\/div>\r\n\r\n  <p class=\"resale-warranty-privacy\">\r\n    Esitatud andmeid kasutatakse ainult garantiijuhtumi lahendamiseks.\r\n  <\/p>\r\n\r\n<\/section>\r\n\r\n<style>\r\n.resale-warranty-afterform{\r\n  width:100%;\r\n  margin-top:34px;\r\n  color:#111827;\r\n  font-family:inherit;\r\n}\r\n\r\n.resale-warranty-process{\r\n  background:#ffffff;\r\n  border:1px solid #e5e7eb;\r\n  border-radius:22px;\r\n  padding:34px;\r\n}\r\n\r\n.resale-warranty-process h2,\r\n.resale-warranty-contact h2{\r\n  margin:0 0 22px;\r\n  font-size:28px;\r\n  line-height:1.2;\r\n  font-weight:800;\r\n  letter-spacing:-0.02em;\r\n  color:#111827;\r\n}\r\n\r\n.resale-process-grid{\r\n  display:grid;\r\n  grid-template-columns:repeat(3,1fr);\r\n  gap:16px;\r\n}\r\n\r\n.resale-process-item{\r\n  background:#f8fafc;\r\n  border-radius:18px;\r\n  padding:24px;\r\n}\r\n\r\n.resale-process-number{\r\n  width:38px;\r\n  height:38px;\r\n  border-radius:999px;\r\n  background:#111827;\r\n  color:#ffffff;\r\n  display:flex;\r\n  align-items:center;\r\n  justify-content:center;\r\n  font-weight:800;\r\n  margin-bottom:16px;\r\n}\r\n\r\n.resale-process-item h3{\r\n  margin:0 0 8px;\r\n  font-size:19px;\r\n  line-height:1.2;\r\n  font-weight:800;\r\n  color:#111827;\r\n}\r\n\r\n.resale-process-item p{\r\n  margin:0;\r\n  font-size:15px;\r\n  line-height:1.55;\r\n  color:#4b5563;\r\n}\r\n\r\n.resale-warranty-contact{\r\n  margin-top:18px;\r\n  background:#111827;\r\n  color:#ffffff;\r\n  border-radius:22px;\r\n  padding:28px 34px;\r\n  display:flex;\r\n  justify-content:space-between;\r\n  align-items:center;\r\n  gap:24px;\r\n}\r\n\r\n.resale-warranty-contact h2{\r\n  margin:0 0 8px;\r\n  color:#ffffff;\r\n}\r\n\r\n.resale-contact-left p{\r\n  margin:0;\r\n  font-size:15px;\r\n  color:#d1d5db;\r\n}\r\n\r\n.resale-contact-details{\r\n  font-size:15px;\r\n  line-height:1.7;\r\n  text-align:right;\r\n}\r\n\r\n.resale-warranty-privacy{\r\n  margin:16px 0 0;\r\n  text-align:center;\r\n  font-size:13px;\r\n  color:#6b7280;\r\n}\r\n\r\n\/* Mobile *\/\r\n@media (max-width:767px){\r\n\r\n  .resale-warranty-afterform{\r\n    margin-top:22px;\r\n  }\r\n\r\n  .resale-warranty-process{\r\n    padding:22px;\r\n    border-radius:18px;\r\n  }\r\n\r\n  .resale-warranty-process h2,\r\n  .resale-warranty-contact h2{\r\n    font-size:24px;\r\n  }\r\n\r\n  .resale-process-grid{\r\n    grid-template-columns:1fr;\r\n  }\r\n\r\n  .resale-process-item{\r\n    padding:20px;\r\n  }\r\n\r\n  .resale-warranty-contact{\r\n    flex-direction:column;\r\n    align-items:flex-start;\r\n    padding:24px;\r\n  }\r\n\r\n  .resale-contact-details{\r\n    text-align:left;\r\n  }\r\n\r\n}\r\n<\/style>\t\t\t\t<\/div>\n\t\t\t\t<\/div>\n\t\t\t\t\t<\/div>\n\t\t\t\t<\/div>\n\t\t\t\t<\/div>\n\t\t","protected":false},"excerpt":{"rendered":"<p>Garantiijuhtumi registreerimine Kui Resale.ee-st ostetud seadmel on ilmnenud probleem, t\u00e4ida allolev vorm. Vaatame juhtumi \u00fcle ja v\u00f5tame Sinuga \u00fchendust esimesel v\u00f5imalusel. Palume kirjeldada probleemi v\u00f5imalikult t\u00e4pselt \u2013 millal see ilmneb, kas probleem kordub pidevalt ning kas oled proovinud seadet taask\u00e4ivitada v\u00f5i kasutada teist laadijat. Mis juhtub p\u00e4rast vormi saatmist? 1 Saada meile info T\u00e4ida vorm [&hellip;]<\/p>\n","protected":false},"author":1,"featured_media":0,"parent":0,"menu_order":0,"comment_status":"closed","ping_status":"closed","template":"","meta":{"inline_featured_image":false,"advanced_seo_description":"","jetpack_seo_html_title":"","jetpack_seo_noindex":false,"jetpack_post_was_ever_published":false,"footnotes":""},"class_list":["post-34328","page","type-page","status-publish","hentry"],"jetpack_likes_enabled":false,"jetpack_sharing_enabled":true,"_links":{"self":[{"href":"https:\/\/resale.ee\/en\/wp-json\/wp\/v2\/pages\/34328","targetHints":{"allow":["GET"]}}],"collection":[{"href":"https:\/\/resale.ee\/en\/wp-json\/wp\/v2\/pages"}],"about":[{"href":"https:\/\/resale.ee\/en\/wp-json\/wp\/v2\/types\/page"}],"author":[{"embeddable":true,"href":"https:\/\/resale.ee\/en\/wp-json\/wp\/v2\/users\/1"}],"replies":[{"embeddable":true,"href":"https:\/\/resale.ee\/en\/wp-json\/wp\/v2\/comments?post=34328"}],"version-history":[{"count":10,"href":"https:\/\/resale.ee\/en\/wp-json\/wp\/v2\/pages\/34328\/revisions"}],"predecessor-version":[{"id":34338,"href":"https:\/\/resale.ee\/en\/wp-json\/wp\/v2\/pages\/34328\/revisions\/34338"}],"wp:attachment":[{"href":"https:\/\/resale.ee\/en\/wp-json\/wp\/v2\/media?parent=34328"}],"curies":[{"name":"wp","href":"https:\/\/api.w.org\/{rel}","templated":true}]}}