{"id":27050,"date":"2025-03-02T16:32:09","date_gmt":"2025-03-02T14:32:09","guid":{"rendered":"https:\/\/resale.ee\/e-pood\/baseus-cafule-kaabel-usb-c-3a-1m-graymust\/"},"modified":"2025-12-17T22:22:10","modified_gmt":"2025-12-17T20:22:10","slug":"baseus-cafule-kaabel-usb-c-3a-1m-graymust","status":"publish","type":"product","link":"https:\/\/resale.ee\/en\/e-pood\/baseus-cafule-kaabel-usb-c-3a-1m-graymust\/","title":{"rendered":"Baseus Cafule kaabel USB-C 3A 1m (Gray+must)"},"content":{"rendered":"<p><strong>Baseus Cafule Kaabel<\/strong><br \/>\nBaseus Cafule on k\u00f5rge kvaliteediga USB &#8211; USB Type C kaabel, mis on m\u00f5eldud andmeedastuseks ja seadmete laadimiseks. T\u00e4nu tugevdustatud konstruktsioonile on kaabelil suurenenud purunemiskindlus (kaablil on lisakaitse pistiku juures ja paksenenud pael, mis on saadaval ainult Cafule versioonis). Lisaks kasutati pistikute struktuuri tugevdavate materjalidena (nt alumiinium).<\/p>","protected":false},"excerpt":{"rendered":"<p>Baseus Cafule Kaabel Baseus Cafule on k\u00f5rge kvaliteediga USB &#8211; USB Type C kaabel, mis on m\u00f5eldud andmeedastuseks ja seadmete laadimiseks. T\u00e4nu tugevdustatud konstruktsioonile on kaabelil suurenenud purunemiskindlus (kaablil on lisakaitse pistiku juures ja paksenenud pael, mis on saadaval ainult Cafule versioonis). Lisaks kasutati pistikute struktuuri tugevdavate materjalidena (nt alumiinium).<\/p>","protected":false},"featured_media":27299,"template":"","meta":{"inline_featured_image":false,"advanced_seo_description":"","jetpack_seo_html_title":"","jetpack_seo_noindex":false,"jetpack_post_was_ever_published":false},"product_brand":[],"product_cat":[606,595,608],"product_tag":[],"class_list":{"0":"post-27050","1":"product","2":"type-product","3":"status-publish","4":"has-post-thumbnail","6":"product_cat-kaablid","7":"product_cat-tarvikud","8":"product_cat-usb-usb-c","10":"first","11":"instock","12":"sale","13":"purchasable","14":"product-type-simple"},"jetpack_likes_enabled":false,"jetpack_sharing_enabled":true,"_links":{"self":[{"href":"https:\/\/resale.ee\/en\/wp-json\/wp\/v2\/product\/27050","targetHints":{"allow":["GET"]}}],"collection":[{"href":"https:\/\/resale.ee\/en\/wp-json\/wp\/v2\/product"}],"about":[{"href":"https:\/\/resale.ee\/en\/wp-json\/wp\/v2\/types\/product"}],"version-history":[{"count":0,"href":"https:\/\/resale.ee\/en\/wp-json\/wp\/v2\/product\/27050\/revisions"}],"wp:featuredmedia":[{"embeddable":true,"href":"https:\/\/resale.ee\/en\/wp-json\/wp\/v2\/media\/27299"}],"wp:attachment":[{"href":"https:\/\/resale.ee\/en\/wp-json\/wp\/v2\/media?parent=27050"}],"wp:term":[{"taxonomy":"product_brand","embeddable":true,"href":"https:\/\/resale.ee\/en\/wp-json\/wp\/v2\/product_brand?post=27050"},{"taxonomy":"product_cat","embeddable":true,"href":"https:\/\/resale.ee\/en\/wp-json\/wp\/v2\/product_cat?post=27050"},{"taxonomy":"product_tag","embeddable":true,"href":"https:\/\/resale.ee\/en\/wp-json\/wp\/v2\/product_tag?post=27050"}],"curies":[{"name":"wp","href":"https:\/\/api.w.org\/{rel}","templated":true}]}}