{"id":27054,"date":"2025-03-02T16:32:09","date_gmt":"2025-03-02T14:32:09","guid":{"rendered":"https:\/\/resale.ee\/e-pood\/baseus-cafule-kaabel-usb-c-pd-2-0-qc-3-0-60w-1m-mustgray\/"},"modified":"2025-12-17T22:22:10","modified_gmt":"2025-12-17T20:22:10","slug":"baseus-cafule-kaabel-usb-c-pd-2-0-qc-3-0-60w-1m-mustgray","status":"publish","type":"product","link":"https:\/\/resale.ee\/en\/e-pood\/baseus-cafule-kaabel-usb-c-pd-2-0-qc-3-0-60w-1m-mustgray\/","title":{"rendered":"Baseus Cafule kaabel USB-C PD 2.0 QC 3.0 60W 1m (must+Gray)"},"content":{"rendered":"<p><strong>Baseus USB-C Kaabel<\/strong><br \/>\n<strong>Baseus Cafule USB-C kaabel<\/strong> pakub kiiret laadimist ja efektiivset andmeedastust. Power Delivery 2.0 ja Quick Charge 3.0 tehnoloogia abil v\u00f5imaldab kaabel kiiresti laadida seadmeid, mis toetavad neid tehnoloogiaid, nagu s\u00fclearvutid, tahvelarvutid ja nutitelefonid. USB-C pistik tagab \u00fchilduvuse praktiliselt k\u00f5ikide seadmetega, mis on varustatud USB Type-C portiga. Kaabli vastupidav konstruktsioon, mis sisaldab alumiiniumtippe ja nailonist paela, suurendab selle vastupidavust ja kulumiskindlust.<\/p>","protected":false},"excerpt":{"rendered":"<p>Baseus USB-C Kaabel Baseus Cafule USB-C kaabel pakub kiiret laadimist ja efektiivset andmeedastust. Power Delivery 2.0 ja Quick Charge 3.0 tehnoloogia abil v\u00f5imaldab kaabel kiiresti laadida seadmeid, mis toetavad neid tehnoloogiaid, nagu s\u00fclearvutid, tahvelarvutid ja nutitelefonid. USB-C pistik tagab \u00fchilduvuse praktiliselt k\u00f5ikide seadmetega, mis on varustatud USB Type-C portiga. Kaabli vastupidav konstruktsioon, mis sisaldab alumiiniumtippe [&hellip;]<\/p>\n","protected":false},"featured_media":27304,"template":"","meta":{"inline_featured_image":false,"advanced_seo_description":"","jetpack_seo_html_title":"","jetpack_seo_noindex":false,"jetpack_post_was_ever_published":false},"product_brand":[],"product_cat":[606,595,609],"product_tag":[],"class_list":{"0":"post-27054","1":"product","2":"type-product","3":"status-publish","4":"has-post-thumbnail","6":"product_cat-kaablid","7":"product_cat-tarvikud","8":"product_cat-usb-c-usb-c","10":"first","11":"instock","12":"sale","13":"purchasable","14":"product-type-simple"},"jetpack_likes_enabled":false,"jetpack_sharing_enabled":true,"_links":{"self":[{"href":"https:\/\/resale.ee\/en\/wp-json\/wp\/v2\/product\/27054","targetHints":{"allow":["GET"]}}],"collection":[{"href":"https:\/\/resale.ee\/en\/wp-json\/wp\/v2\/product"}],"about":[{"href":"https:\/\/resale.ee\/en\/wp-json\/wp\/v2\/types\/product"}],"version-history":[{"count":0,"href":"https:\/\/resale.ee\/en\/wp-json\/wp\/v2\/product\/27054\/revisions"}],"wp:featuredmedia":[{"embeddable":true,"href":"https:\/\/resale.ee\/en\/wp-json\/wp\/v2\/media\/27304"}],"wp:attachment":[{"href":"https:\/\/resale.ee\/en\/wp-json\/wp\/v2\/media?parent=27054"}],"wp:term":[{"taxonomy":"product_brand","embeddable":true,"href":"https:\/\/resale.ee\/en\/wp-json\/wp\/v2\/product_brand?post=27054"},{"taxonomy":"product_cat","embeddable":true,"href":"https:\/\/resale.ee\/en\/wp-json\/wp\/v2\/product_cat?post=27054"},{"taxonomy":"product_tag","embeddable":true,"href":"https:\/\/resale.ee\/en\/wp-json\/wp\/v2\/product_tag?post=27054"}],"curies":[{"name":"wp","href":"https:\/\/api.w.org\/{rel}","templated":true}]}}