{"id":27060,"date":"2025-03-02T16:32:09","date_gmt":"2025-03-02T14:32:09","guid":{"rendered":"https:\/\/resale.ee\/e-pood\/baseus-cafule-pd2-0-60w-kiirlaadimis-usb-type-c-kaabel-20v-3a-2m-red\/"},"modified":"2025-12-30T10:22:15","modified_gmt":"2025-12-30T08:22:15","slug":"baseus-cafule-pd2-0-60w-kiirlaadimis-usb-type-c-kaabel-20v-3a-2m-red","status":"publish","type":"product","link":"https:\/\/resale.ee\/en\/e-pood\/baseus-cafule-pd2-0-60w-kiirlaadimis-usb-type-c-kaabel-20v-3a-2m-red\/","title":{"rendered":"Baseus Cafule PD2.0 60W kiirlaadimis USB Type-C kaabel (20V 3A) 2m Red"},"content":{"rendered":"<p data-start=\"0\" data-end=\"171\">Baseus Cafule USB-C kaabel (tootekood 6953156285224) on kvaliteetne ja vastupidav kaabel, mis v\u00f5imaldab kiiret laadimist ja andmete \u00fclekannet. Selle omadused on j\u00e4rgmised:<\/p>\n<ul data-start=\"173\" data-end=\"1100\">\n<li data-start=\"173\" data-end=\"470\">\n<p data-start=\"175\" data-end=\"470\"><strong data-start=\"175\" data-end=\"217\">Kiire laadimine ja andmete \u00fclekandmine<\/strong>: Toetab Power Delivery 2.0 ja Quick Charge 3.0 tehnoloogiaid, v\u00f5imaldades kuni 60W (20V\/3A) laadimisv\u00f5imsust ning andmete \u00fclekandekiirus kuni 480 Mbps, mis t\u00e4hendab, et 1 GB faili saab \u00fcle kanda umbes 30 sekundiga.<\/p>\n<div class=\"relative inline-flex items-center\"><a class=\"ml-1 inline-flex h-[22px] items-center rounded-xl bg-[#f4f4f4] px-2 text-[0.5em] font-medium text-token-text-secondary dark:bg-token-main-surface-secondary !text-token-text-secondary uppercase hover:bg-token-text-primary hover:!text-token-main-surface-secondary dark:hover:bg-token-text-primary group\" href=\"https:\/\/www.pbtech.com\/product\/BAS85224\/Baseus-CATKLF-H09-Cafule-Type-C-PD20-60W-flash-cha?utm_source=chatgpt.com\" target=\"_blank\" rel=\"noopener\"><span class=\"truncate\">pbtech.com<\/span><\/a><\/div>\n<\/li>\n<li data-start=\"472\" data-end=\"635\">\n<p data-start=\"474\" data-end=\"635\"><strong data-start=\"474\" data-end=\"487\">\u00dchendused<\/strong>: Varustatud kahe USB-C pistikuga, mis tagab laia \u00fchilduvuse erinevate USB-C portidega seadmetega, nagu nutitelefonid, tahvelarvutid ja s\u00fclearvutid.<\/p>\n<\/li>\n<li data-start=\"637\" data-end=\"960\">\n<p data-start=\"639\" data-end=\"960\"><strong data-start=\"639\" data-end=\"673\">Konstruktsioon ja vastupidavus<\/strong>: Kaabel on kaetud nailonist punutisega, mis suurendab vastupidavust kulumisele ja mehaanilistele kahjustustele. Alumiiniumist otsikud on vastupidavad ja kaitsevad oks\u00fcdeerumise eest. \u00dchendusekohtades on t\u00e4iendav tugevdamine, et v\u00e4ltida pragunemist.<\/p>\n<div class=\"relative inline-flex items-center\"><a class=\"ml-1 inline-flex h-[22px] items-center rounded-xl bg-[#f4f4f4] px-2 text-[0.5em] font-medium text-token-text-secondary dark:bg-token-main-surface-secondary !text-token-text-secondary uppercase hover:bg-token-text-primary hover:!text-token-main-surface-secondary dark:hover:bg-token-text-primary group\" href=\"https:\/\/www.pbtech.com\/product\/BAS85224\/Baseus-CATKLF-H09-Cafule-Type-C-PD20-60W-flash-cha?utm_source=chatgpt.com\" target=\"_blank\" rel=\"noopener\"><span class=\"truncate\">pbtech.com<\/span><\/a><\/div>\n<\/li>\n<li data-start=\"962\" data-end=\"1100\">\n<p data-start=\"964\" data-end=\"1100\"><strong data-start=\"964\" data-end=\"974\">Pikkus<\/strong>: Kaabli pikkus on 2 meetrit, pakkudes piisavalt ulatust seadmete laadimiseks ja andmete \u00fclekandmiseks erinevates olukordades.<\/p>\n<\/li>\n<\/ul>\n<p data-start=\"1102\" data-end=\"1241\">See kaabel on ideaalne valik neile, kes otsivad usaldusv\u00e4\u00e4rset ja kiiret lahendust oma USB-C seadmete laadimiseks ja andmete \u00fclekandmiseks.<\/p>\n","protected":false},"excerpt":{"rendered":"<p>Baseus Cafule USB-C kaabel (tootekood 6953156285224) on kvaliteetne ja vastupidav kaabel, mis v\u00f5imaldab kiiret laadimist ja andmete \u00fclekannet. Selle omadused on j\u00e4rgmised: Kiire laadimine ja andmete \u00fclekandmine: Toetab Power Delivery 2.0 ja Quick Charge 3.0 tehnoloogiaid, v\u00f5imaldades kuni 60W (20V\/3A) laadimisv\u00f5imsust ning andmete \u00fclekandekiirus kuni 480 Mbps, mis t\u00e4hendab, et 1 GB faili saab \u00fcle [&hellip;]<\/p>\n","protected":false},"featured_media":27310,"template":"","meta":{"inline_featured_image":false,"advanced_seo_description":"","jetpack_seo_html_title":"","jetpack_seo_noindex":false,"jetpack_post_was_ever_published":false},"product_brand":[],"product_cat":[606,595,609],"product_tag":[],"class_list":{"0":"post-27060","1":"product","2":"type-product","3":"status-publish","4":"has-post-thumbnail","6":"product_cat-kaablid","7":"product_cat-tarvikud","8":"product_cat-usb-c-usb-c","10":"first","11":"outofstock","12":"sale","13":"purchasable","14":"product-type-simple"},"jetpack_likes_enabled":false,"jetpack_sharing_enabled":true,"_links":{"self":[{"href":"https:\/\/resale.ee\/en\/wp-json\/wp\/v2\/product\/27060","targetHints":{"allow":["GET"]}}],"collection":[{"href":"https:\/\/resale.ee\/en\/wp-json\/wp\/v2\/product"}],"about":[{"href":"https:\/\/resale.ee\/en\/wp-json\/wp\/v2\/types\/product"}],"version-history":[{"count":0,"href":"https:\/\/resale.ee\/en\/wp-json\/wp\/v2\/product\/27060\/revisions"}],"wp:featuredmedia":[{"embeddable":true,"href":"https:\/\/resale.ee\/en\/wp-json\/wp\/v2\/media\/27310"}],"wp:attachment":[{"href":"https:\/\/resale.ee\/en\/wp-json\/wp\/v2\/media?parent=27060"}],"wp:term":[{"taxonomy":"product_brand","embeddable":true,"href":"https:\/\/resale.ee\/en\/wp-json\/wp\/v2\/product_brand?post=27060"},{"taxonomy":"product_cat","embeddable":true,"href":"https:\/\/resale.ee\/en\/wp-json\/wp\/v2\/product_cat?post=27060"},{"taxonomy":"product_tag","embeddable":true,"href":"https:\/\/resale.ee\/en\/wp-json\/wp\/v2\/product_tag?post=27060"}],"curies":[{"name":"wp","href":"https:\/\/api.w.org\/{rel}","templated":true}]}}