{"id":27062,"date":"2025-03-02T16:32:09","date_gmt":"2025-03-02T14:32:09","guid":{"rendered":"https:\/\/resale.ee\/e-pood\/baseus-cafule-pd2-0-60w-kiirlaadimis-usb-type-c-kaabel-20v-3a-2m-graymust\/"},"modified":"2025-12-17T22:22:10","modified_gmt":"2025-12-17T20:22:10","slug":"baseus-cafule-pd2-0-60w-kiirlaadimis-usb-type-c-kaabel-20v-3a-2m-graymust","status":"publish","type":"product","link":"https:\/\/resale.ee\/en\/e-pood\/baseus-cafule-pd2-0-60w-kiirlaadimis-usb-type-c-kaabel-20v-3a-2m-graymust\/","title":{"rendered":"Baseus Cafule PD2.0 60W kiirlaadimis USB Type-C kaabel (20V 3A) 2m Gray+must"},"content":{"rendered":"<p><strong>Baseus USB-C Cable<\/strong><\/p>\n<p>Cafule kaabel v\u00f5imaldab kiiret laadimist ja andmeedastust. Power Delivery 2.0 ja Quick Charge 3.0 tehnoloogia abil suudab kaabel laadida seadmeid, mis on varustatud nende tehnoloogiatega, nagu s\u00fclearvutid, tahvelarvutid ja nutitelefonid, v\u00e4ga kiiresti. USB-C pistik v\u00f5imaldab teil \u00fchendada praktiliselt k\u00f5ik seadmed, millel on USB-C port. Alumiiniumist otsikud ja nailonist s\u00fcnkroniseerimiskaabel tagavad lisatarvikute pikaajalise vastupidavuse.<\/p>","protected":false},"excerpt":{"rendered":"<p>Baseus USB-C Cable Cafule kaabel v\u00f5imaldab kiiret laadimist ja andmeedastust. Power Delivery 2.0 ja Quick Charge 3.0 tehnoloogia abil suudab kaabel laadida seadmeid, mis on varustatud nende tehnoloogiatega, nagu s\u00fclearvutid, tahvelarvutid ja nutitelefonid, v\u00e4ga kiiresti. USB-C pistik v\u00f5imaldab teil \u00fchendada praktiliselt k\u00f5ik seadmed, millel on USB-C port. Alumiiniumist otsikud ja nailonist s\u00fcnkroniseerimiskaabel tagavad lisatarvikute pikaajalise [&hellip;]<\/p>\n","protected":false},"featured_media":27313,"template":"","meta":{"inline_featured_image":false,"advanced_seo_description":"","jetpack_seo_html_title":"","jetpack_seo_noindex":false,"jetpack_post_was_ever_published":false},"product_brand":[],"product_cat":[606,595,609],"product_tag":[],"class_list":{"0":"post-27062","1":"product","2":"type-product","3":"status-publish","4":"has-post-thumbnail","6":"product_cat-kaablid","7":"product_cat-tarvikud","8":"product_cat-usb-c-usb-c","10":"first","11":"instock","12":"sale","13":"purchasable","14":"product-type-simple"},"jetpack_likes_enabled":false,"jetpack_sharing_enabled":true,"_links":{"self":[{"href":"https:\/\/resale.ee\/en\/wp-json\/wp\/v2\/product\/27062","targetHints":{"allow":["GET"]}}],"collection":[{"href":"https:\/\/resale.ee\/en\/wp-json\/wp\/v2\/product"}],"about":[{"href":"https:\/\/resale.ee\/en\/wp-json\/wp\/v2\/types\/product"}],"version-history":[{"count":0,"href":"https:\/\/resale.ee\/en\/wp-json\/wp\/v2\/product\/27062\/revisions"}],"wp:featuredmedia":[{"embeddable":true,"href":"https:\/\/resale.ee\/en\/wp-json\/wp\/v2\/media\/27313"}],"wp:attachment":[{"href":"https:\/\/resale.ee\/en\/wp-json\/wp\/v2\/media?parent=27062"}],"wp:term":[{"taxonomy":"product_brand","embeddable":true,"href":"https:\/\/resale.ee\/en\/wp-json\/wp\/v2\/product_brand?post=27062"},{"taxonomy":"product_cat","embeddable":true,"href":"https:\/\/resale.ee\/en\/wp-json\/wp\/v2\/product_cat?post=27062"},{"taxonomy":"product_tag","embeddable":true,"href":"https:\/\/resale.ee\/en\/wp-json\/wp\/v2\/product_tag?post=27062"}],"curies":[{"name":"wp","href":"https:\/\/api.w.org\/{rel}","templated":true}]}}