{"id":27064,"date":"2025-03-02T16:32:09","date_gmt":"2025-03-02T14:32:09","guid":{"rendered":"https:\/\/resale.ee\/e-pood\/baseus-simple-wisdom-data-kaabel-kit-usb-to-lightning-2-4a-2tk-komplektis1-5m-white\/"},"modified":"2025-12-30T10:22:59","modified_gmt":"2025-12-30T08:22:59","slug":"baseus-simple-wisdom-data-kaabel-kit-usb-to-lightning-2-4a-2tk-komplektis1-5m-white","status":"publish","type":"product","link":"https:\/\/resale.ee\/en\/e-pood\/baseus-simple-wisdom-data-kaabel-kit-usb-to-lightning-2-4a-2tk-komplektis1-5m-white\/","title":{"rendered":"Baseus Simple Wisdom Data kaabel Kit USB to Lightning 2.4A (2tk\/komplektis?1.5m White"},"content":{"rendered":"<p><strong>1.5m USB Kaabel Baseus<\/strong><br \/>\n2.4A Baseus kaabel tagab ohutu toiteallika ja andmeedastuse kiiruseni 480 MB\/s. Tugev konstruktsioon ja 1,5 m pikkus suurendavad kasutusmugavust ja pakuvad usaldusv\u00e4\u00e4rsust, mida hindate.<\/p>\n<p><strong>Kiire ja t\u00f5hus laadimine<\/strong><br \/>\nKaabel tagab stabiilse ja usaldusv\u00e4\u00e4rse \u00fchenduse. See toetab laadimist kuni 2,4A, v\u00f5imaldades telefoni kiiret ja efektiivset laadimist.<\/p>\n<p><strong>Ebatavaline kasutusmugavus<\/strong><br \/>\nPikkus 1,5 m pakub erakordset vabadust. T\u00e4nu sellele saate oma telefoni mugavalt kasutada isegi siis, kui see on laadimiseks \u00fchendatud. Unustage liiga l\u00fchikesed, piiravad kaablid \u2013 Baseus\u2019ega saate mugavalt istuda ja nautida t\u00f6\u00f6kindlat, laetavat nutitelefoni.<\/p>\n<p><strong>Suurep\u00e4rane kvaliteet<\/strong><br \/>\n5 kvaliteetset tinaatud vaskkaablit v\u00e4ldivad h\u00e4ireid ja energiakadu. Seet\u00f5ttu on kiire ja usaldusv\u00e4\u00e4rne laadimine v\u00f5imalik. Kaabli kate on valmistatud PVC-st, mis ei kollaste, on nahas\u00f5bralik, m\u00e4\u00e4rdumisvastane ja lihtne puhastada.<\/p>\n<p><strong>Muljetavaldav vastupidavus<\/strong><br \/>\nSa saad painutada kaablit 360\u00b0 ulatuses ilma muretsemata \u2013 see ei purune ega pragune. T\u00e4nu sellele erakordsele tugevusele ei pea te enam muretsema toote kahjustumise p\u00e4rast. Unustage kehva kvaliteediga kaablid, mis katkevad vaid m\u00f5ne n\u00e4dala p\u00e4rast \u2013 Baseus\u2019ega saavad sellised probleemid vaid halvad m\u00e4lestused.<\/p>\n<p><strong>Kiire andmeedastus<\/strong><br \/>\nTe ei pea enam ootama oma failide kopeerimist l\u00f5pmatult. Baseus kaabel pakub andmeedastuskiirust kuni 480 MB\/s. T\u00e4nu sellele saate k\u00f5ik oma pildid, videod v\u00f5i dokumendid teisaldada teise seadmesse hetkega.<\/p>\n<p><strong>Praktiline komplekt<\/strong><br \/>\nPakendis on kaks kaablit, nii et saate \u00fchte kasutada kodus ja teise t\u00f6\u00f6le viia, v\u00e4ltides vajadust neid pidevalt edasi-tagasi tassida. Kui aga soovite kaablit mugavalt kaasas kanda, kasutage komplektis olevat spetsiaalset Velcro rihma, et s\u00e4\u00e4sta ruumi oma kotis v\u00f5i seljakotis ja hoida seda korras.<\/p>","protected":false},"excerpt":{"rendered":"<p>1.5m USB Kaabel Baseus 2.4A Baseus kaabel tagab ohutu toiteallika ja andmeedastuse kiiruseni 480 MB\/s. Tugev konstruktsioon ja 1,5 m pikkus suurendavad kasutusmugavust ja pakuvad usaldusv\u00e4\u00e4rsust, mida hindate. Kiire ja t\u00f5hus laadimine Kaabel tagab stabiilse ja usaldusv\u00e4\u00e4rse \u00fchenduse. See toetab laadimist kuni 2,4A, v\u00f5imaldades telefoni kiiret ja efektiivset laadimist. Ebatavaline kasutusmugavus Pikkus 1,5 m pakub [&hellip;]<\/p>\n","protected":false},"featured_media":27288,"template":"","meta":{"inline_featured_image":false,"advanced_seo_description":"","jetpack_seo_html_title":"","jetpack_seo_noindex":false,"jetpack_post_was_ever_published":false},"product_brand":[],"product_cat":[606,595,607],"product_tag":[],"class_list":{"0":"post-27064","1":"product","2":"type-product","3":"status-publish","4":"has-post-thumbnail","6":"product_cat-kaablid","7":"product_cat-tarvikud","8":"product_cat-usb-lightning","10":"first","11":"instock","12":"sale","13":"purchasable","14":"product-type-simple"},"jetpack_likes_enabled":false,"jetpack_sharing_enabled":true,"_links":{"self":[{"href":"https:\/\/resale.ee\/en\/wp-json\/wp\/v2\/product\/27064","targetHints":{"allow":["GET"]}}],"collection":[{"href":"https:\/\/resale.ee\/en\/wp-json\/wp\/v2\/product"}],"about":[{"href":"https:\/\/resale.ee\/en\/wp-json\/wp\/v2\/types\/product"}],"version-history":[{"count":0,"href":"https:\/\/resale.ee\/en\/wp-json\/wp\/v2\/product\/27064\/revisions"}],"wp:featuredmedia":[{"embeddable":true,"href":"https:\/\/resale.ee\/en\/wp-json\/wp\/v2\/media\/27288"}],"wp:attachment":[{"href":"https:\/\/resale.ee\/en\/wp-json\/wp\/v2\/media?parent=27064"}],"wp:term":[{"taxonomy":"product_brand","embeddable":true,"href":"https:\/\/resale.ee\/en\/wp-json\/wp\/v2\/product_brand?post=27064"},{"taxonomy":"product_cat","embeddable":true,"href":"https:\/\/resale.ee\/en\/wp-json\/wp\/v2\/product_cat?post=27064"},{"taxonomy":"product_tag","embeddable":true,"href":"https:\/\/resale.ee\/en\/wp-json\/wp\/v2\/product_tag?post=27064"}],"curies":[{"name":"wp","href":"https:\/\/api.w.org\/{rel}","templated":true}]}}