{"id":27066,"date":"2025-03-02T16:32:09","date_gmt":"2025-03-02T14:32:09","guid":{"rendered":"https:\/\/resale.ee\/e-pood\/baseus-superior-series-kaabel-usb-to-lighting-2-4a-1m-red\/"},"modified":"2026-02-03T17:03:51","modified_gmt":"2026-02-03T15:03:51","slug":"baseus-superior-series-kaabel-usb-to-lighting-2-4a-1m-red","status":"publish","type":"product","link":"https:\/\/resale.ee\/en\/e-pood\/baseus-superior-series-kaabel-usb-to-lighting-2-4a-1m-red\/","title":{"rendered":"Baseus Superior Series kaabel USB to Lighting 2.4A 1m (red)"},"content":{"rendered":"<p><strong>Turvaline laadimine<\/strong><br \/>\nBaseus kaabel laadib teie seadet kiiresti ja ohutult. Samuti saate andmeid edastada kiirusel kuni 480 Mbps. Tugevdatud kaabel m\u00f5jutab positiivselt laadimiskiirust. CALYS-A09-l on ka vasktuuma, et tagada stabiilne ja ohutu laadimine 2.4A juures.<\/p>\n<p><strong>Kestvus<\/strong><br \/>\nK\u00f5ige haavatavam koht &#8211; kaabli ja pistiku \u00fchendus, on tugevdatud. Kaabel on valmistatud TPE materjalist, mist\u00f5ttu on see paindlik ja ei purune isegi siis, kui seda painutatakse 90\u00b0. Lisaks v\u00f5imaldab 1 m pikkus kasutada seda n\u00e4iteks kodus v\u00f5i kontoris. Velcro aitab hoida kaabli hoiustamist lihtsana ning see ei v\u00f5ta palju ruumi.<\/p>\n<p><strong>2in1<\/strong><br \/>\nCALYS-A09 mitte ainult ei laadi teie seadet kiiresti, vaid saate seda kasutada ka andmete edastamiseks kiirusel kuni 480 Mbps.<\/p>\n<p><strong>Lai \u00fchilduvus<\/strong><br \/>\nUSB-kaabel on \u00fchilduv k\u00f5igi Apple&#8217;i seadmetega, n\u00e4iteks iPhone 12 \/ 8 Plus \/ 5, iPad 8 \/ Air 2 \/ Mini 2 v\u00f5i iPod 6. Selline lai \u00fchilduvus annab CALYS-A09-le mitmek\u00fclgsuse.<\/p>","protected":false},"excerpt":{"rendered":"<p>Turvaline laadimine Baseus kaabel laadib teie seadet kiiresti ja ohutult. Samuti saate andmeid edastada kiirusel kuni 480 Mbps. Tugevdatud kaabel m\u00f5jutab positiivselt laadimiskiirust. CALYS-A09-l on ka vasktuuma, et tagada stabiilne ja ohutu laadimine 2.4A juures. Kestvus K\u00f5ige haavatavam koht &#8211; kaabli ja pistiku \u00fchendus, on tugevdatud. Kaabel on valmistatud TPE materjalist, mist\u00f5ttu on see paindlik [&hellip;]<\/p>\n","protected":false},"featured_media":27277,"template":"","meta":{"inline_featured_image":false,"advanced_seo_description":"","jetpack_seo_html_title":"","jetpack_seo_noindex":false,"jetpack_post_was_ever_published":false},"product_brand":[],"product_cat":[606,595,607],"product_tag":[],"class_list":{"0":"post-27066","1":"product","2":"type-product","3":"status-publish","4":"has-post-thumbnail","6":"product_cat-kaablid","7":"product_cat-tarvikud","8":"product_cat-usb-lightning","10":"first","11":"instock","12":"sale","13":"purchasable","14":"product-type-simple"},"jetpack_likes_enabled":false,"jetpack_sharing_enabled":true,"_links":{"self":[{"href":"https:\/\/resale.ee\/en\/wp-json\/wp\/v2\/product\/27066","targetHints":{"allow":["GET"]}}],"collection":[{"href":"https:\/\/resale.ee\/en\/wp-json\/wp\/v2\/product"}],"about":[{"href":"https:\/\/resale.ee\/en\/wp-json\/wp\/v2\/types\/product"}],"version-history":[{"count":0,"href":"https:\/\/resale.ee\/en\/wp-json\/wp\/v2\/product\/27066\/revisions"}],"wp:featuredmedia":[{"embeddable":true,"href":"https:\/\/resale.ee\/en\/wp-json\/wp\/v2\/media\/27277"}],"wp:attachment":[{"href":"https:\/\/resale.ee\/en\/wp-json\/wp\/v2\/media?parent=27066"}],"wp:term":[{"taxonomy":"product_brand","embeddable":true,"href":"https:\/\/resale.ee\/en\/wp-json\/wp\/v2\/product_brand?post=27066"},{"taxonomy":"product_cat","embeddable":true,"href":"https:\/\/resale.ee\/en\/wp-json\/wp\/v2\/product_cat?post=27066"},{"taxonomy":"product_tag","embeddable":true,"href":"https:\/\/resale.ee\/en\/wp-json\/wp\/v2\/product_tag?post=27066"}],"curies":[{"name":"wp","href":"https:\/\/api.w.org\/{rel}","templated":true}]}}