{"id":27068,"date":"2025-03-02T16:32:09","date_gmt":"2025-03-02T14:32:09","guid":{"rendered":"https:\/\/resale.ee\/e-pood\/baseus-superior-series-kaabel-usb-to-usb-c-66w-2m-must\/"},"modified":"2025-12-17T22:22:10","modified_gmt":"2025-12-17T20:22:10","slug":"baseus-superior-series-kaabel-usb-to-usb-c-66w-2m-must","status":"publish","type":"product","link":"https:\/\/resale.ee\/en\/e-pood\/baseus-superior-series-kaabel-usb-to-usb-c-66w-2m-must\/","title":{"rendered":"Baseus Superior Series kaabel USB to USB-C, 66W, 2m (must)"},"content":{"rendered":"<p><strong>Baseus CATYS-A01 USB to USB-C Fast Charging Cable<\/strong><\/p>\n<p>Baseus CATYS-A01 USB to USB-C kaabel v\u00f5imaldab kiiret laadimist ja andmete \u00fclekandmist kuni 480MB\/s. Vastupidav ja kahjustuste suhtes vastupidav, teenib see sind pikalt. Komplektis on kaasas ka praktiline rihm, mis muudab kaabli hoiustamise lihtsamaks ja takistab selle sassi minekut.<\/p>\n<p><strong>Laeb telefoni hetkega<\/strong><br \/>\nToode toetab kuni 66W v\u00f5imsust ja on \u00fchilduv 40W kiire laadimisega. See t\u00e4hendab, et saad oma seadme laadida hetkega, s\u00e4\u00e4stes v\u00e4\u00e4rtuslikku aega! Ei mingeid l\u00f5putuid ootamisi, et nutitelefon oleks j\u00e4lle kasutamiseks valmis &#8211; Baseusega kulub sellele vaid m\u00f5ni hetk.<\/p>\n<p><strong>Andmete kopeerimine kiirelt<\/strong><br \/>\nSee praktiline kaabel mitte ainult ei v\u00f5imalda kiiret laadimist, vaid ka kiiret andmete \u00fclekandmist. \u00dclekandekiirus kuni 480MB\/s rahuldab kindlasti sinu ootusi. 1GB filmi saab kopeerida vaid 24 sekundiga! Kaabliga saad samal ajal laadida telefoni ja edastada andmeid.<\/p>\n<p><strong>Sinu nutitelefoni turvalisus<\/strong><br \/>\nBaseus tooted tagavad ka sinu seadmete turvalisuse. Sisseehitatud nutikas kiip kaitseb neid t\u00f5husalt kahjustuste eest. Kaabel tagab laadimise ajal stabiilse pinget, samas kui see kaitseb telefoni \u00fclelaadimise ja \u00fclekuumenemise eest, ning paljude teiste v\u00f5imalike ohtude eest.<\/p>\n<p><strong>Tugev ja vastupidav konstruktsioon<\/strong><br \/>\nKaabel koosneb tugevdatud, tina kattega vaskjuhtmetest. Seda kaitseb vastupidav ABS-plastikust kest. See muudab kaabli paindlikuks, purunemiskindlaks ja rebenemiskindlaks. Lisaks on kohas, kus kaabel \u00fchendub pistikuga, paigaldatud t\u00e4iendav TPE kaitse, et tagada suurem vastupidavus. Toode \u00fcllatab sind usaldusv\u00e4\u00e4rse toimimisega.<\/p>\n<p><strong>T\u00e4helepanu<\/strong><br \/>\nKaabel ei ole \u00fchilduv iPhone 15 seeria telefonidega.<\/p>","protected":false},"excerpt":{"rendered":"<p>Baseus CATYS-A01 USB to USB-C Fast Charging Cable Baseus CATYS-A01 USB to USB-C kaabel v\u00f5imaldab kiiret laadimist ja andmete \u00fclekandmist kuni 480MB\/s. Vastupidav ja kahjustuste suhtes vastupidav, teenib see sind pikalt. Komplektis on kaasas ka praktiline rihm, mis muudab kaabli hoiustamise lihtsamaks ja takistab selle sassi minekut. Laeb telefoni hetkega Toode toetab kuni 66W v\u00f5imsust [&hellip;]<\/p>\n","protected":false},"featured_media":27280,"template":"","meta":{"inline_featured_image":false,"advanced_seo_description":"","jetpack_seo_html_title":"","jetpack_seo_noindex":false,"jetpack_post_was_ever_published":false},"product_brand":[],"product_cat":[606,595,608],"product_tag":[],"class_list":{"0":"post-27068","1":"product","2":"type-product","3":"status-publish","4":"has-post-thumbnail","6":"product_cat-kaablid","7":"product_cat-tarvikud","8":"product_cat-usb-usb-c","10":"first","11":"instock","12":"sale","13":"purchasable","14":"product-type-simple"},"jetpack_likes_enabled":false,"jetpack_sharing_enabled":true,"_links":{"self":[{"href":"https:\/\/resale.ee\/en\/wp-json\/wp\/v2\/product\/27068","targetHints":{"allow":["GET"]}}],"collection":[{"href":"https:\/\/resale.ee\/en\/wp-json\/wp\/v2\/product"}],"about":[{"href":"https:\/\/resale.ee\/en\/wp-json\/wp\/v2\/types\/product"}],"version-history":[{"count":0,"href":"https:\/\/resale.ee\/en\/wp-json\/wp\/v2\/product\/27068\/revisions"}],"wp:featuredmedia":[{"embeddable":true,"href":"https:\/\/resale.ee\/en\/wp-json\/wp\/v2\/media\/27280"}],"wp:attachment":[{"href":"https:\/\/resale.ee\/en\/wp-json\/wp\/v2\/media?parent=27068"}],"wp:term":[{"taxonomy":"product_brand","embeddable":true,"href":"https:\/\/resale.ee\/en\/wp-json\/wp\/v2\/product_brand?post=27068"},{"taxonomy":"product_cat","embeddable":true,"href":"https:\/\/resale.ee\/en\/wp-json\/wp\/v2\/product_cat?post=27068"},{"taxonomy":"product_tag","embeddable":true,"href":"https:\/\/resale.ee\/en\/wp-json\/wp\/v2\/product_tag?post=27068"}],"curies":[{"name":"wp","href":"https:\/\/api.w.org\/{rel}","templated":true}]}}