{"id":27070,"date":"2025-03-02T16:32:09","date_gmt":"2025-03-02T14:32:09","guid":{"rendered":"https:\/\/resale.ee\/e-pood\/usb-c-kaabel-lightning-baseus-dynamic-series-20w-1m-orange\/"},"modified":"2025-04-02T11:06:11","modified_gmt":"2025-04-02T08:06:11","slug":"usb-c-kaabel-lightning-baseus-dynamic-series-20w-1m-orange","status":"publish","type":"product","link":"https:\/\/resale.ee\/en\/e-pood\/usb-c-kaabel-lightning-baseus-dynamic-series-20w-1m-orange\/","title":{"rendered":"USB-C kaabel Lightning Baseus Dynamic Series, 20W, 1m (orange)"},"content":{"rendered":"<p><strong>Baseus Dynamic USB Type-C kaabel (CALD000007) ORAN\u017d V\u00c4RV<\/strong><br \/>\nSee kaabel on \u00fchilduv Apple&#8217;i br\u00e4ndi seadmetega. See laadib kiiresti 20W telefone. Kaabel on m\u00f5eldud seadmetele, millel on Lightning \u00fchendus ja toetab Power Delivery protokolli. Nutikas voolu ja pinge kohandamine laadimist\u00fc\u00fcbi j\u00e4rgi tagab ohutuse. Integreeritud ringkond ja pidev \u00fchenduse temperatuur muudavad seadme usaldusv\u00e4\u00e4rseks.<\/p>\n<p><strong>Kiire aku laadimine<\/strong><br \/>\nKaabel laadib 20 W ja toetab Power Delivery protokolli. Ainult 30 minutiga suudab see laadida iPhone&#8217;i aku kuni 50%-ni. See s\u00e4\u00e4stab aega, mida v\u00f5iks kasutada meeldivamate tegevuste jaoks.<\/p>\n<p><strong>Usaldusv\u00e4\u00e4rne ja riketundlik<\/strong><br \/>\nKaabel on valmistatud k\u00f5rge kvaliteediga toodetest, nagu oks\u00fcdatsiooni- ja tuhmumisvastased ABS elemendid. Kummiosad kaitsevad porte ja telefoni metallosi. Nailonist punutud korpus kaitseb kaablit v\u00e4ljastpoolt, v\u00e4ltides deformeerumist ja purunemist painutamise t\u00f5ttu. Komplektil on Velcro, mida saate kaabli kokkupaneku j\u00e4rel sulgemiseks kasutada. \u00dchildub Apple&#8217;i seadmetega alates 12. kuni 6S seeriast. Toode on koosk\u00f5las 18W ja 20W protokolliga.<\/p>\n<p><strong>Laadimine ja andmete edastamine samaaegselt<\/strong><br \/>\nSelle kaabliga saate laadida ja andmeid samal ajal edastada. Selleks tuleb kaabel lihtsalt arvutiga \u00fchendada. Seade v\u00f5imaldab andmete \u00fclekannet seadmete vahel kiirusel kuni 480 Mbps. See on v\u00f5imalik t\u00e4nu USB 2.0 standardile.<\/p>","protected":false},"excerpt":{"rendered":"<p>Baseus Dynamic USB Type-C kaabel (CALD000007) ORAN\u017d V\u00c4RV See kaabel on \u00fchilduv Apple&#8217;i br\u00e4ndi seadmetega. See laadib kiiresti 20W telefone. Kaabel on m\u00f5eldud seadmetele, millel on Lightning \u00fchendus ja toetab Power Delivery protokolli. Nutikas voolu ja pinge kohandamine laadimist\u00fc\u00fcbi j\u00e4rgi tagab ohutuse. Integreeritud ringkond ja pidev \u00fchenduse temperatuur muudavad seadme usaldusv\u00e4\u00e4rseks. Kiire aku laadimine Kaabel [&hellip;]<\/p>\n","protected":false},"featured_media":27267,"template":"","meta":{"inline_featured_image":false,"advanced_seo_description":"","jetpack_seo_html_title":"","jetpack_seo_noindex":false,"jetpack_post_was_ever_published":false},"product_brand":[],"product_cat":[606,595,610],"product_tag":[],"class_list":{"0":"post-27070","1":"product","2":"type-product","3":"status-publish","4":"has-post-thumbnail","6":"product_cat-kaablid","7":"product_cat-tarvikud","8":"product_cat-usb-c-lighting","10":"first","11":"outofstock","12":"sale","13":"purchasable","14":"product-type-simple"},"jetpack_likes_enabled":false,"jetpack_sharing_enabled":true,"_links":{"self":[{"href":"https:\/\/resale.ee\/en\/wp-json\/wp\/v2\/product\/27070","targetHints":{"allow":["GET"]}}],"collection":[{"href":"https:\/\/resale.ee\/en\/wp-json\/wp\/v2\/product"}],"about":[{"href":"https:\/\/resale.ee\/en\/wp-json\/wp\/v2\/types\/product"}],"version-history":[{"count":0,"href":"https:\/\/resale.ee\/en\/wp-json\/wp\/v2\/product\/27070\/revisions"}],"wp:featuredmedia":[{"embeddable":true,"href":"https:\/\/resale.ee\/en\/wp-json\/wp\/v2\/media\/27267"}],"wp:attachment":[{"href":"https:\/\/resale.ee\/en\/wp-json\/wp\/v2\/media?parent=27070"}],"wp:term":[{"taxonomy":"product_brand","embeddable":true,"href":"https:\/\/resale.ee\/en\/wp-json\/wp\/v2\/product_brand?post=27070"},{"taxonomy":"product_cat","embeddable":true,"href":"https:\/\/resale.ee\/en\/wp-json\/wp\/v2\/product_cat?post=27070"},{"taxonomy":"product_tag","embeddable":true,"href":"https:\/\/resale.ee\/en\/wp-json\/wp\/v2\/product_tag?post=27070"}],"curies":[{"name":"wp","href":"https:\/\/api.w.org\/{rel}","templated":true}]}}