{"id":27072,"date":"2025-03-02T16:32:09","date_gmt":"2025-03-02T14:32:09","guid":{"rendered":"https:\/\/resale.ee\/e-pood\/baseus-crystal-shine-kaabel-usb-to-lightning-2-4a-2m-blue\/"},"modified":"2026-02-03T17:02:49","modified_gmt":"2026-02-03T15:02:49","slug":"baseus-crystal-shine-kaabel-usb-to-lightning-2-4a-2m-blue","status":"publish","type":"product","link":"https:\/\/resale.ee\/en\/e-pood\/baseus-crystal-shine-kaabel-usb-to-lightning-2-4a-2m-blue\/","title":{"rendered":"Baseus Crystal Shine kaabel USB to Lightning, 2.4A, 2m (blue)"},"content":{"rendered":"<p><strong>USB Cable for Lightning Baseus Crystal, 2.4A, 2m (blue)<\/strong><br \/>\nSee kaabel on \u00e4\u00e4rmiselt funktsionaalne ja stiilne. Lisaks on selle kasutamine v\u00e4ga mugav. Toode on ka v\u00e4ga vastupidav ja ohutu. Sellel on mitu aspekti, mis tagavad need omadused. \u00dcks neist on kiire ja turvaline laadimine. Seda saavutatakse uue tuumamudeli, tsinkkattega tugevduste, nelja juhtme ja 2.4 A v\u00f5imsuse abil. Kaabel on varustatud ka temperatuurikontrolliga. Samuti v\u00f5imaldab see samal ajal laadimist ja andmete \u00fclekandmist. See on vastupidav oma sisseehitatud kangast, tugevdatud liigesest ja suudab taluda kuni 3 000 kuni 10 000 pistiku sisestamist ja eemaldamist. Lisaks on kaabel stiilne oma materjali ja l\u00e4ikiva viimistlusega.<\/p>\n<p><strong>Kiire ja turvaline laadimine<\/strong><br \/>\nUus tuumamudel pakub madalamat elektritakistust ja kiiret laadimist. Laadimise t\u00e4iendamiseks on kaabel valmistatud tsinkkattega tugevdustest ja vaskkaablitest, millel on neli juhtijat. Kaabli laadimisv\u00f5imsus on 2,4 A, mis l\u00fchendab telefoni laadimise ooteaega. Kaabel takistab \u00fclekuumenemist t\u00e4nu nutikale temperatuurikontrollile. Sa saad olla kindel, et laadimine on turvaline.<\/p>\n<p><strong>Andmete \u00fclekandmine ja laadimine samaaegselt<\/strong><br \/>\nSeade v\u00f5imaldab samaaegset laadimist ja andmete \u00fclekandmist kiirusel kuni 480 Mbps. Selleks piisab kaabli \u00fchendamisest oma s\u00fclearvuti v\u00f5i arvutiga. See s\u00e4\u00e4stab aega ja muudab kaabli kasutamise veelgi mugavamaks.<\/p>\n<p><strong>Stiil<\/strong><br \/>\nSee praktiline seade on mitte ainult funktsionaalne, vaid ka stiilne. Sellel on meeldiv katsuda alumiiniumist materjal ja l\u00e4ikiv kaabli viimistlus. Samuti on see saadaval mitmes v\u00e4rvitoonis. Sa saad valida selle, mis sobib sulle k\u00f5ige paremini, ja muuta oma seadme stiilseks.<\/p>\n<p><strong>Vastupidavus<\/strong><br \/>\nKangas, millest kaabel on valmistatud, takistab s\u00f5lmede tekkimist. Lisaks on see kangas venituskindel. Kaabel on \u00f5mmeldud tugevdatud \u00fchendusse, millel on t\u00e4iustatud SR kaitse. Seet\u00f5ttu suudab see taluda \u00fcle 10 000 p\u00f6\u00f6rlemist. Oled ilmselt sageli kogenud, et laadimiskaabel katkeb p\u00e4rast m\u00f5nda aega telefoni \u00fchendamisel. See toode minimeerib seda riski. Pistiku sisestamine ja eemaldamine kulutab ka laadimiskaableid. See mudel lahendab selle probleemi. Telefoni pistikut saab kasutada kuni 3000 sisestamist ja eemaldamist. Kaabli teine osa talub kuni 10 000 l\u00fclitamisoperatsiooni.<\/p>","protected":false},"excerpt":{"rendered":"<p>USB Cable for Lightning Baseus Crystal, 2.4A, 2m (blue) See kaabel on \u00e4\u00e4rmiselt funktsionaalne ja stiilne. Lisaks on selle kasutamine v\u00e4ga mugav. Toode on ka v\u00e4ga vastupidav ja ohutu. Sellel on mitu aspekti, mis tagavad need omadused. \u00dcks neist on kiire ja turvaline laadimine. Seda saavutatakse uue tuumamudeli, tsinkkattega tugevduste, nelja juhtme ja 2.4 A [&hellip;]<\/p>\n","protected":false},"featured_media":27269,"template":"","meta":{"inline_featured_image":false,"advanced_seo_description":"","jetpack_seo_html_title":"","jetpack_seo_noindex":false,"jetpack_post_was_ever_published":false},"product_brand":[],"product_cat":[606,595,607],"product_tag":[],"class_list":{"0":"post-27072","1":"product","2":"type-product","3":"status-publish","4":"has-post-thumbnail","6":"product_cat-kaablid","7":"product_cat-tarvikud","8":"product_cat-usb-lightning","10":"first","11":"instock","12":"sale","13":"purchasable","14":"product-type-simple"},"jetpack_likes_enabled":false,"jetpack_sharing_enabled":true,"_links":{"self":[{"href":"https:\/\/resale.ee\/en\/wp-json\/wp\/v2\/product\/27072","targetHints":{"allow":["GET"]}}],"collection":[{"href":"https:\/\/resale.ee\/en\/wp-json\/wp\/v2\/product"}],"about":[{"href":"https:\/\/resale.ee\/en\/wp-json\/wp\/v2\/types\/product"}],"version-history":[{"count":0,"href":"https:\/\/resale.ee\/en\/wp-json\/wp\/v2\/product\/27072\/revisions"}],"wp:featuredmedia":[{"embeddable":true,"href":"https:\/\/resale.ee\/en\/wp-json\/wp\/v2\/media\/27269"}],"wp:attachment":[{"href":"https:\/\/resale.ee\/en\/wp-json\/wp\/v2\/media?parent=27072"}],"wp:term":[{"taxonomy":"product_brand","embeddable":true,"href":"https:\/\/resale.ee\/en\/wp-json\/wp\/v2\/product_brand?post=27072"},{"taxonomy":"product_cat","embeddable":true,"href":"https:\/\/resale.ee\/en\/wp-json\/wp\/v2\/product_cat?post=27072"},{"taxonomy":"product_tag","embeddable":true,"href":"https:\/\/resale.ee\/en\/wp-json\/wp\/v2\/product_tag?post=27072"}],"curies":[{"name":"wp","href":"https:\/\/api.w.org\/{rel}","templated":true}]}}