{"id":27076,"date":"2025-03-02T16:32:09","date_gmt":"2025-03-02T14:32:09","guid":{"rendered":"https:\/\/resale.ee\/e-pood\/kaabel-usb-usb-c-baseus-superior-100w-1m-white\/"},"modified":"2025-12-17T22:22:10","modified_gmt":"2025-12-17T20:22:10","slug":"kaabel-usb-usb-c-baseus-superior-100w-1m-white","status":"publish","type":"product","link":"https:\/\/resale.ee\/en\/e-pood\/kaabel-usb-usb-c-baseus-superior-100w-1m-white\/","title":{"rendered":"kaabel USB &#8211; USB-C Baseus Superior 100W 1m (white)"},"content":{"rendered":"<p><strong>Baseus Superior 100W USB to USB-C Cable 1m (valge)<\/strong><br \/>\nAvasta, mis on t\u00f5eline kiirus ja v\u00e4rskenda oma seadmete energiat hetkega kuni 6 A ja \u00fclekandekiirusel 480 Mbps Baseus Superior kaabli abil. 1-meetrine kaabel, millel on USB\/USB-C \u00fchendused, suudab edastada kuni 100 W v\u00f5imsust. See toetab ka kiire laadimise protokolle ning t\u00e4nu oma viimistletud disainile on see vastupidav ja t\u00e4iesti ohutu kasutada.<\/p>\n<p><strong>Laadi hetkega<\/strong><br \/>\nPikk ootamine, et seade saaks laetud, h\u00e4irib sind? Baseus lahendab selle probleemi! Superior seeria kaabel pakub kuni 6 amprit, kuni 100 W v\u00f5imsust ja toetab kiire laadimise protokolle. Seet\u00f5ttu piisab vaid 30 minutist, et Huawei Mate 40 Pro aku laetuse tase ulatuks kuni 86%-ni. Kaabel on ideaalne valik inimestele, kes sageli unustavad oma nutitelefoni energiat v\u00e4rskendada \u2013 n\u00fc\u00fcd piisab hetkeks laadimisest enne kodust lahkumist. Avastage, kui mugav see on!<\/p>\n<p><strong>\u00dclekandke faile hetkega<\/strong><br \/>\nBaseus Superior abil saad mitte ainult oma seadmeid laadida, vaid ka faile korraga hallata. Kaabel v\u00f5imaldab andmete \u00fclekandmist kiirusel kuni 480 Mbps. Mida see praktikas t\u00e4hendab? K\u00f5ik valitud fotod, dokumendid ja muu saab m\u00f5ne sekundiga \u00fcle kanda soovitud seadmesse.<\/p>\n<p><strong>Hoolikas t\u00f6\u00f6tlus<\/strong><br \/>\nBaseus kaabel on loodud kuuest vaskkiust, mis tagab mitte ainult vastupidavuse, vaid ka kiire ja stabiilse laadimise. Kaabli pikkus on 1 m &#8211; nii saad mugavalt sirvida sotsiaalmeediat, kuulata muusikat ja vaadata videoid, isegi kui sinu telefon on laadimise ajal \u00fchendatud.<\/p>\n<p><strong>T\u00c4HELEPANU<\/strong><br \/>\nKaabel ei ole \u00fchilduv iPhone 15 seeria telefonidega.<\/p>","protected":false},"excerpt":{"rendered":"<p>Baseus Superior 100W USB to USB-C Cable 1m (valge) Avasta, mis on t\u00f5eline kiirus ja v\u00e4rskenda oma seadmete energiat hetkega kuni 6 A ja \u00fclekandekiirusel 480 Mbps Baseus Superior kaabli abil. 1-meetrine kaabel, millel on USB\/USB-C \u00fchendused, suudab edastada kuni 100 W v\u00f5imsust. See toetab ka kiire laadimise protokolle ning t\u00e4nu oma viimistletud disainile on [&hellip;]<\/p>\n","protected":false},"featured_media":27271,"template":"","meta":{"inline_featured_image":false,"advanced_seo_description":"","jetpack_seo_html_title":"","jetpack_seo_noindex":false,"jetpack_post_was_ever_published":false},"product_brand":[],"product_cat":[606,595,608],"product_tag":[],"class_list":{"0":"post-27076","1":"product","2":"type-product","3":"status-publish","4":"has-post-thumbnail","6":"product_cat-kaablid","7":"product_cat-tarvikud","8":"product_cat-usb-usb-c","10":"first","11":"instock","12":"sale","13":"purchasable","14":"product-type-simple"},"jetpack_likes_enabled":false,"jetpack_sharing_enabled":true,"_links":{"self":[{"href":"https:\/\/resale.ee\/en\/wp-json\/wp\/v2\/product\/27076","targetHints":{"allow":["GET"]}}],"collection":[{"href":"https:\/\/resale.ee\/en\/wp-json\/wp\/v2\/product"}],"about":[{"href":"https:\/\/resale.ee\/en\/wp-json\/wp\/v2\/types\/product"}],"version-history":[{"count":0,"href":"https:\/\/resale.ee\/en\/wp-json\/wp\/v2\/product\/27076\/revisions"}],"wp:featuredmedia":[{"embeddable":true,"href":"https:\/\/resale.ee\/en\/wp-json\/wp\/v2\/media\/27271"}],"wp:attachment":[{"href":"https:\/\/resale.ee\/en\/wp-json\/wp\/v2\/media?parent=27076"}],"wp:term":[{"taxonomy":"product_brand","embeddable":true,"href":"https:\/\/resale.ee\/en\/wp-json\/wp\/v2\/product_brand?post=27076"},{"taxonomy":"product_cat","embeddable":true,"href":"https:\/\/resale.ee\/en\/wp-json\/wp\/v2\/product_cat?post=27076"},{"taxonomy":"product_tag","embeddable":true,"href":"https:\/\/resale.ee\/en\/wp-json\/wp\/v2\/product_tag?post=27076"}],"curies":[{"name":"wp","href":"https:\/\/api.w.org\/{rel}","templated":true}]}}