{"id":27094,"date":"2025-03-02T16:32:25","date_gmt":"2025-03-02T14:32:25","guid":{"rendered":"https:\/\/resale.ee\/e-pood\/baseus-cafule-pd2-0-100w-kiirlaadimiskaabel-usb-type-c-20v-5a2m-punanemust\/"},"modified":"2025-12-30T10:21:29","modified_gmt":"2025-12-30T08:21:29","slug":"baseus-cafule-pd2-0-100w-kiirlaadimiskaabel-usb-type-c-20v-5a2m-punanemust","status":"publish","type":"product","link":"https:\/\/resale.ee\/en\/e-pood\/baseus-cafule-pd2-0-100w-kiirlaadimiskaabel-usb-type-c-20v-5a2m-punanemust\/","title":{"rendered":"Baseus Cafule PD2.0 100W kiirlaadimiskaabel USB Type-C (20V 5A)2m punane+must"},"content":{"rendered":"<p><strong>K\u00f5rge kvaliteediga Baseus USB-C &#8211; USB-C kaabel<\/strong><\/p>\n<p>Baseus kaabel v\u00f5imaldab \u00e4\u00e4rmiselt kiiret laadimist k\u00f5igi USB-C sisendiga mobiilsete seadmete jaoks. See on valmistatud k\u00f5rgekvaliteedilistest materjalidest, mist\u00f5ttu on see vastupidav v\u00e4ikeste mehaaniliste kahjustuste, katkemise ja kulumise suhtes.<\/p>\n<h3>Kiire laadimine<\/h3>\n<p>Kaabel toetab <strong>Quick Charge 3.0<\/strong> ja <strong>Power Delivery 2.0<\/strong> kiire laadimise tehnoloogiaid, v\u00f5imaldades mobiilsete seadmete kiiret laadimist. See toetab <strong>100W laadimist<\/strong>, mis t\u00e4hendab, et saad <strong>MateBook X Pro<\/strong> t\u00e4is laadida vaid 2,5 tunniga ja <strong>iPad Pro 12.9<\/strong> laadida t\u00e4is vaid 2 tunni jooksul.<\/p>\n<h3>K\u00f5rge kvaliteet<\/h3>\n<p>Baseus kaabel eristub oma <strong>\u00e4\u00e4rmiselt k\u00f5rge kvaliteedi<\/strong> ja <strong>k\u00f5rge vastupidavusega<\/strong>. <strong>Nailonpunutis<\/strong> suurendab veelgi kaabli vastupidavust katkemise, kulumise ja muude v\u00e4ikeste mehaaniliste kahjustuste vastu. Laadimise ohutust tagavad arenenud kiibid, mis juhivad energiat\u00e4iendamise protsessi.<\/p>","protected":false},"excerpt":{"rendered":"<p>K\u00f5rge kvaliteediga Baseus USB-C &#8211; USB-C kaabel Baseus kaabel v\u00f5imaldab \u00e4\u00e4rmiselt kiiret laadimist k\u00f5igi USB-C sisendiga mobiilsete seadmete jaoks. See on valmistatud k\u00f5rgekvaliteedilistest materjalidest, mist\u00f5ttu on see vastupidav v\u00e4ikeste mehaaniliste kahjustuste, katkemise ja kulumise suhtes. Kiire laadimine Kaabel toetab Quick Charge 3.0 ja Power Delivery 2.0 kiire laadimise tehnoloogiaid, v\u00f5imaldades mobiilsete seadmete kiiret laadimist. See [&hellip;]<\/p>\n","protected":false},"featured_media":27285,"template":"","meta":{"inline_featured_image":false,"advanced_seo_description":"","jetpack_seo_html_title":"","jetpack_seo_noindex":false,"jetpack_post_was_ever_published":false},"product_brand":[],"product_cat":[606,595,609],"product_tag":[],"class_list":{"0":"post-27094","1":"product","2":"type-product","3":"status-publish","4":"has-post-thumbnail","6":"product_cat-kaablid","7":"product_cat-tarvikud","8":"product_cat-usb-c-usb-c","10":"first","11":"instock","12":"sale","13":"purchasable","14":"product-type-simple"},"jetpack_likes_enabled":false,"jetpack_sharing_enabled":true,"_links":{"self":[{"href":"https:\/\/resale.ee\/en\/wp-json\/wp\/v2\/product\/27094","targetHints":{"allow":["GET"]}}],"collection":[{"href":"https:\/\/resale.ee\/en\/wp-json\/wp\/v2\/product"}],"about":[{"href":"https:\/\/resale.ee\/en\/wp-json\/wp\/v2\/types\/product"}],"version-history":[{"count":0,"href":"https:\/\/resale.ee\/en\/wp-json\/wp\/v2\/product\/27094\/revisions"}],"wp:featuredmedia":[{"embeddable":true,"href":"https:\/\/resale.ee\/en\/wp-json\/wp\/v2\/media\/27285"}],"wp:attachment":[{"href":"https:\/\/resale.ee\/en\/wp-json\/wp\/v2\/media?parent=27094"}],"wp:term":[{"taxonomy":"product_brand","embeddable":true,"href":"https:\/\/resale.ee\/en\/wp-json\/wp\/v2\/product_brand?post=27094"},{"taxonomy":"product_cat","embeddable":true,"href":"https:\/\/resale.ee\/en\/wp-json\/wp\/v2\/product_cat?post=27094"},{"taxonomy":"product_tag","embeddable":true,"href":"https:\/\/resale.ee\/en\/wp-json\/wp\/v2\/product_tag?post=27094"}],"curies":[{"name":"wp","href":"https:\/\/api.w.org\/{rel}","templated":true}]}}