{"id":27096,"date":"2025-03-02T16:32:25","date_gmt":"2025-03-02T14:32:25","guid":{"rendered":"https:\/\/resale.ee\/e-pood\/choetech-b658-solar-akupank-2x-usb-10000mah-qi-5w-must-oran%c2%9e\/"},"modified":"2025-12-17T22:22:10","modified_gmt":"2025-12-17T20:22:10","slug":"choetech-b658-solar-akupank-2x-usb-10000mah-qi-5w-must-oran%c2%9e","status":"publish","type":"product","link":"https:\/\/resale.ee\/en\/e-pood\/choetech-b658-solar-akupank-2x-usb-10000mah-qi-5w-must-oran%c2%9e\/","title":{"rendered":"Choetech B658 Solar Akupank 2x USB 10000mAh Qi 5W (must-oran\u009e)"},"content":{"rendered":"<p><strong>Choetech B658 Solar Powerbank 2x USB 10000mAh Qi 5W (must ja oran\u017e)<\/strong><\/p>\n<p><strong>Laadi oma seadmeid kiiresti ja turvaliselt Choetech Powerbankiga!<\/strong> See on varustatud kuni kahe USB v\u00e4ljundiga, et saaksid laadida mitut seadet korraga. Erakordne 10 000 mAh mahutavus tagab, et powerbank suudab laengut kauem hoida. Lisaks saab seda laadida kas sisseehitatud p\u00e4ikesepaneelide abil v\u00f5i USB-kaabli kaudu.<\/p>\n<h3>Erakordne mahutavus<\/h3>\n<p>Mis teeb Choetech powerbanki eriliseks, on selle k\u00f5rge <strong>10 000 mAh mahutavus<\/strong>. Lisaks on see varustatud <strong>USB-C sisendi<\/strong> ja <strong>kaks USB v\u00e4ljundit<\/strong>, mis v\u00f5imaldab korraga laadida mitut seadet. K\u00f5ik see teeb selle powerbanki ideaalseks h\u00e4daolukordades kasutamiseks.<\/p>\n<h3>Kaks laadimisv\u00f5imalust<\/h3>\n<p>Choetech powerbanki saab laadida lihtsalt <strong>USB-kaabli<\/strong> kaudu. Kuid sellel on ka <strong>sisseehitatud p\u00e4ikesepaneelid<\/strong>, mis v\u00f5imaldavad seda kiiresti t\u00e4is laadida, kui paned powerbanki <strong>otse p\u00e4ikesevalguse k\u00e4tte<\/strong>. Ei ole vaja midagi seadistada v\u00f5i konfigureerida, laadimine on imelihtne!<\/p>\n<h3>Mugav kasutamine<\/h3>\n<p>Choetech ei ole mitte ainult funktsionaalne seade, vaid ka tagatud <strong>mugavus kasutamisel<\/strong>. See eristub oma <strong>k\u00f5rge \u00fchilduvusega<\/strong> erinevate seadmetega, sealhulgas iPhone\u2019i, Huawei ja Samsungi seadmetega. Powerbank on ka v\u00e4ga kerge, ning lisaks saad seda <strong>paigaldada oma seljakoti v\u00f5i kotti<\/strong> kaasasoleva <strong>kleepuva n\u00f6\u00f6ri<\/strong> abil.<\/p>\n<h3>T\u00e4iendav taskulamp<\/h3>\n<p>Powerbank on varustatud <strong>taskulambiga<\/strong>, mis valgustab su ala \u00f6\u00f6sel matkates v\u00f5i telkides. Taskulambil on erinevad re\u017eiimid, et veelgi suurem mugavus. <strong>Taskulambi re\u017eiim<\/strong> on ideaalne \u00f6\u00f6sel matkamiseks, samas kui <strong>pehme valguse re\u017eiim<\/strong> sobib suurep\u00e4raselt telgi valgustamiseks. <strong>SOS-re\u017eiim<\/strong> ja <strong>stroobire\u017eiim<\/strong> on samuti saadaval.<\/p>","protected":false},"excerpt":{"rendered":"<p>Choetech B658 Solar Powerbank 2x USB 10000mAh Qi 5W (must ja oran\u017e) Laadi oma seadmeid kiiresti ja turvaliselt Choetech Powerbankiga! See on varustatud kuni kahe USB v\u00e4ljundiga, et saaksid laadida mitut seadet korraga. Erakordne 10 000 mAh mahutavus tagab, et powerbank suudab laengut kauem hoida. Lisaks saab seda laadida kas sisseehitatud p\u00e4ikesepaneelide abil v\u00f5i USB-kaabli [&hellip;]<\/p>\n","protected":false},"featured_media":26411,"template":"","meta":{"inline_featured_image":false,"advanced_seo_description":"","jetpack_seo_html_title":"","jetpack_seo_noindex":false,"jetpack_post_was_ever_published":false},"product_brand":[],"product_cat":[615,612,595],"product_tag":[],"class_list":{"0":"post-27096","1":"product","2":"type-product","3":"status-publish","4":"has-post-thumbnail","6":"product_cat-10000mah","7":"product_cat-akupangad","8":"product_cat-tarvikud","10":"first","11":"instock","12":"sale","13":"purchasable","14":"product-type-simple"},"jetpack_likes_enabled":false,"jetpack_sharing_enabled":true,"_links":{"self":[{"href":"https:\/\/resale.ee\/en\/wp-json\/wp\/v2\/product\/27096","targetHints":{"allow":["GET"]}}],"collection":[{"href":"https:\/\/resale.ee\/en\/wp-json\/wp\/v2\/product"}],"about":[{"href":"https:\/\/resale.ee\/en\/wp-json\/wp\/v2\/types\/product"}],"version-history":[{"count":0,"href":"https:\/\/resale.ee\/en\/wp-json\/wp\/v2\/product\/27096\/revisions"}],"wp:featuredmedia":[{"embeddable":true,"href":"https:\/\/resale.ee\/en\/wp-json\/wp\/v2\/media\/26411"}],"wp:attachment":[{"href":"https:\/\/resale.ee\/en\/wp-json\/wp\/v2\/media?parent=27096"}],"wp:term":[{"taxonomy":"product_brand","embeddable":true,"href":"https:\/\/resale.ee\/en\/wp-json\/wp\/v2\/product_brand?post=27096"},{"taxonomy":"product_cat","embeddable":true,"href":"https:\/\/resale.ee\/en\/wp-json\/wp\/v2\/product_cat?post=27096"},{"taxonomy":"product_tag","embeddable":true,"href":"https:\/\/resale.ee\/en\/wp-json\/wp\/v2\/product_tag?post=27096"}],"curies":[{"name":"wp","href":"https:\/\/api.w.org\/{rel}","templated":true}]}}