{"id":27116,"date":"2025-03-02T16:32:25","date_gmt":"2025-03-02T14:32:25","guid":{"rendered":"https:\/\/resale.ee\/e-pood\/akupank-dazzling-22-5w-30000mah-joyroom-jr-qp196-must\/"},"modified":"2025-12-17T22:22:10","modified_gmt":"2025-12-17T20:22:10","slug":"akupank-dazzling-22-5w-30000mah-joyroom-jr-qp196-must","status":"publish","type":"product","link":"https:\/\/resale.ee\/en\/e-pood\/akupank-dazzling-22-5w-30000mah-joyroom-jr-qp196-must\/","title":{"rendered":"Akupank Dazzling 22.5W 30000mAh Joyroom JR-QP196 (must)"},"content":{"rendered":"<p><strong>Power Bank Dazzling 22.5W 30000mAh Joyroom JR-QP196 (must)<\/strong><\/p>\n<p>Kas viibite sageli kodust eemal? Kas soovite, et teie seadmed oleksid alati t\u00e4islaetud? Joyroom powerbank garanteerib selle! 30 000 mAh seadmega saate laadida kuni 3 seadet korraga. Veelgi enam, selle kerge ja \u00f5huke disain teeb selle transportimise v\u00e4ga lihtsaks.<\/p>\n<h3>Kiire laadimine<\/h3>\n<p>Joyroomiga laadivad teie seadmed kiiresti. JR-QP196 powerbank on varustatud kiire laadimise tehnoloogiaga. 22,5-watine v\u00f5imsus taastab teie seadmete akud rohkem kui poole tunni jooksul. 30 000 mAh mahutavus v\u00f5imaldab teil laadida oma seadmeid mitu korda.<\/p>\n<h3>Laadige mitu seadet korraga<\/h3>\n<p>Joyroomi seade v\u00f5imaldab teil laadida korraga mitut seadet, kuna see on varustatud 2 sisendporti ja 3 v\u00e4ljundportiga. Veelgi enam, see paistab silma oma k\u00f5rge \u00fchilduvusega, kuna saate \u00fchendada mitte ainult nutitelefone, vaid ka iPade, k\u00f5rvaklappe v\u00f5i m\u00e4ngukonsoole.<\/p>\n<h3>Kasutamismugavus<\/h3>\n<p>JR-QP196 powerbank loodi mugavust silmas pidades, mist\u00f5ttu paistab see silma oma \u00f5hukese ja kerge disaini poolest, mis teeb selle v\u00e4ga lihtsaks kandmiseks ja transportimiseks. Lisaks on seadmel 4 taseme v\u00e4rvilised LED-indikaatorid, et teaksid alati, kui palju energiat on j\u00e4\u00e4nud.<\/p>\n<h3>Ohutus<\/h3>\n<p>Joyroomi seade tagab ohutuse. Sellel on \u00fclekuumenemise kaitse, \u00fclepinge kaitse, l\u00fchise kaitse ja \u00fclelaadimise kaitse. See annab teile kindluse, et teie seadmed on turvalised ja valmis kasutamiseks igal ajal.<\/p>","protected":false},"excerpt":{"rendered":"<p>Power Bank Dazzling 22.5W 30000mAh Joyroom JR-QP196 (must) Kas viibite sageli kodust eemal? Kas soovite, et teie seadmed oleksid alati t\u00e4islaetud? Joyroom powerbank garanteerib selle! 30 000 mAh seadmega saate laadida kuni 3 seadet korraga. Veelgi enam, selle kerge ja \u00f5huke disain teeb selle transportimise v\u00e4ga lihtsaks. Kiire laadimine Joyroomiga laadivad teie seadmed kiiresti. JR-QP196 [&hellip;]<\/p>\n","protected":false},"featured_media":26726,"template":"","meta":{"inline_featured_image":false,"advanced_seo_description":"","jetpack_seo_html_title":"","jetpack_seo_noindex":false,"jetpack_post_was_ever_published":false},"product_brand":[],"product_cat":[617,612,595],"product_tag":[],"class_list":{"0":"post-27116","1":"product","2":"type-product","3":"status-publish","4":"has-post-thumbnail","6":"product_cat-30000mah","7":"product_cat-akupangad","8":"product_cat-tarvikud","10":"first","11":"instock","12":"sale","13":"purchasable","14":"product-type-simple"},"jetpack_likes_enabled":false,"jetpack_sharing_enabled":true,"_links":{"self":[{"href":"https:\/\/resale.ee\/en\/wp-json\/wp\/v2\/product\/27116","targetHints":{"allow":["GET"]}}],"collection":[{"href":"https:\/\/resale.ee\/en\/wp-json\/wp\/v2\/product"}],"about":[{"href":"https:\/\/resale.ee\/en\/wp-json\/wp\/v2\/types\/product"}],"version-history":[{"count":0,"href":"https:\/\/resale.ee\/en\/wp-json\/wp\/v2\/product\/27116\/revisions"}],"wp:featuredmedia":[{"embeddable":true,"href":"https:\/\/resale.ee\/en\/wp-json\/wp\/v2\/media\/26726"}],"wp:attachment":[{"href":"https:\/\/resale.ee\/en\/wp-json\/wp\/v2\/media?parent=27116"}],"wp:term":[{"taxonomy":"product_brand","embeddable":true,"href":"https:\/\/resale.ee\/en\/wp-json\/wp\/v2\/product_brand?post=27116"},{"taxonomy":"product_cat","embeddable":true,"href":"https:\/\/resale.ee\/en\/wp-json\/wp\/v2\/product_cat?post=27116"},{"taxonomy":"product_tag","embeddable":true,"href":"https:\/\/resale.ee\/en\/wp-json\/wp\/v2\/product_tag?post=27116"}],"curies":[{"name":"wp","href":"https:\/\/api.w.org\/{rel}","templated":true}]}}