{"id":27120,"date":"2025-03-02T16:32:25","date_gmt":"2025-03-02T14:32:25","guid":{"rendered":"https:\/\/resale.ee\/e-pood\/akupank-baseus-adaman-metal-10000mah-22-5w-must\/"},"modified":"2025-12-17T22:22:10","modified_gmt":"2025-12-17T20:22:10","slug":"akupank-baseus-adaman-metal-10000mah-22-5w-must","status":"publish","type":"product","link":"https:\/\/resale.ee\/en\/e-pood\/akupank-baseus-adaman-metal-10000mah-22-5w-must\/","title":{"rendered":"Akupank Baseus Adaman Metal, 10000mAh, 22.5W (must)"},"content":{"rendered":"<p><strong>Baseus Adaman Powerbank<\/strong><\/p>\n<p>N\u00fc\u00fcd saad oma seadmeid mugavalt laadida, kuhu iganes l\u00e4hed. 10 000mAh Baseus Adaman powerbank toetab erinevaid kiire laadimise protokolle ja t\u00f6\u00f6tab kuni 22,5W v\u00f5imsusega. See on varustatud digitaaldisplei ja on piisavalt kerge ning kompaktne, et saaks sind saata pea igasse kohta \u2013 isegi lennuki pardale.<\/p>\n<h3>Kiire laadimine<\/h3>\n<p>Kogemus, kuidas sinu seadmed saavad kiiresti valmis. Powerbank toetab selliseid kiire laadimise protokolle nagu Huawei 5A SCP, PD 20W, PD 18W, PD3.0 20W, QC 3.0, FCP ja AFC. See t\u00e4hendab, et see suudab laadida Huawei P30 kuni 60% ja iPhone 13 kuni 50% umbes 30 minutiga. Samuti saab see laadida vanemaid seadmeid l\u00fchikese ajaga.<\/p>\n<h3>Suur mahutavus<\/h3>\n<p>Seadme mahtuvus on 10 000mAh. See t\u00e4hendab, et saad laadida oma iPhone 13 umbes 2 korda, iPhone 12 umbes 2,1 korda ja Huawei Mate 40 umbes 1,5 korda. Powerbanki t\u00e4islaadimine ei v\u00f5ta kaua aega. Toode toetab 2-suunalist PD 3.0 + QC 3.0 kiiret laadimist, seega saad selle 100% t\u00e4is laadida vaid umbes 2 tunniga.<\/p>\n<h3>Laialdane \u00fchilduvus<\/h3>\n<p>Powerbank v\u00f5imaldab laadida paljusid erinevaid seadmeid, n\u00e4iteks Samsungi, Xiaomi, Huawei ja iPhone nutitelefone. Samuti on sellel mitu porti: 2 sisseehitatud USB v\u00e4ljundporti, Lightning sisendport, micro USB v\u00e4ljundport ja USB-C sisend\/v\u00e4ljundport.<\/p>\n<h3>Sisseehitatud displei<\/h3>\n<p>V\u00e4ike digitaalne LED-ekraan muudab kasutamise lihtsaks ja annab mugava ligip\u00e4\u00e4su olulisele teabele. Selle abil saad kiiresti kontrollida aku laadimisprotsenti, samuti reaalajas laadimispinget ja voolu.<\/p>\n<h3>Kasutuse ohutus<\/h3>\n<p>Metallist korpus teeb toote mitte ainult \u00e4\u00e4rmiselt elegantseks, vaid ka \u00e4\u00e4rmiselt vastupidavaks. Powerbank on kaitstud \u00fclelaadimise, \u00fclepinge, \u00fclevoolu ja l\u00fchise eest. Samuti reguleerib see automaatselt voolu vastavalt laetavale seadmele, et kaitsta seda \u00fclekuumenemise eest. Veelgi enam, Baseus&#8217;i ainulaadne BPS tehnoloogia tagab veelgi suurema kasutusohutuse.<\/p>\n<h3>Kerge ja mugav<\/h3>\n<p>Vaatamata oma suurtele v\u00f5imalustele on powerbank t\u00f5eliselt v\u00e4ike ja kerge. See on v\u00e4hem kui 14mm paks, seega saad selle h\u00f5lpsasti oma k\u00e4ekotti v\u00f5i isegi taskusse mahutada. See vastab ka rahvusvahelistele lennureiside standarditele, mis t\u00e4hendab, et saad selle lennukisse kaasa v\u00f5tta. \u00dcksk\u00f5ik, kuhu l\u00e4hed \u2013 Baseus Adaman powerbank tagab sinu seadmete energiat peaaegu k\u00f5ikjal.<\/p>","protected":false},"excerpt":{"rendered":"<p>Baseus Adaman Powerbank N\u00fc\u00fcd saad oma seadmeid mugavalt laadida, kuhu iganes l\u00e4hed. 10 000mAh Baseus Adaman powerbank toetab erinevaid kiire laadimise protokolle ja t\u00f6\u00f6tab kuni 22,5W v\u00f5imsusega. See on varustatud digitaaldisplei ja on piisavalt kerge ning kompaktne, et saaks sind saata pea igasse kohta \u2013 isegi lennuki pardale. Kiire laadimine Kogemus, kuidas sinu seadmed saavad [&hellip;]<\/p>\n","protected":false},"featured_media":26474,"template":"","meta":{"inline_featured_image":false,"advanced_seo_description":"","jetpack_seo_html_title":"","jetpack_seo_noindex":false,"jetpack_post_was_ever_published":false},"product_brand":[],"product_cat":[615,612,595],"product_tag":[],"class_list":{"0":"post-27120","1":"product","2":"type-product","3":"status-publish","4":"has-post-thumbnail","6":"product_cat-10000mah","7":"product_cat-akupangad","8":"product_cat-tarvikud","10":"first","11":"instock","12":"sale","13":"purchasable","14":"product-type-simple"},"jetpack_likes_enabled":false,"jetpack_sharing_enabled":true,"_links":{"self":[{"href":"https:\/\/resale.ee\/en\/wp-json\/wp\/v2\/product\/27120","targetHints":{"allow":["GET"]}}],"collection":[{"href":"https:\/\/resale.ee\/en\/wp-json\/wp\/v2\/product"}],"about":[{"href":"https:\/\/resale.ee\/en\/wp-json\/wp\/v2\/types\/product"}],"version-history":[{"count":0,"href":"https:\/\/resale.ee\/en\/wp-json\/wp\/v2\/product\/27120\/revisions"}],"wp:featuredmedia":[{"embeddable":true,"href":"https:\/\/resale.ee\/en\/wp-json\/wp\/v2\/media\/26474"}],"wp:attachment":[{"href":"https:\/\/resale.ee\/en\/wp-json\/wp\/v2\/media?parent=27120"}],"wp:term":[{"taxonomy":"product_brand","embeddable":true,"href":"https:\/\/resale.ee\/en\/wp-json\/wp\/v2\/product_brand?post=27120"},{"taxonomy":"product_cat","embeddable":true,"href":"https:\/\/resale.ee\/en\/wp-json\/wp\/v2\/product_cat?post=27120"},{"taxonomy":"product_tag","embeddable":true,"href":"https:\/\/resale.ee\/en\/wp-json\/wp\/v2\/product_tag?post=27120"}],"curies":[{"name":"wp","href":"https:\/\/api.w.org\/{rel}","templated":true}]}}