{"id":27126,"date":"2025-03-02T16:32:25","date_gmt":"2025-03-02T14:32:25","guid":{"rendered":"https:\/\/resale.ee\/e-pood\/akupank-baseus-bipow-10000mah-20w-valge\/"},"modified":"2025-12-17T22:22:10","modified_gmt":"2025-12-17T20:22:10","slug":"akupank-baseus-bipow-10000mah-20w-valge","status":"publish","type":"product","link":"https:\/\/resale.ee\/en\/e-pood\/akupank-baseus-bipow-10000mah-20w-valge\/","title":{"rendered":"Akupank Baseus Bipow 10000mAh, 20W (valge)"},"content":{"rendered":"<p><strong>Baseus Bipow Powerbank<\/strong><\/p>\n<p>Kas sa hoolid oma seadmete kiirest laadimisv\u00f5imalusest, kus iganes maailmas? Proovi Baseus Bipow powerbanki, mille mahutavus on <strong>10 000 mAh<\/strong>! Seda saab kasutada mitme seadme laadimiseks korraga ja ei pea muretsema nende ohutuse p\u00e4rast \u2013 keerukas kaitses\u00fcsteem hoiab \u00e4ra kahjustused. Sisseehitatud <strong>LED-ekraan<\/strong> muudab toote kasutamise lihtsaks ning kompaktsed m\u00f5\u00f5dud, kerge kaal ja rahvusvahelise lennutranspordi standarditele vastavus v\u00f5imaldavad seda igale poole kaasa v\u00f5tta.<\/p>\n<h3>Kiire laadimine sinu seadmetele<\/h3>\n<p>Powerbank toetab mitmeid <strong>kiire laadimise protokolle<\/strong>, sealhulgas FCP, QC ja AFC. See sobib ideaalselt Huawei, Xiaomi ja Samsungi nutitelefonide laadimiseks. N\u00e4iteks toetab see iPhone 12 <strong>20-watti kiiret laadimist<\/strong>, mille abil taastub 50% aku mahust umbes <strong>30 minutiga<\/strong>! Nii saavad sinu seadmed kiiresti j\u00e4lle t\u00f6\u00f6le hakata. Mis puutub aga powerbanki endasse? Selle t\u00e4islaadimine v\u00f5tab vaid <strong>6-7 tundi<\/strong> 18-wattise laadimiskiirusel.<\/p>\n<h3>\u00dchendage mitu seadet korraga<\/h3>\n<p>Seade on varustatud <strong>mitme portiga<\/strong>, et saaksid korraga \u00fchendada rohkem kui \u00fche seadme. Tootel on <strong>2 USB-A porti ja 1 USB-C port<\/strong>, mis t\u00e4hendab, et saad n\u00e4iteks laadida <strong>tahvelarvutit ja 2 nutitelefoni<\/strong> samal ajal. Pole vaja enam oodata, et esimene seade oleks laetud, enne kui saad j\u00e4rgmise \u00fchendada!<\/p>\n<h3>\u00c4ra muretse ohutuse p\u00e4rast<\/h3>\n<p>K\u00f5rgekvaliteediline <strong>pol\u00fcmeeriioonaku<\/strong> tagab mitte ainult kiire, vaid ka turvalise laadimise. Baseus pakub kaitset <strong>\u00fclevoolu<\/strong>, <strong>\u00fclekoormuse<\/strong>, <strong>\u00fclelaadimise<\/strong> ja <strong>l\u00fchise<\/strong> eest. Powerbank on varustatud ka <strong>NTC temperatuurianduritega<\/strong>, et v\u00e4ltida \u00fclekuumenemist. Seade tuvastab nutikalt \u00fchendatud seadmed ja reguleerib laadimisvoolu vastavalt nendele, kaitstes neid kahjustuste eest.<\/p>\n<h3>Mugavuse jaoks m\u00f5eldud disain<\/h3>\n<p>Powerbanki hoidmine t\u00e4iesti puhtana ei tekita mingit probleemi. Selle korpus on meeldivalt pehme ja vastupidav, ei imendu higist ega s\u00f5rmej\u00e4lgedest, nii et hoiad seda lihtsalt puhtana. T\u00e4nu sellele saad seadet mugavalt kasutada ka suvel. Toode on varustatud lihtsasti loetava <strong>LED-ekraaniga<\/strong>, mis kuvab aku hetke taseme reaalajas.<\/p>\n<h3>Unistuste reisikaaslane<\/h3>\n<p>Loo endale usaldusv\u00e4\u00e4rne toiteallikas, mis v\u00f5ib sind saata peaaegu igale poole. <strong>Baseus powerbank<\/strong> on kerge ja kompaktne \u2013 selle transportimine ei tekita sulle probleeme. Sa saad selle praktilise seadme isegi lennukisse kaasa v\u00f5tta \u2013 see vastab k\u00f5igile vajalikutele n\u00f5uetele. Baseus annab sulle v\u00f5imaluse laadida oma seadmeid mugavalt k\u00f5ikjal, kus seda vajad.<\/p>\n<h3>Kasuta seda mitmesugustel viisidel<\/h3>\n<p>Powerbank ei pea olema ainult telefoni laadimiseks! <strong>Baseus<\/strong> br\u00e4ndi seade sobib paljude erinevate kasutusv\u00f5imaluste jaoks. Kas on palav suvep\u00e4ev ja vajad veidi jahutust? \u00dchenda oma <strong>kandekohver v\u00f5i ventilaator<\/strong> ja naudi meeldivat tuult! Kas on elektrikatkestus ja su s\u00fclearvuti aku hakkab t\u00fchjaks saama ning pead l\u00f5petama t\u00e4htsa projekti? Powerbank tuleb appi! Selle pika t\u00f6\u00f6aja ja kaasaskantava disainiga saad kindel olla, et see vastab sinu ootustele.<\/p>","protected":false},"excerpt":{"rendered":"<p>Baseus Bipow Powerbank Kas sa hoolid oma seadmete kiirest laadimisv\u00f5imalusest, kus iganes maailmas? Proovi Baseus Bipow powerbanki, mille mahutavus on 10 000 mAh! Seda saab kasutada mitme seadme laadimiseks korraga ja ei pea muretsema nende ohutuse p\u00e4rast \u2013 keerukas kaitses\u00fcsteem hoiab \u00e4ra kahjustused. Sisseehitatud LED-ekraan muudab toote kasutamise lihtsaks ning kompaktsed m\u00f5\u00f5dud, kerge kaal ja [&hellip;]<\/p>\n","protected":false},"featured_media":26481,"template":"","meta":{"inline_featured_image":false,"advanced_seo_description":"","jetpack_seo_html_title":"","jetpack_seo_noindex":false,"jetpack_post_was_ever_published":false},"product_brand":[],"product_cat":[615,612,595],"product_tag":[],"class_list":{"0":"post-27126","1":"product","2":"type-product","3":"status-publish","4":"has-post-thumbnail","6":"product_cat-10000mah","7":"product_cat-akupangad","8":"product_cat-tarvikud","10":"first","11":"instock","12":"sale","13":"purchasable","14":"product-type-simple"},"jetpack_likes_enabled":false,"jetpack_sharing_enabled":true,"_links":{"self":[{"href":"https:\/\/resale.ee\/en\/wp-json\/wp\/v2\/product\/27126","targetHints":{"allow":["GET"]}}],"collection":[{"href":"https:\/\/resale.ee\/en\/wp-json\/wp\/v2\/product"}],"about":[{"href":"https:\/\/resale.ee\/en\/wp-json\/wp\/v2\/types\/product"}],"version-history":[{"count":0,"href":"https:\/\/resale.ee\/en\/wp-json\/wp\/v2\/product\/27126\/revisions"}],"wp:featuredmedia":[{"embeddable":true,"href":"https:\/\/resale.ee\/en\/wp-json\/wp\/v2\/media\/26481"}],"wp:attachment":[{"href":"https:\/\/resale.ee\/en\/wp-json\/wp\/v2\/media?parent=27126"}],"wp:term":[{"taxonomy":"product_brand","embeddable":true,"href":"https:\/\/resale.ee\/en\/wp-json\/wp\/v2\/product_brand?post=27126"},{"taxonomy":"product_cat","embeddable":true,"href":"https:\/\/resale.ee\/en\/wp-json\/wp\/v2\/product_cat?post=27126"},{"taxonomy":"product_tag","embeddable":true,"href":"https:\/\/resale.ee\/en\/wp-json\/wp\/v2\/product_tag?post=27126"}],"curies":[{"name":"wp","href":"https:\/\/api.w.org\/{rel}","templated":true}]}}