{"id":27136,"date":"2025-03-02T16:32:42","date_gmt":"2025-03-02T14:32:42","guid":{"rendered":"https:\/\/resale.ee\/e-pood\/akupank-ldnio-pl1013-10000mah-3in1-cable-valge\/"},"modified":"2025-12-17T22:22:09","modified_gmt":"2025-12-17T20:22:09","slug":"akupank-ldnio-pl1013-10000mah-3in1-cable-valge","status":"publish","type":"product","link":"https:\/\/resale.ee\/en\/e-pood\/akupank-ldnio-pl1013-10000mah-3in1-cable-valge\/","title":{"rendered":"Akupank LDNIO PL1013, 10000mAh + 3in1 cable (valge)"},"content":{"rendered":"<p><strong>LDNIO PL1013 Powerbank, 10000mAh + 3-in-1 Cable (White)<\/strong><\/p>\n<p>Laadi oma seadmeid turvaliselt ja kiiresti <strong>LDNIO PL1013<\/strong> powerbankiga. See toode paistab silma oma <strong>10,000mAh<\/strong> mahutavuse ja sisseehitatud kaabliga, mille pistikud on \u00fchilduvad <strong>USB-C<\/strong>, <strong>micro USB<\/strong> ja <strong>Lightning<\/strong> portidega. Ei ole enam vaja osta t\u00e4iendavaid kaableid! Lisaks toetab USB port kiire laadimise tehnoloogiat, tagades seadmete kiire ja ohutu laadimise.<\/p>\n<h3>Peamised omadused:<\/h3>\n<ol>\n<li><strong>Muljetavaldav mahutavus ja kiire laadimine<\/strong><br \/>\n<strong>LDNIO PL1013<\/strong> powerbanki mahutavus on <strong>10,000mAh<\/strong>, mis v\u00f5imaldab kiiresti taastada mitmesuguste seadmete energiat. <strong>Micro USB<\/strong> ja <strong>USB-C<\/strong> portide kaudu saad laadida seadmeid vooluga kuni <strong>2.1 A<\/strong>.<\/li>\n<li><strong>Sisseehitatud kaabel<\/strong><br \/>\n<strong>PL1013<\/strong> sisaldab sisseehitatud kaablit, millel on <strong>3 erinevat \u00fchendust<\/strong>: <strong>USB-C<\/strong>, <strong>micro USB<\/strong> ja <strong>Lightning<\/strong>, seega ei pea sa muretsema oma seadmete \u00fchilduvuse p\u00e4rast ega ostma t\u00e4iendavaid kaableid. Powerbank t\u00f6\u00f6tab suurep\u00e4raselt mitmesuguste telefonimudelitega.<\/li>\n<li><strong>Hoolikalt disainitud<\/strong><br \/>\n<strong>PL1013<\/strong> on varustatud <strong>nuppu<\/strong>, mis teeb powerbanki kasutamise mugavaks. Lisaks annab <strong>LED-indikaator<\/strong> teada, kas seade t\u00f6\u00f6tab, tagades kasutusmugavuse.<\/li>\n<li><strong>Turvalisuse funktsioonid<\/strong><br \/>\n<strong>LDNIO PL1013<\/strong> powerbank pakub mitmesuguseid turvafunktsioone. Seda saab kasutada mureta, kuna see on kaitstud <strong>l\u00fchis<\/strong>, <strong>\u00fclekuumenemise<\/strong>, <strong>\u00fclelaadimise<\/strong>, <strong>\u00fclem\u00e4\u00e4rase t\u00fchjenemise<\/strong> ja <strong>l\u00fchise<\/strong> eest. Seade on valmistatud <strong>tulekindlast PC materjalist<\/strong>, mis suurendab veelgi ohutust. Samuti on see varustatud <strong>nutika kiibiga<\/strong>.<\/li>\n<\/ol>\n<h3>Kokkuv\u00f5te:<\/h3>\n<p><strong>LDNIO PL1013 Powerbank 10,000mAh<\/strong> on praktiline ja turvaline valik, mis pakub kiiret laadimist, mitme seadme toimetamist ning lihtsat kasutamist. Sisseehitatud 3-in-1 kaabel muudab seadme sobivaks k\u00f5ikide teie seadmete laadimiseks, olles ideaalne kaaslane igap\u00e4evastes olukordades ja reisimisel.<\/p>","protected":false},"excerpt":{"rendered":"<p>LDNIO PL1013 Powerbank, 10000mAh + 3-in-1 Cable (White) Laadi oma seadmeid turvaliselt ja kiiresti LDNIO PL1013 powerbankiga. See toode paistab silma oma 10,000mAh mahutavuse ja sisseehitatud kaabliga, mille pistikud on \u00fchilduvad USB-C, micro USB ja Lightning portidega. Ei ole enam vaja osta t\u00e4iendavaid kaableid! Lisaks toetab USB port kiire laadimise tehnoloogiat, tagades seadmete kiire ja [&hellip;]<\/p>\n","protected":false},"featured_media":26588,"template":"","meta":{"inline_featured_image":false,"advanced_seo_description":"","jetpack_seo_html_title":"","jetpack_seo_noindex":false,"jetpack_post_was_ever_published":false},"product_brand":[],"product_cat":[615,612,595],"product_tag":[],"class_list":{"0":"post-27136","1":"product","2":"type-product","3":"status-publish","4":"has-post-thumbnail","6":"product_cat-10000mah","7":"product_cat-akupangad","8":"product_cat-tarvikud","10":"first","11":"instock","12":"sale","13":"purchasable","14":"product-type-simple"},"jetpack_likes_enabled":false,"jetpack_sharing_enabled":true,"_links":{"self":[{"href":"https:\/\/resale.ee\/en\/wp-json\/wp\/v2\/product\/27136","targetHints":{"allow":["GET"]}}],"collection":[{"href":"https:\/\/resale.ee\/en\/wp-json\/wp\/v2\/product"}],"about":[{"href":"https:\/\/resale.ee\/en\/wp-json\/wp\/v2\/types\/product"}],"version-history":[{"count":0,"href":"https:\/\/resale.ee\/en\/wp-json\/wp\/v2\/product\/27136\/revisions"}],"wp:featuredmedia":[{"embeddable":true,"href":"https:\/\/resale.ee\/en\/wp-json\/wp\/v2\/media\/26588"}],"wp:attachment":[{"href":"https:\/\/resale.ee\/en\/wp-json\/wp\/v2\/media?parent=27136"}],"wp:term":[{"taxonomy":"product_brand","embeddable":true,"href":"https:\/\/resale.ee\/en\/wp-json\/wp\/v2\/product_brand?post=27136"},{"taxonomy":"product_cat","embeddable":true,"href":"https:\/\/resale.ee\/en\/wp-json\/wp\/v2\/product_cat?post=27136"},{"taxonomy":"product_tag","embeddable":true,"href":"https:\/\/resale.ee\/en\/wp-json\/wp\/v2\/product_tag?post=27136"}],"curies":[{"name":"wp","href":"https:\/\/api.w.org\/{rel}","templated":true}]}}