{"id":27144,"date":"2025-03-02T16:32:42","date_gmt":"2025-03-02T14:32:42","guid":{"rendered":"https:\/\/resale.ee\/e-pood\/akupank-romoss-pea30-30000mah-must\/"},"modified":"2025-12-17T22:22:09","modified_gmt":"2025-12-17T20:22:09","slug":"akupank-romoss-pea30-30000mah-must","status":"publish","type":"product","link":"https:\/\/resale.ee\/en\/e-pood\/akupank-romoss-pea30-30000mah-must\/","title":{"rendered":"Akupank Romoss PEA30 30000mAh (must)"},"content":{"rendered":"<p><strong>Romoss Powerbank PEA30 30000mAh (black)<\/strong><\/p>\n<p>Laadi oma seadmed kiiresti ja ohutult. <strong>Romoss PEA30 Powerbank<\/strong> paistab silma oma <strong>30 000mAh<\/strong> mahutavuse ja kiire laadimisega t\u00e4nu <strong>30-watile<\/strong>. Lisaks saad laadida 3 seadet korraga, kuna see on varustatud <strong>USB x2<\/strong> ja <strong>USB-C portidega<\/strong>. See vastab ka ohutusstandarditele, nii et ei pea muretsema seadme kahjustamise p\u00e4rast.<\/p>\n<h3>Peamised omadused:<\/h3>\n<ol>\n<li><strong>Kiire laadimine<\/strong><br \/>\nPowerbank toetab selliseid kiire laadimise protokolle nagu <strong>PD 30W, PD 27W, AFC 25W ja QC 3.0 18W<\/strong>. See t\u00e4hendab, et <strong>iPhone 13 Pro Max<\/strong> laeb 55% ulatuses vaid umbes 30 minutiga ja <strong>Samsung S21 Ultra<\/strong> 40% ulatuses. Lisaks v\u00f5imaldab <strong>USB x2 ja USB-C portide<\/strong> olemasolu laadida korraga <strong>3 seadet<\/strong>, s\u00e4\u00e4stes aega.<\/li>\n<li><strong>Lai \u00fchilduvus<\/strong><br \/>\nMuretsed, et sinu seade ei t\u00f6\u00f6ta <strong>Romoss PEA30<\/strong>-ga? Ei ole vaja muretseda! Tootja on kaasatanud \u00fchilduvusse selliseid seadmeid nagu <strong>iPad Air<\/strong>, <strong>iPhone 13<\/strong>, <strong>Samsung Galaxy S22<\/strong> ja paljusid teisi.<\/li>\n<li><strong>Mahukas 30 000 mAh aku<\/strong><br \/>\nSeade on varustatud akuga, mille materjalid on kasutusel ka <strong>Apple&#8217;i ja Tesla<\/strong> poolt. Aku pakub <strong>750 laadimists\u00fcklit<\/strong>. <strong>30-wattine<\/strong> laadimisv\u00f5imsus tagab <strong>33% kiirema laadimise<\/strong> v\u00f5rreldes tavap\u00e4raste laadimisseadmetega, mis t\u00e4hendab, et seadme t\u00e4islaadimine kestab umbes <strong>5,5 tundi<\/strong>.<\/li>\n<li><strong>Ohutu kasutamine<\/strong><br \/>\n<strong>Romoss PEA30<\/strong> on loodud tagama ohutuse kasutamisel. Seade on varustatud <strong>NTC anduriga<\/strong>, mis j\u00e4lgib aku temperatuuri. Samuti reguleerib see laadimisvoolu ja pinge vastavalt \u00fchendatud seadmele. Toode vastab rahvusvahelistele ohutusstandarditele (<strong>CE, RoHS, FCC<\/strong>), seega v\u00f5id olla kindel, et sinu seade on kaitstud kahjustuste eest.<\/li>\n<\/ol>\n<h3>Komplektsuses:<\/h3>\n<ul>\n<li><strong>Akupank<\/strong><\/li>\n<li><strong>USB kaabel<\/strong><\/li>\n<li><strong>Kasutusjuhend<\/strong><\/li>\n<\/ul>\n<h3>Kokkuv\u00f5te:<\/h3>\n<p><strong>Romoss PEA30 Powerbank 30,000mAh<\/strong> on ideaalne valik, kui vajad suurt mahutavust ja kiiret laadimist. Kolm seadme laadimist korraga ja erinevad kiire laadimise protokollid muudavad selle praktiliseks kaaslaseks k\u00f5ikjal, kus vajad energiat kiiresti taastada.<\/p>","protected":false},"excerpt":{"rendered":"<p>Romoss Powerbank PEA30 30000mAh (black) Laadi oma seadmed kiiresti ja ohutult. Romoss PEA30 Powerbank paistab silma oma 30 000mAh mahutavuse ja kiire laadimisega t\u00e4nu 30-watile. Lisaks saad laadida 3 seadet korraga, kuna see on varustatud USB x2 ja USB-C portidega. See vastab ka ohutusstandarditele, nii et ei pea muretsema seadme kahjustamise p\u00e4rast. Peamised omadused: Kiire [&hellip;]<\/p>\n","protected":false},"featured_media":26593,"template":"","meta":{"inline_featured_image":false,"advanced_seo_description":"","jetpack_seo_html_title":"","jetpack_seo_noindex":false,"jetpack_post_was_ever_published":false},"product_brand":[],"product_cat":[617,612,595],"product_tag":[],"class_list":{"0":"post-27144","1":"product","2":"type-product","3":"status-publish","4":"has-post-thumbnail","6":"product_cat-30000mah","7":"product_cat-akupangad","8":"product_cat-tarvikud","10":"first","11":"instock","12":"sale","13":"purchasable","14":"product-type-simple"},"jetpack_likes_enabled":false,"jetpack_sharing_enabled":true,"_links":{"self":[{"href":"https:\/\/resale.ee\/en\/wp-json\/wp\/v2\/product\/27144","targetHints":{"allow":["GET"]}}],"collection":[{"href":"https:\/\/resale.ee\/en\/wp-json\/wp\/v2\/product"}],"about":[{"href":"https:\/\/resale.ee\/en\/wp-json\/wp\/v2\/types\/product"}],"version-history":[{"count":0,"href":"https:\/\/resale.ee\/en\/wp-json\/wp\/v2\/product\/27144\/revisions"}],"wp:featuredmedia":[{"embeddable":true,"href":"https:\/\/resale.ee\/en\/wp-json\/wp\/v2\/media\/26593"}],"wp:attachment":[{"href":"https:\/\/resale.ee\/en\/wp-json\/wp\/v2\/media?parent=27144"}],"wp:term":[{"taxonomy":"product_brand","embeddable":true,"href":"https:\/\/resale.ee\/en\/wp-json\/wp\/v2\/product_brand?post=27144"},{"taxonomy":"product_cat","embeddable":true,"href":"https:\/\/resale.ee\/en\/wp-json\/wp\/v2\/product_cat?post=27144"},{"taxonomy":"product_tag","embeddable":true,"href":"https:\/\/resale.ee\/en\/wp-json\/wp\/v2\/product_tag?post=27144"}],"curies":[{"name":"wp","href":"https:\/\/api.w.org\/{rel}","templated":true}]}}