{"id":27146,"date":"2025-03-02T16:32:42","date_gmt":"2025-03-02T14:32:42","guid":{"rendered":"https:\/\/resale.ee\/e-pood\/akupank-romoss-psp10-10000mah-must\/"},"modified":"2025-12-17T22:22:09","modified_gmt":"2025-12-17T20:22:09","slug":"akupank-romoss-psp10-10000mah-must","status":"publish","type":"product","link":"https:\/\/resale.ee\/en\/e-pood\/akupank-romoss-psp10-10000mah-must\/","title":{"rendered":"Akupank Romoss PSP10 10000mAh (must)"},"content":{"rendered":"<p><strong>Romoss PSP10 Powerbank, 10000mAh (Black)<\/strong><\/p>\n<p><strong>Romoss PSP10<\/strong> powerbank on <strong>kerge ja vastupidav<\/strong> ning suurep\u00e4rane valik igap\u00e4evaseks kasutamiseks ja reisimiseks. Kaaludes vaid 218 g ja pakkudes <strong>10,000mAh<\/strong> mahutavust, v\u00f5imaldab see laadida teie nutitelefoni mitu korda \u00fche laadimisega. Samuti on seade varustatud <strong>USB-C<\/strong> ja <strong>micro USB<\/strong> portidega ning <strong>LED-ekraan<\/strong> n\u00e4itab teile laadimise olekut.<\/p>\n<h3>Peamised omadused:<\/h3>\n<ol>\n<li><strong>Kiire laadimine<\/strong><br \/>\nRomoss PSP10 on varustatud <strong>liitium-ioonaku<\/strong> ja <strong>5V \/ 2.1A<\/strong> laadimisv\u00f5imekusega, mis tagab kiire ja t\u00f5husa laadimise ilma seadeid kahjustamata. N\u00e4iteks saab see laadida <strong>iPhone 8<\/strong> umbes <strong>4 korda<\/strong> ja <strong>Samsung Galaxy S8<\/strong> umbes <strong>2.5 korda<\/strong>.<\/li>\n<li><strong>2 sisseehitatud porti<\/strong><br \/>\nLaadige korraga 2 seadet. <strong>Romoss Powerbank PSP10<\/strong> pakub 2 portaali: <strong>micro USB<\/strong> ja <strong>USB-C<\/strong>, v\u00f5imaldades teil laadida kahte seadet samal ajal.<\/li>\n<li><strong>Turvaline laadimine<\/strong><br \/>\nPSP10 sisaldab mitmeid <strong>turvafunktsioone<\/strong>, mis tagavad ohutu kasutamise. Seade on kaitstud \u00fclekoormuse, \u00fclelaadimise, \u00fclekuumenemise, tagurpidi polaarsuse ja \u00fclekoormuse eest. Lisaks on PSP10-ga reisimine ohutu, kuna see on lubatud lennukisse kaasa v\u00f5tta.<\/li>\n<li><strong>Kerge ja kompaktne disain<\/strong><br \/>\n\u00dcks PSP10 eeliseid on selle <strong>kerge<\/strong> ja <strong>kompaktne<\/strong> disain. Powerbank kaalub vaid <strong>218 g<\/strong>, on vaid <strong>17 mm paks<\/strong> ja valmistatud nahas\u00f5bralikest materjalidest. See muudab seadme kasutamise mugavaks ja lihtsaks hoiustamiseks.<\/li>\n<\/ol>\n<h3>Komplektsus:<\/h3>\n<ul>\n<li><strong>Powerbank<\/strong><\/li>\n<li><strong>Micro USB to USB laadimiskaabel<\/strong><\/li>\n<li><strong>Kasutusjuhend<\/strong><\/li>\n<\/ul>\n<h3>Kokkuv\u00f5te:<\/h3>\n<p><strong>Romoss PSP10 Powerbank<\/strong> pakub suurep\u00e4rast hinna ja kvaliteedi suhet. See on ideaalne kaaslane, kui vajate kiiresti laadimist, turvalisust ja mugavat, kerget disaini. Lisaks pakub see kahe seadme laadimise v\u00f5imalust korraga, s\u00e4\u00e4stes teie aega ja tagades seadmete turvalise laadimise.<\/p>","protected":false},"excerpt":{"rendered":"<p>Romoss PSP10 Powerbank, 10000mAh (Black) Romoss PSP10 powerbank on kerge ja vastupidav ning suurep\u00e4rane valik igap\u00e4evaseks kasutamiseks ja reisimiseks. Kaaludes vaid 218 g ja pakkudes 10,000mAh mahutavust, v\u00f5imaldab see laadida teie nutitelefoni mitu korda \u00fche laadimisega. Samuti on seade varustatud USB-C ja micro USB portidega ning LED-ekraan n\u00e4itab teile laadimise olekut. Peamised omadused: Kiire laadimine [&hellip;]<\/p>\n","protected":false},"featured_media":26758,"template":"","meta":{"inline_featured_image":false,"advanced_seo_description":"","jetpack_seo_html_title":"","jetpack_seo_noindex":false,"jetpack_post_was_ever_published":false},"product_brand":[],"product_cat":[615,612,595],"product_tag":[],"class_list":{"0":"post-27146","1":"product","2":"type-product","3":"status-publish","4":"has-post-thumbnail","6":"product_cat-10000mah","7":"product_cat-akupangad","8":"product_cat-tarvikud","10":"first","11":"instock","12":"sale","13":"purchasable","14":"product-type-simple"},"jetpack_likes_enabled":false,"jetpack_sharing_enabled":true,"_links":{"self":[{"href":"https:\/\/resale.ee\/en\/wp-json\/wp\/v2\/product\/27146","targetHints":{"allow":["GET"]}}],"collection":[{"href":"https:\/\/resale.ee\/en\/wp-json\/wp\/v2\/product"}],"about":[{"href":"https:\/\/resale.ee\/en\/wp-json\/wp\/v2\/types\/product"}],"version-history":[{"count":0,"href":"https:\/\/resale.ee\/en\/wp-json\/wp\/v2\/product\/27146\/revisions"}],"wp:featuredmedia":[{"embeddable":true,"href":"https:\/\/resale.ee\/en\/wp-json\/wp\/v2\/media\/26758"}],"wp:attachment":[{"href":"https:\/\/resale.ee\/en\/wp-json\/wp\/v2\/media?parent=27146"}],"wp:term":[{"taxonomy":"product_brand","embeddable":true,"href":"https:\/\/resale.ee\/en\/wp-json\/wp\/v2\/product_brand?post=27146"},{"taxonomy":"product_cat","embeddable":true,"href":"https:\/\/resale.ee\/en\/wp-json\/wp\/v2\/product_cat?post=27146"},{"taxonomy":"product_tag","embeddable":true,"href":"https:\/\/resale.ee\/en\/wp-json\/wp\/v2\/product_tag?post=27146"}],"curies":[{"name":"wp","href":"https:\/\/api.w.org\/{rel}","templated":true}]}}