{"id":27148,"date":"2025-03-02T16:32:42","date_gmt":"2025-03-02T14:32:42","guid":{"rendered":"https:\/\/resale.ee\/e-pood\/akupank-romoss-psp10-10000mah-valge\/"},"modified":"2025-12-17T22:22:09","modified_gmt":"2025-12-17T20:22:09","slug":"akupank-romoss-psp10-10000mah-valge","status":"publish","type":"product","link":"https:\/\/resale.ee\/en\/e-pood\/akupank-romoss-psp10-10000mah-valge\/","title":{"rendered":"Akupank Romoss PSP10 10000mAh (valge)"},"content":{"rendered":"<p><strong>Romoss Powerbank PSP10, 10000mAh<\/strong><\/p>\n<p><strong>Romoss PSP10 Powerbank<\/strong> on kerge ja vastupidav seade, mis v\u00f5imaldab teil oma nutitelefoni kiiresti ja turvaliselt laadida. Selle mahutavus on <strong>10,000 mAh<\/strong>, mille abil saate oma seadet mitu korda \u00fchekordse laadimisega t\u00e4is laadida. Lisaks on sellel <strong>USB-C<\/strong> ja <strong>micro USB<\/strong> port ning <strong>LED-ekraan<\/strong>, mis annab teile teavet laadimisprotsessi kohta.<\/p>\n<h3>Peamised omadused:<\/h3>\n<ol>\n<li><strong>Kiire laadimine<\/strong><br \/>\nPowerbank on varustatud <strong>liitiumioon-akuga<\/strong>, mis tagab efektiivse t\u00f6\u00f6 ja kiire laadimise <strong>5V \/ 2.1A<\/strong> vooluga, kahjustamata laaditavaid seadmeid.<\/li>\n<li><strong>Kaks sisseehitatud porti<\/strong><br \/>\n<strong>Romoss Powerbank<\/strong> v\u00f5imaldab teil laadida korraga <strong>2 seadet<\/strong>, kuna sellel on <strong>micro USB<\/strong> ja <strong>USB-C<\/strong> port. Nii ei pea te enam ootama, kuni \u00fcks seade on t\u00e4is laetud, enne kui teise \u00fchendate.<\/li>\n<li><strong>LED-ekraan<\/strong><br \/>\n<strong>LED-ekraan<\/strong> annab teile pidevat teavet laadimisprotsessi kohta. Lihtsalt heitke pilk, et teada saada oma seadme aku taset.<\/li>\n<li><strong>Turvaline laadimine<\/strong><br \/>\nPowerbank on varustatud mitmete turvafunktsioonidega, et tagada teie seadmete ohutus laadimise ajal. Seade on kaitstud \u00fclekoormuse, \u00fclepingete, \u00fclelaadimise, \u00fclekuumenemise ja vale polaarsuse eest. Lisaks saab <strong>PSP10<\/strong> v\u00f5tta lennukisse.<\/li>\n<li><strong>Kerge ja mugav disain<\/strong><br \/>\n<strong>PSP10<\/strong> on v\u00e4ga kerge, kaaludes vaid <strong>218g<\/strong> ja paksusega <strong>17 mm<\/strong>. Seade on valmistatud nahas\u00f5bralikest materjalidest, mis teeb selle kasutamise mugavaks ning h\u00f5lpsasti hoiustatavaks.<\/li>\n<\/ol>\n<h3>Sisaldab:<\/h3>\n<ul>\n<li><strong>Powerbank<\/strong><\/li>\n<li><strong>Micro USB to USB laadimiskaabel<\/strong><\/li>\n<li><strong>Kasutusjuhend<\/strong><\/li>\n<\/ul>\n<h3>Kokkuv\u00f5te:<\/h3>\n<p><strong>Romoss PSP10 Powerbank<\/strong> on ideaalne valik neile, kes vajavad mugavat, turvalist ja kiiret lahendust oma seadmete laadimiseks. Selle kerge disain ja kaks laadimisporti muudavad selle v\u00e4ga mugavaks kaaslaseks igap\u00e4evaelus ja reisimisel. <strong>LED-ekraan<\/strong> ja mitmed turvafunktsioonid annavad kindlustunde, et teie seadmed on alati kaitstud.<\/p>","protected":false},"excerpt":{"rendered":"<p>Romoss Powerbank PSP10, 10000mAh Romoss PSP10 Powerbank on kerge ja vastupidav seade, mis v\u00f5imaldab teil oma nutitelefoni kiiresti ja turvaliselt laadida. Selle mahutavus on 10,000 mAh, mille abil saate oma seadet mitu korda \u00fchekordse laadimisega t\u00e4is laadida. Lisaks on sellel USB-C ja micro USB port ning LED-ekraan, mis annab teile teavet laadimisprotsessi kohta. Peamised omadused: [&hellip;]<\/p>\n","protected":false},"featured_media":26757,"template":"","meta":{"inline_featured_image":false,"advanced_seo_description":"","jetpack_seo_html_title":"","jetpack_seo_noindex":false,"jetpack_post_was_ever_published":false},"product_brand":[],"product_cat":[615,612,595],"product_tag":[],"class_list":{"0":"post-27148","1":"product","2":"type-product","3":"status-publish","4":"has-post-thumbnail","6":"product_cat-10000mah","7":"product_cat-akupangad","8":"product_cat-tarvikud","10":"first","11":"instock","12":"sale","13":"purchasable","14":"product-type-simple"},"jetpack_likes_enabled":false,"jetpack_sharing_enabled":true,"_links":{"self":[{"href":"https:\/\/resale.ee\/en\/wp-json\/wp\/v2\/product\/27148","targetHints":{"allow":["GET"]}}],"collection":[{"href":"https:\/\/resale.ee\/en\/wp-json\/wp\/v2\/product"}],"about":[{"href":"https:\/\/resale.ee\/en\/wp-json\/wp\/v2\/types\/product"}],"version-history":[{"count":0,"href":"https:\/\/resale.ee\/en\/wp-json\/wp\/v2\/product\/27148\/revisions"}],"wp:featuredmedia":[{"embeddable":true,"href":"https:\/\/resale.ee\/en\/wp-json\/wp\/v2\/media\/26757"}],"wp:attachment":[{"href":"https:\/\/resale.ee\/en\/wp-json\/wp\/v2\/media?parent=27148"}],"wp:term":[{"taxonomy":"product_brand","embeddable":true,"href":"https:\/\/resale.ee\/en\/wp-json\/wp\/v2\/product_brand?post=27148"},{"taxonomy":"product_cat","embeddable":true,"href":"https:\/\/resale.ee\/en\/wp-json\/wp\/v2\/product_cat?post=27148"},{"taxonomy":"product_tag","embeddable":true,"href":"https:\/\/resale.ee\/en\/wp-json\/wp\/v2\/product_tag?post=27148"}],"curies":[{"name":"wp","href":"https:\/\/api.w.org\/{rel}","templated":true}]}}