{"id":27150,"date":"2025-03-02T16:32:42","date_gmt":"2025-03-02T14:32:42","guid":{"rendered":"https:\/\/resale.ee\/e-pood\/akupank-romoss-psw30pf-30000mah-22-5w-valge\/"},"modified":"2025-12-17T22:22:09","modified_gmt":"2025-12-17T20:22:09","slug":"akupank-romoss-psw30pf-30000mah-22-5w-valge","status":"publish","type":"product","link":"https:\/\/resale.ee\/en\/e-pood\/akupank-romoss-psw30pf-30000mah-22-5w-valge\/","title":{"rendered":"Akupank Romoss PSW30PF 30000mAh, 22.5W (valge)"},"content":{"rendered":"<p><strong>Romoss Powerbank PSW30PF, 30000mAh, 22.5W (White)<\/strong><\/p>\n<p><strong>Romoss Powerbank PSW30PF<\/strong> on ideaalne valik, kui otsite v\u00f5imsat ja usaldusv\u00e4\u00e4rset aku laadijat, mis v\u00f5imaldab laadida mitut seadet korraga. Sellel on laialdane \u00fchilduvus ja suurep\u00e4rased turvafunktsioonid, et tagada teie seadmete ohutu laadimine. Lisaks pakub <strong>LED-ekraan<\/strong> k\u00f5ige olulisemat teavet seadme t\u00f6\u00f6 kohta.<\/p>\n<h3>Peamised omadused:<\/h3>\n<ol>\n<li><strong>Kiire ja mugav laadimine<\/strong><br \/>\n<strong>Romoss PSW30PF<\/strong> v\u00f5imaldab laadida korraga 3 seadet, aidates teil aega kokku hoida. Powerbank toetab kiire laadimise protokolle nagu <strong>SCP, QC, PD<\/strong>, et tagada veelgi kiirem laadimine. N\u00e4iteks saab see laadida <strong>iPhone 13<\/strong> aku 60% v\u00f5rra t\u00e4is vaid 30 minutiga.<\/li>\n<li><strong>30,000 mAh mahutavus<\/strong><br \/>\nToode on varustatud <strong>30,000 mAh akuga<\/strong>, mis tagab pika kasutusaja &#8211; kuni 7 p\u00e4eva. \u00dche laadimisega saate laadida <strong>iPhone 13<\/strong> v\u00f5i <strong>Samsung S10<\/strong> kuni 6 korda. Samuti v\u00f5tab powerbanki enda laadimine aega umbes <strong>8,2 tundi<\/strong>.<\/li>\n<li><strong>Mitmed turvafunktsioonid<\/strong><br \/>\nPowerbank on loodud tagama t\u00e4ieliku turvalisuse kasutamisel. <strong>PSW30PF<\/strong> on kaitstud \u00fclekoormuse, \u00fclepingete, \u00fclelaadimise, \u00fclekuumenemise ja l\u00fchise eest.<\/li>\n<li><strong>LED-ekraan<\/strong><br \/>\n<strong>LED-ekraan<\/strong> on veel \u00fcks <strong>Romoss Powerbanki<\/strong> eelis. Ekraanilt saab lugeda aku j\u00e4\u00e4nud taset, voolu ja pinge v\u00e4\u00e4rtust. Lisaks kuvatakse ekraanil kiire laadimise ikoon &#8211; lihtne ja mugav!<\/li>\n<\/ol>\n<h3>Kokkuv\u00f5te:<\/h3>\n<p><strong>Romoss PSW30PF Powerbank<\/strong> on suurep\u00e4rane lahendus, kui vajate suurt mahutavust ja kiiret laadimist. Kolme seadme laadimise v\u00f5imalus korraga, laialdane \u00fchilduvus ja mitmed turvafunktsioonid muudavad selle toote turvaliseks ja mugavaks kasutamiseks igas olukorras. <strong>30,000 mAh<\/strong> mahutavus ja <strong>LED-ekraan<\/strong> annavad lisamugavust ning v\u00f5imaldavad teil alati olla kursis oma seadmete laadimisolekuga.<\/p>","protected":false},"excerpt":{"rendered":"<p>Romoss Powerbank PSW30PF, 30000mAh, 22.5W (White) Romoss Powerbank PSW30PF on ideaalne valik, kui otsite v\u00f5imsat ja usaldusv\u00e4\u00e4rset aku laadijat, mis v\u00f5imaldab laadida mitut seadet korraga. Sellel on laialdane \u00fchilduvus ja suurep\u00e4rased turvafunktsioonid, et tagada teie seadmete ohutu laadimine. Lisaks pakub LED-ekraan k\u00f5ige olulisemat teavet seadme t\u00f6\u00f6 kohta. Peamised omadused: Kiire ja mugav laadimine Romoss PSW30PF [&hellip;]<\/p>\n","protected":false},"featured_media":26796,"template":"","meta":{"inline_featured_image":false,"advanced_seo_description":"","jetpack_seo_html_title":"","jetpack_seo_noindex":false,"jetpack_post_was_ever_published":false},"product_brand":[],"product_cat":[617,612,595],"product_tag":[],"class_list":{"0":"post-27150","1":"product","2":"type-product","3":"status-publish","4":"has-post-thumbnail","6":"product_cat-30000mah","7":"product_cat-akupangad","8":"product_cat-tarvikud","10":"first","11":"instock","12":"sale","13":"purchasable","14":"product-type-simple"},"jetpack_likes_enabled":false,"jetpack_sharing_enabled":true,"_links":{"self":[{"href":"https:\/\/resale.ee\/en\/wp-json\/wp\/v2\/product\/27150","targetHints":{"allow":["GET"]}}],"collection":[{"href":"https:\/\/resale.ee\/en\/wp-json\/wp\/v2\/product"}],"about":[{"href":"https:\/\/resale.ee\/en\/wp-json\/wp\/v2\/types\/product"}],"version-history":[{"count":0,"href":"https:\/\/resale.ee\/en\/wp-json\/wp\/v2\/product\/27150\/revisions"}],"wp:featuredmedia":[{"embeddable":true,"href":"https:\/\/resale.ee\/en\/wp-json\/wp\/v2\/media\/26796"}],"wp:attachment":[{"href":"https:\/\/resale.ee\/en\/wp-json\/wp\/v2\/media?parent=27150"}],"wp:term":[{"taxonomy":"product_brand","embeddable":true,"href":"https:\/\/resale.ee\/en\/wp-json\/wp\/v2\/product_brand?post=27150"},{"taxonomy":"product_cat","embeddable":true,"href":"https:\/\/resale.ee\/en\/wp-json\/wp\/v2\/product_cat?post=27150"},{"taxonomy":"product_tag","embeddable":true,"href":"https:\/\/resale.ee\/en\/wp-json\/wp\/v2\/product_tag?post=27150"}],"curies":[{"name":"wp","href":"https:\/\/api.w.org\/{rel}","templated":true}]}}