{"id":27174,"date":"2025-03-02T16:32:58","date_gmt":"2025-03-02T14:32:58","guid":{"rendered":"https:\/\/resale.ee\/e-pood\/baseus-lighter-sigaretisuutaja-jagaja-koos-laadijaga-2xusb-31a-100w-must\/"},"modified":"2025-12-17T22:20:32","modified_gmt":"2025-12-17T20:20:32","slug":"baseus-lighter-sigaretisuutaja-jagaja-koos-laadijaga-2xusb-31a-100w-must","status":"publish","type":"product","link":"https:\/\/resale.ee\/en\/e-pood\/baseus-lighter-sigaretisuutaja-jagaja-koos-laadijaga-2xusb-31a-100w-must\/","title":{"rendered":"Baseus Lighter sigaretis\u00fc\u00fctaja jagaja koos laadijaga 2xUSB 3,1A 100W (must)"},"content":{"rendered":"<p><strong>Baseus 2x USB Auto Laadija<\/strong><\/p>\n<p>Kvaliteetne <strong>Baseus<\/strong> auto laadija tagab kiire ja turvalise laadimise. Baseus on loonud laadija, millel on <strong>erakordne disain<\/strong>, millel on <strong>kaks lisasisendit<\/strong> sigaretis\u00fc\u00fcturi jaoks. Toote valmistamisel on kasutatud <strong>k\u00f5rgekvaliteedilist metallmaterjali<\/strong>. Kompaktne suurus ei sega juhti.<\/p>\n<h3>Peamised omadused:<\/h3>\n<ol>\n<li><strong>Turvaline laadimine<\/strong>:\n<ul>\n<li>Laadija <strong>kohandab pinge seadme j\u00e4rgi<\/strong>, et tagada t\u00e4ielik turvalisus teie seadmete jaoks, hoolitsedes samal ajal ka aku seisundi ja ohutuse eest.<\/li>\n<\/ul>\n<\/li>\n<\/ol>\n<h3>Kokkuv\u00f5te:<\/h3>\n<p><strong>Baseus 2x USB auto laadija<\/strong> on usaldusv\u00e4\u00e4rne, kompaktne ja turvaline lahendus, mis pakub kiiret laadimist teie seadmete jaoks autos, olles samas t\u00e4helepanu mitte h\u00e4iriv ja stiilne.<\/p>","protected":false},"excerpt":{"rendered":"<p>Baseus 2x USB Auto Laadija Kvaliteetne Baseus auto laadija tagab kiire ja turvalise laadimise. Baseus on loonud laadija, millel on erakordne disain, millel on kaks lisasisendit sigaretis\u00fc\u00fcturi jaoks. Toote valmistamisel on kasutatud k\u00f5rgekvaliteedilist metallmaterjali. Kompaktne suurus ei sega juhti. Peamised omadused: Turvaline laadimine: Laadija kohandab pinge seadme j\u00e4rgi, et tagada t\u00e4ielik turvalisus teie seadmete jaoks, [&hellip;]<\/p>\n","protected":false},"featured_media":26694,"template":"","meta":{"inline_featured_image":false,"advanced_seo_description":"","jetpack_seo_html_title":"","jetpack_seo_noindex":false,"jetpack_post_was_ever_published":false},"product_brand":[],"product_cat":[613,595],"product_tag":[],"class_list":{"0":"post-27174","1":"product","2":"type-product","3":"status-publish","4":"has-post-thumbnail","6":"product_cat-autolaadija","7":"product_cat-tarvikud","9":"first","10":"instock","11":"sale","12":"purchasable","13":"product-type-simple"},"jetpack_likes_enabled":false,"jetpack_sharing_enabled":true,"_links":{"self":[{"href":"https:\/\/resale.ee\/en\/wp-json\/wp\/v2\/product\/27174","targetHints":{"allow":["GET"]}}],"collection":[{"href":"https:\/\/resale.ee\/en\/wp-json\/wp\/v2\/product"}],"about":[{"href":"https:\/\/resale.ee\/en\/wp-json\/wp\/v2\/types\/product"}],"version-history":[{"count":0,"href":"https:\/\/resale.ee\/en\/wp-json\/wp\/v2\/product\/27174\/revisions"}],"wp:featuredmedia":[{"embeddable":true,"href":"https:\/\/resale.ee\/en\/wp-json\/wp\/v2\/media\/26694"}],"wp:attachment":[{"href":"https:\/\/resale.ee\/en\/wp-json\/wp\/v2\/media?parent=27174"}],"wp:term":[{"taxonomy":"product_brand","embeddable":true,"href":"https:\/\/resale.ee\/en\/wp-json\/wp\/v2\/product_brand?post=27174"},{"taxonomy":"product_cat","embeddable":true,"href":"https:\/\/resale.ee\/en\/wp-json\/wp\/v2\/product_cat?post=27174"},{"taxonomy":"product_tag","embeddable":true,"href":"https:\/\/resale.ee\/en\/wp-json\/wp\/v2\/product_tag?post=27174"}],"curies":[{"name":"wp","href":"https:\/\/api.w.org\/{rel}","templated":true}]}}