{"id":27180,"date":"2025-03-02T16:32:58","date_gmt":"2025-03-02T14:32:58","guid":{"rendered":"https:\/\/resale.ee\/e-pood\/autolaadija-baseus-enjoyment-usb-c-with-usb-c-cable-and-lightning-60w-must\/"},"modified":"2025-12-17T22:20:32","modified_gmt":"2025-12-17T20:20:32","slug":"autolaadija-baseus-enjoyment-usb-c-with-usb-c-cable-and-lightning-60w-must","status":"publish","type":"product","link":"https:\/\/resale.ee\/en\/e-pood\/autolaadija-baseus-enjoyment-usb-c-with-usb-c-cable-and-lightning-60w-must\/","title":{"rendered":"Autolaadija Baseus Enjoyment USB-C with USB-C cable and Lightning 60W (must)"},"content":{"rendered":"<p><strong>Baseus Enjoyment USB-C Auto Laadija koos USB-C ja Lightning 60W kaabliga (must)<\/strong><\/p>\n<p>Kas s\u00f5idate sageli autoga? <strong>Baseus Enjoyment<\/strong> auto laadija on kindlasti teile vajalik! Sellel on sisseehitatud kaabel USB-C ja Lightning \u00fchendusega ning lisaks ka <strong>USB-C port<\/strong>, v\u00f5imaldades laadida kuni <strong>3 seadet korraga<\/strong>. Laadija maksimaalne laadimisv\u00f5imsus ulatub <strong>60W<\/strong>-ni ja see toetab mitmeid kiire laadimise protokolle, seega ei pea teie seadmete laadimine kaua aega v\u00f5tma. T\u00e4nu universaalsele pingele <strong>12-24V<\/strong> on see \u00fchilduv enamikuga s\u00f5idukitest.<\/p>\n<h3>Peamised omadused:<\/h3>\n<ol>\n<li><strong>Kiire laadimine<\/strong>:\n<ul>\n<li><strong>Baseus Enjoyment<\/strong> laadijaga saate oma nutitelefoni laadida vaid m\u00f5ne hetkega! Laadija toetab mitmeid kiire laadimise standardeid, sealhulgas <strong>QC<\/strong>, <strong>SCP<\/strong>, <strong>PD<\/strong> ja <strong>FCP<\/strong>, ning selle laadimisv\u00f5imsus on kuni <strong>60W<\/strong>. See t\u00e4hendab, et populaarsete br\u00e4ndide seadmete t\u00e4islaadimiseks kulub vaid <strong>60 minutit<\/strong>.<\/li>\n<\/ul>\n<\/li>\n<li><strong>Laadi korraga 3 seadet<\/strong>:\n<ul>\n<li>T\u00e4nu sisseehitatud <strong>USB-C ja Lightning<\/strong> kaablile ja <strong>USB-C portile<\/strong> saate laadida <strong>korraga kuni 3 seadet<\/strong>, v\u00f5imaldades teil jagada laadimist oma telefoni, tahvelarvuti ja teiste seadmete vahel.<\/li>\n<\/ul>\n<\/li>\n<li><strong>\u00dchilduvus ja paindlikkus<\/strong>:\n<ul>\n<li><strong>Baseus Enjoyment<\/strong> auto laadija on <strong>universaalne<\/strong>, t\u00f6\u00f6tades s\u00f5idukites, mille pingevahemik on <strong>12-24V<\/strong>, ning sobib seega suurep\u00e4raselt enamikesse autodest.<\/li>\n<\/ul>\n<\/li>\n<\/ol>\n<h3>Kokkuv\u00f5te:<\/h3>\n<p><strong>Baseus Enjoyment USB-C auto laadija<\/strong> on ideaalne valik neile, kes otsivad <strong>kiire ja mitmek\u00fclgse laadimise lahendust<\/strong> oma autos. T\u00e4nu oma <strong>60W laadimisv\u00f5imsusele<\/strong> ja <strong>korraga kolme seadme laadimisele<\/strong> pakub see kiiret ja efektiivset laadimist, olles suurep\u00e4rane kaaslane iga s\u00f5idureisi jaoks.<\/p>","protected":false},"excerpt":{"rendered":"<p>Baseus Enjoyment USB-C Auto Laadija koos USB-C ja Lightning 60W kaabliga (must) Kas s\u00f5idate sageli autoga? Baseus Enjoyment auto laadija on kindlasti teile vajalik! Sellel on sisseehitatud kaabel USB-C ja Lightning \u00fchendusega ning lisaks ka USB-C port, v\u00f5imaldades laadida kuni 3 seadet korraga. Laadija maksimaalne laadimisv\u00f5imsus ulatub 60W-ni ja see toetab mitmeid kiire laadimise protokolle, [&hellip;]<\/p>\n","protected":false},"featured_media":26563,"template":"","meta":{"inline_featured_image":false,"advanced_seo_description":"","jetpack_seo_html_title":"","jetpack_seo_noindex":false,"jetpack_post_was_ever_published":false},"product_brand":[],"product_cat":[613,595],"product_tag":[],"class_list":{"0":"post-27180","1":"product","2":"type-product","3":"status-publish","4":"has-post-thumbnail","6":"product_cat-autolaadija","7":"product_cat-tarvikud","9":"first","10":"instock","11":"sale","12":"purchasable","13":"product-type-simple"},"jetpack_likes_enabled":false,"jetpack_sharing_enabled":true,"_links":{"self":[{"href":"https:\/\/resale.ee\/en\/wp-json\/wp\/v2\/product\/27180","targetHints":{"allow":["GET"]}}],"collection":[{"href":"https:\/\/resale.ee\/en\/wp-json\/wp\/v2\/product"}],"about":[{"href":"https:\/\/resale.ee\/en\/wp-json\/wp\/v2\/types\/product"}],"version-history":[{"count":0,"href":"https:\/\/resale.ee\/en\/wp-json\/wp\/v2\/product\/27180\/revisions"}],"wp:featuredmedia":[{"embeddable":true,"href":"https:\/\/resale.ee\/en\/wp-json\/wp\/v2\/media\/26563"}],"wp:attachment":[{"href":"https:\/\/resale.ee\/en\/wp-json\/wp\/v2\/media?parent=27180"}],"wp:term":[{"taxonomy":"product_brand","embeddable":true,"href":"https:\/\/resale.ee\/en\/wp-json\/wp\/v2\/product_brand?post=27180"},{"taxonomy":"product_cat","embeddable":true,"href":"https:\/\/resale.ee\/en\/wp-json\/wp\/v2\/product_cat?post=27180"},{"taxonomy":"product_tag","embeddable":true,"href":"https:\/\/resale.ee\/en\/wp-json\/wp\/v2\/product_tag?post=27180"}],"curies":[{"name":"wp","href":"https:\/\/api.w.org\/{rel}","templated":true}]}}