{"id":27182,"date":"2025-03-02T16:32:58","date_gmt":"2025-03-02T14:32:58","guid":{"rendered":"https:\/\/resale.ee\/e-pood\/autolaadija-baseus-share-together-with-extension-cord-3x-usb-usb-c-120w-grey\/"},"modified":"2025-12-17T22:20:32","modified_gmt":"2025-12-17T20:20:32","slug":"autolaadija-baseus-share-together-with-extension-cord-3x-usb-usb-c-120w-grey","status":"publish","type":"product","link":"https:\/\/resale.ee\/en\/e-pood\/autolaadija-baseus-share-together-with-extension-cord-3x-usb-usb-c-120w-grey\/","title":{"rendered":"Autolaadija Baseus Share Together with extension cord, 3x USB, USB-C, 120W (grey)"},"content":{"rendered":"<p><strong>Baseus CCBT-B0G auto laadija<\/strong><\/p>\n<p><strong>Baseus Share Together<\/strong> auto laadija v\u00f5imaldab <strong>korraga laadida kuni 4 seadet<\/strong> koguv\u00f5imsusega <strong>120W<\/strong>. Laadija <strong>1,5 m pikendust kaabel<\/strong> muudab selle kasutamise mugavaks ka tagumistes istmetes. Tugev ja vastupidav konstruktsioon tagab \u00fchendatud seadmete ohutuse. Toode on \u00fchilduv s\u00f5idukitega, mille pingevahemik on <strong>12V kuni 24V<\/strong>.<\/p>\n<h3>Peamised omadused:<\/h3>\n<ol>\n<li><strong>Kiire laadimine 4 seadme korraga<\/strong>:\n<ul>\n<li><strong>3 USB porti<\/strong> ja <strong>1 USB-C port<\/strong> v\u00f5imaldavad Baseus laadijal korraga laadida <strong>kuni 4 seadet<\/strong>, iga\u00fcks maksimaalse laadimisv\u00f5imsusega <strong>30W<\/strong>.<\/li>\n<li>Toode toetab <strong>PPS<\/strong> ja <strong>PD3.0 protokolle<\/strong> (ainult USB-C pordi kaudu), v\u00f5imaldades n\u00e4iteks <strong>iPhone 12 Mini laadimist kuni 59% 30 minutiga<\/strong>.<\/li>\n<\/ul>\n<\/li>\n<li><strong>Lai \u00fchilduvus<\/strong>:\n<ul>\n<li>Laadija on <strong>v\u00e4ga mitmek\u00fclgne<\/strong>, sobides <strong>Apple, Xiaomi, Samsung, Huawei<\/strong> ja paljude teiste nutitelefonidega. Seda saab kasutada ka <strong>tablettide, kaamerate ja autode tolmuimejate<\/strong> laadimiseks, mist\u00f5ttu on see ideaalne lahendus igaks otstarbeks.<\/li>\n<\/ul>\n<\/li>\n<li><strong>Mugav k\u00f5igile reisijatele<\/strong>:\n<ul>\n<li>T\u00e4nu <strong>1,5 m pikendusele<\/strong> saavad laadijat kasutada mitte ainult juht, vaid ka k\u00f5ik tagumised reisijad. See on ideaalne lahendus pikkadel reisidel \u2014 \u00fchendage laste tabletid, et neid meelelahutada, samal ajal kui saate laadida oma telefoni ja autokaamerat korraga!<\/li>\n<\/ul>\n<\/li>\n<li><strong>Ohutu laadimine<\/strong>:\n<ul>\n<li>Laadijal on <strong>intelligentne kiip<\/strong>, mis tuvastab \u00fchendatud seadmed ja kaitseb neid kahjustuste eest. Laadija on kaitstud <strong>\u00fclekoormuse, \u00fclekuumenemise, l\u00fchise, \u00fclevoo, \u00fclepinge<\/strong> ja <strong>\u00fclekoormuse<\/strong> eest, tagades <strong>turvalise ja stabiilse laadimise<\/strong>.<\/li>\n<\/ul>\n<\/li>\n<li><strong>M\u00f5eldud disain<\/strong>:\n<ul>\n<li>Laadija on <strong>kompaktne ja diskreetne<\/strong>, sobides auto sigaretis\u00fc\u00fcturi pesasse ilma ruumi v\u00f5tmiseta. Selle <strong>l\u00f6\u00f6gikindel<\/strong> disain tagab, et laadija j\u00e4\u00e4b paigale isegi konarlikel teedel, \u00e4kilise pidurdamise v\u00f5i kiiruspiirangute korral \u2014 laadimine ei peatu isegi k\u00f5ige j\u00e4rsemates olukordades.<\/li>\n<\/ul>\n<\/li>\n<li><strong>Kahjustuskindel<\/strong>:\n<ul>\n<li>Laadija on valmistatud <strong>alumiiniumkorpuses<\/strong>, mis takistab \u00fclekuumenemist. <strong>Kullatud \u00fchendused<\/strong> aitavad v\u00e4hendada takistust ja suurendada tundlikkust, samas kui <strong>anodeerimisprotsess<\/strong> muudab laadija kriimustuste ja koorumise suhtes vastupidavaks, tagades selle pikaajalise t\u00f6\u00f6kindluse.<\/li>\n<\/ul>\n<\/li>\n<\/ol>\n<h3>Kokkuv\u00f5te:<\/h3>\n<p><strong>Baseus Share Together<\/strong> auto laadija on v\u00f5imas ja mitmek\u00fclgne lahendus <strong>korraga 4 seadme kiireks ja turvaliseks laadimiseks<\/strong> autos. Oma laia \u00fchilduvuse, l\u00e4bim\u00f5eldud disaini ja turvafunktsioonidega on see ideaalne valik teekondadeks, hoides nii juhti kui ka reisijaid pidevalt laetud. Lisaks tagab selle vastupidav ja kompaktne konstruktsioon pikaajalise t\u00f6\u00f6kindluse.<\/p>","protected":false},"excerpt":{"rendered":"<p>Baseus CCBT-B0G auto laadija Baseus Share Together auto laadija v\u00f5imaldab korraga laadida kuni 4 seadet koguv\u00f5imsusega 120W. Laadija 1,5 m pikendust kaabel muudab selle kasutamise mugavaks ka tagumistes istmetes. Tugev ja vastupidav konstruktsioon tagab \u00fchendatud seadmete ohutuse. Toode on \u00fchilduv s\u00f5idukitega, mille pingevahemik on 12V kuni 24V. Peamised omadused: Kiire laadimine 4 seadme korraga: 3 [&hellip;]<\/p>\n","protected":false},"featured_media":26646,"template":"","meta":{"inline_featured_image":false,"advanced_seo_description":"","jetpack_seo_html_title":"","jetpack_seo_noindex":false,"jetpack_post_was_ever_published":false},"product_brand":[],"product_cat":[613,595],"product_tag":[],"class_list":{"0":"post-27182","1":"product","2":"type-product","3":"status-publish","4":"has-post-thumbnail","6":"product_cat-autolaadija","7":"product_cat-tarvikud","9":"first","10":"instock","11":"sale","12":"purchasable","13":"product-type-simple"},"jetpack_likes_enabled":false,"jetpack_sharing_enabled":true,"_links":{"self":[{"href":"https:\/\/resale.ee\/en\/wp-json\/wp\/v2\/product\/27182","targetHints":{"allow":["GET"]}}],"collection":[{"href":"https:\/\/resale.ee\/en\/wp-json\/wp\/v2\/product"}],"about":[{"href":"https:\/\/resale.ee\/en\/wp-json\/wp\/v2\/types\/product"}],"version-history":[{"count":0,"href":"https:\/\/resale.ee\/en\/wp-json\/wp\/v2\/product\/27182\/revisions"}],"wp:featuredmedia":[{"embeddable":true,"href":"https:\/\/resale.ee\/en\/wp-json\/wp\/v2\/media\/26646"}],"wp:attachment":[{"href":"https:\/\/resale.ee\/en\/wp-json\/wp\/v2\/media?parent=27182"}],"wp:term":[{"taxonomy":"product_brand","embeddable":true,"href":"https:\/\/resale.ee\/en\/wp-json\/wp\/v2\/product_brand?post=27182"},{"taxonomy":"product_cat","embeddable":true,"href":"https:\/\/resale.ee\/en\/wp-json\/wp\/v2\/product_cat?post=27182"},{"taxonomy":"product_tag","embeddable":true,"href":"https:\/\/resale.ee\/en\/wp-json\/wp\/v2\/product_tag?post=27182"}],"curies":[{"name":"wp","href":"https:\/\/api.w.org\/{rel}","templated":true}]}}