{"id":27184,"date":"2025-03-02T16:32:58","date_gmt":"2025-03-02T14:32:58","guid":{"rendered":"https:\/\/resale.ee\/e-pood\/autolaadija-joyroom-c-a08-1x-usb-qc3-0-1x-usb-c-pd-30w-must\/"},"modified":"2025-12-17T22:20:32","modified_gmt":"2025-12-17T20:20:32","slug":"autolaadija-joyroom-c-a08-1x-usb-qc3-0-1x-usb-c-pd-30w-must","status":"publish","type":"product","link":"https:\/\/resale.ee\/en\/e-pood\/autolaadija-joyroom-c-a08-1x-usb-qc3-0-1x-usb-c-pd-30w-must\/","title":{"rendered":"Autolaadija Joyroom C-A08, 1x USB QC3.0, 1x USB-C PD 30W (must)"},"content":{"rendered":"<p><strong>Joyroom C-A08 Auto laadija, 1x USB QC3.0, 1x USB-C PD 30W (must)<\/strong><\/p>\n<p>Kas otsite v\u00e4ikest, kuid funktsionaalset auto laadijat? <strong>Joyroom C-A08<\/strong> laadija on just teile sobiv valik! T\u00e4nu oma kompaktsele suurusele mahub see igasse autosse. Lisaks suudab see laadida teie telefoni <strong>50%<\/strong> v\u00f5rra ainult <strong>30 minutiga<\/strong>, kuna see on varustatud kiire laadimise funktsiooniga. Laadijas on ka <strong>2 USB porti<\/strong>, mis tagavad veelgi suurema mugavuse.<\/p>\n<h3>Peamised omadused:<\/h3>\n<ol>\n<li><strong>Kasutusmugavus<\/strong>:\n<ul>\n<li><strong>Joyroom C-A08<\/strong> on v\u00e4ike seade, mis pakub suurep\u00e4rast kasutusmugavust. Selle diameeter on v\u00e4iksem kui m\u00fcnt, ulatudes vaid <strong>23,38 mm<\/strong>-ni. Lisaks saate laadida korraga <strong>kaht seadet<\/strong>, kuna laadijal on olemas <strong>USB-A<\/strong> ja <strong>USB-C<\/strong> pordid.<\/li>\n<\/ul>\n<\/li>\n<li><strong>Kiire laadimine<\/strong>:\n<ul>\n<li>Vaatamata oma v\u00e4ikesele suurusele peidab <strong>Joyroom laadija<\/strong> endas v\u00f5imsa <strong>kuni 30W<\/strong> laadimisv\u00f5imsuse. Veelgi enam, see on varustatud kiire laadimise funktsiooniga, et tagada veelgi suurem mugavus. Selle abil saab teie telefon laadida <strong>50%<\/strong> oma akust vaid <strong>30 minutiga<\/strong>! T\u00e4nu sellele on teie seade alati valmis kasutamiseks.<\/li>\n<\/ul>\n<\/li>\n<li><strong>Suurep\u00e4rane kvaliteet<\/strong>:\n<ul>\n<li><strong>Joyroom C-A08<\/strong> laadija on valmistatud <strong>k\u00f5rgeima kvaliteediga PC materjalist<\/strong>, mis on <strong>tulekindel<\/strong>. See talub k\u00f5rgeid temperatuure, on usaldusv\u00e4\u00e4rne, vastupidav ja ohutu kasutada, mis teeb sellest vajaliku lisaseadme iga s\u00f5idu jaoks.<\/li>\n<\/ul>\n<\/li>\n<li><strong>Ohutus<\/strong>:\n<ul>\n<li><strong>Joyroom laadija<\/strong> on valmistatud turvalise kasutamise tagamiseks. See on varustatud kaitsefunktsioonidega <strong>\u00fclekoormuse<\/strong>, <strong>k\u00f5rge temperatuuri<\/strong> ja <strong>l\u00fchise<\/strong> vastu. Ja see pole veel k\u00f5ik! <strong>Joyroom<\/strong> seadmete kasutamine tagab teie ohutuse ja mugavuse.<\/li>\n<\/ul>\n<\/li>\n<\/ol>\n<h3>Kokkuv\u00f5te:<\/h3>\n<p><strong>Joyroom C-A08 auto laadija<\/strong> on kompaktselt disainitud, kuid pakub suure j\u00f5udlusega kiiret laadimist. See sobib ideaalselt igaks auto reisiks, pakkudes turvalist ja usaldusv\u00e4\u00e4rset laadimist. T\u00e4nu oma kvaliteetsetele materjalidele ja kaitsefunktsioonidele on see vastupidav ja ohutu, olles ideaalne kaaslane teie igap\u00e4evaseks s\u00f5iduks.<\/p>","protected":false},"excerpt":{"rendered":"<p>Joyroom C-A08 Auto laadija, 1x USB QC3.0, 1x USB-C PD 30W (must) Kas otsite v\u00e4ikest, kuid funktsionaalset auto laadijat? Joyroom C-A08 laadija on just teile sobiv valik! T\u00e4nu oma kompaktsele suurusele mahub see igasse autosse. Lisaks suudab see laadida teie telefoni 50% v\u00f5rra ainult 30 minutiga, kuna see on varustatud kiire laadimise funktsiooniga. Laadijas on [&hellip;]<\/p>\n","protected":false},"featured_media":26601,"template":"","meta":{"inline_featured_image":false,"advanced_seo_description":"","jetpack_seo_html_title":"","jetpack_seo_noindex":false,"jetpack_post_was_ever_published":false},"product_brand":[],"product_cat":[613,595],"product_tag":[],"class_list":{"0":"post-27184","1":"product","2":"type-product","3":"status-publish","4":"has-post-thumbnail","6":"product_cat-autolaadija","7":"product_cat-tarvikud","9":"first","10":"instock","11":"sale","12":"purchasable","13":"product-type-simple"},"jetpack_likes_enabled":false,"jetpack_sharing_enabled":true,"_links":{"self":[{"href":"https:\/\/resale.ee\/en\/wp-json\/wp\/v2\/product\/27184","targetHints":{"allow":["GET"]}}],"collection":[{"href":"https:\/\/resale.ee\/en\/wp-json\/wp\/v2\/product"}],"about":[{"href":"https:\/\/resale.ee\/en\/wp-json\/wp\/v2\/types\/product"}],"version-history":[{"count":0,"href":"https:\/\/resale.ee\/en\/wp-json\/wp\/v2\/product\/27184\/revisions"}],"wp:featuredmedia":[{"embeddable":true,"href":"https:\/\/resale.ee\/en\/wp-json\/wp\/v2\/media\/26601"}],"wp:attachment":[{"href":"https:\/\/resale.ee\/en\/wp-json\/wp\/v2\/media?parent=27184"}],"wp:term":[{"taxonomy":"product_brand","embeddable":true,"href":"https:\/\/resale.ee\/en\/wp-json\/wp\/v2\/product_brand?post=27184"},{"taxonomy":"product_cat","embeddable":true,"href":"https:\/\/resale.ee\/en\/wp-json\/wp\/v2\/product_cat?post=27184"},{"taxonomy":"product_tag","embeddable":true,"href":"https:\/\/resale.ee\/en\/wp-json\/wp\/v2\/product_tag?post=27184"}],"curies":[{"name":"wp","href":"https:\/\/api.w.org\/{rel}","templated":true}]}}