{"id":27190,"date":"2025-03-02T16:32:58","date_gmt":"2025-03-02T14:32:58","guid":{"rendered":"https:\/\/resale.ee\/e-pood\/juhtmevaba-laadija-magsafe-choetech-t200-f-must\/"},"modified":"2025-12-17T22:20:32","modified_gmt":"2025-12-17T20:20:32","slug":"juhtmevaba-laadija-magsafe-choetech-t200-f-must","status":"publish","type":"product","link":"https:\/\/resale.ee\/en\/e-pood\/juhtmevaba-laadija-magsafe-choetech-t200-f-must\/","title":{"rendered":"Juhtmevaba laadija MagSafe Choetech T200-f (must)"},"content":{"rendered":"<p><strong>Choetech Induktiivne Laadija iPhone 12 jaoks<\/strong><\/p>\n<p>Laadige oma telefoni juhtmevabalt isegi autos s\u00f5ites. <strong>Choetech induktiivne laadija<\/strong> on <strong>15-wattine<\/strong>, toetab <strong>PD 3.0 kiire laadimise tehnoloogiat<\/strong> ja on spetsiaalselt disainitud <strong>iPhone 12<\/strong> mudelitele. Laadija on \u00fchilduv enamiku \u00f5hutusavadega ja selle paigaldamine on \u00e4\u00e4rmiselt lihtne. Lisaks v\u00f5imaldab hoidik 360\u00b0 p\u00f6\u00f6rlemist. Toode ei sega signaali, nii et saate kasutada navigatsiooni ka laadimise ajal, muretsemata.<\/p>\n<h3>Peamised omadused:<\/h3>\n<ol>\n<li><strong>Kiire ja t\u00f5hus laadimine<\/strong>:\n<ul>\n<li><strong>Choetech induktiivne laadija<\/strong> on \u00fchilduv <strong>iPhone 12 Pro Max<\/strong>, <strong>12 Pro<\/strong>, <strong>12<\/strong> ja <strong>12 Mini<\/strong> mudelitega. Seade toetab <strong>PD 3.0 kiire laadimise tehnoloogiat<\/strong>, laadides teie iPhone\u2019i aku t\u00e4is umbes <strong>3,5 tunni<\/strong> jooksul. Choetech laadija on kiire ja efektiivne v\u00f5rreldes tavaliste laadijatega, aidates v\u00e4hendada aega, mida peate oma seadme laadimiseks ootama.<\/li>\n<\/ul>\n<\/li>\n<li><strong>Kasutusmugavus<\/strong>:\n<ul>\n<li>Paigaldage <strong>Choetech induktiivne laadija<\/strong> lihtsalt oma auto \u00f5hutusavasse. Toode on \u00fchilduv enamiku \u00f5hutusavadega ja <strong>360\u00b0 p\u00f6\u00f6rlemine<\/strong> v\u00f5imaldab teil telefoni paigutada soovitud nurka. Saate laadimise ajal kasutada navigatsiooni muretult, kuna laadija ei sega signaali. Seadmel on <strong>USB-C port<\/strong>.<\/li>\n<\/ul>\n<\/li>\n<li><strong>T\u00e4iendavad eelised<\/strong>:\n<ul>\n<li>Laadija <strong>libisemiskindlad komponendid<\/strong> tagavad, et teie seade p\u00fcsib kindlalt paigal. Toode on valmistatud <strong>k\u00f5rge kvaliteediga materjalidest<\/strong>, mist\u00f5ttu on selle kasutamine t\u00e4iesti ohutu. Telefoni asendikoht on kaetud <strong>kummimaterjaliga<\/strong>, et v\u00e4ltida kriimustuste teket. Kui teie telefonil on <strong>MagSafe<\/strong>-ist erinev kate, tuleb see laadimise ajal eemaldada.<\/li>\n<\/ul>\n<\/li>\n<\/ol>\n<h3>Kokkuv\u00f5te:<\/h3>\n<p><strong>Choetech induktiivne laadija<\/strong> on ideaalne lahendus <strong>iPhone 12<\/strong> mudelite jaoks, pakkudes kiiret ja t\u00f5husat juhtmevaba laadimist. Selle lihtne paigaldamine, 360\u00b0 p\u00f6\u00f6rlemisv\u00f5imekus ja signaali mitte segav disain teevad laadimisprotsessi mugavaks ja ohutuks, eriti s\u00f5ites.<\/p>","protected":false},"excerpt":{"rendered":"<p>Choetech Induktiivne Laadija iPhone 12 jaoks Laadige oma telefoni juhtmevabalt isegi autos s\u00f5ites. Choetech induktiivne laadija on 15-wattine, toetab PD 3.0 kiire laadimise tehnoloogiat ja on spetsiaalselt disainitud iPhone 12 mudelitele. Laadija on \u00fchilduv enamiku \u00f5hutusavadega ja selle paigaldamine on \u00e4\u00e4rmiselt lihtne. Lisaks v\u00f5imaldab hoidik 360\u00b0 p\u00f6\u00f6rlemist. Toode ei sega signaali, nii et saate kasutada [&hellip;]<\/p>\n","protected":false},"featured_media":26775,"template":"","meta":{"inline_featured_image":false,"advanced_seo_description":"","jetpack_seo_html_title":"","jetpack_seo_noindex":false,"jetpack_post_was_ever_published":false},"product_brand":[],"product_cat":[613,595],"product_tag":[],"class_list":{"0":"post-27190","1":"product","2":"type-product","3":"status-publish","4":"has-post-thumbnail","6":"product_cat-autolaadija","7":"product_cat-tarvikud","9":"first","10":"instock","11":"sale","12":"purchasable","13":"product-type-simple"},"jetpack_likes_enabled":false,"jetpack_sharing_enabled":true,"_links":{"self":[{"href":"https:\/\/resale.ee\/en\/wp-json\/wp\/v2\/product\/27190","targetHints":{"allow":["GET"]}}],"collection":[{"href":"https:\/\/resale.ee\/en\/wp-json\/wp\/v2\/product"}],"about":[{"href":"https:\/\/resale.ee\/en\/wp-json\/wp\/v2\/types\/product"}],"version-history":[{"count":0,"href":"https:\/\/resale.ee\/en\/wp-json\/wp\/v2\/product\/27190\/revisions"}],"wp:featuredmedia":[{"embeddable":true,"href":"https:\/\/resale.ee\/en\/wp-json\/wp\/v2\/media\/26775"}],"wp:attachment":[{"href":"https:\/\/resale.ee\/en\/wp-json\/wp\/v2\/media?parent=27190"}],"wp:term":[{"taxonomy":"product_brand","embeddable":true,"href":"https:\/\/resale.ee\/en\/wp-json\/wp\/v2\/product_brand?post=27190"},{"taxonomy":"product_cat","embeddable":true,"href":"https:\/\/resale.ee\/en\/wp-json\/wp\/v2\/product_cat?post=27190"},{"taxonomy":"product_tag","embeddable":true,"href":"https:\/\/resale.ee\/en\/wp-json\/wp\/v2\/product_tag?post=27190"}],"curies":[{"name":"wp","href":"https:\/\/api.w.org\/{rel}","templated":true}]}}