{"id":27196,"date":"2025-03-02T16:32:58","date_gmt":"2025-03-02T14:32:58","guid":{"rendered":"https:\/\/resale.ee\/e-pood\/baseus-compact-kiirlaadija-2x-usb-10-5w-valge\/"},"modified":"2026-03-27T13:03:33","modified_gmt":"2026-03-27T11:03:33","slug":"baseus-compact-kiirlaadija-2x-usb-10-5w-valge","status":"publish","type":"product","link":"https:\/\/resale.ee\/en\/e-pood\/baseus-compact-kiirlaadija-2x-usb-10-5w-valge\/","title":{"rendered":"Baseus Compact kiirlaadija, 2x USB, 10.5W (valge)"},"content":{"rendered":"<p><strong>Baseus Compact Quick Charger 10.5W<\/strong><\/p>\n<p>Kergesti kaasatav ja portatiivne <strong>Baseus Compact Quick Charger<\/strong> on ideaalne nii kodus kui ka reisides. See on varustatud <strong>2 USB portiga<\/strong>, et saaksid mugavalt laadida kuni <strong>2 seadet samaaegselt<\/strong>. Laadija tagab kasutusohutuse ja paistab silma laia \u00fchilduvusega.<\/p>\n<h3>Peamised omadused:<\/h3>\n<ol>\n<li><strong>Ideaalne reisikaaslane<\/strong><br \/>\nKas puhkusel v\u00f5i \u00e4rireisil? V\u00f5ta laadija kaasa ja laadige oma seadmed mugavalt igal pool, kuhu l\u00e4hed! Toode on erakordselt kerge ja kompaktne, seega saad seda alati kaasas kanda. Samuti on see \u00fchilduv AC <strong>100-240V<\/strong> pingega, mis t\u00e4hendab, et saad seda kasutada peaaegu k\u00f5ikjal maailmas ilma probleemideta.<\/li>\n<li><strong>Laadi 2 seadet korraga<\/strong><br \/>\nKas sul on rohkem seadmeid, mis vajavad laadimist? V\u00f5i oled reisil koos teise inimesega ja tahad laadida oma nutitelefone samal ajal? Pole probleemi! <strong>Baseus<\/strong> laadija on varustatud <strong>2 USB portiga<\/strong>, et saaksid laadida <strong>2 seadet samal ajal<\/strong>. Ei pea enam ootama, et \u00fcks seade laeks enne, kui saad j\u00e4rgmise \u00fchendada!<\/li>\n<li><strong>Ohutu laadimine<\/strong><br \/>\nLaadija tagab ka ohutu kasutamise. Toode on varustatud t\u00f5husa kaitsega, mis kaitseb, n\u00e4iteks <strong>l\u00fchise, \u00fclevoolu ja \u00fclevoolu eest<\/strong>. Samuti on see kaitstud \u00fclekuumenemise ja madala temperatuuri eest. Veelgi enam, laadija tuvastab nutikalt \u00fchendatud seadme ja kohandab laadimisvoolu vastavalt, et kaitsta akut kahjustuste eest.<\/li>\n<li><strong>Laialdane \u00fchilduvus<\/strong><br \/>\nSelle laadijaga saad kiiresti ja ohutult laadida laia valikut seadmeid. Toode on \u00fchilduv populaarsete br\u00e4ndide nutitelefonidega, nagu <strong>Huawei, Xiaomi v\u00f5i Samsung<\/strong>. See sobib ka suurep\u00e4raselt <strong>iPhone&#8217;idele<\/strong>. Lisaks v\u00f5imaldab see laadida <strong>nutikellasid, traadita k\u00f5rvaklappe, v\u00f5imsuspankasid ja laualampe<\/strong>.<\/li>\n<\/ol>\n<h3>Kokkuv\u00f5te:<\/h3>\n<p><strong>Baseus Compact Quick Charger 10.5W<\/strong> on kerge, kompaktselt disainitud laadija, mis pakub kiiret ja ohutut laadimist. Kahe USB portiga saad laadida mitut seadet korraga. Selle laialdane \u00fchilduvus ja kasutusmugavus muudavad selle ideaaliks reisidel ja igap\u00e4evases kasutuses.<\/p>","protected":false},"excerpt":{"rendered":"<p>Baseus Compact Quick Charger 10.5W Kergesti kaasatav ja portatiivne Baseus Compact Quick Charger on ideaalne nii kodus kui ka reisides. See on varustatud 2 USB portiga, et saaksid mugavalt laadida kuni 2 seadet samaaegselt. Laadija tagab kasutusohutuse ja paistab silma laia \u00fchilduvusega. Peamised omadused: Ideaalne reisikaaslane Kas puhkusel v\u00f5i \u00e4rireisil? V\u00f5ta laadija kaasa ja laadige [&hellip;]<\/p>\n","protected":false},"featured_media":26426,"template":"","meta":{"inline_featured_image":false,"advanced_seo_description":"","jetpack_seo_html_title":"","jetpack_seo_noindex":false,"jetpack_post_was_ever_published":false},"product_brand":[],"product_cat":[614,595],"product_tag":[],"class_list":{"0":"post-27196","1":"product","2":"type-product","3":"status-publish","4":"has-post-thumbnail","6":"product_cat-laadija","7":"product_cat-tarvikud","9":"first","10":"instock","11":"sale","12":"purchasable","13":"product-type-simple"},"jetpack_likes_enabled":false,"jetpack_sharing_enabled":true,"_links":{"self":[{"href":"https:\/\/resale.ee\/en\/wp-json\/wp\/v2\/product\/27196","targetHints":{"allow":["GET"]}}],"collection":[{"href":"https:\/\/resale.ee\/en\/wp-json\/wp\/v2\/product"}],"about":[{"href":"https:\/\/resale.ee\/en\/wp-json\/wp\/v2\/types\/product"}],"version-history":[{"count":0,"href":"https:\/\/resale.ee\/en\/wp-json\/wp\/v2\/product\/27196\/revisions"}],"wp:featuredmedia":[{"embeddable":true,"href":"https:\/\/resale.ee\/en\/wp-json\/wp\/v2\/media\/26426"}],"wp:attachment":[{"href":"https:\/\/resale.ee\/en\/wp-json\/wp\/v2\/media?parent=27196"}],"wp:term":[{"taxonomy":"product_brand","embeddable":true,"href":"https:\/\/resale.ee\/en\/wp-json\/wp\/v2\/product_brand?post=27196"},{"taxonomy":"product_cat","embeddable":true,"href":"https:\/\/resale.ee\/en\/wp-json\/wp\/v2\/product_cat?post=27196"},{"taxonomy":"product_tag","embeddable":true,"href":"https:\/\/resale.ee\/en\/wp-json\/wp\/v2\/product_tag?post=27196"}],"curies":[{"name":"wp","href":"https:\/\/api.w.org\/{rel}","templated":true}]}}