{"id":27198,"date":"2025-03-02T16:32:58","date_gmt":"2025-03-02T14:32:58","guid":{"rendered":"https:\/\/resale.ee\/e-pood\/baseus-compact-kiirlaadija-usb-usb-c-20w-must\/"},"modified":"2025-12-17T22:20:32","modified_gmt":"2025-12-17T20:20:32","slug":"baseus-compact-kiirlaadija-usb-usb-c-20w-must","status":"publish","type":"product","link":"https:\/\/resale.ee\/en\/e-pood\/baseus-compact-kiirlaadija-usb-usb-c-20w-must\/","title":{"rendered":"Baseus Compact kiirlaadija, USB, USB-C, 20W (must)"},"content":{"rendered":"<p><strong>Baseus 20W AC Charger CCXJ-B01<\/strong><\/p>\n<p>Kiire laadimine ja kahe seadme samaaegne laadimine? <strong>Baseus<\/strong> teeb selle v\u00f5imalikuks! <strong>CCXJ-B01<\/strong> laadija on varustatud kahe pordiga &#8211; <strong>USB-C<\/strong> ja <strong>USB-A<\/strong>, ning kasutatud tehnoloogia tagab ohutuse. See v\u00e4ike tarvik on \u00fchilduv enamikuga populaarsest seadmetest ja kindlasti tuleb see kasuks rohkem kui \u00fcks kord.<\/p>\n<h3>Peamised omadused:<\/h3>\n<ol>\n<li><strong>Kiire laadimine teie seadmetele<\/strong><br \/>\nKasutage seda laadijat, et laadida oma seadmeid kuni <strong>3 korda kiiremini<\/strong> kui tavaliselt. Toode toetab kiire laadimise protokolle nagu <strong>PD 3.0<\/strong> ja <strong>QC 3.0<\/strong> ning suudab laadida kuni <strong>20W<\/strong>. Soovite n\u00e4ha, kui kiirelt laadija t\u00f6\u00f6tab? \u00dchendage oma <strong>iPhone 12<\/strong> &#8211; see taastab <strong>50%<\/strong> oma v\u00f5imsusest umbes <strong>30 minutiga<\/strong>!<\/li>\n<li><strong>Kaks seadet samaaegselt laadimiseks<\/strong><br \/>\nEi mingeid ooteaegu, et \u00fcks seade laeks enne, kui saate teise \u00fchendama. <strong>USB-A<\/strong> ja <strong>USB-C<\/strong> portide abil saate laadida <strong>kaks seadet samal ajal<\/strong>! Laadija on ka v\u00e4ga laia \u00fchilduvusega. Seda saab kasutada mitte ainult enamikus nutitelefonides ja tahvelarvutites, vaid ka <strong>v\u00f5imsuspankade<\/strong>, <strong>traadita m\u00e4ngijate<\/strong>, <strong>valgustite<\/strong> ja <strong>k\u00e4eshoitavate ventilaatorite<\/strong> laadimiseks.<\/li>\n<li><strong>Ohutu laadimine<\/strong><br \/>\nLaadija on varustatud <strong>nutika kiibiga<\/strong>, mis tuvastab <strong>iOS<\/strong> ja <strong>Android<\/strong> seadmed ning kohandab automaatselt optimaalset voolu. See kaitseb \u00fchendatud seadmeid \u00fclelaadimise eest. Tarvik on kaitstud ka \u00fclekuumenemise, l\u00fchise, \u00fclekoormuse ja \u00fclevoolu eest.<\/li>\n<li><strong>Optimaalne soojuse hajutamine<\/strong><br \/>\nLaadija korpus on valmistatud k\u00f5rgklassi <strong>PC-st<\/strong>, mis on vastupidav kuumusele. See teeb toote \u00e4\u00e4rmiselt vastupidavaks. Samuti on sellel suurep\u00e4rane soojuse jaotamine, mis v\u00f5imaldab hoida \u00f5ige t\u00f6\u00f6temperatuuri. Unustage laadija \u00fclekuumenemise probleemid!<\/li>\n<li><strong>Alati k\u00e4ep\u00e4rast<\/strong><br \/>\n<strong>Baseus<\/strong> br\u00e4ndi tarvik saab teid saadab mitte ainult kodus. Selle kerge kaal ja kompaktsed m\u00f5\u00f5dud muudavad selle lihtsaks paigutamiseks oma <strong>seljakotti v\u00f5i k\u00e4sipoodi<\/strong> ja viimiseks sinna, kuhu vaja. N\u00fc\u00fcd saate nautida oma seadmete kiiret laadimist olenemata sellest, kus olete &#8211; hotellis, kontoris v\u00f5i isegi rongis!<\/li>\n<\/ol>\n<h3>Kokkuv\u00f5te:<\/h3>\n<p><strong>Baseus 20W AC Charger CCXJ-B01<\/strong> on kompaktselt disainitud laadija, mis pakub kiiret laadimist ja v\u00f5imaldab teil laadida kahte seadet samaaegselt. Selle nutikas ja turvaline laadimisv\u00f5imekus, laialdane \u00fchilduvus ja kiire laadimine muudavad selle ideaalseks kaaslaseks igap\u00e4evaelus ja reisidel.<\/p>","protected":false},"excerpt":{"rendered":"<p>Baseus 20W AC Charger CCXJ-B01 Kiire laadimine ja kahe seadme samaaegne laadimine? Baseus teeb selle v\u00f5imalikuks! CCXJ-B01 laadija on varustatud kahe pordiga &#8211; USB-C ja USB-A, ning kasutatud tehnoloogia tagab ohutuse. See v\u00e4ike tarvik on \u00fchilduv enamikuga populaarsest seadmetest ja kindlasti tuleb see kasuks rohkem kui \u00fcks kord. Peamised omadused: Kiire laadimine teie seadmetele Kasutage [&hellip;]<\/p>\n","protected":false},"featured_media":26654,"template":"","meta":{"inline_featured_image":false,"advanced_seo_description":"","jetpack_seo_html_title":"","jetpack_seo_noindex":false,"jetpack_post_was_ever_published":false},"product_brand":[],"product_cat":[614,595],"product_tag":[],"class_list":{"0":"post-27198","1":"product","2":"type-product","3":"status-publish","4":"has-post-thumbnail","6":"product_cat-laadija","7":"product_cat-tarvikud","9":"first","10":"instock","11":"sale","12":"purchasable","13":"product-type-simple"},"jetpack_likes_enabled":false,"jetpack_sharing_enabled":true,"_links":{"self":[{"href":"https:\/\/resale.ee\/en\/wp-json\/wp\/v2\/product\/27198","targetHints":{"allow":["GET"]}}],"collection":[{"href":"https:\/\/resale.ee\/en\/wp-json\/wp\/v2\/product"}],"about":[{"href":"https:\/\/resale.ee\/en\/wp-json\/wp\/v2\/types\/product"}],"version-history":[{"count":0,"href":"https:\/\/resale.ee\/en\/wp-json\/wp\/v2\/product\/27198\/revisions"}],"wp:featuredmedia":[{"embeddable":true,"href":"https:\/\/resale.ee\/en\/wp-json\/wp\/v2\/media\/26654"}],"wp:attachment":[{"href":"https:\/\/resale.ee\/en\/wp-json\/wp\/v2\/media?parent=27198"}],"wp:term":[{"taxonomy":"product_brand","embeddable":true,"href":"https:\/\/resale.ee\/en\/wp-json\/wp\/v2\/product_brand?post=27198"},{"taxonomy":"product_cat","embeddable":true,"href":"https:\/\/resale.ee\/en\/wp-json\/wp\/v2\/product_cat?post=27198"},{"taxonomy":"product_tag","embeddable":true,"href":"https:\/\/resale.ee\/en\/wp-json\/wp\/v2\/product_tag?post=27198"}],"curies":[{"name":"wp","href":"https:\/\/api.w.org\/{rel}","templated":true}]}}