{"id":27204,"date":"2025-03-02T16:32:58","date_gmt":"2025-03-02T14:32:58","guid":{"rendered":"https:\/\/resale.ee\/e-pood\/baseus-super-si-kiirlaadija-1c-20wlightning-1m-kaabel-sinine\/"},"modified":"2025-12-17T22:20:32","modified_gmt":"2025-12-17T20:20:32","slug":"baseus-super-si-kiirlaadija-1c-20wlightning-1m-kaabel-sinine","status":"publish","type":"product","link":"https:\/\/resale.ee\/en\/e-pood\/baseus-super-si-kiirlaadija-1c-20wlightning-1m-kaabel-sinine\/","title":{"rendered":"Baseus Super Si kiirlaadija 1C 20W+Lightning 1m kaabel (Sinine)"},"content":{"rendered":"<p><strong>Baseus Super Si Quick Charger 1C<\/strong><\/p>\n<p>Kompaktne <strong>Baseus 1C<\/strong> laadija v\u00f5imaldab seadmeid laadida kiiresti kuni <strong>20W<\/strong> v\u00f5imsusega. T\u00e4nu keerukale kaitses\u00fcsteemile kaitseb laadija seadmeid kahjustuste eest. See on \u00fchilduv k\u00f5igi nutitelefonide ja tahvelarvutitega ning <strong>100-240V AC pinget<\/strong> saab kasutada peaaegu igal pool maailmas. Suured v\u00f5imalused k\u00e4ivad k\u00e4sik\u00e4es kompaktsuse ja v\u00e4ikese suurusega &#8211; seda saab h\u00f5lpsasti panna isegi taskusse!<\/p>\n<h3>Peamised omadused:<\/h3>\n<ol>\n<li><strong>Laadimine kuni 3 korda kiiremini<\/strong>:\n<ul>\n<li>Kasutades seda praktilist seadet, saate laadida <strong>PD toega telefone<\/strong> kuni <strong>3 korda kiiremini<\/strong> kui tavaliste laadijatega. See v\u00f5imaldab laadida umbes <strong>50% aku mahust<\/strong> vaid 30 minutiga. See on suurep\u00e4rane ajas\u00e4\u00e4stja &#8211; ei ole enam vaja oodata tunde, kuni teie nutitelefon on taas kasutusvalmis!<\/li>\n<\/ul>\n<\/li>\n<li><strong>V\u00f5rratu kasutajaohutus<\/strong>:\n<ul>\n<li><strong>Baseus laadija<\/strong> kohandab automaatselt <strong>vooluv\u00e4\u00e4rtuse<\/strong> vastavalt laaditavale seadmele, et tagada optimaalne laadimiskiirus ja kaitsta seadet kahjustuste eest. Seadmel on ka spetsiaalne kaitse \u00fclelaadimise, l\u00fchise ja \u00fclekuumenemise eest. <strong>ABS korpus<\/strong> aitab soojust efektiivselt jaotada, kaitstes teid p\u00f5letuste eest ja takistades laadija kahjustumist.<\/li>\n<\/ul>\n<\/li>\n<li><strong>Laeb mitmesuguseid seadmeid<\/strong>:\n<ul>\n<li>Toode on \u00fchilduv k\u00f5igi <strong>iPhone&#8217;idega<\/strong>, mis toetavad kiiret laadimist. Samuti t\u00f6\u00f6tab see suurep\u00e4raselt <strong>Android nutitelefonide ja tahvelarvutitega<\/strong>. Seda saab edukalt kasutada ka <strong>v\u00f5imsuspankade<\/strong>, <strong>laualampide<\/strong> v\u00f5i <strong>kandelaa\u017eventilaatorite<\/strong> laadimiseks. Paljude kiire laadimise protokollide tugi teeb sellest ainulaadse laadija, mida saab kasutada peaaegu igas olukorras!<\/li>\n<\/ul>\n<\/li>\n<li><strong>Suured omadused, v\u00e4ike suurus<\/strong>:\n<ul>\n<li><strong>Super Si tehnoloogia<\/strong> kasutamine on v\u00f5imaldanud laadija suurust v\u00e4hendada, s\u00e4ilitades samal ajal suure v\u00f5imsuse. Seade on \u00e4\u00e4rmiselt t\u00f5hus ja ohutu kasutada. See suudab t\u00f6\u00f6tada ka k\u00f5rgetel temperatuuridel. Samuti on see \u00e4\u00e4rmiselt kompaktne ja kerge &#8211; ei koorma teie pagasit, mahub kergesti kotis v\u00f5i isegi taskus, ja saate seda v\u00f5tta k\u00f5ikjale, kuhu vajate.<\/li>\n<\/ul>\n<\/li>\n<li><strong>Kvaliteetne kaabel komplektis<\/strong>:\n<ul>\n<li>Komplektilt leiate praktilise <strong>Baseus USB-C kuni Lightning kaabli<\/strong>, mis on 1m pikk. Selle abil saate t\u00e4ielikult \u00e4ra kasutada laadija v\u00f5imalusi ja laadida oma seadmeid efektiivselt. Toode on valmistatud vastupidavast <strong>PVC materjalist<\/strong>, mis teeb selle v\u00e4ga kulumiskindlaks. See kasulik kaabel v\u00f5imaldab teil kiiresti ja mugavalt laadida konkreetseid seadmeid, kui neid vaja on.<\/li>\n<\/ul>\n<\/li>\n<\/ol>\n<h3>Kokkuv\u00f5te:<\/h3>\n<p><strong>Baseus Super Si Quick Charger 1C<\/strong> on kompaktne ja v\u00f5imas laadija, mis pakub kiiret laadimist, suurep\u00e4rast ohutust ja \u00fchilduvust paljude seadmetega. Selle kaasaskantav suurus teeb sellest mugava lahenduse k\u00f5ikjal, kus on vaja oma seadmeid kiiresti laadida.<\/p>","protected":false},"excerpt":{"rendered":"<p>Baseus Super Si Quick Charger 1C Kompaktne Baseus 1C laadija v\u00f5imaldab seadmeid laadida kiiresti kuni 20W v\u00f5imsusega. T\u00e4nu keerukale kaitses\u00fcsteemile kaitseb laadija seadmeid kahjustuste eest. See on \u00fchilduv k\u00f5igi nutitelefonide ja tahvelarvutitega ning 100-240V AC pinget saab kasutada peaaegu igal pool maailmas. Suured v\u00f5imalused k\u00e4ivad k\u00e4sik\u00e4es kompaktsuse ja v\u00e4ikese suurusega &#8211; seda saab h\u00f5lpsasti panna [&hellip;]<\/p>\n","protected":false},"featured_media":26674,"template":"","meta":{"inline_featured_image":false,"advanced_seo_description":"","jetpack_seo_html_title":"","jetpack_seo_noindex":false,"jetpack_post_was_ever_published":false},"product_brand":[],"product_cat":[614,595],"product_tag":[],"class_list":{"0":"post-27204","1":"product","2":"type-product","3":"status-publish","4":"has-post-thumbnail","6":"product_cat-laadija","7":"product_cat-tarvikud","9":"first","10":"instock","11":"sale","12":"purchasable","13":"product-type-simple"},"jetpack_likes_enabled":false,"jetpack_sharing_enabled":true,"_links":{"self":[{"href":"https:\/\/resale.ee\/en\/wp-json\/wp\/v2\/product\/27204","targetHints":{"allow":["GET"]}}],"collection":[{"href":"https:\/\/resale.ee\/en\/wp-json\/wp\/v2\/product"}],"about":[{"href":"https:\/\/resale.ee\/en\/wp-json\/wp\/v2\/types\/product"}],"version-history":[{"count":0,"href":"https:\/\/resale.ee\/en\/wp-json\/wp\/v2\/product\/27204\/revisions"}],"wp:featuredmedia":[{"embeddable":true,"href":"https:\/\/resale.ee\/en\/wp-json\/wp\/v2\/media\/26674"}],"wp:attachment":[{"href":"https:\/\/resale.ee\/en\/wp-json\/wp\/v2\/media?parent=27204"}],"wp:term":[{"taxonomy":"product_brand","embeddable":true,"href":"https:\/\/resale.ee\/en\/wp-json\/wp\/v2\/product_brand?post=27204"},{"taxonomy":"product_cat","embeddable":true,"href":"https:\/\/resale.ee\/en\/wp-json\/wp\/v2\/product_cat?post=27204"},{"taxonomy":"product_tag","embeddable":true,"href":"https:\/\/resale.ee\/en\/wp-json\/wp\/v2\/product_tag?post=27204"}],"curies":[{"name":"wp","href":"https:\/\/api.w.org\/{rel}","templated":true}]}}