{"id":27206,"date":"2025-03-02T16:32:58","date_gmt":"2025-03-02T14:32:58","guid":{"rendered":"https:\/\/resale.ee\/e-pood\/baseus-super-si-kiirlaadija-1c-25w-must\/"},"modified":"2025-12-17T22:20:32","modified_gmt":"2025-12-17T20:20:32","slug":"baseus-super-si-kiirlaadija-1c-25w-must","status":"publish","type":"product","link":"https:\/\/resale.ee\/en\/e-pood\/baseus-super-si-kiirlaadija-1c-25w-must\/","title":{"rendered":"Baseus Super Si kiirlaadija 1C 25W (must)"},"content":{"rendered":"<p><strong>Baseus Laadija CCSP020101<\/strong><\/p>\n<p><strong>Baseus<\/strong> kompaktselt laadijalt <strong>CCSP020101<\/strong> saad kiiresti laadida oma seadmeid kuni <strong>25-wattise<\/strong> v\u00f5imsusega. Laadijal on keerukas kaitses\u00fcsteem, mis kaitseb laaditavaid seadmeid kahjustuste eest. Toode toetab mitmesuguseid kiire laadimise protokolle. Erineb oma laia \u00fchilduvuse poolest nutitelefonide ja tahvelarvutitega, samas kui <strong>100-240V AC pinget<\/strong> saab kasutada peaaegu igal pool maailmas. Suurep\u00e4rased omadused k\u00e4ivad k\u00e4sik\u00e4es kompaktsuse ja v\u00e4ikese suurusega &#8211; seda saab h\u00f5lpsasti taskusse panna!<\/p>\n<h3>Peamised omadused:<\/h3>\n<ol>\n<li><strong>Laadimine kuni 3 korda kiiremini<\/strong>:\n<ul>\n<li>Kasutades seda praktilist seadet, laadite <strong>PD kiire laadimise<\/strong> toega telefone kuni <strong>3 korda kiiremini<\/strong> v\u00f5rreldes traditsiooniliste laadijatega. Toetab selliseid nutitelefonide br\u00e4nde nagu <strong>Samsung<\/strong>, <strong>Apple<\/strong> ja <strong>Huawei<\/strong>, millel on PD protokoll. Suurep\u00e4rane ajas\u00e4\u00e4stja &#8211; ei ole enam vaja tunde oodata, et telefon oleks taas kasutusvalmis!<\/li>\n<\/ul>\n<\/li>\n<li><strong>V\u00f5rratu kasutajaohutus<\/strong>:\n<ul>\n<li>Baseus laadija kohandab automaatselt <strong>amperaa\u017ei<\/strong> v\u00e4\u00e4rtust vastavalt laaditavale seadmele, et tagada optimaalne laadimiskiirus ja kaitsta neid kahjustuste eest. Nutika disaini t\u00f5ttu jaotatakse soojust t\u00f5husalt, kaitstes teid p\u00f5letuste eest ja takistades laadija kahjustumist.<\/li>\n<\/ul>\n<\/li>\n<li><strong>Suured omadused, v\u00e4ike suurus<\/strong>:\n<ul>\n<li><strong>Super Si tehnoloogia<\/strong> abil on laadija suurust v\u00f5imalik v\u00e4hendada, s\u00e4ilitades samal ajal suure v\u00f5imsuse. Seade on \u00e4\u00e4rmiselt t\u00f5hus ja ohutu kasutada. See suudab t\u00f6\u00f6tada isegi k\u00f5rgetel temperatuuridel. Samuti on see \u00e4\u00e4rmiselt kompaktne ja kerge &#8211; see ei koorma teie pagasit, seda saab panna kotis v\u00f5i isegi taskusse ja v\u00f5tta k\u00f5ikjale kaasa.<\/li>\n<\/ul>\n<\/li>\n<\/ol>\n<h3>Kokkuv\u00f5te:<\/h3>\n<p><strong>Baseus CCSP020101 laadija<\/strong> on ideaalne lahendus kiireks ja turvaliseks laadimiseks, pakkudes suurep\u00e4raseid omadusi kompaktse suuruse juures. Laadige oma seadmeid kiiresti, ilma et peaksite muretsema kahjustuste v\u00f5i liiga pika laadimisaaja p\u00e4rast!<\/p>","protected":false},"excerpt":{"rendered":"<p>Baseus Laadija CCSP020101 Baseus kompaktselt laadijalt CCSP020101 saad kiiresti laadida oma seadmeid kuni 25-wattise v\u00f5imsusega. Laadijal on keerukas kaitses\u00fcsteem, mis kaitseb laaditavaid seadmeid kahjustuste eest. Toode toetab mitmesuguseid kiire laadimise protokolle. Erineb oma laia \u00fchilduvuse poolest nutitelefonide ja tahvelarvutitega, samas kui 100-240V AC pinget saab kasutada peaaegu igal pool maailmas. Suurep\u00e4rased omadused k\u00e4ivad k\u00e4sik\u00e4es kompaktsuse [&hellip;]<\/p>\n","protected":false},"featured_media":26414,"template":"","meta":{"inline_featured_image":false,"advanced_seo_description":"","jetpack_seo_html_title":"","jetpack_seo_noindex":false,"jetpack_post_was_ever_published":false},"product_brand":[],"product_cat":[614,595],"product_tag":[],"class_list":{"0":"post-27206","1":"product","2":"type-product","3":"status-publish","4":"has-post-thumbnail","6":"product_cat-laadija","7":"product_cat-tarvikud","9":"first","10":"instock","11":"sale","12":"purchasable","13":"product-type-simple"},"jetpack_likes_enabled":false,"jetpack_sharing_enabled":true,"_links":{"self":[{"href":"https:\/\/resale.ee\/en\/wp-json\/wp\/v2\/product\/27206","targetHints":{"allow":["GET"]}}],"collection":[{"href":"https:\/\/resale.ee\/en\/wp-json\/wp\/v2\/product"}],"about":[{"href":"https:\/\/resale.ee\/en\/wp-json\/wp\/v2\/types\/product"}],"version-history":[{"count":0,"href":"https:\/\/resale.ee\/en\/wp-json\/wp\/v2\/product\/27206\/revisions"}],"wp:featuredmedia":[{"embeddable":true,"href":"https:\/\/resale.ee\/en\/wp-json\/wp\/v2\/media\/26414"}],"wp:attachment":[{"href":"https:\/\/resale.ee\/en\/wp-json\/wp\/v2\/media?parent=27206"}],"wp:term":[{"taxonomy":"product_brand","embeddable":true,"href":"https:\/\/resale.ee\/en\/wp-json\/wp\/v2\/product_brand?post=27206"},{"taxonomy":"product_cat","embeddable":true,"href":"https:\/\/resale.ee\/en\/wp-json\/wp\/v2\/product_cat?post=27206"},{"taxonomy":"product_tag","embeddable":true,"href":"https:\/\/resale.ee\/en\/wp-json\/wp\/v2\/product_tag?post=27206"}],"curies":[{"name":"wp","href":"https:\/\/api.w.org\/{rel}","templated":true}]}}