{"id":27210,"date":"2025-03-02T16:33:14","date_gmt":"2025-03-02T14:33:14","guid":{"rendered":"https:\/\/resale.ee\/e-pood\/baseus-super-si-kiirlaadija-1c-30w-must\/"},"modified":"2025-12-17T22:20:31","modified_gmt":"2025-12-17T20:20:31","slug":"baseus-super-si-kiirlaadija-1c-30w-must","status":"publish","type":"product","link":"https:\/\/resale.ee\/en\/e-pood\/baseus-super-si-kiirlaadija-1c-30w-must\/","title":{"rendered":"Baseus Super Si kiirlaadija 1C 30W (must)"},"content":{"rendered":"<p><strong>Baseus Super Si Quick Charger 1C<\/strong> on kompaktne laadija, mis v\u00f5imaldab seadmete kiiret laadimist kuni 30W. T\u00e4nu keerukale turvas\u00fcsteemile kaitseb see laetavaid seadmeid kahjustuste eest. Laadija on \u00fchilduv k\u00f5igi nutitelefonide ja tahvelarvutitega, samas kui AC pingetugevuse vahemik 100-240V v\u00f5imaldab seda kasutada praktiliselt igal pool maailmas. Selle suurte v\u00f5imaluste k\u00f5rval on laadija v\u00e4ga kompaktne \u2013 seda saab kergesti panna isegi taskusse!<\/p>\n<h3>Peamised omadused:<\/h3>\n<ol>\n<li><strong>Kuni 3 korda kiirem laadimine<\/strong>:\n<ul>\n<li>Selle praktilise seadmega saate laadida PD-\u00fchilduvaid telefone kuni <strong>3 korda kiiremini<\/strong> kui tavaliste laadijatega. Laadimisv\u00f5imalus umbes <strong>50% aku mahust 30 minutiga<\/strong> on suur ajas\u00e4\u00e4stja \u2013 ei ole enam vaja tunde oodata, et teie nutitelefon oleks j\u00e4lle kasutusvalmis!<\/li>\n<\/ul>\n<\/li>\n<li><strong>V\u00f5rratu kasutaja turvalisus<\/strong>:\n<ul>\n<li>Baseus laadija reguleerib automaatselt voolu v\u00e4\u00e4rtuse vastavalt laaditava seadme t\u00fc\u00fcbile, et tagada optimaalne laadimiskiirus ja kaitsta seadet kahjustuste eest. Seade sisaldab ka erikaitset \u00fclekoormuse, l\u00fchise ja \u00fclekuumenemise eest. Lisaks aitab PC-plastkorpus soojuse efektiivsemat hajumist, kaitstes teid p\u00f5letuste eest ja ennetades laadija kahjustamist.<\/li>\n<\/ul>\n<\/li>\n<li><strong>\u00dchilduvus paljude seadmetega<\/strong>:\n<ul>\n<li>Toode on \u00fchilduv k\u00f5igi <strong>iPhone&#8217;idega<\/strong>, mis toetavad kiiret laadimist. Samuti t\u00f6\u00f6tab see suurep\u00e4raselt <strong>Android nutitelefonide<\/strong> ja <strong>tahvelarvutitega<\/strong>. Lisaks saate seda edukalt kasutada koos <strong>v\u00f5imsuspankade<\/strong>, <strong>laulampide<\/strong> v\u00f5i <strong>k\u00e4epuhureitega<\/strong>. Kiirlaadimisprotokollide nagu <strong>PD 3.0<\/strong> ja <strong>QC 3.0<\/strong> tugi muudab selle laadija sobivaks peaaegu iga olukorra jaoks!<\/li>\n<\/ul>\n<\/li>\n<li><strong>Suured v\u00f5imalused, v\u00e4ikesed m\u00f5\u00f5tmed<\/strong>:\n<ul>\n<li><strong>Super Si tehnoloogia<\/strong> kasutamine on v\u00f5imaldanud laadija suuruse v\u00e4hendamist, samas suurendades selle v\u00f5imsust. Seade on \u00e4\u00e4rmiselt efektiivne ja turvaline kasutada. See suudab t\u00f6\u00f6tada ka k\u00f5rgetel temperatuuridel, kuid j\u00e4\u00e4b siiski \u00e4\u00e4rmiselt v\u00e4ikseks ja kerg weight ja ei koorma teie pagasit. Laadija mahub kergesti teie kotti v\u00f5i isegi taskusse ning saab seda viia igale poole, kuhu teil seda vaja on.<\/li>\n<\/ul>\n<\/li>\n<\/ol>\n<h3>Kokkuv\u00f5te:<\/h3>\n<p><strong>Baseus Super Si Quick Charger 1C<\/strong> on v\u00e4ike, kuid v\u00e4ga v\u00f5imas laadija, mis pakub kiiret ja ohutut laadimist. T\u00e4nu oma mitmekesisele \u00fchilduvusele, kompaktsusele ja turvalisusele on see ideaalne valik igap\u00e4evaseks kasutamiseks ja reisimiseks.<\/p>","protected":false},"excerpt":{"rendered":"<p>Baseus Super Si Quick Charger 1C on kompaktne laadija, mis v\u00f5imaldab seadmete kiiret laadimist kuni 30W. T\u00e4nu keerukale turvas\u00fcsteemile kaitseb see laetavaid seadmeid kahjustuste eest. Laadija on \u00fchilduv k\u00f5igi nutitelefonide ja tahvelarvutitega, samas kui AC pingetugevuse vahemik 100-240V v\u00f5imaldab seda kasutada praktiliselt igal pool maailmas. Selle suurte v\u00f5imaluste k\u00f5rval on laadija v\u00e4ga kompaktne \u2013 seda [&hellip;]<\/p>\n","protected":false},"featured_media":26631,"template":"","meta":{"inline_featured_image":false,"advanced_seo_description":"","jetpack_seo_html_title":"","jetpack_seo_noindex":false,"jetpack_post_was_ever_published":false},"product_brand":[],"product_cat":[614,595],"product_tag":[],"class_list":{"0":"post-27210","1":"product","2":"type-product","3":"status-publish","4":"has-post-thumbnail","6":"product_cat-laadija","7":"product_cat-tarvikud","9":"first","10":"instock","11":"sale","12":"purchasable","13":"product-type-simple"},"jetpack_likes_enabled":false,"jetpack_sharing_enabled":true,"_links":{"self":[{"href":"https:\/\/resale.ee\/en\/wp-json\/wp\/v2\/product\/27210","targetHints":{"allow":["GET"]}}],"collection":[{"href":"https:\/\/resale.ee\/en\/wp-json\/wp\/v2\/product"}],"about":[{"href":"https:\/\/resale.ee\/en\/wp-json\/wp\/v2\/types\/product"}],"version-history":[{"count":0,"href":"https:\/\/resale.ee\/en\/wp-json\/wp\/v2\/product\/27210\/revisions"}],"wp:featuredmedia":[{"embeddable":true,"href":"https:\/\/resale.ee\/en\/wp-json\/wp\/v2\/media\/26631"}],"wp:attachment":[{"href":"https:\/\/resale.ee\/en\/wp-json\/wp\/v2\/media?parent=27210"}],"wp:term":[{"taxonomy":"product_brand","embeddable":true,"href":"https:\/\/resale.ee\/en\/wp-json\/wp\/v2\/product_brand?post=27210"},{"taxonomy":"product_cat","embeddable":true,"href":"https:\/\/resale.ee\/en\/wp-json\/wp\/v2\/product_cat?post=27210"},{"taxonomy":"product_tag","embeddable":true,"href":"https:\/\/resale.ee\/en\/wp-json\/wp\/v2\/product_tag?post=27210"}],"curies":[{"name":"wp","href":"https:\/\/api.w.org\/{rel}","templated":true}]}}