{"id":27240,"date":"2025-03-02T16:33:14","date_gmt":"2025-03-02T14:33:14","guid":{"rendered":"https:\/\/resale.ee\/e-pood\/juhtmevaba-juhtmevaba-laadija-choetech-t511-s-10w-must\/"},"modified":"2025-12-17T22:20:31","modified_gmt":"2025-12-17T20:20:31","slug":"juhtmevaba-juhtmevaba-laadija-choetech-t511-s-10w-must","status":"publish","type":"product","link":"https:\/\/resale.ee\/en\/e-pood\/juhtmevaba-juhtmevaba-laadija-choetech-t511-s-10w-must\/","title":{"rendered":"Juhtmevaba Juhtmevaba laadija Choetech T511-S, 10W (must)"},"content":{"rendered":"<p><strong>Choetech 10W Wireless Induction Charger<\/strong><\/p>\n<p>Kas soovite oma telefoni mugavalt laadida ilma kaablit \u00fchendamata? Laadige oma nutitelefon kiiresti ja mugavalt Choetechi juhtmevaba induktsiooniajamiga! Unustage pikk ooteaeg enne, kui teie seade on kasutamiseks valmis, kuna laadimine on kuni <strong>1,4 korda kiirem<\/strong>, pakkudes laia \u00fchilduvust populaarsete seadmetega. T\u00e4nu h\u00e4sti l\u00e4bim\u00f5eldud disainile j\u00e4\u00e4b telefon stabiilselt paika. Mitmed turvafunktsioonid tagavad induktsioonlaadija t\u00e4iesti ohutu kasutamise.<\/p>\n<h3>Peamised omadused:<\/h3>\n<ol>\n<li><strong>Lai \u00fchilduvus<\/strong>:\n<ul>\n<li><strong>10 W kiire laadimine<\/strong> on v\u00f5imalik j\u00e4rgmistele seadmetele: <strong>Galaxy S9, S9 Plus, Galaxy S8, S8 Plus, Galaxy Note 8, Galaxy Note 9, Galaxy S7, Galaxy S7 Edge, Galaxy Note 5, Galaxy S6 Edge Plus<\/strong>.<\/li>\n<li><strong>7,5 W laadimine<\/strong> on v\u00f5imalik j\u00e4rgmistele <strong>iPhone XS, XR, XS Max, iPhone X, 8, 8 Plus<\/strong>.<\/li>\n<li>Kiirlaadimiseks on vajalik <strong>QC2.0\/3.0 adapter<\/strong>, samas kui <strong>5 W laadimine<\/strong> on v\u00f5imalik k\u00f5igi seadmetega, mis vastavad Qi standardile. Nagu n\u00e4ete, on valikud v\u00e4ga mitmekesised!<\/li>\n<\/ul>\n<\/li>\n<li><strong>Kasutamise ohutus<\/strong>:\n<ul>\n<li>Choetechi induktsioonlaadija on varustatud <strong>Micro-USB<\/strong> portiga, on <strong>Qi sertifitseeritud<\/strong> ja omab kaitset <strong>kiirguse, \u00fclekoormuse, \u00fclekuumenemise, \u00fclepinge ja l\u00fchise<\/strong> eest.<\/li>\n<li>Lisaks j\u00e4lgib laadija temperatuuri ja tuvastab v\u00f5\u00f5rkehad, muutes kasutamise t\u00e4iesti ohutuks. Laadimise ajal on soovitatav eemaldada k\u00f5ik metall- v\u00f5i magnetilised komponendid. Kui telefoni kaitse\u00fcmbris ei \u00fcleta <strong>5 mm paksust<\/strong>, ei sega see laadimisprotsessi.<\/li>\n<\/ul>\n<\/li>\n<li><strong>Hoolikalt l\u00e4bim\u00f5eldud disain<\/strong>:\n<ul>\n<li>Choetechi induktsioonlaadijal on <strong>\u00f5huke ja kompaktne disain<\/strong>. T\u00e4nu <strong>silikoontooted mitte-libisevale mattile<\/strong> ja <strong>silikoontooted kummipadjakestele<\/strong> ei pea te muretsema oma telefoni turvalisuse p\u00e4rast \u2013 see p\u00fcsib stabiilselt paigal.<\/li>\n<li>Laadijal on sisseehitatud <strong>LED-indikaator<\/strong>, mis n\u00e4itab teie seadme laadimise staatust.<\/li>\n<\/ul>\n<\/li>\n<\/ol>\n<h3>Kokkuv\u00f5te:<\/h3>\n<p><strong>Choetech 10W Wireless Induction Charger<\/strong> on praktiline, kiire ja ohutu lahendus nutitelefonide juhtmevabaks laadimiseks. T\u00e4nu oma laiale \u00fchilduvusele, turvafunktsioonidele ja l\u00e4bim\u00f5eldud disainile on see suurep\u00e4rane valik, kui otsite mugavat laadimisv\u00f5imalust.<\/p>","protected":false},"excerpt":{"rendered":"<p>Choetech 10W Wireless Induction Charger Kas soovite oma telefoni mugavalt laadida ilma kaablit \u00fchendamata? Laadige oma nutitelefon kiiresti ja mugavalt Choetechi juhtmevaba induktsiooniajamiga! Unustage pikk ooteaeg enne, kui teie seade on kasutamiseks valmis, kuna laadimine on kuni 1,4 korda kiirem, pakkudes laia \u00fchilduvust populaarsete seadmetega. T\u00e4nu h\u00e4sti l\u00e4bim\u00f5eldud disainile j\u00e4\u00e4b telefon stabiilselt paika. Mitmed turvafunktsioonid [&hellip;]<\/p>\n","protected":false},"featured_media":26772,"template":"","meta":{"inline_featured_image":false,"advanced_seo_description":"","jetpack_seo_html_title":"","jetpack_seo_noindex":false,"jetpack_post_was_ever_published":false},"product_brand":[],"product_cat":[614,595],"product_tag":[],"class_list":{"0":"post-27240","1":"product","2":"type-product","3":"status-publish","4":"has-post-thumbnail","6":"product_cat-laadija","7":"product_cat-tarvikud","9":"first","10":"instock","11":"sale","12":"purchasable","13":"product-type-simple"},"jetpack_likes_enabled":false,"jetpack_sharing_enabled":true,"_links":{"self":[{"href":"https:\/\/resale.ee\/en\/wp-json\/wp\/v2\/product\/27240","targetHints":{"allow":["GET"]}}],"collection":[{"href":"https:\/\/resale.ee\/en\/wp-json\/wp\/v2\/product"}],"about":[{"href":"https:\/\/resale.ee\/en\/wp-json\/wp\/v2\/types\/product"}],"version-history":[{"count":0,"href":"https:\/\/resale.ee\/en\/wp-json\/wp\/v2\/product\/27240\/revisions"}],"wp:featuredmedia":[{"embeddable":true,"href":"https:\/\/resale.ee\/en\/wp-json\/wp\/v2\/media\/26772"}],"wp:attachment":[{"href":"https:\/\/resale.ee\/en\/wp-json\/wp\/v2\/media?parent=27240"}],"wp:term":[{"taxonomy":"product_brand","embeddable":true,"href":"https:\/\/resale.ee\/en\/wp-json\/wp\/v2\/product_brand?post=27240"},{"taxonomy":"product_cat","embeddable":true,"href":"https:\/\/resale.ee\/en\/wp-json\/wp\/v2\/product_cat?post=27240"},{"taxonomy":"product_tag","embeddable":true,"href":"https:\/\/resale.ee\/en\/wp-json\/wp\/v2\/product_tag?post=27240"}],"curies":[{"name":"wp","href":"https:\/\/api.w.org\/{rel}","templated":true}]}}