{"id":27536,"date":"2025-03-20T18:19:49","date_gmt":"2025-03-20T16:19:49","guid":{"rendered":"https:\/\/resale.ee\/?post_type=product&#038;p=27536"},"modified":"2025-04-07T19:06:18","modified_gmt":"2025-04-07T16:06:18","slug":"p2417h","status":"publish","type":"product","link":"https:\/\/resale.ee\/en\/e-pood\/p2417h\/","title":{"rendered":"Dell P2417H 24&#8243; FullHD"},"content":{"rendered":"","protected":false},"excerpt":{"rendered":"<p>Monitore m\u00fc\u00fcme ainult esindusest kohapealt! E-poest soetades, palume valida tarneviisiks tulen ise j\u00e4rele.<\/p>","protected":false},"featured_media":27538,"template":"","meta":{"inline_featured_image":false,"advanced_seo_description":"","jetpack_seo_html_title":"","jetpack_seo_noindex":false},"product_brand":[],"product_cat":[138],"product_tag":[],"class_list":{"0":"post-27536","1":"product","2":"type-product","3":"status-publish","4":"has-post-thumbnail","6":"product_cat-monitorid","8":"first","9":"outofstock","10":"sale","11":"taxable","12":"shipping-taxable","13":"purchasable","14":"product-type-simple"},"jetpack_likes_enabled":false,"jetpack_sharing_enabled":true,"_links":{"self":[{"href":"https:\/\/resale.ee\/en\/wp-json\/wp\/v2\/product\/27536","targetHints":{"allow":["GET"]}}],"collection":[{"href":"https:\/\/resale.ee\/en\/wp-json\/wp\/v2\/product"}],"about":[{"href":"https:\/\/resale.ee\/en\/wp-json\/wp\/v2\/types\/product"}],"version-history":[{"count":0,"href":"https:\/\/resale.ee\/en\/wp-json\/wp\/v2\/product\/27536\/revisions"}],"wp:featuredmedia":[{"embeddable":true,"href":"https:\/\/resale.ee\/en\/wp-json\/wp\/v2\/media\/27538"}],"wp:attachment":[{"href":"https:\/\/resale.ee\/en\/wp-json\/wp\/v2\/media?parent=27536"}],"wp:term":[{"taxonomy":"product_brand","embeddable":true,"href":"https:\/\/resale.ee\/en\/wp-json\/wp\/v2\/product_brand?post=27536"},{"taxonomy":"product_cat","embeddable":true,"href":"https:\/\/resale.ee\/en\/wp-json\/wp\/v2\/product_cat?post=27536"},{"taxonomy":"product_tag","embeddable":true,"href":"https:\/\/resale.ee\/en\/wp-json\/wp\/v2\/product_tag?post=27536"}],"curies":[{"name":"wp","href":"https:\/\/api.w.org\/{rel}","templated":true}]}}