{"id":29433,"date":"2025-11-28T02:37:48","date_gmt":"2025-11-28T00:37:48","guid":{"rendered":"https:\/\/resale.ee\/?post_type=product&#038;p=29433"},"modified":"2026-02-05T17:26:11","modified_gmt":"2026-02-05T15:26:11","slug":"8440006","status":"publish","type":"product","link":"https:\/\/resale.ee\/en\/e-pood\/8440006\/","title":{"rendered":"LEIUNURK! Lenovo ThinkPad T15 15.6&#8243; i5\/16gb\/256gb"},"content":{"rendered":"","protected":false},"excerpt":{"rendered":"<p>\u00dcks kahest USB-C pesast ei t\u00f6\u00f6ta.<\/p>","protected":false},"featured_media":29431,"template":"","meta":{"inline_featured_image":false,"advanced_seo_description":"","jetpack_seo_html_title":"","jetpack_seo_noindex":false,"jetpack_post_was_ever_published":false},"product_brand":[],"product_cat":[407,232,45],"product_tag":[234],"class_list":{"0":"post-29433","1":"product","2":"type-product","3":"status-publish","4":"has-post-thumbnail","6":"product_cat-leiunurk","7":"product_cat-lenovo-sulearvutid","8":"product_cat-sulearvutid","9":"product_tag-i5","11":"first","12":"instock","13":"taxable","14":"shipping-taxable","15":"purchasable","16":"product-type-simple"},"jetpack_likes_enabled":false,"jetpack_sharing_enabled":true,"_links":{"self":[{"href":"https:\/\/resale.ee\/en\/wp-json\/wp\/v2\/product\/29433","targetHints":{"allow":["GET"]}}],"collection":[{"href":"https:\/\/resale.ee\/en\/wp-json\/wp\/v2\/product"}],"about":[{"href":"https:\/\/resale.ee\/en\/wp-json\/wp\/v2\/types\/product"}],"version-history":[{"count":0,"href":"https:\/\/resale.ee\/en\/wp-json\/wp\/v2\/product\/29433\/revisions"}],"wp:featuredmedia":[{"embeddable":true,"href":"https:\/\/resale.ee\/en\/wp-json\/wp\/v2\/media\/29431"}],"wp:attachment":[{"href":"https:\/\/resale.ee\/en\/wp-json\/wp\/v2\/media?parent=29433"}],"wp:term":[{"taxonomy":"product_brand","embeddable":true,"href":"https:\/\/resale.ee\/en\/wp-json\/wp\/v2\/product_brand?post=29433"},{"taxonomy":"product_cat","embeddable":true,"href":"https:\/\/resale.ee\/en\/wp-json\/wp\/v2\/product_cat?post=29433"},{"taxonomy":"product_tag","embeddable":true,"href":"https:\/\/resale.ee\/en\/wp-json\/wp\/v2\/product_tag?post=29433"}],"curies":[{"name":"wp","href":"https:\/\/api.w.org\/{rel}","templated":true}]}}