{"id":30690,"date":"2026-02-09T14:55:46","date_gmt":"2026-02-09T12:55:46","guid":{"rendered":"https:\/\/resale.ee\/?post_type=product&#038;p=30690"},"modified":"2026-04-16T20:13:29","modified_gmt":"2026-04-16T17:13:29","slug":"2100191","status":"publish","type":"product","link":"https:\/\/resale.ee\/en\/e-pood\/2100191\/","title":{"rendered":"Lenovo Thinkpad T14 Gen 1 14&#8243; Ryzen5\/32gb\/512gb"},"content":{"rendered":"","protected":false},"excerpt":{"rendered":"<p>korpusel klaviatuuri \u00fcleval vasakus nurgas v\u00e4ike m\u00f5ra, kasutamist ei sega ja silma ei paista v\u00e4ga<\/p>","protected":false},"featured_media":30691,"template":"","meta":{"inline_featured_image":false,"advanced_seo_description":"","jetpack_seo_html_title":"","jetpack_seo_noindex":false,"jetpack_post_was_ever_published":false},"product_brand":[],"product_cat":[232,744,45],"product_tag":[],"class_list":{"0":"post-30690","1":"product","2":"type-product","3":"status-publish","4":"has-post-thumbnail","6":"product_cat-lenovo-sulearvutid","7":"product_cat-lenovo-thinkpad-t14-gen-1","8":"product_cat-sulearvutid","10":"first","11":"instock","12":"sale","13":"taxable","14":"shipping-taxable","15":"purchasable","16":"product-type-simple"},"jetpack_likes_enabled":false,"jetpack_sharing_enabled":true,"_links":{"self":[{"href":"https:\/\/resale.ee\/en\/wp-json\/wp\/v2\/product\/30690","targetHints":{"allow":["GET"]}}],"collection":[{"href":"https:\/\/resale.ee\/en\/wp-json\/wp\/v2\/product"}],"about":[{"href":"https:\/\/resale.ee\/en\/wp-json\/wp\/v2\/types\/product"}],"version-history":[{"count":0,"href":"https:\/\/resale.ee\/en\/wp-json\/wp\/v2\/product\/30690\/revisions"}],"wp:featuredmedia":[{"embeddable":true,"href":"https:\/\/resale.ee\/en\/wp-json\/wp\/v2\/media\/30691"}],"wp:attachment":[{"href":"https:\/\/resale.ee\/en\/wp-json\/wp\/v2\/media?parent=30690"}],"wp:term":[{"taxonomy":"product_brand","embeddable":true,"href":"https:\/\/resale.ee\/en\/wp-json\/wp\/v2\/product_brand?post=30690"},{"taxonomy":"product_cat","embeddable":true,"href":"https:\/\/resale.ee\/en\/wp-json\/wp\/v2\/product_cat?post=30690"},{"taxonomy":"product_tag","embeddable":true,"href":"https:\/\/resale.ee\/en\/wp-json\/wp\/v2\/product_tag?post=30690"}],"curies":[{"name":"wp","href":"https:\/\/api.w.org\/{rel}","templated":true}]}}