{"id":30841,"date":"2026-02-09T16:38:52","date_gmt":"2026-02-09T14:38:52","guid":{"rendered":"https:\/\/resale.ee\/?post_type=product&#038;p=30841"},"modified":"2026-02-10T16:53:34","modified_gmt":"2026-02-10T14:53:34","slug":"1490016","status":"publish","type":"product","link":"https:\/\/resale.ee\/en\/e-pood\/1490016\/","title":{"rendered":"LEIUNURK! Lenovo ThinkPad X13 Gen 2 13.3&#8243; i5\/16gb\/256gb"},"content":{"rendered":"","protected":false},"excerpt":{"rendered":"<p>\u00dcks kahest USB-C pesast ei t\u00f6\u00f6ta, muus osas ok.<\/p>","protected":false},"featured_media":30842,"template":"","meta":{"inline_featured_image":false,"advanced_seo_description":"","jetpack_seo_html_title":"","jetpack_seo_noindex":false,"jetpack_post_was_ever_published":false},"product_brand":[],"product_cat":[407,232,752,45],"product_tag":[],"class_list":{"0":"post-30841","1":"product","2":"type-product","3":"status-publish","4":"has-post-thumbnail","6":"product_cat-leiunurk","7":"product_cat-lenovo-sulearvutid","8":"product_cat-lenovo-thinkpad-x13-g2","9":"product_cat-sulearvutid","11":"first","12":"instock","13":"taxable","14":"shipping-taxable","15":"purchasable","16":"product-type-simple"},"jetpack_likes_enabled":false,"jetpack_sharing_enabled":true,"_links":{"self":[{"href":"https:\/\/resale.ee\/en\/wp-json\/wp\/v2\/product\/30841","targetHints":{"allow":["GET"]}}],"collection":[{"href":"https:\/\/resale.ee\/en\/wp-json\/wp\/v2\/product"}],"about":[{"href":"https:\/\/resale.ee\/en\/wp-json\/wp\/v2\/types\/product"}],"version-history":[{"count":0,"href":"https:\/\/resale.ee\/en\/wp-json\/wp\/v2\/product\/30841\/revisions"}],"wp:featuredmedia":[{"embeddable":true,"href":"https:\/\/resale.ee\/en\/wp-json\/wp\/v2\/media\/30842"}],"wp:attachment":[{"href":"https:\/\/resale.ee\/en\/wp-json\/wp\/v2\/media?parent=30841"}],"wp:term":[{"taxonomy":"product_brand","embeddable":true,"href":"https:\/\/resale.ee\/en\/wp-json\/wp\/v2\/product_brand?post=30841"},{"taxonomy":"product_cat","embeddable":true,"href":"https:\/\/resale.ee\/en\/wp-json\/wp\/v2\/product_cat?post=30841"},{"taxonomy":"product_tag","embeddable":true,"href":"https:\/\/resale.ee\/en\/wp-json\/wp\/v2\/product_tag?post=30841"}],"curies":[{"name":"wp","href":"https:\/\/api.w.org\/{rel}","templated":true}]}}