{"id":31051,"date":"2026-02-10T12:52:17","date_gmt":"2026-02-10T10:52:17","guid":{"rendered":"https:\/\/resale.ee\/?post_type=product&#038;p=31051"},"modified":"2026-04-02T01:24:39","modified_gmt":"2026-04-01T22:24:39","slug":"8720003","status":"publish","type":"product","link":"https:\/\/resale.ee\/en\/e-pood\/8720003\/","title":{"rendered":"Lenovo Thinkpad T14 Gen 1 14&#8243; Ryzen5\/16gb\/256gb"},"content":{"rendered":"","protected":false},"excerpt":{"rendered":"<p>\u00dcks kahest USB-C pesast ei t\u00f6\u00f6ta, muus osas heas korras.<\/p>","protected":false},"featured_media":31052,"template":"","meta":{"inline_featured_image":false,"advanced_seo_description":"","jetpack_seo_html_title":"","jetpack_seo_noindex":false,"jetpack_post_was_ever_published":false},"product_brand":[],"product_cat":[407,232,744,45],"product_tag":[],"class_list":{"0":"post-31051","1":"product","2":"type-product","3":"status-publish","4":"has-post-thumbnail","6":"product_cat-leiunurk","7":"product_cat-lenovo-sulearvutid","8":"product_cat-lenovo-thinkpad-t14-gen-1","9":"product_cat-sulearvutid","11":"first","12":"instock","13":"taxable","14":"shipping-taxable","15":"purchasable","16":"product-type-simple"},"jetpack_likes_enabled":false,"jetpack_sharing_enabled":true,"_links":{"self":[{"href":"https:\/\/resale.ee\/en\/wp-json\/wp\/v2\/product\/31051","targetHints":{"allow":["GET"]}}],"collection":[{"href":"https:\/\/resale.ee\/en\/wp-json\/wp\/v2\/product"}],"about":[{"href":"https:\/\/resale.ee\/en\/wp-json\/wp\/v2\/types\/product"}],"version-history":[{"count":0,"href":"https:\/\/resale.ee\/en\/wp-json\/wp\/v2\/product\/31051\/revisions"}],"wp:featuredmedia":[{"embeddable":true,"href":"https:\/\/resale.ee\/en\/wp-json\/wp\/v2\/media\/31052"}],"wp:attachment":[{"href":"https:\/\/resale.ee\/en\/wp-json\/wp\/v2\/media?parent=31051"}],"wp:term":[{"taxonomy":"product_brand","embeddable":true,"href":"https:\/\/resale.ee\/en\/wp-json\/wp\/v2\/product_brand?post=31051"},{"taxonomy":"product_cat","embeddable":true,"href":"https:\/\/resale.ee\/en\/wp-json\/wp\/v2\/product_cat?post=31051"},{"taxonomy":"product_tag","embeddable":true,"href":"https:\/\/resale.ee\/en\/wp-json\/wp\/v2\/product_tag?post=31051"}],"curies":[{"name":"wp","href":"https:\/\/api.w.org\/{rel}","templated":true}]}}