{"id":32264,"date":"2026-03-05T23:48:04","date_gmt":"2026-03-05T21:48:04","guid":{"rendered":"https:\/\/resale.ee\/?post_type=product&#038;p=32264"},"modified":"2026-04-02T01:43:02","modified_gmt":"2026-04-01T22:43:02","slug":"p27h-10","status":"publish","type":"product","link":"https:\/\/resale.ee\/en\/e-pood\/p27h-10\/","title":{"rendered":"LENOVO P27H-10 QHD USB-C DOCK"},"content":{"rendered":"","protected":false},"excerpt":{"rendered":"<p>Monitore m\u00fc\u00fcme ainult esindusest kohapealt! E-poest soetades, palume valida tarneviisiks tulen ise j\u00e4rele.<\/p>","protected":false},"featured_media":32265,"template":"","meta":{"inline_featured_image":false,"advanced_seo_description":"","jetpack_seo_html_title":"","jetpack_seo_noindex":false,"jetpack_post_was_ever_published":false},"product_brand":[],"product_cat":[138],"product_tag":[],"class_list":{"0":"post-32264","1":"product","2":"type-product","3":"status-publish","4":"has-post-thumbnail","6":"product_cat-monitorid","8":"first","9":"instock","10":"taxable","11":"shipping-taxable","12":"purchasable","13":"product-type-simple"},"jetpack_likes_enabled":false,"jetpack_sharing_enabled":true,"_links":{"self":[{"href":"https:\/\/resale.ee\/en\/wp-json\/wp\/v2\/product\/32264","targetHints":{"allow":["GET"]}}],"collection":[{"href":"https:\/\/resale.ee\/en\/wp-json\/wp\/v2\/product"}],"about":[{"href":"https:\/\/resale.ee\/en\/wp-json\/wp\/v2\/types\/product"}],"version-history":[{"count":0,"href":"https:\/\/resale.ee\/en\/wp-json\/wp\/v2\/product\/32264\/revisions"}],"wp:featuredmedia":[{"embeddable":true,"href":"https:\/\/resale.ee\/en\/wp-json\/wp\/v2\/media\/32265"}],"wp:attachment":[{"href":"https:\/\/resale.ee\/en\/wp-json\/wp\/v2\/media?parent=32264"}],"wp:term":[{"taxonomy":"product_brand","embeddable":true,"href":"https:\/\/resale.ee\/en\/wp-json\/wp\/v2\/product_brand?post=32264"},{"taxonomy":"product_cat","embeddable":true,"href":"https:\/\/resale.ee\/en\/wp-json\/wp\/v2\/product_cat?post=32264"},{"taxonomy":"product_tag","embeddable":true,"href":"https:\/\/resale.ee\/en\/wp-json\/wp\/v2\/product_tag?post=32264"}],"curies":[{"name":"wp","href":"https:\/\/api.w.org\/{rel}","templated":true}]}}