{"id":33175,"date":"2026-04-13T20:14:56","date_gmt":"2026-04-13T17:14:56","guid":{"rendered":"https:\/\/resale.ee\/?post_type=product&#038;p=33175"},"modified":"2026-04-13T20:22:17","modified_gmt":"2026-04-13T17:22:17","slug":"lenovo-40ac-dock-thinkpad-thunderbolt-3-dock-90w-laadija-uhenduskaabel","status":"publish","type":"product","link":"https:\/\/resale.ee\/en\/e-pood\/lenovo-40ac-dock-thinkpad-thunderbolt-3-dock-90w-laadija-uhenduskaabel\/","title":{"rendered":"Lenovo 40AC Dock \u2013 ThinkPad Thunderbolt 3 Dock, 90w laadija, \u00fchenduskaabel"},"content":{"rendered":"<p data-start=\"51\" data-end=\"367\"><strong>Dockil on standartselt kaasas 90w laadija ja 1m USB-C kaabel. Kui soovid pikemat kaablit v\u00f5i v\u00f5imsamat laadijat vali sobiv laadija v\u00f5i kaabli pikkus toote juurest.<\/strong><\/p>\n<p data-start=\"51\" data-end=\"367\">\n<p data-start=\"51\" data-end=\"367\"><strong data-start=\"51\" data-end=\"66\">Lenovo 40AC<\/strong> ehk <strong data-start=\"71\" data-end=\"102\">ThinkPad Thunderbolt 3 Dock<\/strong> on v\u00f5imekas \u00e4riklassi dokkimisjaam kasutajale, kes soovib \u00fchendada s\u00fclearvuti \u00fche kaabliga t\u00e4isv\u00e4\u00e4rtuslikuks t\u00f6\u00f6jaamaks. T\u00e4nu Thunderbolt 3 \u00fchendusele pakub see dock kiiret andmeedastust, mitme monitori tuge, laadimist ning laia valikut porte igap\u00e4evaseks t\u00f6\u00f6ks.<\/p>\n<p data-start=\"369\" data-end=\"504\">See on suurep\u00e4rane valik kontorisse, kodukontorisse ja professionaalseks kasutuseks, kus hinnatakse kiirust, stabiilsust ja mugavust.<\/p>\n<h2 data-section-id=\"1qzgqie\" data-start=\"506\" data-end=\"528\">Pordid ja \u00fchendused<\/h2>\n<div class=\"TyagGW_tableContainer\">\n<div class=\"group TyagGW_tableWrapper flex flex-col-reverse w-fit\" tabindex=\"-1\">\n<table class=\"w-fit min-w-(--thread-content-width)\" data-start=\"530\" data-end=\"730\">\n<thead data-start=\"530\" data-end=\"546\">\n<tr data-start=\"530\" data-end=\"546\">\n<th class=\"\" data-start=\"530\" data-end=\"537\" data-col-size=\"sm\">Port<\/th>\n<th class=\"\" data-start=\"537\" data-end=\"546\" data-col-size=\"sm\">Kogus<\/th>\n<\/tr>\n<\/thead>\n<tbody data-start=\"558\" data-end=\"730\">\n<tr data-start=\"558\" data-end=\"580\">\n<td data-start=\"558\" data-end=\"575\" data-col-size=\"sm\">USB 3.1 Type-A<\/td>\n<td data-col-size=\"sm\" data-start=\"575\" data-end=\"580\">5<\/td>\n<\/tr>\n<tr data-start=\"581\" data-end=\"619\">\n<td data-start=\"581\" data-end=\"614\" data-col-size=\"sm\">USB-C \/ Thunderbolt downstream<\/td>\n<td data-col-size=\"sm\" data-start=\"614\" data-end=\"619\">1<\/td>\n<\/tr>\n<tr data-start=\"620\" data-end=\"639\">\n<td data-start=\"620\" data-end=\"634\" data-col-size=\"sm\">DisplayPort<\/td>\n<td data-col-size=\"sm\" data-start=\"634\" data-end=\"639\">2<\/td>\n<\/tr>\n<tr data-start=\"640\" data-end=\"652\">\n<td data-start=\"640\" data-end=\"647\" data-col-size=\"sm\">HDMI<\/td>\n<td data-col-size=\"sm\" data-start=\"647\" data-end=\"652\">1<\/td>\n<\/tr>\n<tr data-start=\"653\" data-end=\"664\">\n<td data-start=\"653\" data-end=\"659\" data-col-size=\"sm\">VGA<\/td>\n<td data-col-size=\"sm\" data-start=\"659\" data-end=\"664\">1<\/td>\n<\/tr>\n<tr data-start=\"665\" data-end=\"682\">\n<td data-start=\"665\" data-end=\"677\" data-col-size=\"sm\">RJ-45 LAN<\/td>\n<td data-col-size=\"sm\" data-start=\"677\" data-end=\"682\">1<\/td>\n<\/tr>\n<tr data-start=\"683\" data-end=\"709\">\n<td data-start=\"683\" data-end=\"704\" data-col-size=\"sm\">3.5 mm audio combo<\/td>\n<td data-col-size=\"sm\" data-start=\"704\" data-end=\"709\">1<\/td>\n<\/tr>\n<tr data-start=\"710\" data-end=\"730\">\n<td data-start=\"710\" data-end=\"725\" data-col-size=\"sm\">Toite sisend<\/td>\n<td data-col-size=\"sm\" data-start=\"725\" data-end=\"730\">1<\/td>\n<\/tr>\n<\/tbody>\n<\/table>\n<\/div>\n<\/div>\n<h2 data-section-id=\"47i9cv\" data-start=\"843\" data-end=\"879\">Monitoride tugi (tehase andmetel)<\/h2>\n<div class=\"TyagGW_tableContainer\">\n<div class=\"group TyagGW_tableWrapper flex flex-col-reverse w-fit\" tabindex=\"-1\">\n<table class=\"w-fit min-w-(--thread-content-width)\" data-start=\"881\" data-end=\"1067\">\n<thead data-start=\"881\" data-end=\"914\">\n<tr data-start=\"881\" data-end=\"914\">\n<th class=\"\" data-start=\"881\" data-end=\"893\" data-col-size=\"sm\">Seadistus<\/th>\n<th class=\"\" data-start=\"893\" data-end=\"914\" data-col-size=\"sm\">Maksimaalne tugi*<\/th>\n<\/tr>\n<\/thead>\n<tbody data-start=\"925\" data-end=\"1067\">\n<tr data-start=\"925\" data-end=\"955\">\n<td data-start=\"925\" data-end=\"937\" data-col-size=\"sm\">1 monitor<\/td>\n<td data-col-size=\"sm\" data-start=\"937\" data-end=\"955\">kuni 4K @ 60Hz<\/td>\n<\/tr>\n<tr data-start=\"956\" data-end=\"991\">\n<td data-start=\"956\" data-end=\"969\" data-col-size=\"sm\">2 monitori<\/td>\n<td data-col-size=\"sm\" data-start=\"969\" data-end=\"991\">kuni 2 \u00d7 4K @ 60Hz<\/td>\n<\/tr>\n<tr data-start=\"992\" data-end=\"1032\">\n<td data-start=\"992\" data-end=\"1005\" data-col-size=\"sm\">3 monitori<\/td>\n<td data-col-size=\"sm\" data-start=\"1005\" data-end=\"1032\">kuni 3 \u00d7 Full HD @ 60Hz<\/td>\n<\/tr>\n<tr data-start=\"1033\" data-end=\"1067\">\n<td data-start=\"1033\" data-end=\"1062\" data-col-size=\"sm\">Maksimaalne monitoride arv<\/td>\n<td data-col-size=\"sm\" data-start=\"1062\" data-end=\"1067\">3<\/td>\n<\/tr>\n<\/tbody>\n<\/table>\n<\/div>\n<\/div>\n<p data-start=\"1210\" data-end=\"1484\">* Tegelik tulemus s\u00f5ltub s\u00fclearvuti Thunderbolt toetusest, protsessorist, videokaardist ja draiveritest. 40AC t\u00f6\u00f6tab k\u00f5ige paremini Thunderbolt 3 \/ Thunderbolt 4 arvutitega. USB-C ilma Thunderboltita ei pruugi olla t\u00e4ielikult toetatud.<\/p>\n<h2 data-section-id=\"knfx0l\" data-start=\"1486\" data-end=\"1518\">Miks valida Lenovo 40AC dock?<\/h2>\n<ul data-start=\"1520\" data-end=\"1757\">\n<li data-section-id=\"rt4y8f\" data-start=\"1520\" data-end=\"1559\">Thunderbolt 3 \u00fchendus kiireks t\u00f6\u00f6ks<\/li>\n<li data-section-id=\"miuxbv\" data-start=\"1560\" data-end=\"1595\">\u00dcks kaabel \u00fchendab kogu t\u00f6\u00f6koha<\/li>\n<li data-section-id=\"8gmnzx\" data-start=\"1596\" data-end=\"1626\">Toetab kuni kolme monitori<\/li>\n<li data-section-id=\"1qndxqo\" data-start=\"1627\" data-end=\"1651\">Kuni dual 4K lahutus<\/li>\n<li data-section-id=\"8umn0m\" data-start=\"1652\" data-end=\"1686\">Palju USB porte lisaseadmetele<\/li>\n<li data-section-id=\"17fuvna\" data-start=\"1687\" data-end=\"1717\">Stabiilne LAN v\u00f5rgu\u00fchendus<\/li>\n<li data-section-id=\"1mrgdkg\" data-start=\"1718\" data-end=\"1757\">T\u00f6\u00f6kindel Lenovo \u00e4riklassi lahendus<\/li>\n<\/ul>\n<p data-start=\"1759\" data-end=\"1867\">Kui otsid v\u00f5imekat ja kvaliteetset Thunderbolt docki soodsa hinnaga, siis <strong data-start=\"1833\" data-end=\"1848\">Lenovo 40AC<\/strong> on v\u00e4ga hea valik.<\/p>","protected":false},"excerpt":{"rendered":"<p>Dockil on standartselt kaasas 90w laadija ja 1m USB-C kaabel. Kui soovid pikemat kaablit v\u00f5i v\u00f5imsamat laadijat vali sobiv laadija v\u00f5i kaabli pikkus toote juurest. Lenovo 40AC ehk ThinkPad Thunderbolt 3 Dock on v\u00f5imekas \u00e4riklassi dokkimisjaam kasutajale, kes soovib \u00fchendada s\u00fclearvuti \u00fche kaabliga t\u00e4isv\u00e4\u00e4rtuslikuks t\u00f6\u00f6jaamaks. T\u00e4nu Thunderbolt 3 \u00fchendusele pakub see dock kiiret andmeedastust, mitme [&hellip;]<\/p>\n","protected":false},"featured_media":33176,"template":"","meta":{"inline_featured_image":false,"advanced_seo_description":"","jetpack_seo_html_title":"","jetpack_seo_noindex":false,"jetpack_post_was_ever_published":false},"product_brand":[],"product_cat":[821,202],"product_tag":[],"class_list":{"0":"post-33175","1":"product","2":"type-product","3":"status-publish","4":"has-post-thumbnail","6":"product_cat-dockid","7":"product_cat-lisad","9":"first","10":"instock","11":"taxable","12":"shipping-taxable","13":"purchasable","14":"product-type-simple"},"jetpack_likes_enabled":false,"jetpack_sharing_enabled":true,"_links":{"self":[{"href":"https:\/\/resale.ee\/en\/wp-json\/wp\/v2\/product\/33175","targetHints":{"allow":["GET"]}}],"collection":[{"href":"https:\/\/resale.ee\/en\/wp-json\/wp\/v2\/product"}],"about":[{"href":"https:\/\/resale.ee\/en\/wp-json\/wp\/v2\/types\/product"}],"version-history":[{"count":0,"href":"https:\/\/resale.ee\/en\/wp-json\/wp\/v2\/product\/33175\/revisions"}],"wp:featuredmedia":[{"embeddable":true,"href":"https:\/\/resale.ee\/en\/wp-json\/wp\/v2\/media\/33176"}],"wp:attachment":[{"href":"https:\/\/resale.ee\/en\/wp-json\/wp\/v2\/media?parent=33175"}],"wp:term":[{"taxonomy":"product_brand","embeddable":true,"href":"https:\/\/resale.ee\/en\/wp-json\/wp\/v2\/product_brand?post=33175"},{"taxonomy":"product_cat","embeddable":true,"href":"https:\/\/resale.ee\/en\/wp-json\/wp\/v2\/product_cat?post=33175"},{"taxonomy":"product_tag","embeddable":true,"href":"https:\/\/resale.ee\/en\/wp-json\/wp\/v2\/product_tag?post=33175"}],"curies":[{"name":"wp","href":"https:\/\/api.w.org\/{rel}","templated":true}]}}