{"id":33178,"date":"2026-04-13T20:22:31","date_gmt":"2026-04-13T17:22:31","guid":{"rendered":"https:\/\/resale.ee\/?post_type=product&#038;p=33178"},"modified":"2026-04-13T20:28:24","modified_gmt":"2026-04-13T17:28:24","slug":"40b0","status":"publish","type":"product","link":"https:\/\/resale.ee\/en\/e-pood\/40b0\/","title":{"rendered":"Lenovo 40B0 Dock \u2013 ThinkPad Universal Thunderbolt 4 Dock, 90w laadija, \u00fchenduskaabel"},"content":{"rendered":"<p data-start=\"51\" data-end=\"367\"><strong>Dockil on standartselt kaasas 90w laadija ja 1m USB-C kaabel. Kui soovid pikemat kaablit v\u00f5i v\u00f5imsamat laadijat vali sobiv laadija v\u00f5i kaabli pikkus toote juurest.<\/strong><\/p>\n<p data-start=\"61\" data-end=\"445\"><strong data-start=\"61\" data-end=\"76\">Lenovo 40B0<\/strong> ehk <strong data-start=\"81\" data-end=\"122\">ThinkPad Universal Thunderbolt 4 Dock<\/strong> on premium-klassi dokkimisjaam kasutajale, kes soovib maksimaalset j\u00f5udlust, kaasaegseid \u00fchendusi ja tulevikukindlat lahendust. See dock sobib ideaalselt n\u00f5udlikku kontorisse, kodukontorisse ning professionaalseks kasutuseks, kus on vaja mitut k\u00f5rge resolutsiooniga monitori, kiiret andmeedastust ja stabiilset \u00fchendust.<\/p>\n<p data-start=\"447\" data-end=\"596\">\u00dchenda s\u00fclearvuti \u00fche Thunderbolt 4 kaabliga ning hetkega on kasutusel monitorid, v\u00f5rk, lisaseadmed ja laadimine. V\u00e4hem juhtmeid, rohkem v\u00f5imekust.<\/p>\n<h2 data-section-id=\"1qzgqie\" data-start=\"598\" data-end=\"620\">Pordid ja \u00fchendused<\/h2>\n<div class=\"TyagGW_tableContainer\">\n<div class=\"group TyagGW_tableWrapper flex flex-col-reverse w-fit\" tabindex=\"-1\">\n<table class=\"w-fit min-w-(--thread-content-width)\" data-start=\"622\" data-end=\"832\">\n<thead data-start=\"622\" data-end=\"638\">\n<tr data-start=\"622\" data-end=\"638\">\n<th class=\"\" data-start=\"622\" data-end=\"629\" data-col-size=\"sm\">Port<\/th>\n<th class=\"\" data-start=\"629\" data-end=\"638\" data-col-size=\"sm\">Kogus<\/th>\n<\/tr>\n<\/thead>\n<tbody data-start=\"650\" data-end=\"832\">\n<tr data-start=\"650\" data-end=\"678\">\n<td data-start=\"650\" data-end=\"673\" data-col-size=\"sm\">USB 3.1 Gen 2 Type-A<\/td>\n<td data-col-size=\"sm\" data-start=\"673\" data-end=\"678\">4<\/td>\n<\/tr>\n<tr data-start=\"679\" data-end=\"692\">\n<td data-start=\"679\" data-end=\"687\" data-col-size=\"sm\">USB-C<\/td>\n<td data-col-size=\"sm\" data-start=\"687\" data-end=\"692\">1<\/td>\n<\/tr>\n<tr data-start=\"693\" data-end=\"725\">\n<td data-start=\"693\" data-end=\"720\" data-col-size=\"sm\">Thunderbolt 4 downstream<\/td>\n<td data-col-size=\"sm\" data-start=\"720\" data-end=\"725\">1<\/td>\n<\/tr>\n<tr data-start=\"726\" data-end=\"749\">\n<td data-start=\"726\" data-end=\"744\" data-col-size=\"sm\">DisplayPort 1.4<\/td>\n<td data-col-size=\"sm\" data-start=\"744\" data-end=\"749\">2<\/td>\n<\/tr>\n<tr data-start=\"750\" data-end=\"766\">\n<td data-start=\"750\" data-end=\"761\" data-col-size=\"sm\">HDMI 2.1<\/td>\n<td data-col-size=\"sm\" data-start=\"761\" data-end=\"766\">1<\/td>\n<\/tr>\n<tr data-start=\"767\" data-end=\"784\">\n<td data-start=\"767\" data-end=\"779\" data-col-size=\"sm\">RJ-45 LAN<\/td>\n<td data-col-size=\"sm\" data-start=\"779\" data-end=\"784\">1<\/td>\n<\/tr>\n<tr data-start=\"785\" data-end=\"811\">\n<td data-start=\"785\" data-end=\"806\" data-col-size=\"sm\">3.5 mm audio combo<\/td>\n<td data-col-size=\"sm\" data-start=\"806\" data-end=\"811\">1<\/td>\n<\/tr>\n<tr data-start=\"812\" data-end=\"832\">\n<td data-start=\"812\" data-end=\"827\" data-col-size=\"sm\">Toite sisend<\/td>\n<td data-col-size=\"sm\" data-start=\"827\" data-end=\"832\">1<\/td>\n<\/tr>\n<\/tbody>\n<\/table>\n<\/div>\n<\/div>\n<h2 data-section-id=\"47i9cv\" data-start=\"975\" data-end=\"1011\">Monitoride tugi (tehase andmetel)<\/h2>\n<div class=\"TyagGW_tableContainer\">\n<div class=\"group TyagGW_tableWrapper flex flex-col-reverse w-fit\" tabindex=\"-1\">\n<table class=\"w-fit min-w-(--thread-content-width)\" data-start=\"1013\" data-end=\"1248\">\n<thead data-start=\"1013\" data-end=\"1046\">\n<tr data-start=\"1013\" data-end=\"1046\">\n<th class=\"\" data-start=\"1013\" data-end=\"1025\" data-col-size=\"sm\">Seadistus<\/th>\n<th class=\"\" data-start=\"1025\" data-end=\"1046\" data-col-size=\"sm\">Maksimaalne tugi*<\/th>\n<\/tr>\n<\/thead>\n<tbody data-start=\"1057\" data-end=\"1248\">\n<tr data-start=\"1057\" data-end=\"1087\">\n<td data-start=\"1057\" data-end=\"1069\" data-col-size=\"sm\">1 monitor<\/td>\n<td data-col-size=\"sm\" data-start=\"1069\" data-end=\"1087\">kuni 8K @ 30Hz<\/td>\n<\/tr>\n<tr data-start=\"1088\" data-end=\"1123\">\n<td data-start=\"1088\" data-end=\"1101\" data-col-size=\"sm\">2 monitori<\/td>\n<td data-col-size=\"sm\" data-start=\"1101\" data-end=\"1123\">kuni 2 \u00d7 4K @ 60Hz<\/td>\n<\/tr>\n<tr data-start=\"1124\" data-end=\"1177\">\n<td data-start=\"1124\" data-end=\"1137\" data-col-size=\"sm\">3 monitori<\/td>\n<td data-col-size=\"sm\" data-start=\"1137\" data-end=\"1177\">kuni 3 \u00d7 4K @ 60Hz<\/td>\n<\/tr>\n<tr data-start=\"1178\" data-end=\"1213\">\n<td data-start=\"1178\" data-end=\"1191\" data-col-size=\"sm\">4 monitori<\/td>\n<td data-col-size=\"sm\" data-start=\"1191\" data-end=\"1213\">kuni 4 \u00d7 4K @ 60Hz<\/td>\n<\/tr>\n<tr data-start=\"1214\" data-end=\"1248\">\n<td data-start=\"1214\" data-end=\"1243\" data-col-size=\"sm\">Maksimaalne monitoride arv<\/td>\n<td data-col-size=\"sm\" data-start=\"1243\" data-end=\"1248\">4<\/td>\n<\/tr>\n<\/tbody>\n<\/table>\n<\/div>\n<\/div>\n<p data-start=\"1374\" data-end=\"1562\">* Tegelik tulemus s\u00f5ltub s\u00fclearvuti Thunderbolt\/USB4 toetusest, videokaardist, protsessorist ja operatsioonis\u00fcsteemist. M\u00f5ne arvutiga v\u00f5ib monitoride arv v\u00f5i resolutsioon olla piiratud.<\/p>\n<h2 data-section-id=\"1cu6ur9\" data-start=\"1564\" data-end=\"1596\">Miks valida Lenovo 40B0 dock?<\/h2>\n<ul data-start=\"1598\" data-end=\"1872\">\n<li data-section-id=\"1dx60a\" data-start=\"1598\" data-end=\"1632\">Premium Thunderbolt 4 lahendus<\/li>\n<li data-section-id=\"1ujul5d\" data-start=\"1633\" data-end=\"1663\">Toetab kuni nelja monitori<\/li>\n<li data-section-id=\"1tgjohd\" data-start=\"1664\" data-end=\"1692\">Kuni 40Gbps andmeedastus<\/li>\n<li data-section-id=\"1il4msl\" data-start=\"1693\" data-end=\"1728\">D\u00fcnaamiline laadimine kuni 100W<\/li>\n<li data-section-id=\"miuxbv\" data-start=\"1729\" data-end=\"1764\">\u00dcks kaabel \u00fchendab kogu t\u00f6\u00f6koha<\/li>\n<li data-section-id=\"w5fja6\" data-start=\"1765\" data-end=\"1825\">Sobib paljudele Lenovo ja teiste tootjate s\u00fclearvutitele<\/li>\n<li data-section-id=\"1bc8bcq\" data-start=\"1826\" data-end=\"1872\">Tulevikukindel valik n\u00f5udlikule kasutajale<\/li>\n<\/ul>\n<p data-start=\"1874\" data-end=\"1994\">Kui otsid v\u00f5imekat ja kaasaegset docki, siis <strong data-start=\"1919\" data-end=\"1934\">Lenovo 40B0<\/strong> on \u00fcks parimaid valikuid professionaalse t\u00f6\u00f6koha loomiseks.<\/p>","protected":false},"excerpt":{"rendered":"<p>Dockil on standartselt kaasas 90w laadija ja 1m USB-C kaabel. Kui soovid pikemat kaablit v\u00f5i v\u00f5imsamat laadijat vali sobiv laadija v\u00f5i kaabli pikkus toote juurest. Lenovo 40B0 ehk ThinkPad Universal Thunderbolt 4 Dock on premium-klassi dokkimisjaam kasutajale, kes soovib maksimaalset j\u00f5udlust, kaasaegseid \u00fchendusi ja tulevikukindlat lahendust. See dock sobib ideaalselt n\u00f5udlikku kontorisse, kodukontorisse ning professionaalseks [&hellip;]<\/p>\n","protected":false},"featured_media":33179,"template":"","meta":{"inline_featured_image":false,"advanced_seo_description":"","jetpack_seo_html_title":"","jetpack_seo_noindex":false,"jetpack_post_was_ever_published":false},"product_brand":[],"product_cat":[821,202],"product_tag":[],"class_list":{"0":"post-33178","1":"product","2":"type-product","3":"status-publish","4":"has-post-thumbnail","6":"product_cat-dockid","7":"product_cat-lisad","9":"first","10":"instock","11":"taxable","12":"shipping-taxable","13":"purchasable","14":"product-type-simple"},"jetpack_likes_enabled":false,"jetpack_sharing_enabled":true,"_links":{"self":[{"href":"https:\/\/resale.ee\/en\/wp-json\/wp\/v2\/product\/33178","targetHints":{"allow":["GET"]}}],"collection":[{"href":"https:\/\/resale.ee\/en\/wp-json\/wp\/v2\/product"}],"about":[{"href":"https:\/\/resale.ee\/en\/wp-json\/wp\/v2\/types\/product"}],"version-history":[{"count":1,"href":"https:\/\/resale.ee\/en\/wp-json\/wp\/v2\/product\/33178\/revisions"}],"predecessor-version":[{"id":33180,"href":"https:\/\/resale.ee\/en\/wp-json\/wp\/v2\/product\/33178\/revisions\/33180"}],"wp:featuredmedia":[{"embeddable":true,"href":"https:\/\/resale.ee\/en\/wp-json\/wp\/v2\/media\/33179"}],"wp:attachment":[{"href":"https:\/\/resale.ee\/en\/wp-json\/wp\/v2\/media?parent=33178"}],"wp:term":[{"taxonomy":"product_brand","embeddable":true,"href":"https:\/\/resale.ee\/en\/wp-json\/wp\/v2\/product_brand?post=33178"},{"taxonomy":"product_cat","embeddable":true,"href":"https:\/\/resale.ee\/en\/wp-json\/wp\/v2\/product_cat?post=33178"},{"taxonomy":"product_tag","embeddable":true,"href":"https:\/\/resale.ee\/en\/wp-json\/wp\/v2\/product_tag?post=33178"}],"curies":[{"name":"wp","href":"https:\/\/api.w.org\/{rel}","templated":true}]}}