{"id":33181,"date":"2026-04-13T20:28:53","date_gmt":"2026-04-13T17:28:53","guid":{"rendered":"https:\/\/resale.ee\/?post_type=product&#038;p=33181"},"modified":"2026-04-13T20:32:28","modified_gmt":"2026-04-13T17:32:28","slug":"40as","status":"publish","type":"product","link":"https:\/\/resale.ee\/en\/e-pood\/40as\/","title":{"rendered":"Lenovo 40AS Dock \u2013 ThinkPad USB-C Dock Gen 2, 90w laadija, \u00fchenduskaabel"},"content":{"rendered":"<p data-start=\"51\" data-end=\"367\"><strong>Dockil on standartselt kaasas 90w laadija ja 1m USB-C kaabel. Kui soovid pikemat kaablit v\u00f5i v\u00f5imsamat laadijat vali sobiv laadija v\u00f5i kaabli pikkus toote juurest.<\/strong><\/p>\n<p data-start=\"49\" data-end=\"328\"><strong data-start=\"49\" data-end=\"64\">Lenovo 40AS<\/strong> ehk <strong data-start=\"69\" data-end=\"98\">ThinkPad USB-C Dock Gen 2<\/strong> on t\u00f6\u00f6kindel ja populaarne dokkimisjaam, mis muudab s\u00fclearvuti mugavaks t\u00e4isv\u00e4\u00e4rtuslikuks t\u00f6\u00f6jaamaks \u00fche kaabli abil. \u00dchenda korraga monitorid, klaviatuur, hiir, internetikaabel ja muud lisaseadmed ning alusta t\u00f6\u00f6d sekunditega.<\/p>\n<p data-start=\"330\" data-end=\"624\">See mudel sobib suurep\u00e4raselt nii kontorisse kui kodukontorisse ning on hinnatud oma stabiilsuse, hea \u00fchilduvuse ja laia portide valiku poolest. Eriti hea valik <span class=\"hover:entity-accent entity-underline inline cursor-pointer align-baseline\"><span class=\"whitespace-normal\">Lenovo<\/span><\/span> ThinkPad kasutajatele, kuid t\u00f6\u00f6tab ka teiste USB-C DisplayPort Alt Mode toega s\u00fclearvutitega.<\/p>\n<h2 data-section-id=\"1qzgqie\" data-start=\"626\" data-end=\"648\">Pordid ja \u00fchendused<\/h2>\n<div class=\"TyagGW_tableContainer\">\n<div class=\"group TyagGW_tableWrapper flex flex-col-reverse w-fit\" tabindex=\"-1\">\n<table class=\"w-fit min-w-(--thread-content-width)\" data-start=\"650\" data-end=\"844\">\n<thead data-start=\"650\" data-end=\"666\">\n<tr data-start=\"650\" data-end=\"666\">\n<th class=\"\" data-start=\"650\" data-end=\"657\" data-col-size=\"sm\">Port<\/th>\n<th class=\"\" data-start=\"657\" data-end=\"666\" data-col-size=\"sm\">Kogus<\/th>\n<\/tr>\n<\/thead>\n<tbody data-start=\"678\" data-end=\"844\">\n<tr data-start=\"678\" data-end=\"700\">\n<td data-start=\"678\" data-end=\"695\" data-col-size=\"sm\">USB 3.1 Type-A<\/td>\n<td data-col-size=\"sm\" data-start=\"695\" data-end=\"700\">3<\/td>\n<\/tr>\n<tr data-start=\"701\" data-end=\"723\">\n<td data-start=\"701\" data-end=\"718\" data-col-size=\"sm\">USB 2.0 Type-A<\/td>\n<td data-col-size=\"sm\" data-start=\"718\" data-end=\"723\">2<\/td>\n<\/tr>\n<tr data-start=\"724\" data-end=\"737\">\n<td data-start=\"724\" data-end=\"732\" data-col-size=\"sm\">USB-C<\/td>\n<td data-start=\"732\" data-end=\"737\" data-col-size=\"sm\">1<\/td>\n<\/tr>\n<tr data-start=\"738\" data-end=\"761\">\n<td data-start=\"738\" data-end=\"756\" data-col-size=\"sm\">DisplayPort 1.4<\/td>\n<td data-col-size=\"sm\" data-start=\"756\" data-end=\"761\">2<\/td>\n<\/tr>\n<tr data-start=\"762\" data-end=\"778\">\n<td data-start=\"762\" data-end=\"773\" data-col-size=\"sm\">HDMI 2.0<\/td>\n<td data-col-size=\"sm\" data-start=\"773\" data-end=\"778\">1<\/td>\n<\/tr>\n<tr data-start=\"779\" data-end=\"796\">\n<td data-start=\"779\" data-end=\"791\" data-col-size=\"sm\">RJ-45 LAN<\/td>\n<td data-col-size=\"sm\" data-start=\"791\" data-end=\"796\">1<\/td>\n<\/tr>\n<tr data-start=\"797\" data-end=\"823\">\n<td data-start=\"797\" data-end=\"818\" data-col-size=\"sm\">3.5 mm audio combo<\/td>\n<td data-col-size=\"sm\" data-start=\"818\" data-end=\"823\">1<\/td>\n<\/tr>\n<tr data-start=\"824\" data-end=\"844\">\n<td data-start=\"824\" data-end=\"839\" data-col-size=\"sm\">Toite sisend<\/td>\n<td data-col-size=\"sm\" data-start=\"839\" data-end=\"844\">1<\/td>\n<\/tr>\n<\/tbody>\n<\/table>\n<\/div>\n<\/div>\n<p data-start=\"846\" data-end=\"967\">Lenovo ametlik spetsifikatsioon kinnitab laia \u00fchenduste valikut igap\u00e4evaseks t\u00f6\u00f6ks.<\/p>\n<h2 data-section-id=\"47i9cv\" data-start=\"969\" data-end=\"1005\">Monitoride tugi (tehase andmetel)<\/h2>\n<div class=\"TyagGW_tableContainer\">\n<div class=\"group TyagGW_tableWrapper flex flex-col-reverse w-fit\" tabindex=\"-1\">\n<table class=\"w-fit min-w-(--thread-content-width)\" data-start=\"1007\" data-end=\"1193\">\n<thead data-start=\"1007\" data-end=\"1040\">\n<tr data-start=\"1007\" data-end=\"1040\">\n<th class=\"\" data-start=\"1007\" data-end=\"1019\" data-col-size=\"sm\">Seadistus<\/th>\n<th class=\"\" data-start=\"1019\" data-end=\"1040\" data-col-size=\"sm\">Maksimaalne tugi*<\/th>\n<\/tr>\n<\/thead>\n<tbody data-start=\"1051\" data-end=\"1193\">\n<tr data-start=\"1051\" data-end=\"1081\">\n<td data-start=\"1051\" data-end=\"1063\" data-col-size=\"sm\">1 monitor<\/td>\n<td data-col-size=\"sm\" data-start=\"1063\" data-end=\"1081\">kuni 4K @ 60Hz<\/td>\n<\/tr>\n<tr data-start=\"1082\" data-end=\"1117\">\n<td data-start=\"1082\" data-end=\"1095\" data-col-size=\"sm\">2 monitori<\/td>\n<td data-col-size=\"sm\" data-start=\"1095\" data-end=\"1117\">kuni 2 \u00d7 4K @ 60Hz<\/td>\n<\/tr>\n<tr data-start=\"1118\" data-end=\"1158\">\n<td data-start=\"1118\" data-end=\"1131\" data-col-size=\"sm\">3 monitori<\/td>\n<td data-col-size=\"sm\" data-start=\"1131\" data-end=\"1158\">kuni 3 \u00d7 Full HD @ 60Hz<\/td>\n<\/tr>\n<tr data-start=\"1159\" data-end=\"1193\">\n<td data-start=\"1159\" data-end=\"1188\" data-col-size=\"sm\">Maksimaalne monitoride arv<\/td>\n<td data-col-size=\"sm\" data-start=\"1188\" data-end=\"1193\">3<\/td>\n<\/tr>\n<\/tbody>\n<\/table>\n<\/div>\n<\/div>\n<p data-start=\"1195\" data-end=\"1325\">Tehase andmetel s\u00f5ltub l\u00f5plik videov\u00e4ljund alati s\u00fclearvuti USB-C v\u00f5imekusest ja graafikast.<\/p>\n<p data-start=\"1327\" data-end=\"1465\">* Tegelik tulemus s\u00f5ltub arvuti protsessorist, GPU-st, draiveritest ja sellest, kas USB-C port toetab DisplayPort Alt Mode funktsiooni.<\/p>\n<h2 data-section-id=\"y2hxx1\" data-start=\"1467\" data-end=\"1499\">Miks valida Lenovo 40AS dock?<\/h2>\n<ul data-start=\"1501\" data-end=\"1743\">\n<li data-section-id=\"miuxbv\" data-start=\"1501\" data-end=\"1536\">\u00dcks kaabel \u00fchendab kogu t\u00f6\u00f6koha<\/li>\n<li data-section-id=\"8gmnzx\" data-start=\"1537\" data-end=\"1567\">Toetab kuni kolme monitori<\/li>\n<li data-section-id=\"1qndxqo\" data-start=\"1568\" data-end=\"1592\">Kuni dual 4K lahutus<\/li>\n<li data-section-id=\"17fuvna\" data-start=\"1593\" data-end=\"1623\">Stabiilne LAN v\u00f5rgu\u00fchendus<\/li>\n<li data-section-id=\"8umn0m\" data-start=\"1624\" data-end=\"1658\">Palju USB porte lisaseadmetele<\/li>\n<li data-section-id=\"1sp8ug1\" data-start=\"1659\" data-end=\"1703\">Sobib h\u00e4sti kontorisse ja kodukontorisse<\/li>\n<li data-section-id=\"1mrgdkg\" data-start=\"1704\" data-end=\"1743\">T\u00f6\u00f6kindel Lenovo \u00e4riklassi lahendus<\/li>\n<\/ul>\n<p data-start=\"1745\" data-end=\"1877\">Kui otsid kvaliteetset ja universaalset USB-C docki, siis <strong data-start=\"1803\" data-end=\"1818\">Lenovo 40AS<\/strong> on v\u00e4ga hea valik hinna ja funktsionaalsuse suhte poolest.<\/p>","protected":false},"excerpt":{"rendered":"<p>Dockil on standartselt kaasas 90w laadija ja 1m USB-C kaabel. Kui soovid pikemat kaablit v\u00f5i v\u00f5imsamat laadijat vali sobiv laadija v\u00f5i kaabli pikkus toote juurest. Lenovo 40AS ehk ThinkPad USB-C Dock Gen 2 on t\u00f6\u00f6kindel ja populaarne dokkimisjaam, mis muudab s\u00fclearvuti mugavaks t\u00e4isv\u00e4\u00e4rtuslikuks t\u00f6\u00f6jaamaks \u00fche kaabli abil. \u00dchenda korraga monitorid, klaviatuur, hiir, internetikaabel ja muud [&hellip;]<\/p>\n","protected":false},"featured_media":33182,"template":"","meta":{"inline_featured_image":false,"advanced_seo_description":"","jetpack_seo_html_title":"","jetpack_seo_noindex":false,"jetpack_post_was_ever_published":false},"product_brand":[],"product_cat":[821,202],"product_tag":[],"class_list":{"0":"post-33181","1":"product","2":"type-product","3":"status-publish","4":"has-post-thumbnail","6":"product_cat-dockid","7":"product_cat-lisad","9":"first","10":"instock","11":"taxable","12":"shipping-taxable","13":"purchasable","14":"product-type-simple"},"jetpack_likes_enabled":false,"jetpack_sharing_enabled":true,"_links":{"self":[{"href":"https:\/\/resale.ee\/en\/wp-json\/wp\/v2\/product\/33181","targetHints":{"allow":["GET"]}}],"collection":[{"href":"https:\/\/resale.ee\/en\/wp-json\/wp\/v2\/product"}],"about":[{"href":"https:\/\/resale.ee\/en\/wp-json\/wp\/v2\/types\/product"}],"version-history":[{"count":0,"href":"https:\/\/resale.ee\/en\/wp-json\/wp\/v2\/product\/33181\/revisions"}],"wp:featuredmedia":[{"embeddable":true,"href":"https:\/\/resale.ee\/en\/wp-json\/wp\/v2\/media\/33182"}],"wp:attachment":[{"href":"https:\/\/resale.ee\/en\/wp-json\/wp\/v2\/media?parent=33181"}],"wp:term":[{"taxonomy":"product_brand","embeddable":true,"href":"https:\/\/resale.ee\/en\/wp-json\/wp\/v2\/product_brand?post=33181"},{"taxonomy":"product_cat","embeddable":true,"href":"https:\/\/resale.ee\/en\/wp-json\/wp\/v2\/product_cat?post=33181"},{"taxonomy":"product_tag","embeddable":true,"href":"https:\/\/resale.ee\/en\/wp-json\/wp\/v2\/product_tag?post=33181"}],"curies":[{"name":"wp","href":"https:\/\/api.w.org\/{rel}","templated":true}]}}