{"id":33184,"date":"2026-04-13T20:33:07","date_gmt":"2026-04-13T17:33:07","guid":{"rendered":"https:\/\/resale.ee\/?post_type=product&#038;p=33184"},"modified":"2026-04-13T20:36:15","modified_gmt":"2026-04-13T17:36:15","slug":"40a9","status":"publish","type":"product","link":"https:\/\/resale.ee\/en\/e-pood\/40a9\/","title":{"rendered":"Lenovo 40A9 Dock \u2013 soodne ja praktiline t\u00f6\u00f6koha lahendus \u2013 ThinkPad USB-C Dock Gen 2, 90w laadija, \u00fchenduskaabel"},"content":{"rendered":"<p data-start=\"51\" data-end=\"367\"><strong>Dockil on standartselt kaasas 90w laadija ja 1m USB-C kaabel. Kui soovid pikemat kaablit v\u00f5i v\u00f5imsamat laadijat vali sobiv laadija v\u00f5i kaabli pikkus toote juurest.<\/strong><\/p>\n<p data-start=\"61\" data-end=\"326\"><strong data-start=\"61\" data-end=\"76\">Lenovo 40A9<\/strong> ehk <strong data-start=\"81\" data-end=\"104\">ThinkPad USB-C Dock<\/strong> on suurep\u00e4rane valik neile, kes otsivad t\u00f6\u00f6kindlat dokkimisjaama <strong data-start=\"170\" data-end=\"188\">soodsa hinnaga<\/strong>. See dock muudab s\u00fclearvuti mugavaks t\u00f6\u00f6jaamaks \u00fche kaabli abil \u2013 \u00fchenda monitorid, klaviatuur, hiir, v\u00f5rk ja muud lisaseadmed hetkega.<\/p>\n<p data-start=\"328\" data-end=\"603\">40A9 on eriti populaarne kontorites ja kodukontorites, kus on vaja lihtsat, toimivat ja taskukohast lahendust igap\u00e4evaseks t\u00f6\u00f6ks. T\u00e4nu laiale \u00fchilduvusele sobib see h\u00e4sti paljudele USB-C toega s\u00fclearvutitele, eriti <span class=\"hover:entity-accent entity-underline inline cursor-pointer align-baseline\"><span class=\"whitespace-normal\">Lenovo<\/span><\/span> ThinkPad mudelitele.<\/p>\n<h2 data-section-id=\"1qzgqie\" data-start=\"605\" data-end=\"627\">Pordid ja \u00fchendused<\/h2>\n<div class=\"TyagGW_tableContainer\">\n<div class=\"group TyagGW_tableWrapper flex flex-col-reverse w-fit\" tabindex=\"-1\">\n<table class=\"w-fit min-w-(--thread-content-width)\" data-start=\"629\" data-end=\"798\">\n<thead data-start=\"629\" data-end=\"645\">\n<tr data-start=\"629\" data-end=\"645\">\n<th class=\"\" data-start=\"629\" data-end=\"636\" data-col-size=\"sm\">Port<\/th>\n<th class=\"\" data-start=\"636\" data-end=\"645\" data-col-size=\"sm\">Kogus<\/th>\n<\/tr>\n<\/thead>\n<tbody data-start=\"657\" data-end=\"798\">\n<tr data-start=\"657\" data-end=\"679\">\n<td data-start=\"657\" data-end=\"674\" data-col-size=\"sm\">USB 3.0 Type-A<\/td>\n<td data-col-size=\"sm\" data-start=\"674\" data-end=\"679\">3<\/td>\n<\/tr>\n<tr data-start=\"680\" data-end=\"693\">\n<td data-start=\"680\" data-end=\"688\" data-col-size=\"sm\">USB-C<\/td>\n<td data-col-size=\"sm\" data-start=\"688\" data-end=\"693\">2<\/td>\n<\/tr>\n<tr data-start=\"694\" data-end=\"713\">\n<td data-start=\"694\" data-end=\"708\" data-col-size=\"sm\">DisplayPort<\/td>\n<td data-col-size=\"sm\" data-start=\"708\" data-end=\"713\">2<\/td>\n<\/tr>\n<tr data-start=\"714\" data-end=\"726\">\n<td data-start=\"714\" data-end=\"721\" data-col-size=\"sm\">HDMI<\/td>\n<td data-start=\"721\" data-end=\"726\" data-col-size=\"sm\">1<\/td>\n<\/tr>\n<tr data-start=\"727\" data-end=\"738\">\n<td data-start=\"727\" data-end=\"733\" data-col-size=\"sm\">VGA<\/td>\n<td data-col-size=\"sm\" data-start=\"733\" data-end=\"738\">1<\/td>\n<\/tr>\n<tr data-start=\"739\" data-end=\"756\">\n<td data-start=\"739\" data-end=\"751\" data-col-size=\"sm\">RJ-45 LAN<\/td>\n<td data-start=\"751\" data-end=\"756\" data-col-size=\"sm\">1<\/td>\n<\/tr>\n<tr data-start=\"757\" data-end=\"777\">\n<td data-start=\"757\" data-end=\"772\" data-col-size=\"sm\">3.5 mm audio<\/td>\n<td data-col-size=\"sm\" data-start=\"772\" data-end=\"777\">1<\/td>\n<\/tr>\n<tr data-start=\"778\" data-end=\"798\">\n<td data-start=\"778\" data-end=\"793\" data-col-size=\"sm\">Toite sisend<\/td>\n<td data-col-size=\"sm\" data-start=\"793\" data-end=\"798\">1<\/td>\n<\/tr>\n<\/tbody>\n<\/table>\n<\/div>\n<\/div>\n<h2 data-section-id=\"47i9cv\" data-start=\"800\" data-end=\"836\">Monitoride tugi (tehase andmetel)<\/h2>\n<div class=\"TyagGW_tableContainer\">\n<div class=\"group TyagGW_tableWrapper flex flex-col-reverse w-fit\" tabindex=\"-1\">\n<table class=\"w-fit min-w-(--thread-content-width)\" data-start=\"838\" data-end=\"1047\">\n<thead data-start=\"838\" data-end=\"871\">\n<tr data-start=\"838\" data-end=\"871\">\n<th class=\"\" data-start=\"838\" data-end=\"850\" data-col-size=\"sm\">Seadistus<\/th>\n<th class=\"\" data-start=\"850\" data-end=\"871\" data-col-size=\"md\">Maksimaalne tugi*<\/th>\n<\/tr>\n<\/thead>\n<tbody data-start=\"882\" data-end=\"1047\">\n<tr data-start=\"882\" data-end=\"912\">\n<td data-start=\"882\" data-end=\"894\" data-col-size=\"sm\">1 monitor<\/td>\n<td data-col-size=\"md\" data-start=\"894\" data-end=\"912\">kuni 4K @ 30Hz<\/td>\n<\/tr>\n<tr data-start=\"913\" data-end=\"953\">\n<td data-start=\"913\" data-end=\"926\" data-col-size=\"sm\">2 monitori<\/td>\n<td data-col-size=\"md\" data-start=\"926\" data-end=\"953\">kuni 2 \u00d7 Full HD @ 60Hz<\/td>\n<\/tr>\n<tr data-start=\"954\" data-end=\"1012\">\n<td data-start=\"954\" data-end=\"967\" data-col-size=\"sm\">3 monitori<\/td>\n<td data-col-size=\"md\" data-start=\"967\" data-end=\"1012\">kuni 3 \u00d7 Full HD @ 60Hz (s\u00f5ltub arvutist)<\/td>\n<\/tr>\n<tr data-start=\"1013\" data-end=\"1047\">\n<td data-start=\"1013\" data-end=\"1042\" data-col-size=\"sm\">Maksimaalne monitoride arv<\/td>\n<td data-col-size=\"md\" data-start=\"1042\" data-end=\"1047\">3<\/td>\n<\/tr>\n<\/tbody>\n<\/table>\n<\/div>\n<\/div>\n<p data-start=\"1049\" data-end=\"1139\">* Tegelik tulemus s\u00f5ltub s\u00fclearvuti USB-C videov\u00f5imekusest, graafikast ja draiveritest.<\/p>\n<h2 data-section-id=\"1avp6ov\" data-start=\"1141\" data-end=\"1173\">Miks valida Lenovo 40A9 dock?<\/h2>\n<ul data-start=\"1175\" data-end=\"1459\">\n<li data-section-id=\"1d4ege2\" data-start=\"1175\" data-end=\"1214\"><strong data-start=\"1177\" data-end=\"1212\">Soodne hind ja v\u00e4ga hea v\u00e4\u00e4rtus<\/strong><\/li>\n<li data-section-id=\"miuxbv\" data-start=\"1215\" data-end=\"1250\">\u00dcks kaabel \u00fchendab kogu t\u00f6\u00f6koha<\/li>\n<li data-section-id=\"1pdbca4\" data-start=\"1251\" data-end=\"1287\">V\u00f5imalus kasutada mitut monitori<\/li>\n<li data-section-id=\"7gmfyy\" data-start=\"1288\" data-end=\"1327\">LAN \u00fchendus stabiilseks internetiks<\/li>\n<li data-section-id=\"1njv1t3\" data-start=\"1328\" data-end=\"1367\">Rohkem USB porte lisaseadmete jaoks<\/li>\n<li data-section-id=\"1sp8ug1\" data-start=\"1368\" data-end=\"1412\">Sobib h\u00e4sti kontorisse ja kodukontorisse<\/li>\n<li data-section-id=\"9ayezx\" data-start=\"1413\" data-end=\"1459\">Lihtne ja t\u00f6\u00f6kindel lahendus igap\u00e4evat\u00f6\u00f6ks<\/li>\n<\/ul>\n<p data-start=\"1461\" data-end=\"1583\" data-is-last-node=\"\" data-is-only-node=\"\">Kui otsid taskukohast docki, mis teeb t\u00f6\u00f6p\u00e4eva mugavamaks ja t\u00f6\u00f6koha korrastatumaks, siis <strong data-start=\"1551\" data-end=\"1566\">Lenovo 40A9<\/strong> on kindel valik.<\/p>","protected":false},"excerpt":{"rendered":"<p>Dockil on standartselt kaasas 90w laadija ja 1m USB-C kaabel. Kui soovid pikemat kaablit v\u00f5i v\u00f5imsamat laadijat vali sobiv laadija v\u00f5i kaabli pikkus toote juurest. Lenovo 40A9 ehk ThinkPad USB-C Dock on suurep\u00e4rane valik neile, kes otsivad t\u00f6\u00f6kindlat dokkimisjaama soodsa hinnaga. See dock muudab s\u00fclearvuti mugavaks t\u00f6\u00f6jaamaks \u00fche kaabli abil \u2013 \u00fchenda monitorid, klaviatuur, hiir, [&hellip;]<\/p>\n","protected":false},"featured_media":33185,"template":"","meta":{"inline_featured_image":false,"advanced_seo_description":"","jetpack_seo_html_title":"","jetpack_seo_noindex":false,"jetpack_post_was_ever_published":false},"product_brand":[],"product_cat":[821,202],"product_tag":[],"class_list":{"0":"post-33184","1":"product","2":"type-product","3":"status-publish","4":"has-post-thumbnail","6":"product_cat-dockid","7":"product_cat-lisad","9":"first","10":"instock","11":"taxable","12":"shipping-taxable","13":"purchasable","14":"product-type-simple"},"jetpack_likes_enabled":false,"jetpack_sharing_enabled":true,"_links":{"self":[{"href":"https:\/\/resale.ee\/en\/wp-json\/wp\/v2\/product\/33184","targetHints":{"allow":["GET"]}}],"collection":[{"href":"https:\/\/resale.ee\/en\/wp-json\/wp\/v2\/product"}],"about":[{"href":"https:\/\/resale.ee\/en\/wp-json\/wp\/v2\/types\/product"}],"version-history":[{"count":0,"href":"https:\/\/resale.ee\/en\/wp-json\/wp\/v2\/product\/33184\/revisions"}],"wp:featuredmedia":[{"embeddable":true,"href":"https:\/\/resale.ee\/en\/wp-json\/wp\/v2\/media\/33185"}],"wp:attachment":[{"href":"https:\/\/resale.ee\/en\/wp-json\/wp\/v2\/media?parent=33184"}],"wp:term":[{"taxonomy":"product_brand","embeddable":true,"href":"https:\/\/resale.ee\/en\/wp-json\/wp\/v2\/product_brand?post=33184"},{"taxonomy":"product_cat","embeddable":true,"href":"https:\/\/resale.ee\/en\/wp-json\/wp\/v2\/product_cat?post=33184"},{"taxonomy":"product_tag","embeddable":true,"href":"https:\/\/resale.ee\/en\/wp-json\/wp\/v2\/product_tag?post=33184"}],"curies":[{"name":"wp","href":"https:\/\/api.w.org\/{rel}","templated":true}]}}