{"id":33187,"date":"2026-04-13T20:37:06","date_gmt":"2026-04-13T17:37:06","guid":{"rendered":"https:\/\/resale.ee\/?post_type=product&#038;p=33187"},"modified":"2026-04-13T20:40:25","modified_gmt":"2026-04-13T17:40:25","slug":"40af","status":"publish","type":"product","link":"https:\/\/resale.ee\/en\/e-pood\/40af\/","title":{"rendered":"Lenovo 40AF Dock \u2013 ThinkPad Hybrid USB-C with USB-A Dock, 90w laadija, \u00fchenduskaabel"},"content":{"rendered":"<p data-start=\"51\" data-end=\"367\"><strong>Dockil on standartselt kaasas 90w laadija ja 1m USB-C kaabel. Kui soovid pikemat kaablit v\u00f5i v\u00f5imsamat laadijat vali sobiv laadija v\u00f5i kaabli pikkus toote juurest.<\/strong><\/p>\n<p data-start=\"61\" data-end=\"356\"><strong data-start=\"61\" data-end=\"76\">Lenovo 40AF<\/strong> ehk <strong data-start=\"81\" data-end=\"122\">ThinkPad Hybrid USB-C with USB-A Dock<\/strong> on universaalne dokkimisjaam, mis sobib ideaalselt nii uuematele USB-C s\u00fclearvutitele kui ka vanematele USB-A mudelitele. See teeb 40AF dockist v\u00e4ga hea valiku ettev\u00f5tetele ja kodukasutajatele, kellel on kasutuses erinevad arvutid.<\/p>\n<p data-start=\"358\" data-end=\"529\">\u00dche kaabli abil saad \u00fchendada monitorid, klaviatuuri, hiire, v\u00f5rgu, lisaseadmed ning laadida s\u00fclearvutit. T\u00f6\u00f6laud j\u00e4\u00e4b puhtam, t\u00f6\u00f6 mugavam ja seadmete \u00fchendamine kiirem.<\/p>\n<h2 data-section-id=\"1qzgqie\" data-start=\"531\" data-end=\"553\">Pordid ja \u00fchendused<\/h2>\n<div class=\"TyagGW_tableContainer\">\n<div class=\"group TyagGW_tableWrapper flex flex-col-reverse w-fit\" tabindex=\"-1\">\n<table class=\"w-fit min-w-(--thread-content-width)\" data-start=\"555\" data-end=\"745\">\n<thead data-start=\"555\" data-end=\"571\">\n<tr data-start=\"555\" data-end=\"571\">\n<th class=\"\" data-start=\"555\" data-end=\"562\" data-col-size=\"sm\">Port<\/th>\n<th class=\"\" data-start=\"562\" data-end=\"571\" data-col-size=\"sm\">Kogus<\/th>\n<\/tr>\n<\/thead>\n<tbody data-start=\"583\" data-end=\"745\">\n<tr data-start=\"583\" data-end=\"605\">\n<td data-start=\"583\" data-end=\"600\" data-col-size=\"sm\">USB 3.1 Type-A<\/td>\n<td data-col-size=\"sm\" data-start=\"600\" data-end=\"605\">3<\/td>\n<\/tr>\n<tr data-start=\"606\" data-end=\"628\">\n<td data-start=\"606\" data-end=\"623\" data-col-size=\"sm\">USB 2.0 Type-A<\/td>\n<td data-col-size=\"sm\" data-start=\"623\" data-end=\"628\">2<\/td>\n<\/tr>\n<tr data-start=\"629\" data-end=\"642\">\n<td data-start=\"629\" data-end=\"637\" data-col-size=\"sm\">USB-C<\/td>\n<td data-start=\"637\" data-end=\"642\" data-col-size=\"sm\">2<\/td>\n<\/tr>\n<tr data-start=\"643\" data-end=\"666\">\n<td data-start=\"643\" data-end=\"661\" data-col-size=\"sm\">DisplayPort 1.2<\/td>\n<td data-col-size=\"sm\" data-start=\"661\" data-end=\"666\">2<\/td>\n<\/tr>\n<tr data-start=\"667\" data-end=\"679\">\n<td data-start=\"667\" data-end=\"674\" data-col-size=\"sm\">HDMI<\/td>\n<td data-col-size=\"sm\" data-start=\"674\" data-end=\"679\">2<\/td>\n<\/tr>\n<tr data-start=\"680\" data-end=\"697\">\n<td data-start=\"680\" data-end=\"692\" data-col-size=\"sm\">RJ-45 LAN<\/td>\n<td data-col-size=\"sm\" data-start=\"692\" data-end=\"697\">1<\/td>\n<\/tr>\n<tr data-start=\"698\" data-end=\"724\">\n<td data-start=\"698\" data-end=\"719\" data-col-size=\"sm\">3.5 mm audio combo<\/td>\n<td data-col-size=\"sm\" data-start=\"719\" data-end=\"724\">1<\/td>\n<\/tr>\n<tr data-start=\"725\" data-end=\"745\">\n<td data-start=\"725\" data-end=\"740\" data-col-size=\"sm\">Toite sisend<\/td>\n<td data-col-size=\"sm\" data-start=\"740\" data-end=\"745\">1<\/td>\n<\/tr>\n<\/tbody>\n<\/table>\n<\/div>\n<\/div>\n<h2 data-section-id=\"47i9cv\" data-start=\"898\" data-end=\"934\">Monitoride tugi (tehase andmetel)<\/h2>\n<div class=\"TyagGW_tableContainer\">\n<div class=\"group TyagGW_tableWrapper flex flex-col-reverse w-fit\" tabindex=\"-1\">\n<table class=\"w-fit min-w-(--thread-content-width)\" data-start=\"936\" data-end=\"1163\">\n<thead data-start=\"936\" data-end=\"969\">\n<tr data-start=\"936\" data-end=\"969\">\n<th class=\"\" data-start=\"936\" data-end=\"948\" data-col-size=\"sm\">Seadistus<\/th>\n<th class=\"\" data-start=\"948\" data-end=\"969\" data-col-size=\"sm\">Maksimaalne tugi*<\/th>\n<\/tr>\n<\/thead>\n<tbody data-start=\"980\" data-end=\"1163\">\n<tr data-start=\"980\" data-end=\"1022\">\n<td data-start=\"980\" data-end=\"992\" data-col-size=\"sm\">1 monitor<\/td>\n<td data-col-size=\"sm\" data-start=\"992\" data-end=\"1022\">kuni 5K (5120\u00d72880) @ 60Hz<\/td>\n<\/tr>\n<tr data-start=\"1023\" data-end=\"1070\">\n<td data-start=\"1023\" data-end=\"1036\" data-col-size=\"sm\">2 monitori<\/td>\n<td data-col-size=\"sm\" data-start=\"1036\" data-end=\"1070\">kuni 2 \u00d7 4K (3840\u00d72160) @ 60Hz<\/td>\n<\/tr>\n<tr data-start=\"1071\" data-end=\"1128\">\n<td data-start=\"1071\" data-end=\"1090\" data-col-size=\"sm\">USB-A \u00fchendusega<\/td>\n<td data-col-size=\"sm\" data-start=\"1090\" data-end=\"1128\">piiratum, s\u00f5ltub DisplayLink toest<\/td>\n<\/tr>\n<tr data-start=\"1129\" data-end=\"1163\">\n<td data-start=\"1129\" data-end=\"1158\" data-col-size=\"sm\">Maksimaalne monitoride arv<\/td>\n<td data-col-size=\"sm\" data-start=\"1158\" data-end=\"1163\">2<\/td>\n<\/tr>\n<\/tbody>\n<\/table>\n<\/div>\n<\/div>\n<p data-start=\"1165\" data-end=\"1299\">Lenovo dokumentatsiooni j\u00e4rgi toetab 40AF kuni kahte v\u00e4list monitori ning kuni dual 4K lahutust.<\/p>\n<p data-start=\"1301\" data-end=\"1481\">* Tegelik tulemus s\u00f5ltub sinu s\u00fclearvuti USB-C \/ USB-A \u00fchendusest, videov\u00e4ljundist, draiveritest ja operatsioonis\u00fcsteemist. USB-C \u00fchendusega saavutab tavaliselt parima tulemuse.<\/p>\n<h2 data-section-id=\"171bqow\" data-start=\"1483\" data-end=\"1515\">Miks valida Lenovo 40AF dock?<\/h2>\n<ul data-start=\"1517\" data-end=\"1782\">\n<li data-section-id=\"1c3j4k5\" data-start=\"1517\" data-end=\"1561\">Sobib nii USB-C kui USB-A s\u00fclearvutitele<\/li>\n<li data-section-id=\"66ikt9\" data-start=\"1562\" data-end=\"1603\">V\u00e4ga hea valik segapargiga kontorisse<\/li>\n<li data-section-id=\"1uzw99t\" data-start=\"1604\" data-end=\"1637\">Toetab kuni kahte 4K monitori<\/li>\n<li data-section-id=\"miuxbv\" data-start=\"1638\" data-end=\"1673\">\u00dcks kaabel \u00fchendab kogu t\u00f6\u00f6koha<\/li>\n<li data-section-id=\"7gmfyy\" data-start=\"1674\" data-end=\"1713\">LAN \u00fchendus stabiilseks internetiks<\/li>\n<li data-section-id=\"e0fbgz\" data-start=\"1714\" data-end=\"1752\">Palju USB porte lisaseadmete jaoks<\/li>\n<li data-section-id=\"ywtscv\" data-start=\"1753\" data-end=\"1782\">Laeb s\u00fclearvutit t\u00f6\u00f6 ajal<\/li>\n<\/ul>\n<p data-start=\"1784\" data-end=\"1927\">Kui otsid paindlikku ja t\u00f6\u00f6kindlat docki, mis sobib nii vanemale kui uuemale s\u00fclearvutile, siis <strong data-start=\"1880\" data-end=\"1895\">Lenovo 40AF<\/strong> on \u00fcks praktilisemaid valikuid.<\/p>","protected":false},"excerpt":{"rendered":"<p>Dockil on standartselt kaasas 90w laadija ja 1m USB-C kaabel. Kui soovid pikemat kaablit v\u00f5i v\u00f5imsamat laadijat vali sobiv laadija v\u00f5i kaabli pikkus toote juurest. Lenovo 40AF ehk ThinkPad Hybrid USB-C with USB-A Dock on universaalne dokkimisjaam, mis sobib ideaalselt nii uuematele USB-C s\u00fclearvutitele kui ka vanematele USB-A mudelitele. See teeb 40AF dockist v\u00e4ga hea [&hellip;]<\/p>\n","protected":false},"featured_media":33189,"template":"","meta":{"inline_featured_image":false,"advanced_seo_description":"","jetpack_seo_html_title":"","jetpack_seo_noindex":false,"jetpack_post_was_ever_published":false},"product_brand":[],"product_cat":[821,202],"product_tag":[],"class_list":{"0":"post-33187","1":"product","2":"type-product","3":"status-publish","4":"has-post-thumbnail","6":"product_cat-dockid","7":"product_cat-lisad","9":"first","10":"instock","11":"taxable","12":"shipping-taxable","13":"purchasable","14":"product-type-simple"},"jetpack_likes_enabled":false,"jetpack_sharing_enabled":true,"_links":{"self":[{"href":"https:\/\/resale.ee\/en\/wp-json\/wp\/v2\/product\/33187","targetHints":{"allow":["GET"]}}],"collection":[{"href":"https:\/\/resale.ee\/en\/wp-json\/wp\/v2\/product"}],"about":[{"href":"https:\/\/resale.ee\/en\/wp-json\/wp\/v2\/types\/product"}],"version-history":[{"count":0,"href":"https:\/\/resale.ee\/en\/wp-json\/wp\/v2\/product\/33187\/revisions"}],"wp:featuredmedia":[{"embeddable":true,"href":"https:\/\/resale.ee\/en\/wp-json\/wp\/v2\/media\/33189"}],"wp:attachment":[{"href":"https:\/\/resale.ee\/en\/wp-json\/wp\/v2\/media?parent=33187"}],"wp:term":[{"taxonomy":"product_brand","embeddable":true,"href":"https:\/\/resale.ee\/en\/wp-json\/wp\/v2\/product_brand?post=33187"},{"taxonomy":"product_cat","embeddable":true,"href":"https:\/\/resale.ee\/en\/wp-json\/wp\/v2\/product_cat?post=33187"},{"taxonomy":"product_tag","embeddable":true,"href":"https:\/\/resale.ee\/en\/wp-json\/wp\/v2\/product_tag?post=33187"}],"curies":[{"name":"wp","href":"https:\/\/api.w.org\/{rel}","templated":true}]}}