{"id":33192,"date":"2026-04-13T20:40:59","date_gmt":"2026-04-13T17:40:59","guid":{"rendered":"https:\/\/resale.ee\/?post_type=product&#038;p=33192"},"modified":"2026-04-13T20:45:35","modified_gmt":"2026-04-13T17:45:35","slug":"40an","status":"publish","type":"product","link":"https:\/\/resale.ee\/en\/e-pood\/40an\/","title":{"rendered":"Lenovo 40AN Dock \u2013 ThinkPad Thunderbolt 3 Dock Gen 2, 90w laadija, \u00fchenduskaabel"},"content":{"rendered":"<p data-start=\"51\" data-end=\"367\"><strong>Dockil on standartselt kaasas 90w laadija ja 1m USB-C kaabel. Kui soovid pikemat kaablit v\u00f5i v\u00f5imsamat laadijat vali sobiv laadija v\u00f5i kaabli pikkus toote juurest.<\/strong><\/p>\n<p data-start=\"57\" data-end=\"407\"><strong data-start=\"57\" data-end=\"72\">Lenovo 40AN<\/strong> ehk <strong data-start=\"77\" data-end=\"114\">ThinkPad Thunderbolt 3 Dock Gen 2<\/strong> on professionaalne dokkimisjaam neile, kes soovivad \u00fchendada s\u00fclearvuti \u00fche kaabliga t\u00e4isv\u00e4\u00e4rtuslikuks t\u00f6\u00f6jaamaks. See dock sobib ideaalselt kontorisse, kodukontorisse ja n\u00f5udlikule kasutajale, kes vajab mitut monitori, kiiret andmeedastust, stabiilset v\u00f5rgu\u00fchendust ning mugavat laadimist.<\/p>\n<p data-start=\"409\" data-end=\"606\">\u00dchenda arvuti \u00fche Thunderbolt \/ USB-C kaabliga ning saad hetkega kasutada monitore, klaviatuuri, hiirt, v\u00f5rku ja k\u00f5iki lisaseadmeid. T\u00f6\u00f6laud j\u00e4\u00e4b puhtam, t\u00f6\u00f6 kiirem ja igap\u00e4evane kasutus mugavam.<\/p>\n<h2 data-section-id=\"1qzgqie\" data-start=\"608\" data-end=\"630\">Pordid ja \u00fchendused<\/h2>\n<div class=\"TyagGW_tableContainer\">\n<div class=\"group TyagGW_tableWrapper flex flex-col-reverse w-fit\" tabindex=\"-1\">\n<table class=\"w-fit min-w-(--thread-content-width)\" data-start=\"632\" data-end=\"828\">\n<thead data-start=\"632\" data-end=\"648\">\n<tr data-start=\"632\" data-end=\"648\">\n<th class=\"\" data-start=\"632\" data-end=\"639\" data-col-size=\"sm\">Port<\/th>\n<th class=\"\" data-start=\"639\" data-end=\"648\" data-col-size=\"sm\">Kogus<\/th>\n<\/tr>\n<\/thead>\n<tbody data-start=\"660\" data-end=\"828\">\n<tr data-start=\"660\" data-end=\"682\">\n<td data-start=\"660\" data-end=\"677\" data-col-size=\"sm\">USB 3.1 Type-A<\/td>\n<td data-col-size=\"sm\" data-start=\"677\" data-end=\"682\">5<\/td>\n<\/tr>\n<tr data-start=\"683\" data-end=\"721\">\n<td data-start=\"683\" data-end=\"716\" data-col-size=\"sm\">USB-C \/ Thunderbolt downstream<\/td>\n<td data-col-size=\"sm\" data-start=\"716\" data-end=\"721\">1<\/td>\n<\/tr>\n<tr data-start=\"722\" data-end=\"745\">\n<td data-start=\"722\" data-end=\"740\" data-col-size=\"sm\">DisplayPort 1.4<\/td>\n<td data-col-size=\"sm\" data-start=\"740\" data-end=\"745\">2<\/td>\n<\/tr>\n<tr data-start=\"746\" data-end=\"762\">\n<td data-start=\"746\" data-end=\"757\" data-col-size=\"sm\">HDMI 2.0<\/td>\n<td data-col-size=\"sm\" data-start=\"757\" data-end=\"762\">2<\/td>\n<\/tr>\n<tr data-start=\"763\" data-end=\"780\">\n<td data-start=\"763\" data-end=\"775\" data-col-size=\"sm\">RJ-45 LAN<\/td>\n<td data-col-size=\"sm\" data-start=\"775\" data-end=\"780\">1<\/td>\n<\/tr>\n<tr data-start=\"781\" data-end=\"807\">\n<td data-start=\"781\" data-end=\"802\" data-col-size=\"sm\">3.5 mm audio combo<\/td>\n<td data-col-size=\"sm\" data-start=\"802\" data-end=\"807\">1<\/td>\n<\/tr>\n<tr data-start=\"808\" data-end=\"828\">\n<td data-start=\"808\" data-end=\"823\" data-col-size=\"sm\">Toite sisend<\/td>\n<td data-col-size=\"sm\" data-start=\"823\" data-end=\"828\">1<\/td>\n<\/tr>\n<\/tbody>\n<\/table>\n<\/div>\n<\/div>\n<h2 data-section-id=\"47i9cv\" data-start=\"869\" data-end=\"905\">Monitoride tugi (tehase andmetel)<\/h2>\n<div class=\"TyagGW_tableContainer\">\n<div class=\"group TyagGW_tableWrapper flex flex-col-reverse w-fit\" tabindex=\"-1\">\n<table class=\"w-fit min-w-(--thread-content-width)\" data-start=\"907\" data-end=\"1130\">\n<thead data-start=\"907\" data-end=\"940\">\n<tr data-start=\"907\" data-end=\"940\">\n<th class=\"\" data-start=\"907\" data-end=\"919\" data-col-size=\"sm\">Seadistus<\/th>\n<th class=\"\" data-start=\"919\" data-end=\"940\" data-col-size=\"md\">Maksimaalne tugi*<\/th>\n<\/tr>\n<\/thead>\n<tbody data-start=\"951\" data-end=\"1130\">\n<tr data-start=\"951\" data-end=\"981\">\n<td data-start=\"951\" data-end=\"963\" data-col-size=\"sm\">1 monitor<\/td>\n<td data-col-size=\"md\" data-start=\"963\" data-end=\"981\">kuni 5K \/ 60Hz<\/td>\n<\/tr>\n<tr data-start=\"982\" data-end=\"1017\">\n<td data-start=\"982\" data-end=\"995\" data-col-size=\"sm\">2 monitori<\/td>\n<td data-col-size=\"md\" data-start=\"995\" data-end=\"1017\">kuni 2 \u00d7 4K \/ 60Hz<\/td>\n<\/tr>\n<tr data-start=\"1018\" data-end=\"1058\">\n<td data-start=\"1018\" data-end=\"1031\" data-col-size=\"sm\">3 monitori<\/td>\n<td data-col-size=\"md\" data-start=\"1031\" data-end=\"1058\">kuni 3 \u00d7 Full HD \/ 60Hz<\/td>\n<\/tr>\n<tr data-start=\"1059\" data-end=\"1130\">\n<td data-start=\"1059\" data-end=\"1073\" data-col-size=\"sm\">Segakasutus<\/td>\n<td data-col-size=\"md\" data-start=\"1073\" data-end=\"1130\">s\u00f5ltub arvuti GPU-st ja USB-C\/Thunderbolt v\u00f5imekusest<\/td>\n<\/tr>\n<\/tbody>\n<\/table>\n<\/div>\n<\/div>\n<p data-start=\"1171\" data-end=\"1428\">* Tegelik tulemus s\u00f5ltub sinu s\u00fclearvuti videov\u00e4ljundist, DisplayPort versioonist, protsessorist ja draiveritest. Thunderbolt arvutitega saab tavaliselt maksimumi k\u00e4tte, tavalisel USB-C seadmel v\u00f5ib tugi olla piiratum.<\/p>\n<h2 data-section-id=\"e8n1ew\" data-start=\"1430\" data-end=\"1462\">Miks valida Lenovo 40AN dock?<\/h2>\n<ul data-start=\"1464\" data-end=\"1756\">\n<li data-section-id=\"1kwsiwc\" data-start=\"1464\" data-end=\"1506\">V\u00e4ga tugev ja t\u00f6\u00f6kindel \u00e4riklassi dokk<\/li>\n<li data-section-id=\"1cvhc3w\" data-start=\"1507\" data-end=\"1580\">Sobib h\u00e4sti <span class=\"hover:entity-accent entity-underline inline cursor-pointer align-baseline\"><span class=\"whitespace-normal\">Lenovo<\/span><\/span> ThinkPad mudelitega<\/li>\n<li data-section-id=\"wy4oyu\" data-start=\"1581\" data-end=\"1628\">Toetab mitut k\u00f5rge resolutsiooniga monitori<\/li>\n<li data-section-id=\"miuxbv\" data-start=\"1629\" data-end=\"1664\">\u00dcks kaabel \u00fchendab kogu t\u00f6\u00f6koha<\/li>\n<li data-section-id=\"18lk5eh\" data-start=\"1665\" data-end=\"1708\">Gigabit LAN stabiilseks v\u00f5rgu\u00fchenduseks<\/li>\n<li data-section-id=\"nsbbm\" data-start=\"1709\" data-end=\"1756\">Mugav lahendus kontorisse ja kodukontorisse<\/li>\n<\/ul>\n<p data-start=\"1758\" data-end=\"1857\">Kui otsid kvaliteetset kasutatud docki, siis <strong data-start=\"1803\" data-end=\"1818\">Lenovo 40AN<\/strong> on \u00fcks parimaid valikuid hinnaklassis.<\/p>","protected":false},"excerpt":{"rendered":"<p>Dockil on standartselt kaasas 90w laadija ja 1m USB-C kaabel. Kui soovid pikemat kaablit v\u00f5i v\u00f5imsamat laadijat vali sobiv laadija v\u00f5i kaabli pikkus toote juurest. Lenovo 40AN ehk ThinkPad Thunderbolt 3 Dock Gen 2 on professionaalne dokkimisjaam neile, kes soovivad \u00fchendada s\u00fclearvuti \u00fche kaabliga t\u00e4isv\u00e4\u00e4rtuslikuks t\u00f6\u00f6jaamaks. See dock sobib ideaalselt kontorisse, kodukontorisse ja n\u00f5udlikule kasutajale, [&hellip;]<\/p>\n","protected":false},"featured_media":33194,"template":"","meta":{"inline_featured_image":false,"advanced_seo_description":"","jetpack_seo_html_title":"","jetpack_seo_noindex":false,"jetpack_post_was_ever_published":false},"product_brand":[],"product_cat":[821,202],"product_tag":[],"class_list":{"0":"post-33192","1":"product","2":"type-product","3":"status-publish","4":"has-post-thumbnail","6":"product_cat-dockid","7":"product_cat-lisad","9":"first","10":"instock","11":"taxable","12":"shipping-taxable","13":"purchasable","14":"product-type-simple"},"jetpack_likes_enabled":false,"jetpack_sharing_enabled":true,"_links":{"self":[{"href":"https:\/\/resale.ee\/en\/wp-json\/wp\/v2\/product\/33192","targetHints":{"allow":["GET"]}}],"collection":[{"href":"https:\/\/resale.ee\/en\/wp-json\/wp\/v2\/product"}],"about":[{"href":"https:\/\/resale.ee\/en\/wp-json\/wp\/v2\/types\/product"}],"version-history":[{"count":0,"href":"https:\/\/resale.ee\/en\/wp-json\/wp\/v2\/product\/33192\/revisions"}],"wp:featuredmedia":[{"embeddable":true,"href":"https:\/\/resale.ee\/en\/wp-json\/wp\/v2\/media\/33194"}],"wp:attachment":[{"href":"https:\/\/resale.ee\/en\/wp-json\/wp\/v2\/media?parent=33192"}],"wp:term":[{"taxonomy":"product_brand","embeddable":true,"href":"https:\/\/resale.ee\/en\/wp-json\/wp\/v2\/product_brand?post=33192"},{"taxonomy":"product_cat","embeddable":true,"href":"https:\/\/resale.ee\/en\/wp-json\/wp\/v2\/product_cat?post=33192"},{"taxonomy":"product_tag","embeddable":true,"href":"https:\/\/resale.ee\/en\/wp-json\/wp\/v2\/product_tag?post=33192"}],"curies":[{"name":"wp","href":"https:\/\/api.w.org\/{rel}","templated":true}]}}